{"id":3299,"date":"2019-05-27T21:19:55","date_gmt":"2019-05-27T21:19:55","guid":{"rendered":"https:\/\/blogsaverroes.juntadeandalucia.es\/iescarlinda\/?page_id=3299"},"modified":"2019-05-28T10:47:37","modified_gmt":"2019-05-28T10:47:37","slug":"actividades-escuela-espacio-de-paz-2018-2019","status":"publish","type":"page","link":"https:\/\/blogsaverroes.juntadeandalucia.es\/iescarlinda\/actividades-escuela-espacio-de-paz-2018-2019\/","title":{"rendered":"Actividades Escuela Espacio de Paz 2018-2019"},"content":{"rendered":"<p>Actividades realizadas dentro del Programna \u00abEscuela Espacio de Paz\u00bb durante el curso 2018-2019:<\/p>\n<h1 style=\"text-align: center\"><span style=\"color: #008000\"><strong>PRIMER TRIMESTRE<\/strong><\/span><\/h1>\n<p><a href=\"https:\/\/blogsaverroes.juntadeandalucia.es\/iescarlinda\/files\/2019\/05\/01.-IV-FORO.doc\">01. IV FORO<\/a><\/p>\n<p><a href=\"https:\/\/blogsaverroes.juntadeandalucia.es\/iescarlinda\/files\/2019\/05\/02.-Sahara-Occidental-fpb.doc\">02. Sahara Occidental fpb<\/a><\/p>\n<p><a href=\"https:\/\/blogsaverroes.juntadeandalucia.es\/iescarlinda\/files\/2019\/05\/03.-Sahara-Occidental.doc\">03. Sahara Occidental<\/a><\/p>\n<p><a href=\"https:\/\/blogsaverroes.juntadeandalucia.es\/iescarlinda\/files\/2019\/05\/04.-CELEBRANDO-HALLOWEEN.doc\">04. CELEBRANDO HALLOWEEN<\/a><\/p>\n<p><a href=\"https:\/\/blogsaverroes.juntadeandalucia.es\/iescarlinda\/files\/2019\/05\/05.-MAKE-YOUR-OWN-HORROR-STORY.doc\">05. MAKE YOUR OWN HORROR STORY<\/a><\/p>\n<p><a href=\"https:\/\/blogsaverroes.juntadeandalucia.es\/iescarlinda\/files\/2019\/05\/06.-II-Jornadas-FP.doc\">06. II Jornadas FP<\/a><\/p>\n<p><a href=\"https:\/\/blogsaverroes.juntadeandalucia.es\/iescarlinda\/files\/2019\/05\/07.-teatro-C\u00e1novas-EL-APRENDIZ-copia.doc\">07. teatro C\u00e1novas EL APRENDIZ<\/a><\/p>\n<p><a href=\"https:\/\/blogsaverroes.juntadeandalucia.es\/iescarlinda\/files\/2019\/05\/08.-Flamenco-en-ingl\u00e9s-y-franc\u00e9s.docx\">08. Flamenco en ingl\u00e9s y franc\u00e9s<\/a><\/p>\n<p><a href=\"https:\/\/blogsaverroes.juntadeandalucia.es\/iescarlinda\/files\/2019\/05\/09.-Damos-el-cante.doc\">09. Damos el cante<\/a><\/p>\n<p><a href=\"https:\/\/blogsaverroes.juntadeandalucia.es\/iescarlinda\/files\/2019\/05\/10.-Actividad-Gitanas-canasteras.pdf\">10. Actividad Gitanas canasteras<\/a><\/p>\n<p><a href=\"https:\/\/blogsaverroes.juntadeandalucia.es\/iescarlinda\/files\/2019\/05\/11.-ELLAS-TAMBI\u00c9N-CANTAN.doc\">11. ELLAS TAMBI\u00c9N CANTAN<\/a><\/p>\n<p><a href=\"https:\/\/blogsaverroes.juntadeandalucia.es\/iescarlinda\/files\/2019\/05\/12.-FLamenco-y-Duende.doc\">12. FLamenco y Duende<\/a><\/p>\n<p><a href=\"https:\/\/blogsaverroes.juntadeandalucia.es\/iescarlinda\/files\/2019\/05\/13.-60-OJOS.doc\">13. 60 OJOS<\/a><\/p>\n<p><a href=\"https:\/\/blogsaverroes.juntadeandalucia.es\/iescarlinda\/files\/2019\/05\/14.-Webquest-Flamenco-s\u00ed.pdf\">14. Webquest Flamenco s\u00ed<\/a><\/p>\n<p><a href=\"https:\/\/blogsaverroes.juntadeandalucia.es\/iescarlinda\/files\/2019\/05\/15.-AUDRIE-AND-DAISY.docx\">15. AUDRIE AND DAISY<\/a><\/p>\n<p><a href=\"https:\/\/blogsaverroes.juntadeandalucia.es\/iescarlinda\/files\/2019\/05\/16.-VIDEOCLIP-EL-RESPETO-PA-CUANDO.doc\">16. VIDEOCLIP EL RESPETO PA CUANDO<\/a><\/p>\n<p><a href=\"https:\/\/blogsaverroes.juntadeandalucia.es\/iescarlinda\/files\/2019\/05\/17.-NUESTRA-MIRADA.doc\">17. NUESTRA MIRADA<\/a><\/p>\n<p><a href=\"https:\/\/blogsaverroes.juntadeandalucia.es\/iescarlinda\/files\/2019\/05\/18.-CONCURSO-FOTO-FP.doc\">18. CONCURSO FOTO FP<\/a><\/p>\n<p><a href=\"https:\/\/blogsaverroes.juntadeandalucia.es\/iescarlinda\/files\/2019\/05\/19.-S\u00famate-contra-el-machismo.doc\">19. S\u00famate contra el machismo<\/a><\/p>\n<p><a href=\"https:\/\/blogsaverroes.juntadeandalucia.es\/iescarlinda\/files\/2019\/05\/20.-Delegados-RAP.pdf\">20. Delegados RAP<\/a><\/p>\n<p><a href=\"https:\/\/blogsaverroes.juntadeandalucia.es\/iescarlinda\/files\/2019\/05\/21.-Carteler\u00eda-Biblioteca.doc\">21. Carteler\u00eda Biblioteca<\/a><\/p>\n<p><a href=\"https:\/\/blogsaverroes.juntadeandalucia.es\/iescarlinda\/files\/2019\/05\/22.-Coca-Cola.doc\">22. Coca-Cola<\/a><\/p>\n<p><a href=\"https:\/\/blogsaverroes.juntadeandalucia.es\/iescarlinda\/files\/2019\/05\/23.-Constituci\u00f3n.-Depto.-Tecnolog\u00eda..pdf\">23. Constituci\u00f3n. Depto. Tecnolog\u00eda.<\/a><\/p>\n<p><a href=\"https:\/\/blogsaverroes.juntadeandalucia.es\/iescarlinda\/files\/2019\/05\/24.-Ficha-Talent-Woman.pdf\">24. Ficha Talent Woman<\/a><\/p>\n<p><a href=\"https:\/\/blogsaverroes.juntadeandalucia.es\/iescarlinda\/files\/2019\/05\/25.-Constituci\u00f3n-fpb.doc\">25. Constituci\u00f3n fpb<\/a><\/p>\n<p><a href=\"https:\/\/blogsaverroes.juntadeandalucia.es\/iescarlinda\/files\/2019\/05\/26.-Constituci\u00f3n-1978.doc\">26. Constituci\u00f3n 1978<\/a><\/p>\n<p><a href=\"https:\/\/blogsaverroes.juntadeandalucia.es\/iescarlinda\/files\/2019\/05\/27.-Tareas-Constit.-Franc\u00e9s.doc\">27. Tareas Constit. Franc\u00e9s<\/a><\/p>\n<p><a href=\"https:\/\/blogsaverroes.juntadeandalucia.es\/iescarlinda\/files\/2019\/05\/28-.-NUESTRA-CONSTITUCION.docx\">28 . NUESTRA CONSTITUCION<\/a><\/p>\n<p><a href=\"https:\/\/blogsaverroes.juntadeandalucia.es\/iescarlinda\/files\/2019\/05\/29.-Constituci\u00f3n-Matem\u00e1ticas.doc\">29. Constituci\u00f3n Matem\u00e1ticas<\/a><\/p>\n<p><a href=\"https:\/\/blogsaverroes.juntadeandalucia.es\/iescarlinda\/files\/2019\/05\/30.-Constituci\u00f3n.-Ciencias-Naturales.docx\">30. Constituci\u00f3n. Ciencias Naturales<\/a><\/p>\n<p><a href=\"https:\/\/blogsaverroes.juntadeandalucia.es\/iescarlinda\/files\/2019\/05\/31.-Ruta-belenes.doc\">31. Ruta belenes<\/a><\/p>\n<p><a href=\"https:\/\/blogsaverroes.juntadeandalucia.es\/iescarlinda\/files\/2019\/05\/32.-Fomento-lectura.doc\">32. Fomento lectura<\/a><\/p>\n<p><a href=\"https:\/\/blogsaverroes.juntadeandalucia.es\/iescarlinda\/files\/2019\/05\/33-ACTIVIDAD-EXTRAESCOLAR-ROCODROMO.pdf\">33 ACTIVIDAD EXTRAESCOLAR ROCODROMO<\/a><\/p>\n<h1 style=\"text-align: center\"><span style=\"color: #008000\"><strong>SEGUNDO TRIMESTRE<\/strong><\/span><\/h1>\n<p><a href=\"https:\/\/blogsaverroes.juntadeandalucia.es\/iescarlinda\/files\/2019\/05\/01-Met\u00e1foras-visuales.doc\">01 Met\u00e1foras visuales<\/a><\/p>\n<p><a href=\"https:\/\/blogsaverroes.juntadeandalucia.es\/iescarlinda\/files\/2019\/05\/02-Actividad-BBVA.docx\">02 Actividad BBVA<\/a><\/p>\n<p><a href=\"https:\/\/blogsaverroes.juntadeandalucia.es\/iescarlinda\/files\/2019\/05\/03-Taller-Violencia-de-G\u00e9nero.pdf\">03 Taller Violencia de G\u00e9nero<\/a><\/p>\n<p><a href=\"https:\/\/blogsaverroes.juntadeandalucia.es\/iescarlinda\/files\/2019\/05\/04-Amapolas-por-la-Paz-Ecocarte.doc\">04 Amapolas por la Paz Ecocarte<\/a><\/p>\n<p><a href=\"https:\/\/blogsaverroes.juntadeandalucia.es\/iescarlinda\/files\/2019\/05\/05-D\u00eda-de-la-Paz.-Tecnolog\u00eda..pdf\">05 D\u00eda de la Paz. Tecnolog\u00eda.<\/a><\/p>\n<p><a href=\"https:\/\/blogsaverroes.juntadeandalucia.es\/iescarlinda\/files\/2019\/05\/06-Carlinda-se-mueve-por-la-paz.doc\">06 Carlinda se mueve por la paz<\/a><\/p>\n<p><a href=\"https:\/\/blogsaverroes.juntadeandalucia.es\/iescarlinda\/files\/2019\/05\/07-Poetas-de-la-1\u00aa-Guerra-Mundial.doc\">07 Poetas de la 1\u00aa Guerra Mundial<\/a><\/p>\n<p><a href=\"https:\/\/blogsaverroes.juntadeandalucia.es\/iescarlinda\/files\/2019\/05\/08-Avances-cient\u00edficos-por-la-paz.doc\">08 Avances cient\u00edficos por la paz<\/a><\/p>\n<p><a href=\"https:\/\/blogsaverroes.juntadeandalucia.es\/iescarlinda\/files\/2019\/05\/09-Poetry-and-war.doc\">09 Poetry and war<\/a><\/p>\n<p><a href=\"https:\/\/blogsaverroes.juntadeandalucia.es\/iescarlinda\/files\/2019\/05\/10-Taller-Alimentaci\u00f3n-Saludable.pdf\">10 Taller Alimentaci\u00f3n Saludable<\/a><\/p>\n<p><a href=\"https:\/\/blogsaverroes.juntadeandalucia.es\/iescarlinda\/files\/2019\/05\/11-Relicat-Games.doc\">11 Relicat Games<\/a><\/p>\n<p><a href=\"https:\/\/blogsaverroes.juntadeandalucia.es\/iescarlinda\/files\/2019\/05\/12-El-CIME-visita-tu-centro.pdf\">12 El CIME visita tu centro<\/a><\/p>\n<p><a href=\"https:\/\/blogsaverroes.juntadeandalucia.es\/iescarlinda\/files\/2019\/05\/13-D\u00eda-de-la-Mujer-y-la-Ni\u00f1a-en-la-Ciencia.doc\">13 D\u00eda de la Mujer y la Ni\u00f1a en la Ciencia<\/a><\/p>\n<p><a href=\"https:\/\/blogsaverroes.juntadeandalucia.es\/iescarlinda\/files\/2019\/05\/14-Teatro-D\u00e9jame-en-paz.doc\">14 Teatro D\u00e9jame en paz<\/a><\/p>\n<p><a href=\"https:\/\/blogsaverroes.juntadeandalucia.es\/iescarlinda\/files\/2019\/05\/15-Taller-Alimentacion-Saludable.pdf\">15 Taller Alimentacion Saludable<\/a><\/p>\n<p><a href=\"https:\/\/blogsaverroes.juntadeandalucia.es\/iescarlinda\/files\/2019\/05\/16-D\u00eda-de-Andaluc\u00eda.-P.T..doc\">16 D\u00eda de Andaluc\u00eda. P.T.<\/a><\/p>\n<p><a href=\"https:\/\/blogsaverroes.juntadeandalucia.es\/iescarlinda\/files\/2019\/05\/17-Regalamos-corazones.doc\">17 Regalamos corazones<\/a><\/p>\n<p><a href=\"https:\/\/blogsaverroes.juntadeandalucia.es\/iescarlinda\/files\/2019\/05\/18-Competici\u00f3n-First-Lego-League.pdf\">18 Competici\u00f3n First Lego League<\/a><\/p>\n<p><a href=\"https:\/\/blogsaverroes.juntadeandalucia.es\/iescarlinda\/files\/2019\/05\/19-Principia.pdf\">19 Principia<\/a><\/p>\n<p>20 D\u00eda de Andaluc\u00eda<\/p>\n<p><a href=\"https:\/\/blogsaverroes.juntadeandalucia.es\/iescarlinda\/files\/2019\/05\/21-Homenaje-al-olivo.-Andaluc\u00eda.doc\">21 Homenaje al olivo. Andaluc\u00eda<\/a><\/p>\n<p><a href=\"https:\/\/blogsaverroes.juntadeandalucia.es\/iescarlinda\/files\/2019\/05\/22-Andaluc\u00eda.-Tecnolog\u00eda.pdf\">22 Andaluc\u00eda. Tecnolog\u00eda<\/a><\/p>\n<p><a href=\"https:\/\/blogsaverroes.juntadeandalucia.es\/iescarlinda\/files\/2019\/05\/23-Jugamos.-D\u00eda-de-Andaluc\u00eda.doc\">23 Jugamos. D\u00eda de Andaluc\u00eda<\/a><\/p>\n<p><a href=\"https:\/\/blogsaverroes.juntadeandalucia.es\/iescarlinda\/files\/2019\/05\/24-Arte-andaluz-con-ojos-matem\u00e1ticos.doc\">24 Arte andaluz con ojos matem\u00e1ticos<\/a><\/p>\n<p><a href=\"https:\/\/blogsaverroes.juntadeandalucia.es\/iescarlinda\/files\/2019\/05\/25-Mapas-Conceptuales.doc\">25 Mapas Conceptuales<\/a><\/p>\n<p><a href=\"https:\/\/blogsaverroes.juntadeandalucia.es\/iescarlinda\/files\/2019\/05\/26-Mujeres-en-el-campo-de-la-Tecnolog\u00eda.doc\">26 Mujeres en el campo de la Tecnolog\u00eda<\/a><\/p>\n<p><a href=\"https:\/\/blogsaverroes.juntadeandalucia.es\/iescarlinda\/files\/2019\/05\/27-Las-mujeres-tambi\u00e9n-son-cient\u00edficas.doc\">27 Las mujeres tambi\u00e9n son cient\u00edficas<\/a><\/p>\n<p><a href=\"https:\/\/blogsaverroes.juntadeandalucia.es\/iescarlinda\/files\/2019\/05\/28-Carmen-de-Burgos.-D\u00eda-Internacional-de-la-Mujer.doc\">28 Carmen de Burgos. D\u00eda Internacional de la Mujer<\/a><\/p>\n<p><a href=\"https:\/\/blogsaverroes.juntadeandalucia.es\/iescarlinda\/files\/2019\/05\/29-Mi-ciudad-mi-distrito....doc\">29 Mi ciudad, mi distrito&#8230;<\/a><\/p>\n<p><a href=\"https:\/\/blogsaverroes.juntadeandalucia.es\/iescarlinda\/files\/2019\/05\/30-Visita-al-Museo-Ruso.doc\">30 Visita al Museo Ruso<\/a><\/p>\n<p><a href=\"https:\/\/blogsaverroes.juntadeandalucia.es\/iescarlinda\/files\/2019\/05\/31-Viaje-Fin-de-Curso.doc\">31 Viaje Fin de Curso<\/a><\/p>\n<p><a href=\"https:\/\/blogsaverroes.juntadeandalucia.es\/iescarlinda\/files\/2019\/05\/32-ACTIVIDAD-EXTRAESCOLAR-AMAZONIA.pdf\">32 ACTIVIDAD EXTRAESCOLAR AMAZONIA<\/a><\/p>\n<h1 style=\"text-align: center\"><span style=\"color: #008000\"><strong>TERCER TRIMESTRE<\/strong><\/span><\/h1>\n<p><a href=\"https:\/\/blogsaverroes.juntadeandalucia.es\/iescarlinda\/files\/2019\/05\/01-Taller-ilustrador.doc\">01 Taller ilustrador<\/a><\/p>\n<p><a href=\"https:\/\/blogsaverroes.juntadeandalucia.es\/iescarlinda\/files\/2019\/05\/02-Ruta-cofrade.doc\">02 Ruta cofrade<\/a><\/p>\n<p><a href=\"https:\/\/blogsaverroes.juntadeandalucia.es\/iescarlinda\/files\/2019\/05\/03-Taller-violencia-de-G\u00e9nero.pdf\">03 Taller violencia de G\u00e9nero<\/a><\/p>\n<p><a href=\"https:\/\/blogsaverroes.juntadeandalucia.es\/iescarlinda\/files\/2019\/05\/04-Lee-y-descubre-el-medio-ambiente.doc\">04 Lee y descubre el medio ambiente<\/a><\/p>\n<p><a href=\"https:\/\/blogsaverroes.juntadeandalucia.es\/iescarlinda\/files\/2019\/05\/05-D\u00eda-del-Libro.-Tecnolog\u00eda.doc\">05 D\u00eda del Libro. Tecnolog\u00eda<\/a><\/p>\n<p><a href=\"https:\/\/blogsaverroes.juntadeandalucia.es\/iescarlinda\/files\/2019\/05\/06-D\u00eda-del-Libro-Lengua-interdisciplinar.pdf\">06 D\u00eda del Libro Lengua interdisciplinar<\/a><\/p>\n<p><a href=\"https:\/\/blogsaverroes.juntadeandalucia.es\/iescarlinda\/files\/2019\/05\/07-Sex-iguales.pdf\">07 Sex-iguales<\/a><\/p>\n<p><a href=\"https:\/\/blogsaverroes.juntadeandalucia.es\/iescarlinda\/files\/2019\/05\/08-Sexualidad-y-prevenci\u00f3n-VPH.pdf\">08 Sexualidad y prevenci\u00f3n VPH<\/a><\/p>\n<p><a href=\"https:\/\/blogsaverroes.juntadeandalucia.es\/iescarlinda\/files\/2019\/05\/09-Aventura-2.0.pdf\">09 Aventura 2.0<\/a><\/p>\n<p><a href=\"https:\/\/blogsaverroes.juntadeandalucia.es\/iescarlinda\/files\/2019\/05\/10-Prevenci\u00f3n-adicciones.pdf\">10 Prevenci\u00f3n adicciones<\/a><\/p>\n<p><a href=\"https:\/\/blogsaverroes.juntadeandalucia.es\/iescarlinda\/v-ferio-intercentros-muevete-por-la-paz\/\">11 V Feria juegos REEP<\/a><\/p>\n<p><a href=\"https:\/\/blogsaverroes.juntadeandalucia.es\/iescarlinda\/files\/2019\/05\/12-D\u00eda-de-Europa.pdf\">12 D\u00eda de Europa<\/a><\/p>\n<p><a href=\"https:\/\/blogsaverroes.juntadeandalucia.es\/iescarlinda\/files\/2019\/05\/13-Plan-Director-IX-encuentro-CNP.pdf\">13 Plan Director IX encuentro CNP<\/a><\/p>\n<p><a href=\"https:\/\/blogsaverroes.juntadeandalucia.es\/iescarlinda\/files\/2019\/05\/14-Visita-Exposici\u00f3n-Leonardo-da-Vinci.doc\">14 Visita Exposici\u00f3n Leonardo da Vinci<\/a><\/p>\n<p><a href=\"https:\/\/blogsaverroes.juntadeandalucia.es\/iescarlinda\/files\/2019\/05\/15-Visita-cementerio-ingl\u00e9s.pdf\">15 Visita cementerio ingl\u00e9s<\/a><\/p>\n<p><a href=\"https:\/\/blogsaverroes.juntadeandalucia.es\/iescarlinda\/files\/2019\/05\/16-FANTEC19.pdf\">16 FANTEC19 Feria Andaluza de Tecnolog\u00eda<\/a><\/p>\n","protected":false},"excerpt":{"rendered":"<p>Actividades realizadas dentro del Programna \u00abEscuela Espacio de Paz\u00bb durante el curso 2018-2019: PRIMER TRIMESTRE 01. IV FORO 02. Sahara Occidental fpb 03. Sahara Occidental 04. CELEBRANDO HALLOWEEN 05. MAKE YOUR OWN HORROR STORY 06. II Jornadas FP 07. teatro C\u00e1novas EL APRENDIZ 08. Flamenco en ingl\u00e9s y franc\u00e9s 09. Damos el cante 10. Actividad &hellip; <\/p>\n<p><a class=\"more-link btn\" href=\"https:\/\/blogsaverroes.juntadeandalucia.es\/iescarlinda\/actividades-escuela-espacio-de-paz-2018-2019\/\">Seguir leyendo<\/a><\/p>\n","protected":false},"author":2005,"featured_media":0,"parent":0,"menu_order":0,"comment_status":"closed","ping_status":"closed","template":"","meta":{"ngg_post_thumbnail":0,"footnotes":"","_mc_calendar":[]},"aioseo_notices":[],"_links":{"self":[{"href":"https:\/\/blogsaverroes.juntadeandalucia.es\/iescarlinda\/wp-json\/wp\/v2\/pages\/3299"}],"collection":[{"href":"https:\/\/blogsaverroes.juntadeandalucia.es\/iescarlinda\/wp-json\/wp\/v2\/pages"}],"about":[{"href":"https:\/\/blogsaverroes.juntadeandalucia.es\/iescarlinda\/wp-json\/wp\/v2\/types\/page"}],"author":[{"embeddable":true,"href":"https:\/\/blogsaverroes.juntadeandalucia.es\/iescarlinda\/wp-json\/wp\/v2\/users\/2005"}],"replies":[{"embeddable":true,"href":"https:\/\/blogsaverroes.juntadeandalucia.es\/iescarlinda\/wp-json\/wp\/v2\/comments?post=3299"}],"version-history":[{"count":8,"href":"https:\/\/blogsaverroes.juntadeandalucia.es\/iescarlinda\/wp-json\/wp\/v2\/pages\/3299\/revisions"}],"predecessor-version":[{"id":3390,"href":"https:\/\/blogsaverroes.juntadeandalucia.es\/iescarlinda\/wp-json\/wp\/v2\/pages\/3299\/revisions\/3390"}],"wp:attachment":[{"href":"https:\/\/blogsaverroes.juntadeandalucia.es\/iescarlinda\/wp-json\/wp\/v2\/media?parent=3299"}],"curies":[{"name":"wp","href":"https:\/\/api.w.org\/{rel}","templated":true}]}}