{"id":4580,"date":"2022-10-05T17:07:15","date_gmt":"2022-10-05T17:07:15","guid":{"rendered":"https:\/\/blogsaverroes.juntadeandalucia.es\/iescarlinda\/?page_id=4580"},"modified":"2024-06-12T19:59:42","modified_gmt":"2024-06-12T19:59:42","slug":"circulo-carlinda","status":"publish","type":"page","link":"https:\/\/blogsaverroes.juntadeandalucia.es\/iescarlinda\/circulo-carlinda\/","title":{"rendered":"CIRCULO CARLINDA"},"content":{"rendered":"<p><em>C\u00edrculo Carlinda<\/em> nace desde la necesidad de hacer posible que las mujeres de un entorno desfavorecido, como ocurre en el caso de la Barriada de Carlinda, con pocas referencias positivas sobre las posibilidades de la mujer en el mundo laboral, puedan conocer otros referentes socioculturales y profesionales.<br \/>\nPor otro lado, como Centro Educativo, los Departamentos Did\u00e1cticos suelen realizar a lo largo del curso efem\u00e9rides de obligado cumplimiento de un modo individual y puntual.<br \/>\nAnte las situaciones expuestas, surge en nuestro IES la idea de este grupo de trabajo para, de manera interdisciplinar y continuada en el tiempo, por un lado, dar visibilidad, entre nuestro alumnado, de la mujer andaluza en los diferentes \u00e1mbitos profesionales, pudiendo servir de referente e inspiraci\u00f3n hacia ese alumnado cuyos referentes socioculturales y\/o profesionales son escasos o inexistentes; y por otro lado, poder trabajar de manera interdisciplinar y conjunta diferentes efem\u00e9rides (D\u00eda de la Mujer, D\u00eda de Andaluc\u00eda, D\u00eda de la Mujer y la Ni\u00f1a en la Ciencia, D\u00eda del Libro\u2026), interrelacion\u00e1ndolas todas con el fin \u00fanico de consecuci\u00f3n de nuestro proyecto.<br \/>\nAunando estas dos v\u00edas, se pretende dar respuesta a una necesidad, ya que cubre el \u00e1mbito -no solo te\u00f3rico-legislativo de la ley- sino la funcionalidad pr\u00e1ctica en el proceso de ense\u00f1anza-aprendizaje y especialmente en la evaluaci\u00f3n, a trav\u00e9s de la evaluaci\u00f3n por est\u00e1ndares de aprendizaje evaluables y su relaci\u00f3n con las competencias clave, as\u00ed como la puesta en marcha de las metodolog\u00edas activas y participativas en el aula, en distintos contextos educativos.<br \/>\nFinalmente, la mejora de la convivencia en el Centro es un punto clave donde intervenir con cualquiera de nuestras actuaciones. Con este proyecto, el fomento de la educaci\u00f3n en valores, a trav\u00e9s de las metodolog\u00edas activas y las experiencias personales de nuestro alumnado, nos permitir\u00e1n dar respuesta a situaciones de conflicto que se producen en nuestro d\u00eda a d\u00eda.<\/p>\n<p><span style=\"color: #ff0000\"><strong>CURSO 2023-24<\/strong><\/span><\/p>\n<p>Los siguientes Grupos de Trabajo (GT) nacen de la necesidad de promover el trabajo interdisciplinar desde una perspectiva de g\u00e9nero y dar salida a todas las propuestas did\u00e1cticas desde las distintas \u00e1reas para consolidar el Plan de Igualdad de nuestro centro. Teniendo en cuenta uno de los principios fundamentales del Plan que acent\u00faa la necesidad de visibilizar a las mujeres y su contribuci\u00f3n al desarrollo de las sociedades, desde nuestro IES, surge la idea de trabajar a trav\u00e9s de lecturas did\u00e1cticas relacionadas con el papel de la mujer en diferentes \u00e1mbitos de la sociedad y ofrecer a nuestro alumnado otros referentes socioculturales y profesionales para m\u00e1s tarde darle un enfoque digitalizado y visual.<br \/>\nPor otro lado, como Centro Educativo, los Departamentos Did\u00e1cticos suelen realizar a lo largo del curso efem\u00e9rides de obligado cumplimiento de un modo individual y puntual.<br \/>\nTeniendo en cuenta nuestra situaci\u00f3n de partida, se pretende, por un lado, trabajar de manera interdisciplinar &nbsp;con el fin de dar a conocer y visibilizar a la mujer, y, por otro lado, poder trabajar de manera conjunta las diferentes efem\u00e9rides celebradas en el centro.<br \/>\nCon esta iniciativa, el fomento de la educaci\u00f3n en valores a trav\u00e9s de las metodolog\u00edas activas y las experiencias personales de nuestro alumnado nos permitir\u00e1n seguir avanzando en materia de coeducaci\u00f3n, igualdad y prevenci\u00f3n de la violencia de g\u00e9nero.<\/p>\n<p><strong>Propuestas realizadas en el GT <a href=\"https:\/\/blogsaverroes.juntadeandalucia.es\/iescarlinda\/enlaces-gt1-la-mujer-en-nuestro-circulo\/\">\u201cLA MUJER EN NUESTRO C\u00cdRCULO\u201d<\/a><\/strong><\/p>\n<p><strong>Propuestas realizadas en el <\/strong><strong>GT <a href=\"https:\/\/blogsaverroes.juntadeandalucia.es\/iescarlinda\/enlaces-gt2-lecturas\/\">\u201cLECTURAS DID\u00c1CTICAS EN NUESTRO C\u00cdRCULO\u201d<\/a><\/strong><\/p>\n<p>&nbsp;<\/p>\n<p><span style=\"color: #ff0000\"><strong>CURSO 2021-22<\/strong><\/span><br \/>\nPresentaci\u00f3n de los trabajos realizados<br \/>\nCada departamento ha escogido una mujer andaluza relevante en su \u00e1mbito del conocimiento con la que ha trabajado en uno o varios grupos y niveles. Se ha conocido su historia, la importancia de su trabajo en dicho \u00e1mbito y la contextualizaci\u00f3n de dicha mujer en un territorio cercano a nuestro alumnado. Posteriormente, utilizando metodolog\u00edas activas y digitales, se ha realizado un producto final donde se representa una s\u00edntesis de lo trabajado en cada clase.<\/p>\n<p>Dpto. de Idiomas:<br \/>\n&#8211; <a href=\"https:\/\/read.bookcreator.com\/nh0InwqbqLZpY9f61Y8nmZvoNWv1\/myOgWVGoSXmQVBdXYrUH2g\">BookCreator sobre Isabel Oyarz\u00e1bal Smith.<\/a><br \/>\n&#8211; <a href=\"https:\/\/drive.google.com\/file\/d\/1TvTo6h3SccEGcn7sJScQyKpbNgk2-i1k\/view?usp=sharing\">V\u00eddeo sobre Isabel Oyarz\u00e1bal Smith<\/a>.<\/p>\n<p>Dpto. de Lengua Castellana y Literatura:<br \/>\n&#8211; <a href=\"https:\/\/padlet.com\/estherpadilla2\/gwmh3e3peatipxpp?\">Padlet sobre Elena Medel<\/a>.<\/p>\n<p>Dpto. de Geograf\u00eda e Historia:<br \/>\n&#8211; Varias presentaciones \u00abLa invisibilidad no es un superpoder\u00bb: <a href=\"https:\/\/drive.google.com\/file\/d\/1OfUeC_qeLw-2-qrEPHiAtMG4h04Q5qhC\/view?usp=sharing\">P1<\/a>, <a href=\"https:\/\/drive.google.com\/file\/d\/1daPUIo8vWU8gVnV6i0n-17TOmU6n1eRq\/view?usp=sharing\">P2<\/a> y <a href=\"https:\/\/drive.google.com\/file\/d\/1k2D1WqIKqlJ7nVaCRvvtbfHOKXZZCmBw\/view?usp=sharing\">P3<\/a>.<\/p>\n<p>Dpto. de Religi\u00f3n:<br \/>\n&#8211; <a href=\"https:\/\/www.youtube.com\/watch?v=AbIy_cNmqBE&amp;amp;feature=youtu.be\">V\u00eddeo sobre Emilia \u201cLa Canastera\u201d<\/a>.<\/p>\n<p>Dpto. Ciencias Naturales:<br \/>\n&#8211; Varios Genially sobre Francisca Molina: <a href=\"https:\/\/view.genial.ly\/6246ccc2e96a280017f100c4\/presentation-presentacion-basica-dark\">G1<\/a>, <a href=\"https:\/\/view.genial.ly\/6246d032c10add0010ffc5d2\/presentation-francisca-molina\">G2<\/a>, <a href=\"https:\/\/view.genial.ly\/6246cdbfe96a280017f100ea\/presentation-presentacion-tinta\">G3<\/a>, <a href=\"https:\/\/view.genial.ly\/6246cdfe23bfb80011414b6a\/presentation-francisca-molina-con-gatetes\">G4<\/a> y <a href=\"https:\/\/es.padlet.com\/evamontanez\/ef8r4qzbb4hj58jj\">G5<\/a>.<\/p>\n<p>Dpto. Educaci\u00f3n Pl\u00e1stica y Visual:<br \/>\n&#8211; <a href=\"https:\/\/drive.google.com\/file\/d\/1GUuV9raTAo0CycQV5ODWjJ6EUChAnb2D\/view\">V\u00eddeo sobre Luisa Rold\u00e1n \u201cLa Roldana\u201d<\/a>.<\/p>\n<p>Dpto. de Matem\u00e1ticas:<br \/>\n&#8211; <a href=\"https:\/\/read.bookcreator.com\/cip5RfmMrrMxhXgSLxXEizybgZI2\/o5OupWIkQhW2ui4WsVM4HA\">BookCreator sobre Mar\u00eda del Carmen Maroto Vela<\/a>.<br \/>\n&#8211; <a href=\"https:\/\/read.bookcreator.com\/8DvLz13JzzY0A6uFig37OaR1qeh1\/2q4u5zadSI6whsLD3z__yQ\">BookCreator sobre Mar\u00eda Zambrano Alarc\u00f3n<\/a>.<br \/>\n&#8211; <a href=\"https:\/\/drive.google.com\/file\/d\/1GV5HZyU6zr2bHbbpRUw9PgBBrGgUrTyK\/view?usp=sharing\">Presentaci\u00f3n sobre Mercedes Siles Molina<\/a>.<br \/>\n&#8211; <a href=\"https:\/\/drive.google.com\/file\/d\/1ehK5zd7qSSwFdRobgCuqtwDWu3zHNjFb\/view?usp=sharing\">V\u00eddeo sobre Mercedes Siles Molina<\/a>.<\/p>\n<p>Dpto. de Tecnolog\u00eda:<br \/>\n&#8211; Varias Presentaciones sobre Mar\u00eda Garc\u00eda Puyol: <a href=\"https:\/\/drive.google.com\/file\/d\/11VMCpxX9eCgr-7-lQ4JmA-2M-d3Mq9Wn\/view?usp=sharing\">P1<\/a>, <a href=\"https:\/\/drive.google.com\/file\/d\/1zDxaNfZ7oqSVPVnMrx2xjfk8zKXR8xQC\/view?usp=sharing\">P2<\/a> y <a href=\"https:\/\/drive.google.com\/file\/d\/1iIDkI9f7SsrfgsaxJQWxmnW1CZ10yLlN\/view?usp=sharing\">P3<\/a>.<\/p>\n<p>Aula Espec\u00edfica:<br \/>\n&#8211; <a href=\"https:\/\/drive.google.com\/file\/d\/17KklYlrPcIiK13j5QCWtU6Qko0x-8yAz\/view?usp=sharing\">V\u00eddeo sobre Nita Carmona<\/a>.<\/p>\n<p>Dpto de Orientaci\u00f3n:<br \/>\n&#8211; <a href=\"https:\/\/view.genial.ly\/621893e6a73c3f0019430212\/presentation-feminismo-por-que\">Genially \u201cFeminismo por qu\u00e9\u201d<\/a>.<\/p>\n","protected":false},"excerpt":{"rendered":"<p>C\u00edrculo Carlinda nace desde la necesidad de hacer posible que las mujeres de un entorno desfavorecido, como ocurre en el caso de la Barriada de Carlinda, con pocas referencias positivas sobre las posibilidades de la mujer en el mundo laboral, puedan conocer otros referentes socioculturales y profesionales. Por otro lado, como Centro Educativo, los Departamentos &hellip; <\/p>\n<p><a class=\"more-link btn\" href=\"https:\/\/blogsaverroes.juntadeandalucia.es\/iescarlinda\/circulo-carlinda\/\">Seguir leyendo<\/a><\/p>\n","protected":false},"author":2005,"featured_media":0,"parent":0,"menu_order":0,"comment_status":"closed","ping_status":"closed","template":"","meta":{"ngg_post_thumbnail":0,"footnotes":"","_mc_calendar":[]},"aioseo_notices":[],"_links":{"self":[{"href":"https:\/\/blogsaverroes.juntadeandalucia.es\/iescarlinda\/wp-json\/wp\/v2\/pages\/4580"}],"collection":[{"href":"https:\/\/blogsaverroes.juntadeandalucia.es\/iescarlinda\/wp-json\/wp\/v2\/pages"}],"about":[{"href":"https:\/\/blogsaverroes.juntadeandalucia.es\/iescarlinda\/wp-json\/wp\/v2\/types\/page"}],"author":[{"embeddable":true,"href":"https:\/\/blogsaverroes.juntadeandalucia.es\/iescarlinda\/wp-json\/wp\/v2\/users\/2005"}],"replies":[{"embeddable":true,"href":"https:\/\/blogsaverroes.juntadeandalucia.es\/iescarlinda\/wp-json\/wp\/v2\/comments?post=4580"}],"version-history":[{"count":8,"href":"https:\/\/blogsaverroes.juntadeandalucia.es\/iescarlinda\/wp-json\/wp\/v2\/pages\/4580\/revisions"}],"predecessor-version":[{"id":4964,"href":"https:\/\/blogsaverroes.juntadeandalucia.es\/iescarlinda\/wp-json\/wp\/v2\/pages\/4580\/revisions\/4964"}],"wp:attachment":[{"href":"https:\/\/blogsaverroes.juntadeandalucia.es\/iescarlinda\/wp-json\/wp\/v2\/media?parent=4580"}],"curies":[{"name":"wp","href":"https:\/\/api.w.org\/{rel}","templated":true}]}}