{"id":4662,"date":"2023-05-17T11:25:21","date_gmt":"2023-05-17T11:25:21","guid":{"rendered":"https:\/\/blogsaverroes.juntadeandalucia.es\/iescarlinda\/?page_id=4662"},"modified":"2023-05-17T11:25:21","modified_gmt":"2023-05-17T11:25:21","slug":"dia-de-andalucia-musica","status":"publish","type":"page","link":"https:\/\/blogsaverroes.juntadeandalucia.es\/iescarlinda\/dia-de-andalucia-musica\/","title":{"rendered":"D\u00eda de Andaluc\u00eda (M\u00fasica)"},"content":{"rendered":"<p><a href=\"https:\/\/blogsaverroes.juntadeandalucia.es\/iescarlinda\/files\/2023\/05\/DiaAndaluciaMUS1.jpg\"><img loading=\"lazy\" decoding=\"async\" class=\"alignnone size-medium wp-image-4663\" src=\"https:\/\/blogsaverroes.juntadeandalucia.es\/iescarlinda\/files\/2023\/05\/DiaAndaluciaMUS1-182x300.jpg\" alt=\"\" width=\"182\" height=\"300\" srcset=\"https:\/\/blogsaverroes.juntadeandalucia.es\/iescarlinda\/files\/2023\/05\/DiaAndaluciaMUS1-182x300.jpg 182w, https:\/\/blogsaverroes.juntadeandalucia.es\/iescarlinda\/files\/2023\/05\/DiaAndaluciaMUS1-623x1024.jpg 623w, https:\/\/blogsaverroes.juntadeandalucia.es\/iescarlinda\/files\/2023\/05\/DiaAndaluciaMUS1-768x1263.jpg 768w, https:\/\/blogsaverroes.juntadeandalucia.es\/iescarlinda\/files\/2023\/05\/DiaAndaluciaMUS1-934x1536.jpg 934w, https:\/\/blogsaverroes.juntadeandalucia.es\/iescarlinda\/files\/2023\/05\/DiaAndaluciaMUS1-700x1151.jpg 700w, https:\/\/blogsaverroes.juntadeandalucia.es\/iescarlinda\/files\/2023\/05\/DiaAndaluciaMUS1.jpg 973w\" sizes=\"(max-width: 182px) 100vw, 182px\" \/><\/a> &nbsp;&nbsp; &nbsp;<a href=\"https:\/\/blogsaverroes.juntadeandalucia.es\/iescarlinda\/files\/2023\/05\/DiaAndaluciaMUS2.jpg\"><img loading=\"lazy\" decoding=\"async\" class=\"alignnone size-medium wp-image-4664\" src=\"https:\/\/blogsaverroes.juntadeandalucia.es\/iescarlinda\/files\/2023\/05\/DiaAndaluciaMUS2-204x300.jpg\" alt=\"\" width=\"204\" height=\"300\" srcset=\"https:\/\/blogsaverroes.juntadeandalucia.es\/iescarlinda\/files\/2023\/05\/DiaAndaluciaMUS2-204x300.jpg 204w, https:\/\/blogsaverroes.juntadeandalucia.es\/iescarlinda\/files\/2023\/05\/DiaAndaluciaMUS2-697x1024.jpg 697w, https:\/\/blogsaverroes.juntadeandalucia.es\/iescarlinda\/files\/2023\/05\/DiaAndaluciaMUS2-768x1129.jpg 768w, https:\/\/blogsaverroes.juntadeandalucia.es\/iescarlinda\/files\/2023\/05\/DiaAndaluciaMUS2-1045x1536.jpg 1045w, https:\/\/blogsaverroes.juntadeandalucia.es\/iescarlinda\/files\/2023\/05\/DiaAndaluciaMUS2-700x1029.jpg 700w, https:\/\/blogsaverroes.juntadeandalucia.es\/iescarlinda\/files\/2023\/05\/DiaAndaluciaMUS2.jpg 1080w\" sizes=\"(max-width: 204px) 100vw, 204px\" \/><\/a><\/p>\n","protected":false},"excerpt":{"rendered":"<p>&nbsp;&nbsp; &nbsp;<\/p>\n","protected":false},"author":2005,"featured_media":0,"parent":0,"menu_order":0,"comment_status":"closed","ping_status":"closed","template":"","meta":{"ngg_post_thumbnail":0,"footnotes":"","_mc_calendar":[]},"aioseo_notices":[],"_links":{"self":[{"href":"https:\/\/blogsaverroes.juntadeandalucia.es\/iescarlinda\/wp-json\/wp\/v2\/pages\/4662"}],"collection":[{"href":"https:\/\/blogsaverroes.juntadeandalucia.es\/iescarlinda\/wp-json\/wp\/v2\/pages"}],"about":[{"href":"https:\/\/blogsaverroes.juntadeandalucia.es\/iescarlinda\/wp-json\/wp\/v2\/types\/page"}],"author":[{"embeddable":true,"href":"https:\/\/blogsaverroes.juntadeandalucia.es\/iescarlinda\/wp-json\/wp\/v2\/users\/2005"}],"replies":[{"embeddable":true,"href":"https:\/\/blogsaverroes.juntadeandalucia.es\/iescarlinda\/wp-json\/wp\/v2\/comments?post=4662"}],"version-history":[{"count":1,"href":"https:\/\/blogsaverroes.juntadeandalucia.es\/iescarlinda\/wp-json\/wp\/v2\/pages\/4662\/revisions"}],"predecessor-version":[{"id":4666,"href":"https:\/\/blogsaverroes.juntadeandalucia.es\/iescarlinda\/wp-json\/wp\/v2\/pages\/4662\/revisions\/4666"}],"wp:attachment":[{"href":"https:\/\/blogsaverroes.juntadeandalucia.es\/iescarlinda\/wp-json\/wp\/v2\/media?parent=4662"}],"curies":[{"name":"wp","href":"https:\/\/api.w.org\/{rel}","templated":true}]}}