{"id":49,"date":"2015-03-13T08:47:05","date_gmt":"2015-03-13T08:47:05","guid":{"rendered":"http:\/\/blogsaverroes.juntadeandalucia.es\/pre\/ceip\/?page_id=49"},"modified":"2025-06-12T10:59:52","modified_gmt":"2025-06-12T10:59:52","slug":"proyecto-educativo","status":"publish","type":"page","link":"https:\/\/blogsaverroes.juntadeandalucia.es\/iescarlinda\/proyecto-educativo\/","title":{"rendered":"Documentaci\u00f3n"},"content":{"rendered":"<p>Un centro se define en gran medida por su <strong>Proyecto Educativo<\/strong>. En \u00e9l se plasma el modelo educativo y la concreci\u00f3n de la normativa que un centro realiza respecto a las ense\u00f1anzas que imparte. Aspectos tales como las finales educativas, objetivos, atenci\u00f3n a la diversidad, etc&#8230;<\/p>\n<p>A continuaci\u00f3n se puede encontrar la documentaci\u00f3n oficial del IES Carlinda:<\/p>\n<p><a href=\"https:\/\/blogsaverroes.juntadeandalucia.es\/iescarlinda\/files\/2025\/06\/Proyecto-Educativo-IES-Carlinda-24-25.pdf\">Proyecto educativo de centro<\/a><\/p>\n<p><a href=\"https:\/\/blogsaverroes.juntadeandalucia.es\/iescarlinda\/files\/2025\/06\/ROF-IES-Carlinda-2024-2025.pdf\">Reglamento de organizaci\u00f3n y funcionamiento<\/a><\/p>\n<p><a href=\"https:\/\/blogsaverroes.juntadeandalucia.es\/iescarlinda\/files\/2015\/03\/Plan-de-mejora.pdf\">Plan de mejora<\/a><\/p>\n<p><a href=\"https:\/\/blogsaverroes.juntadeandalucia.es\/iescarlinda\/files\/2015\/03\/Plan-de-Convivencia.pdf\">Plan de convivencia<\/a><\/p>\n<p><a href=\"https:\/\/blogsaverroes.juntadeandalucia.es\/iescarlinda\/files\/2015\/03\/Plan-de-formaci\u00f3n.pdf\">Plan de formaci\u00f3n<\/a><\/p>\n<p><a href=\"https:\/\/blogsaverroes.juntadeandalucia.es\/iescarlinda\/files\/2015\/03\/PLAN-DE-IGULADAD-IES-CARLINDA.pdf\">Plan de igualdad<\/a><\/p>\n<p><a href=\"https:\/\/blogsaverroes.juntadeandalucia.es\/iescarlinda\/files\/2015\/03\/Gu\u00eda-de-Maltrato-Infantil.pdf\">Gu\u00eda de Maltrato Infantil<\/a><\/p>\n<hr>\n<p><a href=\"https:\/\/blogsaverroes.juntadeandalucia.es\/iescarlinda\/?page_id=3299\">Actividades Escuela Espacio de Paz 2018-2019<\/a><\/p>\n","protected":false},"excerpt":{"rendered":"<p>Un centro se define en gran medida por su Proyecto Educativo. En \u00e9l se plasma el modelo educativo y la concreci\u00f3n de la normativa que un centro realiza respecto a las ense\u00f1anzas que imparte. Aspectos tales como las finales educativas, objetivos, atenci\u00f3n a la diversidad, etc&#8230; A continuaci\u00f3n se puede encontrar la documentaci\u00f3n oficial del &hellip; <\/p>\n<p><a class=\"more-link btn\" href=\"https:\/\/blogsaverroes.juntadeandalucia.es\/iescarlinda\/proyecto-educativo\/\">Seguir leyendo<\/a><\/p>\n","protected":false},"author":1,"featured_media":0,"parent":0,"menu_order":0,"comment_status":"closed","ping_status":"open","template":"","meta":{"ngg_post_thumbnail":0,"footnotes":"","_mc_calendar":[]},"aioseo_notices":[],"_links":{"self":[{"href":"https:\/\/blogsaverroes.juntadeandalucia.es\/iescarlinda\/wp-json\/wp\/v2\/pages\/49"}],"collection":[{"href":"https:\/\/blogsaverroes.juntadeandalucia.es\/iescarlinda\/wp-json\/wp\/v2\/pages"}],"about":[{"href":"https:\/\/blogsaverroes.juntadeandalucia.es\/iescarlinda\/wp-json\/wp\/v2\/types\/page"}],"author":[{"embeddable":true,"href":"https:\/\/blogsaverroes.juntadeandalucia.es\/iescarlinda\/wp-json\/wp\/v2\/users\/1"}],"replies":[{"embeddable":true,"href":"https:\/\/blogsaverroes.juntadeandalucia.es\/iescarlinda\/wp-json\/wp\/v2\/comments?post=49"}],"version-history":[{"count":19,"href":"https:\/\/blogsaverroes.juntadeandalucia.es\/iescarlinda\/wp-json\/wp\/v2\/pages\/49\/revisions"}],"predecessor-version":[{"id":5496,"href":"https:\/\/blogsaverroes.juntadeandalucia.es\/iescarlinda\/wp-json\/wp\/v2\/pages\/49\/revisions\/5496"}],"wp:attachment":[{"href":"https:\/\/blogsaverroes.juntadeandalucia.es\/iescarlinda\/wp-json\/wp\/v2\/media?parent=49"}],"curies":[{"name":"wp","href":"https:\/\/api.w.org\/{rel}","templated":true}]}}