{"id":5546,"date":"2025-11-02T20:57:09","date_gmt":"2025-11-02T20:57:09","guid":{"rendered":"https:\/\/blogsaverroes.juntadeandalucia.es\/iescarlinda\/?page_id=5546"},"modified":"2026-01-18T19:15:03","modified_gmt":"2026-01-18T19:15:03","slug":"el-rincon-de-los-retos-matematicos","status":"publish","type":"page","link":"https:\/\/blogsaverroes.juntadeandalucia.es\/iescarlinda\/el-rincon-de-los-retos-matematicos\/","title":{"rendered":"El Rinc\u00f3n de los Retos Matem\u00e1ticos"},"content":{"rendered":"<p><a href=\"https:\/\/blogsaverroes.juntadeandalucia.es\/iescarlinda\/files\/2025\/11\/IES-CARLINDA-1.png\"><img loading=\"lazy\" decoding=\"async\" class=\" wp-image-5551 aligncenter\" src=\"https:\/\/blogsaverroes.juntadeandalucia.es\/iescarlinda\/files\/2025\/11\/IES-CARLINDA-1-300x180.png\" alt=\"\" width=\"210\" height=\"126\" srcset=\"https:\/\/blogsaverroes.juntadeandalucia.es\/iescarlinda\/files\/2025\/11\/IES-CARLINDA-1-300x180.png 300w, https:\/\/blogsaverroes.juntadeandalucia.es\/iescarlinda\/files\/2025\/11\/IES-CARLINDA-1.png 500w\" sizes=\"(max-width: 210px) 100vw, 210px\" \/><\/a><\/p>\n<p><strong>Cada tres semanas<\/strong>, comenzando el lunes 3 de noviembre de 2025, <strong>se publicar\u00e1 un reto matem\u00e1tico<\/strong> en la p\u00e1gina web del Instituto. <strong>Podr\u00e1 participar todo el alumnado<\/strong> del centro, sin distinci\u00f3n de curso o nivel educativo.<\/p>\n<p>Se valorar\u00e1 la participaci\u00f3n del alumnado en las materias de Matem\u00e1ticas, teniendo en cuenta el esfuerzo, la originalidad y la correcci\u00f3n de las respuestas. Adem\u00e1s, se considerar\u00e1 la participaci\u00f3n en esta actividad dentro del Ranking de Convivencia, que se utiliza para seleccionar al alumnado candidato a participar en la \u201cSalida por puntos\u201d. <strong>\u00a1Env\u00eda&nbsp;tus respuestas y suma puntos para obtener recompensas!<\/strong><\/p>\n<p>Los nombres del alumnado participante y las soluciones destacadas se publicar\u00e1n peri\u00f3dicamente aqu\u00ed, en el espacio \u201cEl Rinc\u00f3n de los Retos Matem\u00e1ticos\u201d de la web del Instituto.<\/p>\n<p>El alumnado podr\u00e1 resolver el reto y enviar su respuesta, dentro del plazo estipulado, directamente a trav\u00e9s del formulario habilitado a continuaci\u00f3n:<\/p>\n<h3><span style=\"color: #ff0000\"><strong>RETO #2 <span style=\"color: #000000\">(fecha l\u00edmite 5\/feb): <a href=\"https:\/\/docs.google.com\/forms\/d\/e\/1FAIpQLSceZ3aUEyY0uctzam9RQaB1a7O1vy6xiuFppWlNPBm1A0VJMQ\/viewform\">Ajedrez ling\u00fc\u00edstico<\/a><\/span><\/strong><\/span><\/h3>\n<h3><span style=\"color: #ff0000\"><strong>RETO #1 <span style=\"color: #000000\">(fecha l\u00edmite 20\/nov):<\/span><\/strong><\/span> <a href=\"https:\/\/forms.gle\/dye8K6EPFn3R9k957\">El acertijo del vendedor de frutas<\/a><\/h3>\n<p>&nbsp;<\/p>\n","protected":false},"excerpt":{"rendered":"<p>Cada tres semanas, comenzando el lunes 3 de noviembre de 2025, se publicar\u00e1 un reto matem\u00e1tico en la p\u00e1gina web del Instituto. Podr\u00e1 participar todo el alumnado del centro, sin distinci\u00f3n de curso o nivel educativo. Se valorar\u00e1 la participaci\u00f3n del alumnado en las materias de Matem\u00e1ticas, teniendo en cuenta el esfuerzo, la originalidad y &hellip; <\/p>\n<p><a class=\"more-link btn\" href=\"https:\/\/blogsaverroes.juntadeandalucia.es\/iescarlinda\/el-rincon-de-los-retos-matematicos\/\">Seguir leyendo<\/a><\/p>\n","protected":false},"author":2005,"featured_media":0,"parent":0,"menu_order":0,"comment_status":"closed","ping_status":"closed","template":"","meta":{"ngg_post_thumbnail":0,"footnotes":"","_mc_calendar":[]},"aioseo_notices":[],"_links":{"self":[{"href":"https:\/\/blogsaverroes.juntadeandalucia.es\/iescarlinda\/wp-json\/wp\/v2\/pages\/5546"}],"collection":[{"href":"https:\/\/blogsaverroes.juntadeandalucia.es\/iescarlinda\/wp-json\/wp\/v2\/pages"}],"about":[{"href":"https:\/\/blogsaverroes.juntadeandalucia.es\/iescarlinda\/wp-json\/wp\/v2\/types\/page"}],"author":[{"embeddable":true,"href":"https:\/\/blogsaverroes.juntadeandalucia.es\/iescarlinda\/wp-json\/wp\/v2\/users\/2005"}],"replies":[{"embeddable":true,"href":"https:\/\/blogsaverroes.juntadeandalucia.es\/iescarlinda\/wp-json\/wp\/v2\/comments?post=5546"}],"version-history":[{"count":8,"href":"https:\/\/blogsaverroes.juntadeandalucia.es\/iescarlinda\/wp-json\/wp\/v2\/pages\/5546\/revisions"}],"predecessor-version":[{"id":5702,"href":"https:\/\/blogsaverroes.juntadeandalucia.es\/iescarlinda\/wp-json\/wp\/v2\/pages\/5546\/revisions\/5702"}],"wp:attachment":[{"href":"https:\/\/blogsaverroes.juntadeandalucia.es\/iescarlinda\/wp-json\/wp\/v2\/media?parent=5546"}],"curies":[{"name":"wp","href":"https:\/\/api.w.org\/{rel}","templated":true}]}}