{"id":871,"date":"2015-03-16T07:25:46","date_gmt":"2015-03-16T07:25:46","guid":{"rendered":"http:\/\/blogsaverroes.juntadeandalucia.es\/pre\/ceip\/?page_id=106"},"modified":"2020-09-28T15:59:39","modified_gmt":"2020-09-28T15:59:39","slug":"tutorias","status":"publish","type":"page","link":"https:\/\/blogsaverroes.juntadeandalucia.es\/iescarlinda\/tutorias\/","title":{"rendered":"Tutor\u00edas"},"content":{"rendered":"<h1 style=\"text-align: center\"><span style=\"color: #008000\"><strong>CURSO 2020-2021<\/strong><\/span><\/h1>\n<table class=\"aligncenter\" style=\"padding-left: 390px;width: 100%\" border=\"5\" width=\"943\">\n<tbody>\n<tr>\n<td style=\"width: 11.2121%\">\n<h3 style=\"text-align: left\"><span style=\"text-align: center;color: #ff0000\"><strong>Grupos<\/strong><\/span><\/h3>\n<\/td>\n<td style=\"width: 29.697%\">\n<h3 style=\"text-align: left\"><span style=\"text-align: center;color: #ff0000\"><strong>Tutor\/a<\/strong><\/span><\/h3>\n<\/td>\n<\/tr>\n<tr align=\"left\">\n<td style=\"width: 11.2121%\"><strong>1\u00ba ESO A<\/strong><\/td>\n<td style=\"width: 29.697%\">Lidia D. Guerrero Castillo<\/td>\n<\/tr>\n<tr align=\"left\">\n<td style=\"width: 11.2121%\"><strong>1\u00ba ESO B<\/strong><\/td>\n<td style=\"width: 29.697%\">Mara Corbel<\/td>\n<\/tr>\n<tr align=\"left\">\n<td style=\"width: 11.2121%\"><strong>2\u00ba ESO A<\/strong><\/td>\n<td style=\"width: 29.697%\">Fernando D\u00edaz Torreblanca<\/td>\n<\/tr>\n<tr align=\"left\">\n<td style=\"width: 11.2121%\"><strong>2\u00ba ESO B<\/strong><\/td>\n<td style=\"width: 29.697%\">Guadalupe Nuevo Toro<\/td>\n<\/tr>\n<tr align=\"left\">\n<td style=\"width: 11.2121%\"><strong>2\u00ba PMAR<\/strong><\/td>\n<td style=\"width: 29.697%\">Guadalupe Nuevo Toro<br \/>\nJorge Manuel Jim\u00e9nez Salas<\/td>\n<\/tr>\n<tr align=\"left\">\n<td style=\"width: 11.2121%\"><strong>3\u00ba ESO A<\/strong><\/td>\n<td style=\"width: 29.697%\">Remedios L\u00f3pez Arag\u00f3n<\/td>\n<\/tr>\n<tr align=\"left\">\n<td style=\"width: 11.2121%\"><strong>3\u00ba PMAR<\/strong><\/td>\n<td style=\"width: 29.697%\">Remedios L\u00f3pez Arag\u00f3n<br \/>\nJorge Manuel Jim\u00e9nez Salas<\/td>\n<\/tr>\n<tr align=\"left\">\n<td style=\"width: 11.2121%\"><strong>4\u00ba ESO A<\/strong><\/td>\n<td style=\"width: 29.697%\">Antonio D\u00edaz Jim\u00e9nez<\/td>\n<\/tr>\n<tr align=\"left\">\n<td style=\"width: 11.2121%\"><strong>1\u00ba FPB<\/strong><\/td>\n<td style=\"width: 29.697%\">Rafael Mesa Poyato<\/td>\n<\/tr>\n<tr align=\"left\">\n<td style=\"width: 11.2121%\"><strong>2\u00ba FPB<\/strong><\/td>\n<td style=\"width: 29.697%\">Antonio Almeda Sanz<\/td>\n<\/tr>\n<tr align=\"left\">\n<td style=\"width: 11.2121%\"><strong>FBO<\/strong><\/td>\n<td style=\"width: 29.697%\">Raquel Fern\u00e1ndez Garc\u00eda<\/td>\n<\/tr>\n<tr>\n<td style=\"width: 11.2121%\">&nbsp;<\/td>\n<td style=\"width: 29.697%\">&nbsp;<\/td>\n<\/tr>\n<\/tbody>\n<\/table>\n<p style=\"text-align: center\">&nbsp;<\/p>\n","protected":false},"excerpt":{"rendered":"<p>CURSO 2020-2021 Grupos Tutor\/a 1\u00ba ESO A Lidia D. Guerrero Castillo 1\u00ba ESO B Mara Corbel 2\u00ba ESO A Fernando D\u00edaz Torreblanca 2\u00ba ESO B Guadalupe Nuevo Toro 2\u00ba PMAR Guadalupe Nuevo Toro Jorge Manuel Jim\u00e9nez Salas 3\u00ba ESO A Remedios L\u00f3pez Arag\u00f3n 3\u00ba PMAR Remedios L\u00f3pez Arag\u00f3n Jorge Manuel Jim\u00e9nez Salas 4\u00ba ESO A &hellip; <\/p>\n<p><a class=\"more-link btn\" href=\"https:\/\/blogsaverroes.juntadeandalucia.es\/iescarlinda\/tutorias\/\">Seguir leyendo<\/a><\/p>\n","protected":false},"author":1,"featured_media":0,"parent":0,"menu_order":0,"comment_status":"closed","ping_status":"closed","template":"template-full-width.php","meta":{"ngg_post_thumbnail":0,"footnotes":"","_mc_calendar":[]},"aioseo_notices":[],"_links":{"self":[{"href":"https:\/\/blogsaverroes.juntadeandalucia.es\/iescarlinda\/wp-json\/wp\/v2\/pages\/871"}],"collection":[{"href":"https:\/\/blogsaverroes.juntadeandalucia.es\/iescarlinda\/wp-json\/wp\/v2\/pages"}],"about":[{"href":"https:\/\/blogsaverroes.juntadeandalucia.es\/iescarlinda\/wp-json\/wp\/v2\/types\/page"}],"author":[{"embeddable":true,"href":"https:\/\/blogsaverroes.juntadeandalucia.es\/iescarlinda\/wp-json\/wp\/v2\/users\/1"}],"replies":[{"embeddable":true,"href":"https:\/\/blogsaverroes.juntadeandalucia.es\/iescarlinda\/wp-json\/wp\/v2\/comments?post=871"}],"version-history":[{"count":19,"href":"https:\/\/blogsaverroes.juntadeandalucia.es\/iescarlinda\/wp-json\/wp\/v2\/pages\/871\/revisions"}],"predecessor-version":[{"id":2378,"href":"https:\/\/blogsaverroes.juntadeandalucia.es\/iescarlinda\/wp-json\/wp\/v2\/pages\/871\/revisions\/2378"}],"wp:attachment":[{"href":"https:\/\/blogsaverroes.juntadeandalucia.es\/iescarlinda\/wp-json\/wp\/v2\/media?parent=871"}],"curies":[{"name":"wp","href":"https:\/\/api.w.org\/{rel}","templated":true}]}}