{"id":21,"date":"2025-04-27T18:36:34","date_gmt":"2025-04-27T16:36:34","guid":{"rendered":"https:\/\/blogsaverroes.juntadeandalucia.es\/iescarloscanobilinguismo\/?page_id=21"},"modified":"2025-09-30T19:08:09","modified_gmt":"2025-09-30T17:08:09","slug":"e-twinning","status":"publish","type":"page","link":"https:\/\/blogsaverroes.juntadeandalucia.es\/iescarloscanobilinguismo\/e-twinning\/","title":{"rendered":"E-TWINNING 2024\/25"},"content":{"rendered":"<p>Durante el curso 24\/25, el IES Carlos Cano se inicia con proyectos internacionales, en esta ocasi\u00f3n con un proyecto E-Twinning elaborado junto a cinco institutos de Turqu\u00eda.<\/p>\n<p>&nbsp;<\/p>\n<p>Nuestro proyecto se llama \u00abDigital Citizenship and Empathy\u00bb y puede verse en:<\/p>\n<p><a href=\"https:\/\/school-education.ec.europa.eu\/en\/etwinning\/projects\/digital-citizenship-and-empathy\/twinspace\">https:\/\/school-education.ec.europa.eu\/en\/etwinning\/projects\/digital-citizenship-and-empathy\/twinspace<\/a><\/p>\n<p>&nbsp;<\/p>\n<p>En la elaboraci\u00f3n y desarrollo de este proyecto, nuestros e-twinners se sumergen dentro de la ciudadan\u00eda y empat\u00eda digital, a trav\u00e9s de tareas y juegos colaborativos y con el ingl\u00e9s como veh\u00edculo de comunicaci\u00f3n.<\/p>\n<p>&nbsp;<\/p>\n<p>\u00a1Sin duda, un paso gigante hacia la internacionalizaci\u00f3n de nuestro centro!<\/p>\n<p>&nbsp;<\/p>\n<p>\u00abEn un mundo conectado por pantallas, las palabras tienen poder. Un simple mensaje puede alegrar el d\u00eda de alguien\u2026 o dejar una sombra en su coraz\u00f3n.<\/p>\n<p>Vivimos en una era digital donde cada clic, cada comentario y cada compartido moldean el mundo que nos rodea. Pero detr\u00e1s de cada pantalla hay una persona\u2026 alguien con sue\u00f1os, miedos y sentimientos, igual que t\u00fa.<\/p>\n<p>La empat\u00eda es la clave para construir un espacio en l\u00ednea m\u00e1s amable y seguro. Antes de escribir, antes de reaccionar\u2026 detente, piensa. \u00bfC\u00f3mo te sentir\u00edas si esas palabras fueran para ti?<\/p>\n<p>La ciudadan\u00eda digital es mucho m\u00e1s que estar en l\u00ednea. Se trata de respeto, responsabilidad y amabilidad. Se trata de alzar la voz contra el odio y difundir positividad.<\/p>\n<p>A trav\u00e9s de nuestro proyecto eTwinning, estamos construyendo puentes, no muros. Trabajando juntos m\u00e1s all\u00e1 de las fronteras, aprendemos, compartimos e inspiramos el cambio. Cada conversaci\u00f3n, cada idea y cada acto de bondad nos acercan a un mundo digital donde el respeto y la comprensi\u00f3n pueden florecer.<\/p>\n<p>Juntos, podemos crear un mundo digital donde todos se sientan vistos, escuchados y valorados. Porque en l\u00ednea o fuera de l\u00ednea\u2026 la amabilidad siempre importa.<\/p>\n<p>Hagamos que la empat\u00eda se haga viral. Un mensaje, una acci\u00f3n, un coraz\u00f3n a la vez.\u00bb<\/p>\n<p>&nbsp;<\/p>\n<div style=\"width: 750px;\" class=\"wp-video\"><!--[if lt IE 9]><script>document.createElement('video');<\/script><![endif]-->\n<video class=\"wp-video-shortcode\" id=\"video-21-1\" width=\"750\" height=\"425\" preload=\"metadata\" controls=\"controls\"><source type=\"video\/mp4\" src=\"https:\/\/blogsaverroes.juntadeandalucia.es\/iescarloscanobilinguismo\/files\/2025\/04\/Video-de-WhatsApp-2025-04-27-a-las-19.11.22_0eff292a.mp4?_=1\" \/><a href=\"https:\/\/blogsaverroes.juntadeandalucia.es\/iescarloscanobilinguismo\/files\/2025\/04\/Video-de-WhatsApp-2025-04-27-a-las-19.11.22_0eff292a.mp4\">https:\/\/blogsaverroes.juntadeandalucia.es\/iescarloscanobilinguismo\/files\/2025\/04\/Video-de-WhatsApp-2025-04-27-a-las-19.11.22_0eff292a.mp4<\/a><\/video><\/div>\n<p>&nbsp;<\/p>\n<div style=\"width: 750px;\" class=\"wp-video\"><video class=\"wp-video-shortcode\" id=\"video-21-2\" width=\"750\" height=\"422\" preload=\"metadata\" controls=\"controls\"><source type=\"video\/mp4\" src=\"https:\/\/blogsaverroes.juntadeandalucia.es\/iescarloscanobilinguismo\/files\/2025\/05\/Video-sin-titulo.mp4?_=2\" \/><a href=\"https:\/\/blogsaverroes.juntadeandalucia.es\/iescarloscanobilinguismo\/files\/2025\/05\/Video-sin-titulo.mp4\">https:\/\/blogsaverroes.juntadeandalucia.es\/iescarloscanobilinguismo\/files\/2025\/05\/Video-sin-titulo.mp4<\/a><\/video><\/div>\n<p>&nbsp;<\/p>\n<p data-start=\"96\" data-end=\"381\">\ud83c\udf89\u2728 \u00a1Estamos de enhorabuena! Nuestro proyecto eTwinning, <strong data-start=\"170\" data-end=\"207\">\u201cDigital Citizenship and Empathy\u201d<\/strong>, ha sido reconocido con el <strong data-start=\"235\" data-end=\"261\">National Quality Label<\/strong> \ud83c\udfc6, un reconocimiento que premia la calidad, el esfuerzo y la creatividad de los proyectos educativos en toda Espa\u00f1a.<\/p>\n<p data-start=\"383\" data-end=\"663\">Queremos destacar especialmente a nuestros seis protagonistas: <strong data-start=\"446\" data-end=\"490\">Sara, Carla, Yago, Adam, Beltr\u00e1n y Mario<\/strong> \ud83d\udc4f. Su entusiasmo, dedicaci\u00f3n y colaboraci\u00f3n hicieron posible que este proyecto brillara y se convirtiera en un ejemplo de ciudadan\u00eda digital responsable y emp\u00e1tica \ud83c\udf0d\ud83d\udca1.<\/p>\n<p data-start=\"665\" data-end=\"1007\">Gracias a ellos, hemos aprendido a trabajar en equipo, a ponernos en el lugar del otro y a desarrollar habilidades digitales de manera \u00e9tica y consciente \ud83d\udcbb\ud83e\udd1d. Este logro pone en valor no solo el proyecto en s\u00ed, sino tambi\u00e9n el compromiso, la curiosidad y la pasi\u00f3n de nuestro alumnado por aprender y mejorar la sociedad desde la educaci\u00f3n.<\/p>\n<p data-start=\"1009\" data-end=\"1150\">\ud83d\udc99 \u00a1Gracias a todos por hacerlo posible! Este National Quality Label nos anima a seguir creando, innovando y creciendo con nuevos retos \ud83d\ude80.<\/p>\n<p data-start=\"1009\" data-end=\"1150\"><img loading=\"lazy\" decoding=\"async\" class=\"alignnone  wp-image-203\" src=\"https:\/\/blogsaverroes.juntadeandalucia.es\/iescarloscanobilinguismo\/files\/2025\/09\/Diseno-sin-titulo-1-300x212.png\" alt=\"\" width=\"717\" height=\"507\" srcset=\"https:\/\/blogsaverroes.juntadeandalucia.es\/iescarloscanobilinguismo\/files\/2025\/09\/Diseno-sin-titulo-1-300x212.png 300w, https:\/\/blogsaverroes.juntadeandalucia.es\/iescarloscanobilinguismo\/files\/2025\/09\/Diseno-sin-titulo-1-1024x724.png 1024w, https:\/\/blogsaverroes.juntadeandalucia.es\/iescarloscanobilinguismo\/files\/2025\/09\/Diseno-sin-titulo-1-768x543.png 768w, https:\/\/blogsaverroes.juntadeandalucia.es\/iescarloscanobilinguismo\/files\/2025\/09\/Diseno-sin-titulo-1-1536x1086.png 1536w, https:\/\/blogsaverroes.juntadeandalucia.es\/iescarloscanobilinguismo\/files\/2025\/09\/Diseno-sin-titulo-1-2048x1448.png 2048w, https:\/\/blogsaverroes.juntadeandalucia.es\/iescarloscanobilinguismo\/files\/2025\/09\/Diseno-sin-titulo-1-750x530.png 750w\" sizes=\"(max-width: 717px) 100vw, 717px\" \/><\/p>\n","protected":false},"excerpt":{"rendered":"<p>Durante el curso 24\/25, el IES Carlos Cano se inicia con proyectos internacionales, en esta ocasi\u00f3n con un proyecto E-Twinning elaborado junto a cinco institutos de Turqu\u00eda. &nbsp; Nuestro proyecto se llama \u00abDigital Citizenship and Empathy\u00bb y puede verse en: https:\/\/school-education.ec.europa.eu\/en\/etwinning\/projects\/digital-citizenship-and-empathy\/twinspace &nbsp; En la elaboraci\u00f3n y desarrollo de este proyecto, nuestros e-twinners se sumergen dentro &hellip; <\/p>\n<p><a class=\"more-link btn\" href=\"https:\/\/blogsaverroes.juntadeandalucia.es\/iescarloscanobilinguismo\/e-twinning\/\">Seguir leyendo<\/a><\/p>\n","protected":false},"author":4855,"featured_media":0,"parent":0,"menu_order":0,"comment_status":"closed","ping_status":"closed","template":"","meta":{"footnotes":""},"aioseo_notices":[],"_links":{"self":[{"href":"https:\/\/blogsaverroes.juntadeandalucia.es\/iescarloscanobilinguismo\/wp-json\/wp\/v2\/pages\/21"}],"collection":[{"href":"https:\/\/blogsaverroes.juntadeandalucia.es\/iescarloscanobilinguismo\/wp-json\/wp\/v2\/pages"}],"about":[{"href":"https:\/\/blogsaverroes.juntadeandalucia.es\/iescarloscanobilinguismo\/wp-json\/wp\/v2\/types\/page"}],"author":[{"embeddable":true,"href":"https:\/\/blogsaverroes.juntadeandalucia.es\/iescarloscanobilinguismo\/wp-json\/wp\/v2\/users\/4855"}],"replies":[{"embeddable":true,"href":"https:\/\/blogsaverroes.juntadeandalucia.es\/iescarloscanobilinguismo\/wp-json\/wp\/v2\/comments?post=21"}],"version-history":[{"count":11,"href":"https:\/\/blogsaverroes.juntadeandalucia.es\/iescarloscanobilinguismo\/wp-json\/wp\/v2\/pages\/21\/revisions"}],"predecessor-version":[{"id":204,"href":"https:\/\/blogsaverroes.juntadeandalucia.es\/iescarloscanobilinguismo\/wp-json\/wp\/v2\/pages\/21\/revisions\/204"}],"wp:attachment":[{"href":"https:\/\/blogsaverroes.juntadeandalucia.es\/iescarloscanobilinguismo\/wp-json\/wp\/v2\/media?parent=21"}],"curies":[{"name":"wp","href":"https:\/\/api.w.org\/{rel}","templated":true}]}}