{"id":227,"date":"2026-03-28T20:58:54","date_gmt":"2026-03-28T19:58:54","guid":{"rendered":"https:\/\/blogsaverroes.juntadeandalucia.es\/iescarloscanobilinguismo\/?page_id=227"},"modified":"2026-04-21T09:43:37","modified_gmt":"2026-04-21T07:43:37","slug":"easter-egg-hunt","status":"publish","type":"page","link":"https:\/\/blogsaverroes.juntadeandalucia.es\/iescarloscanobilinguismo\/nuestros-proyectos\/easter-egg-hunt\/","title":{"rendered":"EASTER EGG HUNT 25-26"},"content":{"rendered":"<p>\ud83e\udd5a\u2728 \u00a1Easter Egg Hunt en el IES Carlos Cano! \u2728\ud83e\udd5a<\/p>\n<p>El pasado jueves, nuestro centro se llen\u00f3 de emoci\u00f3n, compa\u00f1erismo y muchas ganas de aprender con una divertida gymkhana tipo Easter Egg Hunt, organizada por el equipo biling\u00fce del IES Carlos Cano junto a nuestro alumnado de 1\u00ba de ESO.<\/p>\n<p>A lo largo de la actividad, los participantes han tenido que superar diferentes pruebas, resolver pistas en ingl\u00e9s y trabajar en equipo para encontrar los huevos escondidos. Una experiencia din\u00e1mica y motivadora en la que el aprendizaje y la diversi\u00f3n han ido de la mano.<\/p>\n<p>Queremos dar un agradecimiento muy especial a todas las personas que han hecho posible esta jornada:<br \/>\n\ud83d\udcab Al equipo biling\u00fce, profesorado, directiva del IES Carlos Cano y al alumnado de 1\u00ba de ESO por su implicaci\u00f3n, organizaci\u00f3n y entusiasmo<br \/>\n\ud83d\udcab A los maestros y maestras de CEIP Las Huertas y CEIP Tartessos por acompa\u00f1ar y preparar al alumnado<br \/>\n\ud83d\udcab Y, por supuesto, a los alumnos y alumnas de 6\u00ba de ambos centros por su participaci\u00f3n ejemplar y sus ganas de disfrutar.<\/p>\n<p>Esta actividad, enmarcada dentro del programa de tr\u00e1nsito, pone en valor la importancia de crear experiencias positivas que ayuden al alumnado a afrontar el paso al instituto de una forma natural, cercana y amable.<\/p>\n<p>Porque el cambio de etapa no solo es un reto\u2026 \u00a1tambi\u00e9n puede ser una oportunidad para ilusionarse, conocer, compartir y empezar con buen pie!<\/p>\n<p>\u00a1Os esperamos el pr\u00f3ximo curso con los brazos abiertos!<\/p>\n<p>#somosbilingues #IESCarlosCano #CEIPLasHuertas #CEIPTartessos #biling\u00fcismo #EducandoConCoraz\u00f3n #EasterEggHunt<\/p>\n<p>&nbsp;<\/p>\n<p><iframe loading=\"lazy\" src=\"\/\/www.youtube.com\/embed\/T5lEK-J3fCU\" width=\"560\" height=\"314\"><\/iframe><\/p>\n","protected":false},"excerpt":{"rendered":"<p>\ud83e\udd5a\u2728 \u00a1Easter Egg Hunt en el IES Carlos Cano! \u2728\ud83e\udd5a El pasado jueves, nuestro centro se llen\u00f3 de emoci\u00f3n, compa\u00f1erismo y muchas ganas de aprender con una divertida gymkhana tipo Easter Egg Hunt, organizada por el equipo biling\u00fce del IES Carlos Cano junto a nuestro alumnado de 1\u00ba de ESO. A lo largo de la &hellip; <\/p>\n<p><a class=\"more-link btn\" href=\"https:\/\/blogsaverroes.juntadeandalucia.es\/iescarloscanobilinguismo\/nuestros-proyectos\/easter-egg-hunt\/\">Seguir leyendo<\/a><\/p>\n","protected":false},"author":4855,"featured_media":0,"parent":11,"menu_order":0,"comment_status":"closed","ping_status":"closed","template":"","meta":{"footnotes":""},"aioseo_notices":[],"_links":{"self":[{"href":"https:\/\/blogsaverroes.juntadeandalucia.es\/iescarloscanobilinguismo\/wp-json\/wp\/v2\/pages\/227"}],"collection":[{"href":"https:\/\/blogsaverroes.juntadeandalucia.es\/iescarloscanobilinguismo\/wp-json\/wp\/v2\/pages"}],"about":[{"href":"https:\/\/blogsaverroes.juntadeandalucia.es\/iescarloscanobilinguismo\/wp-json\/wp\/v2\/types\/page"}],"author":[{"embeddable":true,"href":"https:\/\/blogsaverroes.juntadeandalucia.es\/iescarloscanobilinguismo\/wp-json\/wp\/v2\/users\/4855"}],"replies":[{"embeddable":true,"href":"https:\/\/blogsaverroes.juntadeandalucia.es\/iescarloscanobilinguismo\/wp-json\/wp\/v2\/comments?post=227"}],"version-history":[{"count":2,"href":"https:\/\/blogsaverroes.juntadeandalucia.es\/iescarloscanobilinguismo\/wp-json\/wp\/v2\/pages\/227\/revisions"}],"predecessor-version":[{"id":238,"href":"https:\/\/blogsaverroes.juntadeandalucia.es\/iescarloscanobilinguismo\/wp-json\/wp\/v2\/pages\/227\/revisions\/238"}],"up":[{"embeddable":true,"href":"https:\/\/blogsaverroes.juntadeandalucia.es\/iescarloscanobilinguismo\/wp-json\/wp\/v2\/pages\/11"}],"wp:attachment":[{"href":"https:\/\/blogsaverroes.juntadeandalucia.es\/iescarloscanobilinguismo\/wp-json\/wp\/v2\/media?parent=227"}],"curies":[{"name":"wp","href":"https:\/\/api.w.org\/{rel}","templated":true}]}}