{"id":150,"date":"2015-03-17T07:48:04","date_gmt":"2015-03-17T07:48:04","guid":{"rendered":"http:\/\/blogsaverroes.juntadeandalucia.es\/pre\/ceip\/?page_id=150"},"modified":"2025-11-18T13:32:06","modified_gmt":"2025-11-18T12:32:06","slug":"frances","status":"publish","type":"page","link":"https:\/\/blogsaverroes.juntadeandalucia.es\/iescarloshaya\/frances\/","title":{"rendered":"Franc\u00e9s"},"content":{"rendered":"<p>&nbsp;<\/p>\n<p style=\"text-align: justify\"><a href=\"http:\/\/blogsaverroes.juntadeandalucia.es\/iescarloshaya\/files\/2015\/03\/logo_Dto_Franc\u00e9s.jpg\"><img loading=\"lazy\" decoding=\"async\" class=\" size-medium wp-image-2443 alignright\" src=\"http:\/\/blogsaverroes.juntadeandalucia.es\/iescarloshaya\/files\/2015\/03\/logo_Dto_Franc\u00e9s-253x300.jpg\" alt=\"logo_Dto_Franc\u00e9s\" width=\"253\" height=\"300\" srcset=\"https:\/\/blogsaverroes.juntadeandalucia.es\/iescarloshaya\/files\/2015\/03\/logo_Dto_Franc\u00e9s-253x300.jpg 253w, https:\/\/blogsaverroes.juntadeandalucia.es\/iescarloshaya\/files\/2015\/03\/logo_Dto_Franc\u00e9s-864x1024.jpg 864w, https:\/\/blogsaverroes.juntadeandalucia.es\/iescarloshaya\/files\/2015\/03\/logo_Dto_Franc\u00e9s-700x829.jpg 700w, https:\/\/blogsaverroes.juntadeandalucia.es\/iescarloshaya\/files\/2015\/03\/logo_Dto_Franc\u00e9s.jpg 1351w\" sizes=\"(max-width: 253px) 100vw, 253px\" \/><\/a>Durante el presente curso, el Departamento de <strong>Franc\u00e9s<\/strong> est\u00e1 integrado por los siguientes miembros:<\/p>\n<div class=\"textLayer\">\n<ul>\n<li><strong>Do\u00f1a Mar\u00eda Roc\u00edo Moreno Ara\u00fajo (Jefa de Departamento)<br \/>\n<\/strong><\/li>\n<li><strong>Do\u00f1a Rosario Bohorquez del R\u00edo<\/strong><\/li>\n<\/ul>\n<\/div>\n<div class=\"textLayer\">&nbsp;<\/div>\n<p style=\"text-align: justify\"><span style=\"font-family: sans-serif\"><span style=\"font-size: medium\">A continuaci\u00f3n, se presentan las PROGRAMACIONES del curso 25-26, as\u00ed como sus Unidades de Programaci\u00f3n:<\/span><\/span><\/p>\n<p><span style=\"color: #003300\"> <a style=\"color: #003300\" href=\"https:\/\/blogsaverroes.juntadeandalucia.es\/iescarloshaya\/files\/2025\/11\/PD-1o-ESO.pdf\">PD 1\u00ba ESO<\/a><\/span><\/p>\n<p><span style=\"color: #003300\">&nbsp;<a style=\"color: #003300\" href=\"https:\/\/blogsaverroes.juntadeandalucia.es\/iescarloshaya\/files\/2025\/11\/PD-2o-ESO.pdf\">PD 2\u00ba ESO<\/a><\/span><\/p>\n<p><span style=\"color: #003300\"><a style=\"color: #003300\" href=\"https:\/\/blogsaverroes.juntadeandalucia.es\/iescarloshaya\/files\/2025\/11\/PD-3o-ESO.pdf\">PD 3\u00ba ESO<\/a><\/span><\/p>\n<p><span style=\"color: #003300\"><a style=\"color: #003300\" href=\"https:\/\/blogsaverroes.juntadeandalucia.es\/iescarloshaya\/files\/2025\/11\/PD-4o-ESO.pdf\">PD 4\u00ba ESO<\/a><\/span><\/p>\n<p><span style=\"color: #003300\"> <a style=\"color: #003300\" href=\"https:\/\/blogsaverroes.juntadeandalucia.es\/iescarloshaya\/files\/2025\/11\/PD-1o-Bachillerato-Ciencias-y-Tecnologia.pdf\">PD 1\u00ba Bachillerato Ciencias y Tecnolog\u00eda<\/a> <\/span><\/p>\n<p><span style=\"color: #003300\"><a style=\"color: #003300\" href=\"https:\/\/blogsaverroes.juntadeandalucia.es\/iescarloshaya\/files\/2025\/11\/PD-1o-Bachillerato-Human-Ccias-Soc.pdf\">PD 1\u00ba Bachillerato Human Ccias Soc<\/a><\/span><\/p>\n<p>SECUENCIACI\u00d3N DE UNIDADES:<\/p>\n<p><span style=\"color: #003300\"><a style=\"color: #003300\" href=\"https:\/\/blogsaverroes.juntadeandalucia.es\/iescarloshaya\/files\/2025\/11\/UNIDADES-1o-ESO.pdf\">UNIDADES 1\u00ba ESO<\/a><\/span><\/p>\n<p><span style=\"color: #003300\"><a style=\"color: #003300\" href=\"https:\/\/blogsaverroes.juntadeandalucia.es\/iescarloshaya\/files\/2025\/11\/UNIDADES-2o-ESO.pdf\">UNIDADES 2\u00ba ESO<\/a><\/span><\/p>\n<p><span style=\"color: #003300\"><a style=\"color: #003300\" href=\"https:\/\/blogsaverroes.juntadeandalucia.es\/iescarloshaya\/files\/2025\/11\/UNIDADES-3o.pdf\">UNIDADES 3\u00ba ESO<\/a><\/span><\/p>\n<p><span style=\"color: #003300\"><a style=\"color: #003300\" href=\"https:\/\/blogsaverroes.juntadeandalucia.es\/iescarloshaya\/files\/2025\/11\/UNIDADES-4o.pdf\">UNIDADES 4\u00baESO<\/a><\/span><\/p>\n<p><span style=\"color: #003300\"><a style=\"color: #003300\" href=\"https:\/\/blogsaverroes.juntadeandalucia.es\/iescarloshaya\/files\/2025\/11\/UNIDADES-1o-BACH.pdf\">UNIDADES 1\u00ba BACH<\/a><\/span><\/p>\n<p>Criterios de Evaluaci\u00f3n<\/p>\n<p><span style=\"color: #003300\"><a style=\"color: #003300\" href=\"https:\/\/blogsaverroes.juntadeandalucia.es\/iescarloshaya\/files\/2025\/11\/Criterios-evaluacion-Frances.pdf\">Criterios evaluaci\u00f3n Franc\u00e9s<\/a><\/span><\/p>\n<p>&nbsp;<\/p>\n<p>&nbsp;<\/p>\n<p>&nbsp;<\/p>\n<p>&nbsp;<\/p>\n","protected":false},"excerpt":{"rendered":"<p>&nbsp; Durante el presente curso, el Departamento de Franc\u00e9s est\u00e1 integrado por los siguientes miembros: Do\u00f1a Mar\u00eda Roc\u00edo Moreno Ara\u00fajo (Jefa de Departamento) Do\u00f1a Rosario&hellip;<\/p>\n","protected":false},"author":1,"featured_media":0,"parent":0,"menu_order":0,"comment_status":"closed","ping_status":"open","template":"","meta":{"ngg_post_thumbnail":0,"footnotes":"","_mc_calendar":[]},"aioseo_notices":[],"_links":{"self":[{"href":"https:\/\/blogsaverroes.juntadeandalucia.es\/iescarloshaya\/wp-json\/wp\/v2\/pages\/150"}],"collection":[{"href":"https:\/\/blogsaverroes.juntadeandalucia.es\/iescarloshaya\/wp-json\/wp\/v2\/pages"}],"about":[{"href":"https:\/\/blogsaverroes.juntadeandalucia.es\/iescarloshaya\/wp-json\/wp\/v2\/types\/page"}],"author":[{"embeddable":true,"href":"https:\/\/blogsaverroes.juntadeandalucia.es\/iescarloshaya\/wp-json\/wp\/v2\/users\/1"}],"replies":[{"embeddable":true,"href":"https:\/\/blogsaverroes.juntadeandalucia.es\/iescarloshaya\/wp-json\/wp\/v2\/comments?post=150"}],"version-history":[{"count":45,"href":"https:\/\/blogsaverroes.juntadeandalucia.es\/iescarloshaya\/wp-json\/wp\/v2\/pages\/150\/revisions"}],"predecessor-version":[{"id":9040,"href":"https:\/\/blogsaverroes.juntadeandalucia.es\/iescarloshaya\/wp-json\/wp\/v2\/pages\/150\/revisions\/9040"}],"wp:attachment":[{"href":"https:\/\/blogsaverroes.juntadeandalucia.es\/iescarloshaya\/wp-json\/wp\/v2\/media?parent=150"}],"curies":[{"name":"wp","href":"https:\/\/api.w.org\/{rel}","templated":true}]}}