{"id":153,"date":"2015-03-17T07:48:56","date_gmt":"2015-03-17T07:48:56","guid":{"rendered":"http:\/\/blogsaverroes.juntadeandalucia.es\/pre\/ceip\/?page_id=153"},"modified":"2025-12-09T13:12:18","modified_gmt":"2025-12-09T12:12:18","slug":"geografia-e-historia","status":"publish","type":"page","link":"https:\/\/blogsaverroes.juntadeandalucia.es\/iescarloshaya\/geografia-e-historia\/","title":{"rendered":"Geograf\u00eda e Historia"},"content":{"rendered":"<p><a href=\"http:\/\/blogsaverroes.juntadeandalucia.es\/iescarloshaya\/files\/2015\/03\/logo_Dto_Geograf\u00eda-e-Historia.jpg\"><img loading=\"lazy\" decoding=\"async\" class=\" size-medium wp-image-2444 alignright\" src=\"http:\/\/blogsaverroes.juntadeandalucia.es\/iescarloshaya\/files\/2015\/03\/logo_Dto_Geograf\u00eda-e-Historia-293x300.jpg\" alt=\"logo_Dto_Geograf\u00eda e Historia\" width=\"293\" height=\"300\" srcset=\"https:\/\/blogsaverroes.juntadeandalucia.es\/iescarloshaya\/files\/2015\/03\/logo_Dto_Geograf\u00eda-e-Historia-293x300.jpg 293w, https:\/\/blogsaverroes.juntadeandalucia.es\/iescarloshaya\/files\/2015\/03\/logo_Dto_Geograf\u00eda-e-Historia-1000x1024.jpg 1000w, https:\/\/blogsaverroes.juntadeandalucia.es\/iescarloshaya\/files\/2015\/03\/logo_Dto_Geograf\u00eda-e-Historia-700x716.jpg 700w, https:\/\/blogsaverroes.juntadeandalucia.es\/iescarloshaya\/files\/2015\/03\/logo_Dto_Geograf\u00eda-e-Historia-50x50.jpg 50w, https:\/\/blogsaverroes.juntadeandalucia.es\/iescarloshaya\/files\/2015\/03\/logo_Dto_Geograf\u00eda-e-Historia.jpg 1563w\" sizes=\"(max-width: 293px) 100vw, 293px\" \/><\/a><\/p>\n<p>Durante el presente curso, el Departamento de Geograf\u00eda e Historia est\u00e1 integrado por los siguientes miembros<\/p>\n<ul>\n<li><strong>D\u00f1a. Mar\u00eda Jos\u00e9 D\u00edaz Buiza (Jefa de Departamento).&nbsp;<\/strong><\/li>\n<li><strong>Don Luis Alberto del Moral Cabana. (Manuel Jes\u00fas Gomar Jarana &#8211; sustituto)<br \/>\n<\/strong><\/li>\n<li><strong>Don Ignacio L\u00f3pez Romero.<\/strong><\/li>\n<li><strong>Don Jos\u00e9 Manuel Romero Acosta (Religi\u00f3n Cat\u00f3lica)<\/strong><\/li>\n<li><strong>Esperanza Macarena Meana Liger (Religi\u00f3n Evang\u00e9lica)<\/strong><\/li>\n<\/ul>\n<div>\n<p>&nbsp;<\/p>\n<p><span style=\"color: #003300\"><a style=\"color: #003300\" href=\"https:\/\/blogsaverroes.juntadeandalucia.es\/iescarloshaya\/files\/2025\/11\/Programacion-didactica-Geografia-e-Historia-1oESO.pdf\">Programaci\u00f3n did\u00e1ctica Geograf\u00eda e Historia 1\u00baESO<\/a><\/span><\/p>\n<p><span style=\"color: #003300\"><a style=\"color: #003300\" href=\"https:\/\/blogsaverroes.juntadeandalucia.es\/iescarloshaya\/files\/2025\/11\/Programacion-didactica-Geografia-e-Historia-2oESO.pdf\">Programaci\u00f3n did\u00e1ctica Geograf\u00eda e Historia 2\u00baESO<\/a><\/span><\/p>\n<p><span style=\"color: #003300\"><a style=\"color: #003300\" href=\"https:\/\/blogsaverroes.juntadeandalucia.es\/iescarloshaya\/files\/2025\/11\/Programacion-didactica-Geografia-e-Historia-3oESO.pdf\">Programaci\u00f3n did\u00e1ctica Geograf\u00eda e Historia 3\u00baESO<\/a><\/span><\/p>\n<p><span style=\"color: #003300\"><a style=\"color: #003300\" href=\"https:\/\/blogsaverroes.juntadeandalucia.es\/iescarloshaya\/files\/2025\/11\/Programacion-didactica-Geografia-e-Historia-4oESO.pdf\">Programaci\u00f3n did\u00e1ctica Geograf\u00eda e Historia 4\u00baESO<\/a><\/span><\/p>\n<p><span style=\"color: #003300\"><a style=\"color: #003300\" href=\"https:\/\/blogsaverroes.juntadeandalucia.es\/iescarloshaya\/files\/2025\/11\/Programacion-didactica-Historia-del-Mundo-Contemporaneo.pdf\">Programaci\u00f3n did\u00e1ctica Historia del Mundo Contempor\u00e1neo<\/a><\/span><\/p>\n<p><span style=\"color: #003300\"><a style=\"color: #003300\" href=\"https:\/\/blogsaverroes.juntadeandalucia.es\/iescarloshaya\/files\/2025\/11\/Programacion-didactica-Historia-de-Espana.pdf\">Programaci\u00f3n did\u00e1ctica Historia de Espa\u00f1a<\/a><\/span><\/p>\n<p><span style=\"color: #003300\"><a style=\"color: #003300\" href=\"https:\/\/blogsaverroes.juntadeandalucia.es\/iescarloshaya\/files\/2025\/11\/Programacion-didactica-Historia-del-Arte.pdf\">Programaci\u00f3n did\u00e1ctica Historia del Arte<\/a><\/span><\/p>\n<p><span style=\"color: #003300\"><a style=\"color: #003300\" href=\"https:\/\/blogsaverroes.juntadeandalucia.es\/iescarloshaya\/files\/2025\/11\/Programacion-didactica-Geografia-Bachillerato.pdf\">Programaci\u00f3n did\u00e1ctica Geografia Bachillerato<\/a><\/span><\/p>\n<\/div>\n<p>Criterios de evaluaci\u00f3n:<\/p>\n<p><span style=\"color: #003300\"><a style=\"color: #003300\" href=\"https:\/\/blogsaverroes.juntadeandalucia.es\/iescarloshaya\/files\/2025\/11\/CRITERIOS-ESO-BACHILLERATO-GH.pdf\">CRITERIOS ESO BACHILLERATO GH<\/a><\/span><\/p>\n<p>&nbsp;<\/p>\n<p><span style=\"color: #003300\"><a style=\"color: #003300\" href=\"https:\/\/blogsaverroes.juntadeandalucia.es\/iescarloshaya\/files\/2025\/12\/PROGRAMACION-PRIMER-CICLO-RELIGION-EVANGELICA.pdf\">PROGRAMACI\u00d3N PRIMER CICLO RELIGION EVANGELICA<\/a><\/span><\/p>\n<p><span style=\"color: #003300\"><a style=\"color: #003300\" href=\"https:\/\/blogsaverroes.juntadeandalucia.es\/iescarloshaya\/files\/2025\/12\/PROGRAMACION-SEGUNDO-CICLO-RELIGION-EVANGELICA.pdf\">PROGRAMACI\u00d3N SEGUNDO CICLO RELIGION EVANGELICA<\/a><\/span><\/p>\n<p>&nbsp;<\/p>\n<p>&nbsp;<\/p>\n","protected":false},"excerpt":{"rendered":"<p>Durante el presente curso, el Departamento de Geograf\u00eda e Historia est\u00e1 integrado por los siguientes miembros D\u00f1a. Mar\u00eda Jos\u00e9 D\u00edaz Buiza (Jefa de Departamento).&nbsp; Don&hellip;<\/p>\n","protected":false},"author":1,"featured_media":0,"parent":0,"menu_order":0,"comment_status":"closed","ping_status":"open","template":"","meta":{"ngg_post_thumbnail":0,"footnotes":"","_mc_calendar":[]},"aioseo_notices":[],"_links":{"self":[{"href":"https:\/\/blogsaverroes.juntadeandalucia.es\/iescarloshaya\/wp-json\/wp\/v2\/pages\/153"}],"collection":[{"href":"https:\/\/blogsaverroes.juntadeandalucia.es\/iescarloshaya\/wp-json\/wp\/v2\/pages"}],"about":[{"href":"https:\/\/blogsaverroes.juntadeandalucia.es\/iescarloshaya\/wp-json\/wp\/v2\/types\/page"}],"author":[{"embeddable":true,"href":"https:\/\/blogsaverroes.juntadeandalucia.es\/iescarloshaya\/wp-json\/wp\/v2\/users\/1"}],"replies":[{"embeddable":true,"href":"https:\/\/blogsaverroes.juntadeandalucia.es\/iescarloshaya\/wp-json\/wp\/v2\/comments?post=153"}],"version-history":[{"count":65,"href":"https:\/\/blogsaverroes.juntadeandalucia.es\/iescarloshaya\/wp-json\/wp\/v2\/pages\/153\/revisions"}],"predecessor-version":[{"id":9211,"href":"https:\/\/blogsaverroes.juntadeandalucia.es\/iescarloshaya\/wp-json\/wp\/v2\/pages\/153\/revisions\/9211"}],"wp:attachment":[{"href":"https:\/\/blogsaverroes.juntadeandalucia.es\/iescarloshaya\/wp-json\/wp\/v2\/media?parent=153"}],"curies":[{"name":"wp","href":"https:\/\/api.w.org\/{rel}","templated":true}]}}