{"id":158,"date":"2015-03-17T07:50:33","date_gmt":"2015-03-17T07:50:33","guid":{"rendered":"http:\/\/blogsaverroes.juntadeandalucia.es\/pre\/ceip\/?page_id=158"},"modified":"2025-11-20T21:32:21","modified_gmt":"2025-11-20T20:32:21","slug":"matematicas","status":"publish","type":"page","link":"https:\/\/blogsaverroes.juntadeandalucia.es\/iescarloshaya\/matematicas\/","title":{"rendered":"Matem\u00e1ticas"},"content":{"rendered":"<p style=\"text-align: center\"><a href=\"http:\/\/blogsaverroes.juntadeandalucia.es\/iescarloshaya\/files\/2015\/03\/logo_Dto_Matem\u00e1ticas.jpg\"><img loading=\"lazy\" decoding=\"async\" class=\" size-medium wp-image-2447 alignright\" src=\"http:\/\/blogsaverroes.juntadeandalucia.es\/iescarloshaya\/files\/2015\/03\/logo_Dto_Matem\u00e1ticas-300x300.jpg\" alt=\"logo_Dto_Matem\u00e1ticas\" width=\"300\" height=\"300\" srcset=\"https:\/\/blogsaverroes.juntadeandalucia.es\/iescarloshaya\/files\/2015\/03\/logo_Dto_Matem\u00e1ticas-300x300.jpg 300w, https:\/\/blogsaverroes.juntadeandalucia.es\/iescarloshaya\/files\/2015\/03\/logo_Dto_Matem\u00e1ticas-150x150.jpg 150w, https:\/\/blogsaverroes.juntadeandalucia.es\/iescarloshaya\/files\/2015\/03\/logo_Dto_Matem\u00e1ticas-1024x1024.jpg 1024w, https:\/\/blogsaverroes.juntadeandalucia.es\/iescarloshaya\/files\/2015\/03\/logo_Dto_Matem\u00e1ticas-100x100.jpg 100w, https:\/\/blogsaverroes.juntadeandalucia.es\/iescarloshaya\/files\/2015\/03\/logo_Dto_Matem\u00e1ticas-432x432.jpg 432w, https:\/\/blogsaverroes.juntadeandalucia.es\/iescarloshaya\/files\/2015\/03\/logo_Dto_Matem\u00e1ticas-268x268.jpg 268w, https:\/\/blogsaverroes.juntadeandalucia.es\/iescarloshaya\/files\/2015\/03\/logo_Dto_Matem\u00e1ticas-700x700.jpg 700w, https:\/\/blogsaverroes.juntadeandalucia.es\/iescarloshaya\/files\/2015\/03\/logo_Dto_Matem\u00e1ticas-50x50.jpg 50w, https:\/\/blogsaverroes.juntadeandalucia.es\/iescarloshaya\/files\/2015\/03\/logo_Dto_Matem\u00e1ticas.jpg 1600w\" sizes=\"(max-width: 300px) 100vw, 300px\" \/><\/a><\/p>\n<p>Durante el presente curso 2025-26, el Departamento de Matem\u00e1ticas est\u00e1 integrado por los siguientes miembros:<\/p>\n<ul>\n<li><strong>Don Jos\u00e9 Luis Fern\u00e1ndez Mellado<\/strong><strong><br \/>\n<\/strong><\/li>\n<li><strong>Don Fernando Gallego Rodr\u00edguez (Jefe del Departamento)<\/strong><\/li>\n<li><strong>Do\u00f1a Carmen Gonz\u00e1lez Moraza<\/strong><\/li>\n<li><strong>Do\u00f1a Mar Melgar Rojo<\/strong><strong><br \/>\n<\/strong><\/li>\n<li><strong>Do\u00f1a Raquel Rafael Arenas<\/strong><\/li>\n<li><strong>Do\u00f1a Ana Olga Rego Blanco<\/strong><\/li>\n<li><strong>Don Juli\u00e1n S\u00e1nchez Gallardo (Econom\u00eda)<\/strong><\/li>\n<\/ul>\n<h6 style=\"text-align: justify\"><span style=\"font-family: sans-serif\"><span style=\"font-size: medium\">A continuaci\u00f3n, se presentan las Programaciones 2025-26 de Matem\u00e1ticas:<\/span><\/span><\/h6>\n<ul style=\"list-style-type: disc\">\n<li><a href=\"https:\/\/blogsaverroes.juntadeandalucia.es\/iescarloshaya\/files\/2025\/11\/1o-ESO-PD-25.26.pdf\">1\u00ba ESO PD 25.26<\/a>&nbsp; &nbsp; &nbsp; &nbsp; &nbsp; &nbsp; &nbsp; &nbsp; &nbsp; &nbsp; &nbsp; <a href=\"https:\/\/blogsaverroes.juntadeandalucia.es\/iescarloshaya\/files\/2025\/11\/Criterios-de-calificacion-1o-ESO.pdf\">Criterios de calificaci\u00f3n 1\u00ba ESO<\/a>&nbsp;<\/li>\n<li><a href=\"https:\/\/blogsaverroes.juntadeandalucia.es\/iescarloshaya\/files\/2025\/11\/2o-ESO-PD-25.26.pdf\">2\u00ba ESO PD 25.26<\/a>&nbsp; &nbsp; &nbsp; &nbsp; &nbsp; &nbsp; &nbsp; &nbsp; &nbsp; &nbsp; &nbsp;<a href=\"https:\/\/blogsaverroes.juntadeandalucia.es\/iescarloshaya\/files\/2025\/11\/Criterios-de-calificacion-2o-ESO.pdf\">Criterios de calificaci\u00f3n 2\u00ba ESO<\/a><\/li>\n<li style=\"text-align: justify\"><a href=\"https:\/\/blogsaverroes.juntadeandalucia.es\/iescarloshaya\/files\/2025\/11\/3o-ESO-PD-25.26.pdf\">3\u00ba ESO PD 25.26<\/a>&nbsp; &nbsp; &nbsp; &nbsp; &nbsp; &nbsp; &nbsp; &nbsp; &nbsp; &nbsp; &nbsp;<a href=\"https:\/\/blogsaverroes.juntadeandalucia.es\/iescarloshaya\/files\/2025\/11\/Criterios-de-calificacion-3o-ESO.pdf\">Criterios de calificaci\u00f3n 3\u00ba ESO<\/a><\/li>\n<li style=\"text-align: justify\"><a href=\"https:\/\/blogsaverroes.juntadeandalucia.es\/iescarloshaya\/files\/2025\/11\/3o-ESO-ACT-PD-25.26.pdf\">3\u00ba ESO ACT PD 25.26<\/a>&nbsp;&nbsp;&nbsp;&nbsp; &nbsp;&nbsp; &nbsp;&nbsp; &nbsp;<a href=\"https:\/\/blogsaverroes.juntadeandalucia.es\/iescarloshaya\/files\/2025\/11\/Criterios-de-calificacion-3o-ESO-ACT.pdf\">Criterios de calificaci\u00f3n 3\u00ba ESO ACT<\/a>&nbsp;<\/li>\n<li style=\"text-align: justify\"><a href=\"https:\/\/blogsaverroes.juntadeandalucia.es\/iescarloshaya\/files\/2025\/11\/4o-ESO-MAT-A-PD-25.26.pdf\">4\u00ba ESO MAT A PD 25.26<\/a>&nbsp;&nbsp;&nbsp;&nbsp;&nbsp;&nbsp; <a href=\"https:\/\/blogsaverroes.juntadeandalucia.es\/iescarloshaya\/files\/2025\/11\/Criterios-de-calificacion-4o-ESO-Mat-A.pdf\">Criterios de calificaci\u00f3n 4\u00ba ESO Mat A<\/a>&nbsp;<\/li>\n<li style=\"text-align: justify\"><a href=\"https:\/\/blogsaverroes.juntadeandalucia.es\/iescarloshaya\/files\/2025\/11\/4o-ESO-MAT-B-PD-25.26.pdf\">4\u00ba ESO MAT B PD 25.26<\/a> &nbsp;&nbsp;&nbsp;&nbsp;&nbsp; <a href=\"https:\/\/blogsaverroes.juntadeandalucia.es\/iescarloshaya\/files\/2025\/11\/Criterios-de-calificacion-4o-ESO-Mat-B.pdf\">Criterios de calificaci\u00f3n 4\u00ba ESO Mat B<\/a><\/li>\n<li><a href=\"https:\/\/blogsaverroes.juntadeandalucia.es\/iescarloshaya\/files\/2025\/11\/4o-ESO-ACT-PD-25.26.pdf\">4\u00ba ESO ACT PD 25.26<\/a>&nbsp; &nbsp; &nbsp; &nbsp; &nbsp; &nbsp; <a href=\"https:\/\/blogsaverroes.juntadeandalucia.es\/iescarloshaya\/files\/2025\/11\/Criterios-de-calificacion-4o-ESO-ACT.pdf\">Criterios de calificaci\u00f3n 4\u00ba ESO ACT<\/a><\/li>\n<li><a href=\"https:\/\/blogsaverroes.juntadeandalucia.es\/iescarloshaya\/files\/2025\/11\/1o-BACH-MAT-I-PD-25.26.pdf\">1\u00ba BACH MAT I PD 25.26<\/a>&nbsp;&nbsp;&nbsp;&nbsp;&nbsp;<a href=\"https:\/\/blogsaverroes.juntadeandalucia.es\/iescarloshaya\/files\/2025\/11\/Criterios-de-calificacion-1o-Bach-Mat-I.pdf\">Criterios de calificaci\u00f3n 1\u00ba Bach Mat I<\/a><\/li>\n<li><a href=\"https:\/\/blogsaverroes.juntadeandalucia.es\/iescarloshaya\/files\/2025\/11\/1o-BACH-CCSS-PD-25.26.pdf\">1\u00ba BACH CCSS PD 25.26<\/a>&nbsp;&nbsp;&nbsp;&nbsp;&nbsp; &nbsp;<a href=\"https:\/\/blogsaverroes.juntadeandalucia.es\/iescarloshaya\/files\/2025\/11\/Criterios-de-calificacion-1o-Bach-CCSS.pdf\">Criterios de calificaci\u00f3n 1\u00ba Bach CCSS<\/a>&nbsp;<\/li>\n<li><a href=\"https:\/\/blogsaverroes.juntadeandalucia.es\/iescarloshaya\/files\/2025\/11\/2o-BACH-MAT-II-PD-25.26.pdf\">2\u00ba BACH MAT II PD 25.26<\/a>&nbsp; &nbsp;<a href=\"https:\/\/blogsaverroes.juntadeandalucia.es\/iescarloshaya\/files\/2025\/11\/Criterios-de-calificacion-2o-Bach-Mat-II.pdf\">Criterios de calificaci\u00f3n 2\u00ba Bach Mat II<\/a>&nbsp;<\/li>\n<li><a href=\"https:\/\/blogsaverroes.juntadeandalucia.es\/iescarloshaya\/files\/2025\/11\/2o-BACH-CCSS-PD-25.26.pdf\">2\u00ba BACH CCSS PD 25.26<\/a> &nbsp;&nbsp;&nbsp;&nbsp;&nbsp; <a href=\"https:\/\/blogsaverroes.juntadeandalucia.es\/iescarloshaya\/files\/2025\/11\/Criterios-de-calificacion-2o-Bach-CCSS.pdf\">Criterios de calificaci\u00f3n 2\u00ba Bach CCSS<\/a><\/li>\n<\/ul>\n<p>&nbsp;<\/p>\n<p><strong>Y de Econom\u00eda:<\/strong><\/p>\n<ul style=\"list-style-type: disc\">\n<li><a href=\"https:\/\/blogsaverroes.juntadeandalucia.es\/iescarloshaya\/files\/2025\/11\/Economia-y-emprendimiento-4-ESO-Programaciones_didacticas.pdf\">Econom\u00eda y emprendimiento 4 ESO PD<\/a> &nbsp;&nbsp;&nbsp;&nbsp;&nbsp;&nbsp;&nbsp;&nbsp;&nbsp;&nbsp;&nbsp;&nbsp;&nbsp;&nbsp;&nbsp;&nbsp;&nbsp;&nbsp;&nbsp;&nbsp;&nbsp;&nbsp;&nbsp;&nbsp;&nbsp;<a href=\"https:\/\/blogsaverroes.juntadeandalucia.es\/iescarloshaya\/files\/2025\/11\/Modelo-oficial-concrecion-anual-Economia-y-emprendimiento.pdf\">Criterios de calificaci\u00f3n Econom\u00eda y emprendimiento<\/a><\/li>\n<li><a href=\"https:\/\/blogsaverroes.juntadeandalucia.es\/iescarloshaya\/files\/2025\/11\/FOPP-4-ESO-Programaciones_didacticas.pdf\">FOPP 4 ESO PD&nbsp;<\/a>&nbsp; &nbsp; &nbsp; &nbsp; &nbsp; &nbsp; &nbsp; &nbsp; &nbsp; &nbsp; &nbsp; &nbsp; &nbsp; &nbsp; &nbsp; &nbsp; &nbsp; &nbsp; &nbsp; &nbsp; &nbsp; &nbsp; &nbsp; &nbsp; &nbsp; &nbsp; &nbsp; &nbsp; &nbsp; &nbsp; &nbsp; &nbsp; &nbsp; &nbsp; <a href=\"https:\/\/blogsaverroes.juntadeandalucia.es\/iescarloshaya\/files\/2025\/11\/Modelo-oficial-concrecion-anual-FOPP-4-ESO.pdf\">Criterios de calificaci\u00f3n FOPP 4 ESO<\/a><\/li>\n<li><a href=\"https:\/\/blogsaverroes.juntadeandalucia.es\/iescarloshaya\/files\/2025\/11\/Economia-1-BTO-Programaciones_didacticas.pdf\">Econom\u00eda 1 BTO PD<\/a> &nbsp;&nbsp;&nbsp;&nbsp;&nbsp;&nbsp;&nbsp;&nbsp;&nbsp;&nbsp;&nbsp;&nbsp;&nbsp;&nbsp;&nbsp;&nbsp;&nbsp;&nbsp;&nbsp;&nbsp;&nbsp;&nbsp;&nbsp;&nbsp;&nbsp;&nbsp;&nbsp;&nbsp;&nbsp;&nbsp;&nbsp;&nbsp;&nbsp;&nbsp;&nbsp;&nbsp;&nbsp;&nbsp;&nbsp;&nbsp;&nbsp;&nbsp;&nbsp;&nbsp;&nbsp;&nbsp;&nbsp;&nbsp;&nbsp;&nbsp;&nbsp;&nbsp;&nbsp;&nbsp;&nbsp;&nbsp;&nbsp;&nbsp;&nbsp; <a href=\"https:\/\/blogsaverroes.juntadeandalucia.es\/iescarloshaya\/files\/2025\/11\/Modelo-oficial-concrecion-anual-Economia.pdf\">Criterios de calificaci\u00f3n Econom\u00eda<\/a><\/li>\n<li><a href=\"https:\/\/blogsaverroes.juntadeandalucia.es\/iescarloshaya\/files\/2025\/11\/Cultura-emprendeora-y-empresarial-1-BTO-Programaciones_didacticas.pdf\">Cultura emprendedora y empresarial 1 BTO PD<\/a> &nbsp;&nbsp;&nbsp;&nbsp;&nbsp; &nbsp; &nbsp; &nbsp; <a href=\"https:\/\/blogsaverroes.juntadeandalucia.es\/iescarloshaya\/files\/2025\/11\/Modelo-oficial-concrecion-anual-Cultura-emprendedora-y-empresarial-1-BTO.pdf\">Criterios de calificaci\u00f3n Cultura emprendedora y empresarial<\/a><\/li>\n<li><a href=\"https:\/\/blogsaverroes.juntadeandalucia.es\/iescarloshaya\/files\/2025\/11\/Empresa-y-diseno-de-modelos-de-negocio-2-BTO-Programaciones_didacticas.pdf\">Empresa y dise\u00f1o de modelos de negocio 2 BTO PD<\/a>&nbsp; &nbsp; &nbsp;<a href=\"https:\/\/blogsaverroes.juntadeandalucia.es\/iescarloshaya\/files\/2025\/11\/Modelo-oficial-concrecion-anual-Empresa-y-Diseno-de-Modelos-de-Negocio.pdf\">Criterios de calificaci\u00f3n Empresa y Dise\u00f1o de Modelos de Negocio<\/a><\/li>\n<\/ul>\n","protected":false},"excerpt":{"rendered":"<p>Durante el presente curso 2025-26, el Departamento de Matem\u00e1ticas est\u00e1 integrado por los siguientes miembros: Don Jos\u00e9 Luis Fern\u00e1ndez Mellado Don Fernando Gallego Rodr\u00edguez (Jefe&hellip;<\/p>\n","protected":false},"author":1,"featured_media":0,"parent":0,"menu_order":0,"comment_status":"closed","ping_status":"open","template":"","meta":{"ngg_post_thumbnail":0,"footnotes":"","_mc_calendar":[]},"aioseo_notices":[],"_links":{"self":[{"href":"https:\/\/blogsaverroes.juntadeandalucia.es\/iescarloshaya\/wp-json\/wp\/v2\/pages\/158"}],"collection":[{"href":"https:\/\/blogsaverroes.juntadeandalucia.es\/iescarloshaya\/wp-json\/wp\/v2\/pages"}],"about":[{"href":"https:\/\/blogsaverroes.juntadeandalucia.es\/iescarloshaya\/wp-json\/wp\/v2\/types\/page"}],"author":[{"embeddable":true,"href":"https:\/\/blogsaverroes.juntadeandalucia.es\/iescarloshaya\/wp-json\/wp\/v2\/users\/1"}],"replies":[{"embeddable":true,"href":"https:\/\/blogsaverroes.juntadeandalucia.es\/iescarloshaya\/wp-json\/wp\/v2\/comments?post=158"}],"version-history":[{"count":71,"href":"https:\/\/blogsaverroes.juntadeandalucia.es\/iescarloshaya\/wp-json\/wp\/v2\/pages\/158\/revisions"}],"predecessor-version":[{"id":9086,"href":"https:\/\/blogsaverroes.juntadeandalucia.es\/iescarloshaya\/wp-json\/wp\/v2\/pages\/158\/revisions\/9086"}],"wp:attachment":[{"href":"https:\/\/blogsaverroes.juntadeandalucia.es\/iescarloshaya\/wp-json\/wp\/v2\/media?parent=158"}],"curies":[{"name":"wp","href":"https:\/\/api.w.org\/{rel}","templated":true}]}}