{"id":162,"date":"2015-03-17T07:51:10","date_gmt":"2015-03-17T07:51:10","guid":{"rendered":"http:\/\/blogsaverroes.juntadeandalucia.es\/pre\/ceip\/?page_id=162"},"modified":"2025-11-24T12:15:29","modified_gmt":"2025-11-24T11:15:29","slug":"tecnologia","status":"publish","type":"page","link":"https:\/\/blogsaverroes.juntadeandalucia.es\/iescarloshaya\/tecnologia\/","title":{"rendered":"Tecnolog\u00eda"},"content":{"rendered":"<p><img loading=\"lazy\" decoding=\"async\" class=\" size-medium wp-image-2163 alignright\" src=\"http:\/\/blogsaverroes.juntadeandalucia.es\/iescarloshaya\/files\/2015\/03\/tecnologia-300x225.jpg\" alt=\"tecnologia\" width=\"300\" height=\"225\" srcset=\"https:\/\/blogsaverroes.juntadeandalucia.es\/iescarloshaya\/files\/2015\/03\/tecnologia-300x225.jpg 300w, https:\/\/blogsaverroes.juntadeandalucia.es\/iescarloshaya\/files\/2015\/03\/tecnologia.jpg 640w\" sizes=\"(max-width: 300px) 100vw, 300px\" \/><\/p>\n<p style=\"text-align: justify\">Durante el presente curso, el Departamento de Tecnolog\u00eda&nbsp;est\u00e1 integrado por los siguientes miembros:<\/p>\n<ul>\n<li style=\"text-align: justify\"><strong>Don Diego Miguel Bell\u00f3n Ariza.<\/strong><\/li>\n<li><b>Do\u00f1a Rosa Mar\u00eda Grande Sauci.<\/b><\/li>\n<li style=\"text-align: justify\"><strong>Do\u00f1a Ana Mar\u00eda Mateos Romero.<\/strong><\/li>\n<li><strong>Do\u00f1a Mar\u00eda Inmaculada Fern\u00e1ndez Mart\u00ednez<\/strong><\/li>\n<li style=\"text-align: justify\"><strong>Do\u00f1a Bego\u00f1a Palomar Calero (Jefa de Departamento).<br \/>\n<\/strong><\/li>\n<\/ul>\n<p style=\"text-align: justify\"><span style=\"font-family: sans-serif\"><span style=\"font-size: medium\">A continuaci\u00f3n, se presentan las Programaciones did\u00e1cticas LOMLOE para el curso 2025-26:<\/span><\/span><\/p>\n<p><span style=\"color: #003300\"><a style=\"color: #003300\" href=\"https:\/\/blogsaverroes.juntadeandalucia.es\/iescarloshaya\/files\/2025\/11\/PD-ALFABETIZACION-DIGITAL_25_26.pdf\">PD-ALFABETIZACI\u00d3N DIGITAL_25_26<\/a><\/span><\/p>\n<p><span style=\"color: #003300\"><a style=\"color: #003300\" href=\"https:\/\/blogsaverroes.juntadeandalucia.es\/iescarloshaya\/files\/2025\/11\/PD-CYR_25_26.pdf\">PD-CYR_25_26<\/a><\/span><\/p>\n<p><span style=\"color: #003300\"><a style=\"color: #003300\" href=\"https:\/\/blogsaverroes.juntadeandalucia.es\/iescarloshaya\/files\/2025\/11\/PD-TYD_25_26.pdf\">PD-TYD_25_26<\/a><\/span><\/p>\n<p><span style=\"color: #003300\"><a style=\"color: #003300\" href=\"https:\/\/blogsaverroes.juntadeandalucia.es\/iescarloshaya\/files\/2025\/11\/PD-TECNOLOGIA_25_26.pdf\">PD-TECNOLOG\u00cdA_25_26<\/a><\/span><\/p>\n<p><span style=\"color: #003300\"><a style=\"color: #003300\" href=\"https:\/\/blogsaverroes.juntadeandalucia.es\/iescarloshaya\/files\/2025\/11\/PD-DIGITALIZACION_25_26.pdf\">PD-DIGITALIZACI\u00d3N_25_26<\/a> <\/span><\/p>\n<p><span style=\"color: #003300\"> <a style=\"color: #003300\" href=\"https:\/\/blogsaverroes.juntadeandalucia.es\/iescarloshaya\/files\/2025\/11\/PD-CDPC_25_26.pdf\">PD-CDPC_25_26<\/a> <\/span><\/p>\n<p><span style=\"color: #003300\"><a style=\"color: #003300\" href=\"https:\/\/blogsaverroes.juntadeandalucia.es\/iescarloshaya\/files\/2025\/11\/PD-TEI_25_26.pdf\">PD-TEI_25_26<\/a><\/span><\/p>\n<p><span style=\"color: #003300\"><a style=\"color: #003300\" href=\"https:\/\/blogsaverroes.juntadeandalucia.es\/iescarloshaya\/files\/2025\/11\/PD-TICO_25_26-1.pdf\">PD-TICO_25_26<\/a><\/span><\/p>\n<p><span style=\"color: #003300\"><a style=\"color: #003300\" href=\"https:\/\/blogsaverroes.juntadeandalucia.es\/iescarloshaya\/files\/2025\/11\/CRITERIOS-DE-CALIFICACION-Y-HERRAMIENTAS.pdf\">CRITERIOS DE CALIFICACI\u00d3N Y HERRAMIENTAS<\/a><\/span><\/p>\n","protected":false},"excerpt":{"rendered":"<p>Durante el presente curso, el Departamento de Tecnolog\u00eda&nbsp;est\u00e1 integrado por los siguientes miembros: Don Diego Miguel Bell\u00f3n Ariza. Do\u00f1a Rosa Mar\u00eda Grande Sauci. Do\u00f1a Ana&hellip;<\/p>\n","protected":false},"author":1,"featured_media":0,"parent":0,"menu_order":0,"comment_status":"closed","ping_status":"closed","template":"","meta":{"ngg_post_thumbnail":0,"footnotes":"","_mc_calendar":[]},"aioseo_notices":[],"_links":{"self":[{"href":"https:\/\/blogsaverroes.juntadeandalucia.es\/iescarloshaya\/wp-json\/wp\/v2\/pages\/162"}],"collection":[{"href":"https:\/\/blogsaverroes.juntadeandalucia.es\/iescarloshaya\/wp-json\/wp\/v2\/pages"}],"about":[{"href":"https:\/\/blogsaverroes.juntadeandalucia.es\/iescarloshaya\/wp-json\/wp\/v2\/types\/page"}],"author":[{"embeddable":true,"href":"https:\/\/blogsaverroes.juntadeandalucia.es\/iescarloshaya\/wp-json\/wp\/v2\/users\/1"}],"replies":[{"embeddable":true,"href":"https:\/\/blogsaverroes.juntadeandalucia.es\/iescarloshaya\/wp-json\/wp\/v2\/comments?post=162"}],"version-history":[{"count":58,"href":"https:\/\/blogsaverroes.juntadeandalucia.es\/iescarloshaya\/wp-json\/wp\/v2\/pages\/162\/revisions"}],"predecessor-version":[{"id":9130,"href":"https:\/\/blogsaverroes.juntadeandalucia.es\/iescarloshaya\/wp-json\/wp\/v2\/pages\/162\/revisions\/9130"}],"wp:attachment":[{"href":"https:\/\/blogsaverroes.juntadeandalucia.es\/iescarloshaya\/wp-json\/wp\/v2\/media?parent=162"}],"curies":[{"name":"wp","href":"https:\/\/api.w.org\/{rel}","templated":true}]}}