{"id":164,"date":"2015-03-17T07:52:28","date_gmt":"2015-03-17T07:52:28","guid":{"rendered":"http:\/\/blogsaverroes.juntadeandalucia.es\/pre\/ceip\/?page_id=164"},"modified":"2025-11-28T09:04:16","modified_gmt":"2025-11-28T08:04:16","slug":"ingles","status":"publish","type":"page","link":"https:\/\/blogsaverroes.juntadeandalucia.es\/iescarloshaya\/ingles\/","title":{"rendered":"Ingl\u00e9s"},"content":{"rendered":"<p style=\"text-align: center\"><a href=\"http:\/\/blogsaverroes.juntadeandalucia.es\/iescarloshaya\/files\/2015\/03\/logo_Dto_Ingl\u00e9s.jpg\"><img loading=\"lazy\" decoding=\"async\" class=\" size-medium wp-image-2445 alignright\" src=\"http:\/\/blogsaverroes.juntadeandalucia.es\/iescarloshaya\/files\/2015\/03\/logo_Dto_Ingl\u00e9s-295x300.jpg\" alt=\"logo_Dto_Ingl\u00e9s\" width=\"295\" height=\"300\" srcset=\"https:\/\/blogsaverroes.juntadeandalucia.es\/iescarloshaya\/files\/2015\/03\/logo_Dto_Ingl\u00e9s-295x300.jpg 295w, https:\/\/blogsaverroes.juntadeandalucia.es\/iescarloshaya\/files\/2015\/03\/logo_Dto_Ingl\u00e9s-1008x1024.jpg 1008w, https:\/\/blogsaverroes.juntadeandalucia.es\/iescarloshaya\/files\/2015\/03\/logo_Dto_Ingl\u00e9s-700x711.jpg 700w, https:\/\/blogsaverroes.juntadeandalucia.es\/iescarloshaya\/files\/2015\/03\/logo_Dto_Ingl\u00e9s-50x50.jpg 50w, https:\/\/blogsaverroes.juntadeandalucia.es\/iescarloshaya\/files\/2015\/03\/logo_Dto_Ingl\u00e9s.jpg 1575w\" sizes=\"(max-width: 295px) 100vw, 295px\" \/><\/a><\/p>\n<p>Durante el presente curso 24-25, el Departamento de Ingl\u00e9s est\u00e1 integrado por los siguientes miembros:<\/p>\n<ul>\n<li><strong>Do\u00f1a Paula Calder\u00f3n Mendil\u00edvar (Responsable del Departamento)<br \/>\n<\/strong><\/li>\n<li><strong>Do\u00f1a Adela Cerrato Fern\u00e1ndez&nbsp;<\/strong><\/li>\n<li><strong>Do\u00f1a Reyes Mart\u00ednez Rodr\u00edguez<br \/>\n<\/strong><\/li>\n<li><strong>Do\u00f1a Irene Pichardo Medrano<\/strong><\/li>\n<li><strong>Jos\u00e9 Manuel Mar\u00edn Huertas<\/strong><\/li>\n<\/ul>\n<p style=\"text-align: justify\">&nbsp;<span style=\"font-family: sans-serif\"><span style=\"font-size: medium\">A continuaci\u00f3n, se presentan las programaciones did\u00e1cticas, la secuenciaci\u00f3n y temporalizaci\u00f3n en los siguientes cursos (a\u00f1o acad\u00e9mico 25-26):&nbsp;<\/span><\/span><\/p>\n<p><span style=\"color: #003300\"><a style=\"color: #003300\" href=\"https:\/\/blogsaverroes.juntadeandalucia.es\/iescarloshaya\/files\/2025\/11\/Programacion-didactica-ESO.pdf\">Programaci\u00f3n did\u00e1ctica ESO<\/a><\/span><\/p>\n<p><span style=\"color: #003300\"><a style=\"color: #003300\" href=\"https:\/\/blogsaverroes.juntadeandalucia.es\/iescarloshaya\/files\/2025\/11\/Programacion-didactica-Bachillerato.pdf\">Programaci\u00f3n did\u00e1ctica Bachillerato<\/a><\/span><\/p>\n<p><span style=\"color: #003300\"><a style=\"color: #003300\" href=\"https:\/\/blogsaverroes.juntadeandalucia.es\/iescarloshaya\/files\/2025\/11\/Programacion-didactica-Area-Linguistica-y-Social-PDC.pdf\">Programaci\u00f3n did\u00e1ctica \u00c1rea Ling\u00fc\u00edstica y Social (PDC<\/a>)<\/span><\/p>\n<p>&nbsp;<\/p>\n<p>Criterios de evaluaci\u00f3n.<\/p>\n<p><span style=\"color: #003300\"><a style=\"color: #003300\" href=\"https:\/\/blogsaverroes.juntadeandalucia.es\/iescarloshaya\/files\/2025\/11\/RESUMEN-CRITERIOS-DPTO-2526.pdf\">RESUMEN CRITERIOS DPTO 25-26<\/a><\/span><\/p>\n<p>&nbsp;<\/p>\n<p>&nbsp;<\/p>\n<p>&nbsp;<\/p>\n<p>&nbsp;<\/p>\n<p>&nbsp;<\/p>\n<p>&nbsp;<\/p>\n<p>&nbsp;<\/p>\n","protected":false},"excerpt":{"rendered":"<p>Durante el presente curso 24-25, el Departamento de Ingl\u00e9s est\u00e1 integrado por los siguientes miembros: Do\u00f1a Paula Calder\u00f3n Mendil\u00edvar (Responsable del Departamento) Do\u00f1a Adela Cerrato&hellip;<\/p>\n","protected":false},"author":1,"featured_media":0,"parent":0,"menu_order":0,"comment_status":"closed","ping_status":"open","template":"","meta":{"ngg_post_thumbnail":0,"footnotes":"","_mc_calendar":[]},"aioseo_notices":[],"_links":{"self":[{"href":"https:\/\/blogsaverroes.juntadeandalucia.es\/iescarloshaya\/wp-json\/wp\/v2\/pages\/164"}],"collection":[{"href":"https:\/\/blogsaverroes.juntadeandalucia.es\/iescarloshaya\/wp-json\/wp\/v2\/pages"}],"about":[{"href":"https:\/\/blogsaverroes.juntadeandalucia.es\/iescarloshaya\/wp-json\/wp\/v2\/types\/page"}],"author":[{"embeddable":true,"href":"https:\/\/blogsaverroes.juntadeandalucia.es\/iescarloshaya\/wp-json\/wp\/v2\/users\/1"}],"replies":[{"embeddable":true,"href":"https:\/\/blogsaverroes.juntadeandalucia.es\/iescarloshaya\/wp-json\/wp\/v2\/comments?post=164"}],"version-history":[{"count":65,"href":"https:\/\/blogsaverroes.juntadeandalucia.es\/iescarloshaya\/wp-json\/wp\/v2\/pages\/164\/revisions"}],"predecessor-version":[{"id":9168,"href":"https:\/\/blogsaverroes.juntadeandalucia.es\/iescarloshaya\/wp-json\/wp\/v2\/pages\/164\/revisions\/9168"}],"wp:attachment":[{"href":"https:\/\/blogsaverroes.juntadeandalucia.es\/iescarloshaya\/wp-json\/wp\/v2\/media?parent=164"}],"curies":[{"name":"wp","href":"https:\/\/api.w.org\/{rel}","templated":true}]}}