{"id":178,"date":"2015-03-17T07:56:43","date_gmt":"2015-03-17T07:56:43","guid":{"rendered":"http:\/\/blogsaverroes.juntadeandalucia.es\/pre\/ceip\/?page_id=178"},"modified":"2025-11-17T13:23:25","modified_gmt":"2025-11-17T12:23:25","slug":"musica","status":"publish","type":"page","link":"https:\/\/blogsaverroes.juntadeandalucia.es\/iescarloshaya\/musica\/","title":{"rendered":"M\u00fasica"},"content":{"rendered":"<p style=\"text-align: center\"><a href=\"https:\/\/blogsaverroes.juntadeandalucia.es\/iescarloshaya\/files\/2023\/01\/M\u00daSICA.-SECUENCIACI\u00d3N-DE-UNIDADES-DE-PROGRAMACI\u00d3N-1.pdf\">M\u00daSICA. SECUENCIACI\u00d3N DE UNIDADES DE PROGRAMACI\u00d3N<\/a><a href=\"http:\/\/blogsaverroes.juntadeandalucia.es\/iescarloshaya\/files\/2015\/03\/musica01.jpg\"><img loading=\"lazy\" decoding=\"async\" class=\" size-medium wp-image-2145 alignright\" src=\"http:\/\/blogsaverroes.juntadeandalucia.es\/iescarloshaya\/files\/2015\/03\/musica01-300x220.jpg\" alt=\"musica01\" width=\"300\" height=\"220\" srcset=\"https:\/\/blogsaverroes.juntadeandalucia.es\/iescarloshaya\/files\/2015\/03\/musica01-300x220.jpg 300w, https:\/\/blogsaverroes.juntadeandalucia.es\/iescarloshaya\/files\/2015\/03\/musica01.jpg 776w\" sizes=\"(max-width: 300px) 100vw, 300px\" \/><\/a><\/p>\n<p>Durante el presente curso, el Departamento de M\u00fasica est\u00e1 integrado por:<\/p>\n<p><strong>Do\u00f1a Elena M\u00aa C\u00eda Solana<\/strong><\/p>\n<p>Se presentan las programaciones did\u00e1cticas para el curso 2025\/2026:<\/p>\n<p>&nbsp;<\/p>\n<p><span style=\"color: #003300\"><a style=\"color: #003300\" href=\"https:\/\/blogsaverroes.juntadeandalucia.es\/iescarloshaya\/files\/2025\/11\/PD-Musica-1o-ESO.-25-26.pdf\">PD M\u00fasica 1\u00ba ESO. 25-26<\/a><\/span><\/p>\n<p><span style=\"color: #003300\"><a style=\"color: #003300\" href=\"https:\/\/blogsaverroes.juntadeandalucia.es\/iescarloshaya\/files\/2025\/11\/PD-Musica-2o-ESO.-25-26.pdf\">PD M\u00fasica 2\u00ba ESO. 25-26<\/a><\/span><\/p>\n<p><span style=\"color: #003300\"><a style=\"color: #003300\" href=\"https:\/\/blogsaverroes.juntadeandalucia.es\/iescarloshaya\/files\/2025\/11\/PD-Taller-de-Arte.-1o-ESO.-25-26.pdf\">PD Taller de Arte. 1\u00ba ESO. 25-26<\/a><\/span><\/p>\n<p><span style=\"color: #003300\"><a style=\"color: #003300\" href=\"https:\/\/blogsaverroes.juntadeandalucia.es\/iescarloshaya\/files\/2025\/11\/Contenidos-Crit-Sab.-Musica-1o-ESO.-25-26.pdf\">Contenidos-Crit-Sab. M\u00fasica 1\u00ba ESO. 25-26<\/a><\/span><\/p>\n<p><span style=\"color: #003300\"><a style=\"color: #003300\" href=\"https:\/\/blogsaverroes.juntadeandalucia.es\/iescarloshaya\/files\/2025\/11\/Contenidos-Crit-Sab.-Musica-2o-ESO.-25-26.pdf\">Contenidos-Crit-Sab. M\u00fasica 2\u00ba ESO. 25-26<\/a><\/span><\/p>\n<p>&nbsp;<\/p>\n<p>&nbsp;<\/p>\n<p>&nbsp;<\/p>\n<p>&nbsp;<\/p>\n","protected":false},"excerpt":{"rendered":"<p>M\u00daSICA. SECUENCIACI\u00d3N DE UNIDADES DE PROGRAMACI\u00d3N Durante el presente curso, el Departamento de M\u00fasica est\u00e1 integrado por: Do\u00f1a Elena M\u00aa C\u00eda Solana Se presentan las&hellip;<\/p>\n","protected":false},"author":1,"featured_media":0,"parent":0,"menu_order":0,"comment_status":"closed","ping_status":"open","template":"","meta":{"ngg_post_thumbnail":0,"footnotes":"","_mc_calendar":[]},"aioseo_notices":[],"_links":{"self":[{"href":"https:\/\/blogsaverroes.juntadeandalucia.es\/iescarloshaya\/wp-json\/wp\/v2\/pages\/178"}],"collection":[{"href":"https:\/\/blogsaverroes.juntadeandalucia.es\/iescarloshaya\/wp-json\/wp\/v2\/pages"}],"about":[{"href":"https:\/\/blogsaverroes.juntadeandalucia.es\/iescarloshaya\/wp-json\/wp\/v2\/types\/page"}],"author":[{"embeddable":true,"href":"https:\/\/blogsaverroes.juntadeandalucia.es\/iescarloshaya\/wp-json\/wp\/v2\/users\/1"}],"replies":[{"embeddable":true,"href":"https:\/\/blogsaverroes.juntadeandalucia.es\/iescarloshaya\/wp-json\/wp\/v2\/comments?post=178"}],"version-history":[{"count":41,"href":"https:\/\/blogsaverroes.juntadeandalucia.es\/iescarloshaya\/wp-json\/wp\/v2\/pages\/178\/revisions"}],"predecessor-version":[{"id":9038,"href":"https:\/\/blogsaverroes.juntadeandalucia.es\/iescarloshaya\/wp-json\/wp\/v2\/pages\/178\/revisions\/9038"}],"wp:attachment":[{"href":"https:\/\/blogsaverroes.juntadeandalucia.es\/iescarloshaya\/wp-json\/wp\/v2\/media?parent=178"}],"curies":[{"name":"wp","href":"https:\/\/api.w.org\/{rel}","templated":true}]}}