{"id":1806,"date":"2015-03-17T07:46:28","date_gmt":"2015-03-17T07:46:28","guid":{"rendered":"http:\/\/blogsaverroes.juntadeandalucia.es\/pre\/ceip\/?page_id=144"},"modified":"2025-11-28T08:59:52","modified_gmt":"2025-11-28T07:59:52","slug":"orientacion-2","status":"publish","type":"page","link":"https:\/\/blogsaverroes.juntadeandalucia.es\/iescarloshaya\/orientacion-2\/","title":{"rendered":"Orientaci\u00f3n"},"content":{"rendered":"<p>Durante el presente curso, el Departamento de Orientaci\u00f3n&nbsp;est\u00e1 integrado por los siguientes miembros:<\/p>\n<ul>\n<li><strong>Do\u00f1a Miriam G\u00e1lvez Rodr\u00edguez-Vizca\u00edno (Orientadora)<\/strong><\/li>\n<li><strong>Do\u00f1a Ana Gonz\u00e1lez Camacho (Pedagog\u00eda Terap\u00e9utica)<\/strong><\/li>\n<li><strong>Do\u00f1a Ana Mar\u00eda S\u00e1nchez Barrag\u00e1n (PTIS)<\/strong><img decoding=\"async\" class=\"alignright\" src=\"https:\/\/encrypted-tbn0.gstatic.com\/images?q=tbn:ANd9GcS2H_NUNK5X8pn0TB2vNerWP92hOCB-jE0Xkw&amp;s\" alt=\"Tecnolog\u00eda Pirineos: La br\u00fajula\"\/><\/li>\n<\/ul>\n<p>Programaci\u00f3n Departamento de Orientaci\u00f3n. Curso 25-26<\/p>\n<p><span style=\"color: #003300\"><a style=\"color: #003300\" href=\"https:\/\/blogsaverroes.juntadeandalucia.es\/iescarloshaya\/files\/2025\/11\/PLAN-DE-ORIENTACION-Y-ACCION-TUTORIAL-POAT-2025-2026-DPTO-ORIENTACION.pdf\">PLAN DE ORIENTACI\u00d3N Y ACCI\u00d3N TUTORIAL (POAT) 2025-2026- DPTO ORIENTACI\u00d3N<\/a><\/span><\/p>\n","protected":false},"excerpt":{"rendered":"<p>Durante el presente curso, el Departamento de Orientaci\u00f3n&nbsp;est\u00e1 integrado por los siguientes miembros: Do\u00f1a Miriam G\u00e1lvez Rodr\u00edguez-Vizca\u00edno (Orientadora) Do\u00f1a Ana Gonz\u00e1lez Camacho (Pedagog\u00eda Terap\u00e9utica) Do\u00f1a&hellip;<\/p>\n","protected":false},"author":1,"featured_media":2871,"parent":0,"menu_order":0,"comment_status":"closed","ping_status":"open","template":"","meta":{"ngg_post_thumbnail":0,"footnotes":"","_mc_calendar":[]},"aioseo_notices":[],"_links":{"self":[{"href":"https:\/\/blogsaverroes.juntadeandalucia.es\/iescarloshaya\/wp-json\/wp\/v2\/pages\/1806"}],"collection":[{"href":"https:\/\/blogsaverroes.juntadeandalucia.es\/iescarloshaya\/wp-json\/wp\/v2\/pages"}],"about":[{"href":"https:\/\/blogsaverroes.juntadeandalucia.es\/iescarloshaya\/wp-json\/wp\/v2\/types\/page"}],"author":[{"embeddable":true,"href":"https:\/\/blogsaverroes.juntadeandalucia.es\/iescarloshaya\/wp-json\/wp\/v2\/users\/1"}],"replies":[{"embeddable":true,"href":"https:\/\/blogsaverroes.juntadeandalucia.es\/iescarloshaya\/wp-json\/wp\/v2\/comments?post=1806"}],"version-history":[{"count":38,"href":"https:\/\/blogsaverroes.juntadeandalucia.es\/iescarloshaya\/wp-json\/wp\/v2\/pages\/1806\/revisions"}],"predecessor-version":[{"id":9166,"href":"https:\/\/blogsaverroes.juntadeandalucia.es\/iescarloshaya\/wp-json\/wp\/v2\/pages\/1806\/revisions\/9166"}],"wp:featuredmedia":[{"embeddable":true,"href":"https:\/\/blogsaverroes.juntadeandalucia.es\/iescarloshaya\/wp-json\/wp\/v2\/media\/2871"}],"wp:attachment":[{"href":"https:\/\/blogsaverroes.juntadeandalucia.es\/iescarloshaya\/wp-json\/wp\/v2\/media?parent=1806"}],"curies":[{"name":"wp","href":"https:\/\/api.w.org\/{rel}","templated":true}]}}