{"id":2632,"date":"2016-02-10T11:31:35","date_gmt":"2016-02-10T10:31:35","guid":{"rendered":"http:\/\/blogsaverroes.juntadeandalucia.es\/iescarloshaya\/?page_id=2632"},"modified":"2025-11-19T08:23:37","modified_gmt":"2025-11-19T07:23:37","slug":"departamentos","status":"publish","type":"page","link":"https:\/\/blogsaverroes.juntadeandalucia.es\/iescarloshaya\/departamentos\/","title":{"rendered":"Departamentos"},"content":{"rendered":"<p>En esta p\u00e1gina se muestran todos los departamentos que componen nuestro Instituto:<\/p>\n<ul>\n<li><a href=\"https:\/\/blogsaverroes.juntadeandalucia.es\/iescarloshaya\/departamento-de-actividades-extraescolares\/\">Departamento de Actividades Complementarias y Extraescolares<\/a><\/li>\n<li><a href=\"http:\/\/blogsaverroes.juntadeandalucia.es\/iescarloshaya\/biologiaygeologia\/\">Departamento de Biolog\u00eda y Geolog\u00eda<\/a><\/li>\n<li><a href=\"http:\/\/blogsaverroes.juntadeandalucia.es\/iescarloshaya\/dibujo\/\">Departamento de Dibujo<\/a><\/li>\n<li><a href=\"http:\/\/blogsaverroes.juntadeandalucia.es\/iescarloshaya\/educacion-fisica\/\">Departamento de Educaci\u00f3n F\u00edsica<\/a><\/li>\n<li><a href=\"http:\/\/blogsaverroes.juntadeandalucia.es\/iescarloshaya\/filosofia\/\">Departamento de Filosof\u00eda<\/a><\/li>\n<li><a href=\"http:\/\/blogsaverroes.juntadeandalucia.es\/iescarloshaya\/fisica-y-quimica\/\">Departamento de F\u00edsica y Qu\u00edmica<\/a><\/li>\n<li><a href=\"https:\/\/blogsaverroes.juntadeandalucia.es\/iescarloshaya\/departamento-de-formacion-evaluacion-e-innovacion-educativa\/\">Departamento de Formaci\u00f3n, Evaluaci\u00f3n e Innovaci\u00f3n Educativa<\/a><\/li>\n<li><a href=\"http:\/\/blogsaverroes.juntadeandalucia.es\/iescarloshaya\/frances\/\">Departamento de Franc\u00e9s<\/a><\/li>\n<li><a href=\"http:\/\/blogsaverroes.juntadeandalucia.es\/iescarloshaya\/geografia-e-historia\/\">Departamento de Geograf\u00eda y Historia<\/a><\/li>\n<li><a href=\"http:\/\/blogsaverroes.juntadeandalucia.es\/iescarloshaya\/ingles\/\">Departamento de Ingl\u00e9s<\/a><\/li>\n<li><a title=\"Departamento de Lat\u00edn y Griego\" href=\"https:\/\/blogsaverroes.juntadeandalucia.es\/iescarloshaya\/Lat\u00edn y Griego\/\" target=\"_blank\" rel=\"noopener\">Departamento de Lat\u00edn y Griego<\/a><a href=\"https:\/\/blogsaverroes.juntadeandalucia.es\/iescarloshaya\/files\/2024\/11\/PROGRAMACION-DIDACTICA-LATIN-4o-ESO-1.pdf\">&nbsp;<\/a><\/li>\n<li><a href=\"http:\/\/blogsaverroes.juntadeandalucia.es\/iescarloshaya\/lenguayliteratura\/\">Departamento de Lengua Castellana<\/a><\/li>\n<li><a href=\"http:\/\/blogsaverroes.juntadeandalucia.es\/iescarloshaya\/matematicas\/\">Departamento de Matem\u00e1ticas<\/a><\/li>\n<li><a href=\"http:\/\/blogsaverroes.juntadeandalucia.es\/iescarloshaya\/musica\/\">Departamento de M\u00fasica<\/a><\/li>\n<li><a href=\"http:\/\/blogsaverroes.juntadeandalucia.es\/iescarloshaya\/orientacion-2\/\">Departamento de Orientaci\u00f3n<\/a><\/li>\n<li><a href=\"http:\/\/blogsaverroes.juntadeandalucia.es\/iescarloshaya\/tecnologia\/\">Departamento de Tecnolog\u00eda<\/a><\/li>\n<li><a href=\"http:\/\/blogsaverroes.juntadeandalucia.es\/iescarloshaya\/departamento-de-actividades-extraescolares\/\">Departamento de Actividades Extraescolares<\/a><\/li>\n<\/ul>\n","protected":false},"excerpt":{"rendered":"<p>En esta p\u00e1gina se muestran todos los departamentos que componen nuestro Instituto: Departamento de Actividades Complementarias y Extraescolares Departamento de Biolog\u00eda y Geolog\u00eda Departamento de&hellip;<\/p>\n","protected":false},"author":1972,"featured_media":0,"parent":0,"menu_order":0,"comment_status":"open","ping_status":"open","template":"","meta":{"ngg_post_thumbnail":0,"footnotes":"","_mc_calendar":[]},"aioseo_notices":[],"_links":{"self":[{"href":"https:\/\/blogsaverroes.juntadeandalucia.es\/iescarloshaya\/wp-json\/wp\/v2\/pages\/2632"}],"collection":[{"href":"https:\/\/blogsaverroes.juntadeandalucia.es\/iescarloshaya\/wp-json\/wp\/v2\/pages"}],"about":[{"href":"https:\/\/blogsaverroes.juntadeandalucia.es\/iescarloshaya\/wp-json\/wp\/v2\/types\/page"}],"author":[{"embeddable":true,"href":"https:\/\/blogsaverroes.juntadeandalucia.es\/iescarloshaya\/wp-json\/wp\/v2\/users\/1972"}],"replies":[{"embeddable":true,"href":"https:\/\/blogsaverroes.juntadeandalucia.es\/iescarloshaya\/wp-json\/wp\/v2\/comments?post=2632"}],"version-history":[{"count":33,"href":"https:\/\/blogsaverroes.juntadeandalucia.es\/iescarloshaya\/wp-json\/wp\/v2\/pages\/2632\/revisions"}],"predecessor-version":[{"id":9053,"href":"https:\/\/blogsaverroes.juntadeandalucia.es\/iescarloshaya\/wp-json\/wp\/v2\/pages\/2632\/revisions\/9053"}],"wp:attachment":[{"href":"https:\/\/blogsaverroes.juntadeandalucia.es\/iescarloshaya\/wp-json\/wp\/v2\/media?parent=2632"}],"curies":[{"name":"wp","href":"https:\/\/api.w.org\/{rel}","templated":true}]}}