{"id":35,"date":"2015-03-13T08:21:43","date_gmt":"2015-03-13T08:21:43","guid":{"rendered":"http:\/\/blogsaverroes.juntadeandalucia.es\/pre\/ceip\/?page_id=35"},"modified":"2025-10-08T10:18:00","modified_gmt":"2025-10-08T09:18:00","slug":"el-centro-2","status":"publish","type":"page","link":"https:\/\/blogsaverroes.juntadeandalucia.es\/iescarloshaya\/el-centro-2\/","title":{"rendered":"Datos del centro"},"content":{"rendered":"<h3>Ubicaci\u00f3n<\/h3>\n<p style=\"text-align: justify\">El I.E.S. \u00abCarlos Haya\u00bb es un centro p\u00fablico ubicado en Sevilla.&nbsp;Sevilla, es una ciudad de unos 800.000 habitantes, situada en el Oeste de Andaluc\u00eda. Es una de las capitales de provincia m\u00e1s importante de Andaluc\u00eda, sede del Gobierno andaluz, de la Delegaci\u00f3n del Gobierno central y del Parlamento andaluz. Tiene una poblaci\u00f3n activa del 75% de la cual el 35-40% se encuadra en los sectores de comercio y otros servicios, el resto se dedica a la agricultura, a industrias extractivas o de manufacturaci\u00f3n, a la producci\u00f3n de energ\u00eda el\u00e9ctrica o a la construcci\u00f3n. Es una ciudad con amplia oferta cultural: representaciones teatrales, proyecciones cinematogr\u00e1ficas, conciertos, exposiciones, conferencias, y rica en monumentos hist\u00f3ricos &#8211; art\u00edsticos de diversas \u00e9pocas.<br \/>\nEl I.E.S. \u00abCarlos Haya\u00bb est\u00e1 situado en una zona perif\u00e9rica de la ciudad, una barriada de viviendas militares: Tablada.<\/p>\n<ul style=\"text-align: justify\">\n<li><a href=\"https:\/\/www.google.es\/maps?client=safari&amp;rls=en&amp;q=mapa+de+situaci\u00f3n+ies+carlos+haya+calle+barber\u00e1n+y+collar&amp;oe=UTF-8&amp;gfe_rd=cr&amp;um=1&amp;ie=UTF-8&amp;sa=X&amp;ved=0ahUKEwiyyL3fi6nKAhXJmBoKHeK9DsEQ_AUIBygB\">Mapa de situaci\u00f3n<\/a><\/li>\n<\/ul>\n<div style=\"text-align: justify\">Relativamente cercano al Instituto se encuentra el barrio de Los Remedios, zona de nivel socioecon\u00f3mico medio o medio-alto, con gran proliferaci\u00f3n de sucursales bancarias y comercios de todo tipo.<\/div>\n<p style=\"text-align: justify\">Tambi\u00e9n puede considerarse cercana una de las zonas residenciales lim\u00edtrofe con la ciudad: la zona del Aljarafe. Administrativamente esta zona depende de localidades independientes, tambi\u00e9n pr\u00f3ximas al I.E.S., Tomares, Mairena del Aljarafe, San Juan. Los residentes en las urbanizaciones tienen un nivel social medio o medio alto. Las localidades incluyen todo tipo de clases sociales.<\/p>\n<p style=\"text-align: justify\">La poblaci\u00f3n de influencia inmediata al Instituto, Tablada y Los Remedios, es en un 80-85% de edad media o avanzada, los hijos generalmente tienen edades superiores a los 18 a\u00f1os. En la zona del Aljarafe s\u00ed hay numerosa poblaci\u00f3n escolar.<\/p>\n<p style=\"text-align: justify\">En Los Remedios existen tres colegios privados religiosos: San Jos\u00e9 de los Sagrados Corazones (Padres Blancos), Santa Ana y Maristas. Los tres tienen subvencionada la Ense\u00f1anza Secundaria. Existen tambi\u00e9n dos I.ES. p\u00fablicos: Gustavo Adolfo B\u00e9cquer y Los Viveros.<\/p>\n<h3 style=\"text-align: justify\">Datos de contacto<\/h3>\n<p><strong>IES Carlos Haya<\/strong><\/p>\n<p><strong>Direcci\u00f3n:<\/strong> &nbsp;Calle Barber\u00e1n y Collar, s\/n, 41011,&nbsp;Sevilla<br \/>\n<strong>Tel\u00e9fono:&nbsp;<\/strong>955 62 47 41<\/p>\n<p><strong>Web:&nbsp;<\/strong>http:\/\/blogsaverroes.juntadeandalucia.es\/iescarloshaya<br \/>\n<strong>E-mail<\/strong>:&nbsp; 41007230.edu@juntadeandalucia.es<\/p>\n<h3>Horarios<\/h3>\n<p style=\"text-align: justify\">El horario del centro es de Lunes a Viernes de 8:00 a 14:30 y los martes por la tarde, que estar\u00e1 abierto hasta las 20:00 horas de la tarde.<\/p>\n<p style=\"text-align: justify\">El <strong>horario de Secretar\u00eda<\/strong> del centro de atenci\u00f3n a las familias en horario lectivo es de Lunes a Viernes de 8:00 a 14:00 h.<\/p>\n","protected":false},"excerpt":{"rendered":"<p>Ubicaci\u00f3n El I.E.S. \u00abCarlos Haya\u00bb es un centro p\u00fablico ubicado en Sevilla.&nbsp;Sevilla, es una ciudad de unos 800.000 habitantes, situada en el Oeste de Andaluc\u00eda.&hellip;<\/p>\n","protected":false},"author":1,"featured_media":0,"parent":0,"menu_order":0,"comment_status":"closed","ping_status":"open","template":"","meta":{"ngg_post_thumbnail":0,"footnotes":"","_mc_calendar":[]},"aioseo_notices":[],"_links":{"self":[{"href":"https:\/\/blogsaverroes.juntadeandalucia.es\/iescarloshaya\/wp-json\/wp\/v2\/pages\/35"}],"collection":[{"href":"https:\/\/blogsaverroes.juntadeandalucia.es\/iescarloshaya\/wp-json\/wp\/v2\/pages"}],"about":[{"href":"https:\/\/blogsaverroes.juntadeandalucia.es\/iescarloshaya\/wp-json\/wp\/v2\/types\/page"}],"author":[{"embeddable":true,"href":"https:\/\/blogsaverroes.juntadeandalucia.es\/iescarloshaya\/wp-json\/wp\/v2\/users\/1"}],"replies":[{"embeddable":true,"href":"https:\/\/blogsaverroes.juntadeandalucia.es\/iescarloshaya\/wp-json\/wp\/v2\/comments?post=35"}],"version-history":[{"count":37,"href":"https:\/\/blogsaverroes.juntadeandalucia.es\/iescarloshaya\/wp-json\/wp\/v2\/pages\/35\/revisions"}],"predecessor-version":[{"id":8857,"href":"https:\/\/blogsaverroes.juntadeandalucia.es\/iescarloshaya\/wp-json\/wp\/v2\/pages\/35\/revisions\/8857"}],"wp:attachment":[{"href":"https:\/\/blogsaverroes.juntadeandalucia.es\/iescarloshaya\/wp-json\/wp\/v2\/media?parent=35"}],"curies":[{"name":"wp","href":"https:\/\/api.w.org\/{rel}","templated":true}]}}