{"id":5223,"date":"2020-12-02T12:26:34","date_gmt":"2020-12-02T11:26:34","guid":{"rendered":"https:\/\/blogsaverroes.juntadeandalucia.es\/iescarloshaya\/?page_id=5223"},"modified":"2023-11-22T10:14:22","modified_gmt":"2023-11-22T09:14:22","slug":"inscripciones","status":"publish","type":"page","link":"https:\/\/blogsaverroes.juntadeandalucia.es\/iescarloshaya\/inscripciones\/","title":{"rendered":"Inscripciones"},"content":{"rendered":"<p style=\"text-align: center\"><a href=\"https:\/\/blogsaverroes.juntadeandalucia.es\/iescarloshaya\/files\/2020\/07\/LOGO-AMPA-INSTITUTO-TABLADA-BUENO.png\"><img loading=\"lazy\" decoding=\"async\" class=\"alignnone size-medium wp-image-5071\" src=\"https:\/\/blogsaverroes.juntadeandalucia.es\/iescarloshaya\/files\/2020\/07\/LOGO-AMPA-INSTITUTO-TABLADA-BUENO-300x300.png\" alt=\"\" width=\"300\" height=\"300\" srcset=\"https:\/\/blogsaverroes.juntadeandalucia.es\/iescarloshaya\/files\/2020\/07\/LOGO-AMPA-INSTITUTO-TABLADA-BUENO-300x300.png 300w, https:\/\/blogsaverroes.juntadeandalucia.es\/iescarloshaya\/files\/2020\/07\/LOGO-AMPA-INSTITUTO-TABLADA-BUENO-150x150.png 150w, https:\/\/blogsaverroes.juntadeandalucia.es\/iescarloshaya\/files\/2020\/07\/LOGO-AMPA-INSTITUTO-TABLADA-BUENO-100x100.png 100w, https:\/\/blogsaverroes.juntadeandalucia.es\/iescarloshaya\/files\/2020\/07\/LOGO-AMPA-INSTITUTO-TABLADA-BUENO-432x432.png 432w, https:\/\/blogsaverroes.juntadeandalucia.es\/iescarloshaya\/files\/2020\/07\/LOGO-AMPA-INSTITUTO-TABLADA-BUENO-268x268.png 268w, https:\/\/blogsaverroes.juntadeandalucia.es\/iescarloshaya\/files\/2020\/07\/LOGO-AMPA-INSTITUTO-TABLADA-BUENO-24x24.png 24w, https:\/\/blogsaverroes.juntadeandalucia.es\/iescarloshaya\/files\/2020\/07\/LOGO-AMPA-INSTITUTO-TABLADA-BUENO-36x36.png 36w, https:\/\/blogsaverroes.juntadeandalucia.es\/iescarloshaya\/files\/2020\/07\/LOGO-AMPA-INSTITUTO-TABLADA-BUENO-48x48.png 48w, https:\/\/blogsaverroes.juntadeandalucia.es\/iescarloshaya\/files\/2020\/07\/LOGO-AMPA-INSTITUTO-TABLADA-BUENO-50x50.png 50w, https:\/\/blogsaverroes.juntadeandalucia.es\/iescarloshaya\/files\/2020\/07\/LOGO-AMPA-INSTITUTO-TABLADA-BUENO.png 500w\" sizes=\"(max-width: 300px) 100vw, 300px\" \/><\/a><\/p>\n<p>Estimadas familias:<\/p>\n<p style=\"text-align: justify\">Recordaros que, para pertenecer a la AMPA, es necesario darse de alta todos los a\u00f1os.<\/p>\n<p style=\"text-align: justify\">Estamos recibiendo muchos mensajes de padres y madres que cre\u00edan ser socios y no es as\u00ed.<\/p>\n<p style=\"text-align: justify\">Todos los a\u00f1os, al estar el formulario de alta en el sobre de matr\u00edcula, resultaba intuitivo darse de alta pero este a\u00f1o, aunque se indic\u00f3 por varias v\u00edas el nuevo procedimiento, muchos padres y madres no realizaron la inscripci\u00f3n por error o desconocimiento.<\/p>\n<p style=\"text-align: justify\">Tanto en la secci\u00f3n AMPA de la web del centro, como en el enlace, <a href=\"https:\/\/docs.google.com\/forms\/d\/1RguQRu2jBMfhj6rdPdAvuOy_iwh24oTrooV858ZVZmw\/viewform?edit_requested=true\">formulario de alta<\/a> pueden darse de alta en cualquier momento. Se les solicita el n\u00famero de cuenta y se les carga el recibo en banco.<\/p>\n","protected":false},"excerpt":{"rendered":"<p>Estimadas familias: Recordaros que, para pertenecer a la AMPA, es necesario darse de alta todos los a\u00f1os. Estamos recibiendo muchos mensajes de padres y madres&hellip;<\/p>\n","protected":false},"author":1972,"featured_media":0,"parent":0,"menu_order":0,"comment_status":"closed","ping_status":"closed","template":"","meta":{"ngg_post_thumbnail":0,"footnotes":"","_mc_calendar":[]},"aioseo_notices":[],"_links":{"self":[{"href":"https:\/\/blogsaverroes.juntadeandalucia.es\/iescarloshaya\/wp-json\/wp\/v2\/pages\/5223"}],"collection":[{"href":"https:\/\/blogsaverroes.juntadeandalucia.es\/iescarloshaya\/wp-json\/wp\/v2\/pages"}],"about":[{"href":"https:\/\/blogsaverroes.juntadeandalucia.es\/iescarloshaya\/wp-json\/wp\/v2\/types\/page"}],"author":[{"embeddable":true,"href":"https:\/\/blogsaverroes.juntadeandalucia.es\/iescarloshaya\/wp-json\/wp\/v2\/users\/1972"}],"replies":[{"embeddable":true,"href":"https:\/\/blogsaverroes.juntadeandalucia.es\/iescarloshaya\/wp-json\/wp\/v2\/comments?post=5223"}],"version-history":[{"count":9,"href":"https:\/\/blogsaverroes.juntadeandalucia.es\/iescarloshaya\/wp-json\/wp\/v2\/pages\/5223\/revisions"}],"predecessor-version":[{"id":7863,"href":"https:\/\/blogsaverroes.juntadeandalucia.es\/iescarloshaya\/wp-json\/wp\/v2\/pages\/5223\/revisions\/7863"}],"wp:attachment":[{"href":"https:\/\/blogsaverroes.juntadeandalucia.es\/iescarloshaya\/wp-json\/wp\/v2\/media?parent=5223"}],"curies":[{"name":"wp","href":"https:\/\/api.w.org\/{rel}","templated":true}]}}