{"id":5811,"date":"2021-06-04T17:59:41","date_gmt":"2021-06-04T16:59:41","guid":{"rendered":"https:\/\/blogsaverroes.juntadeandalucia.es\/iescarloshaya\/?page_id=5811"},"modified":"2025-10-09T12:03:26","modified_gmt":"2025-10-09T11:03:26","slug":"modelos-instancias","status":"publish","type":"page","link":"https:\/\/blogsaverroes.juntadeandalucia.es\/iescarloshaya\/modelos-instancias\/","title":{"rendered":"MODELOS\/INSTANCIAS"},"content":{"rendered":"<p>En esta p\u00e1gina encontrar\u00e1 los modelos para:<\/p>\n<ul>\n<li><a href=\"https:\/\/blogsaverroes.juntadeandalucia.es\/iescarloshaya\/files\/2023\/02\/Instancia-general-centro.pdf\">Instancia general dirigida al centro<\/a><\/li>\n<li><a href=\"https:\/\/blogsaverroes.juntadeandalucia.es\/iescarloshaya\/files\/2022\/09\/Autorizaci\u00f3n-salida-alumnado.pdf\">Autorizaci\u00f3n salida alumnado<\/a><\/li>\n<li><a href=\"https:\/\/blogsaverroes.juntadeandalucia.es\/iescarloshaya\/files\/2025\/10\/Solicitud-copia-examenes.pdf\">Solicitud copia examenes<\/a><\/li>\n<li><a href=\"https:\/\/blogsaverroes.juntadeandalucia.es\/iescarloshaya\/files\/2023\/02\/Autorizaci\u00f3n-retirada-de-titulos.pdf\">Autorizaci\u00f3n para la retirada de t\u00edtulos<\/a><\/li>\n<\/ul>\n","protected":false},"excerpt":{"rendered":"<p>En esta p\u00e1gina encontrar\u00e1 los modelos para: Instancia general dirigida al centro Autorizaci\u00f3n salida alumnado Solicitud copia examenes Autorizaci\u00f3n para la retirada de t\u00edtulos<\/p>\n","protected":false},"author":1972,"featured_media":0,"parent":0,"menu_order":0,"comment_status":"closed","ping_status":"closed","template":"","meta":{"ngg_post_thumbnail":0,"footnotes":"","_mc_calendar":[]},"aioseo_notices":[],"_links":{"self":[{"href":"https:\/\/blogsaverroes.juntadeandalucia.es\/iescarloshaya\/wp-json\/wp\/v2\/pages\/5811"}],"collection":[{"href":"https:\/\/blogsaverroes.juntadeandalucia.es\/iescarloshaya\/wp-json\/wp\/v2\/pages"}],"about":[{"href":"https:\/\/blogsaverroes.juntadeandalucia.es\/iescarloshaya\/wp-json\/wp\/v2\/types\/page"}],"author":[{"embeddable":true,"href":"https:\/\/blogsaverroes.juntadeandalucia.es\/iescarloshaya\/wp-json\/wp\/v2\/users\/1972"}],"replies":[{"embeddable":true,"href":"https:\/\/blogsaverroes.juntadeandalucia.es\/iescarloshaya\/wp-json\/wp\/v2\/comments?post=5811"}],"version-history":[{"count":19,"href":"https:\/\/blogsaverroes.juntadeandalucia.es\/iescarloshaya\/wp-json\/wp\/v2\/pages\/5811\/revisions"}],"predecessor-version":[{"id":5997,"href":"https:\/\/blogsaverroes.juntadeandalucia.es\/iescarloshaya\/wp-json\/wp\/v2\/pages\/5811\/revisions\/5997"}],"wp:attachment":[{"href":"https:\/\/blogsaverroes.juntadeandalucia.es\/iescarloshaya\/wp-json\/wp\/v2\/media?parent=5811"}],"curies":[{"name":"wp","href":"https:\/\/api.w.org\/{rel}","templated":true}]}}