{"id":7257,"date":"2023-03-07T12:31:47","date_gmt":"2023-03-07T11:31:47","guid":{"rendered":"https:\/\/blogsaverroes.juntadeandalucia.es\/iescarloshaya\/?page_id=7257"},"modified":"2023-03-07T12:33:47","modified_gmt":"2023-03-07T11:33:47","slug":"escolarizacion","status":"publish","type":"page","link":"https:\/\/blogsaverroes.juntadeandalucia.es\/iescarloshaya\/escolarizacion\/","title":{"rendered":"ESCOLARIZACI\u00d3N"},"content":{"rendered":"<p class=\"zfr3Q CDt4Ke \" dir=\"ltr\" style=\"text-align: justify\"><span class=\"C9DxTc \">Esta p\u00e1gina pretende recoger toda la informaci\u00f3n correspondiente a la<\/span><span class=\"jgG6ef C9DxTc \">&nbsp;Escolarizaci\u00f3n y matriculaci\u00f3n del alumnado en nuestro centro<\/span><span class=\"C9DxTc \">&nbsp;<\/span><span class=\"C9DxTc \">con la finalidad de facilitar todos los tr\u00e1mites a las familias.&nbsp;&nbsp;<\/span><span class=\"C9DxTc \">(La informaci\u00f3n ofrecida es MERAMENTE INFORMATIVA, y ante cualquier error, siempre primar\u00e1 lo regido en la normativa correspondiente.)<\/span><\/p>\n<p class=\"zfr3Q CDt4Ke \" dir=\"ltr\"><span class=\"jgG6ef C9DxTc \">Distinguiremos dos fases:&nbsp;<\/span><\/p>\n<ul class=\"n8H08c UVNKR \">\n<li class=\"zfr3Q TYR86d eD0Rn \">\n<p class=\"zfr3Q CDt4Ke \" dir=\"ltr\" role=\"presentation\"><span class=\"jgG6ef C9DxTc \">Escolarizaci\u00f3n&nbsp;<\/span><span class=\"C9DxTc \">(Admisi\u00f3n de NUEVO ALUMANDO<\/span><span class=\"C9DxTc \">) . El plazo de <\/span><span class=\"C9DxTc \">solicitudes de admisi\u00f3n de escolarizaci\u00f3n es <\/span><span class=\"C9DxTc \">del 1 al 31 de marzo y <\/span><span class=\"C9DxTc \">e<\/span><span class=\"C9DxTc \">l proceso de admisi\u00f3n&nbsp;<\/span><span class=\"C9DxTc \">finaliza en mayo<\/span><span class=\"C9DxTc \">.<\/span><\/p>\n<\/li>\n<li class=\"zfr3Q TYR86d eD0Rn \">\n<p class=\"zfr3Q CDt4Ke \" dir=\"ltr\" role=\"presentation\"><span class=\"jgG6ef C9DxTc \">Matriculaci\u00f3n:<\/span><span class=\"C9DxTc \">&nbsp;Una vez&nbsp;<\/span><span class=\"C9DxTc \">obtenida la plaza<\/span><span class=\"C9DxTc \">&nbsp;en un centro, la familia deber\u00e1 formalizar la matr\u00edcula en el centro donde se le ha adjudicado la plaza escolar. En caso de no formalizar la matr\u00edcula, perder\u00eda el derecho de la plaza adjudicada.<\/span><span class=\"C9DxTc \"> El plazo para realizar la matriculaci\u00f3n es del 1 al 10 de julio.<\/span><\/p>\n<\/li>\n<\/ul>\n","protected":false},"excerpt":{"rendered":"<p>Esta p\u00e1gina pretende recoger toda la informaci\u00f3n correspondiente a la&nbsp;Escolarizaci\u00f3n y matriculaci\u00f3n del alumnado en nuestro centro&nbsp;con la finalidad de facilitar todos los tr\u00e1mites a&hellip;<\/p>\n","protected":false},"author":1972,"featured_media":0,"parent":0,"menu_order":0,"comment_status":"closed","ping_status":"closed","template":"","meta":{"ngg_post_thumbnail":0,"footnotes":"","_mc_calendar":[]},"aioseo_notices":[],"_links":{"self":[{"href":"https:\/\/blogsaverroes.juntadeandalucia.es\/iescarloshaya\/wp-json\/wp\/v2\/pages\/7257"}],"collection":[{"href":"https:\/\/blogsaverroes.juntadeandalucia.es\/iescarloshaya\/wp-json\/wp\/v2\/pages"}],"about":[{"href":"https:\/\/blogsaverroes.juntadeandalucia.es\/iescarloshaya\/wp-json\/wp\/v2\/types\/page"}],"author":[{"embeddable":true,"href":"https:\/\/blogsaverroes.juntadeandalucia.es\/iescarloshaya\/wp-json\/wp\/v2\/users\/1972"}],"replies":[{"embeddable":true,"href":"https:\/\/blogsaverroes.juntadeandalucia.es\/iescarloshaya\/wp-json\/wp\/v2\/comments?post=7257"}],"version-history":[{"count":2,"href":"https:\/\/blogsaverroes.juntadeandalucia.es\/iescarloshaya\/wp-json\/wp\/v2\/pages\/7257\/revisions"}],"predecessor-version":[{"id":7260,"href":"https:\/\/blogsaverroes.juntadeandalucia.es\/iescarloshaya\/wp-json\/wp\/v2\/pages\/7257\/revisions\/7260"}],"wp:attachment":[{"href":"https:\/\/blogsaverroes.juntadeandalucia.es\/iescarloshaya\/wp-json\/wp\/v2\/media?parent=7257"}],"curies":[{"name":"wp","href":"https:\/\/api.w.org\/{rel}","templated":true}]}}