{"id":77,"date":"2015-03-16T06:54:56","date_gmt":"2015-03-16T06:54:56","guid":{"rendered":"http:\/\/blogsaverroes.juntadeandalucia.es\/pre\/ceip\/?page_id=77"},"modified":"2025-10-08T10:27:03","modified_gmt":"2025-10-08T09:27:03","slug":"secretaria","status":"publish","type":"page","link":"https:\/\/blogsaverroes.juntadeandalucia.es\/iescarloshaya\/secretaria\/","title":{"rendered":"Secretar\u00eda"},"content":{"rendered":"<p style=\"text-align: justify\">La <strong>Secretar\u00eda<\/strong> desarrolla muchas funciones importantes en la vida de un centro, especialmente en la relaci\u00f3n que mantiene con las familias en los diferentes tr\u00e1mites administrativos a lo largo de la escolarizaci\u00f3n: admisi\u00f3n, matr\u00edcula, comedor escolar, becas, etc.<\/p>\n<p style=\"text-align: justify\">Es por esto que la Web, como puerta de entrada y canal de informaci\u00f3n a la comunidad educativa, deber\u00eda informar sobre el horario de la secretar\u00eda, tr\u00e1mites a realizar, plazos, documentaci\u00f3n, etc., con el objetivo de conseguir una mayor <strong>transparencia, agilidad y eficiencia.<\/strong><\/p>\n<p><b>SECRETARIA<\/b>:<\/p>\n<p style=\"text-align: justify\">Mar\u00eda del Mar Melgar Rojo.<\/p>\n<p style=\"text-align: justify\">Son competencias de la Secretaria:<\/p>\n<ol>\n<li style=\"text-align: justify\">Ordenar el r\u00e9gimen administrativo del instituto, de conformidad con las directrices de la direcci\u00f3n.<\/li>\n<li style=\"text-align: justify\">Ejercer la secretar\u00eda de los \u00f3rganos colegiados de gobierno del instituto, establecer el plan de reuniones de dichos \u00f3rganos, levantar acta de las sesiones y dar fe de los acuerdos, todo ello con el visto bueno de la direcci\u00f3n.<\/li>\n<li style=\"text-align: justify\">Custodiar los libros oficiales y archivos del instituto.<\/li>\n<li style=\"text-align: justify\">Expedir, con el visto bueno de la direcci\u00f3n, las certificaciones que soliciten las autoridades y las personas interesadas.<\/li>\n<li style=\"text-align: justify\">Realizar el inventario general del instituto y mantenerlo actualizado.<\/li>\n<li style=\"text-align: justify\">Adquirir el material y el equipamiento del instituto, custodiar y gestionar la utilizaci\u00f3n del mismo y velar por su mantenimiento en todos los aspectos, de acuerdo con la normativa vigente y las indicaciones de la direcci\u00f3n, sin perjuicio de las facultades que en materia de contrataci\u00f3n corresponden a la persona titular de la direcci\u00f3n, de conformidad con lo recogido en el art\u00edculo 72.1.k).<\/li>\n<li style=\"text-align: justify\">Ejercer, por delegaci\u00f3n de la direcci\u00f3n y bajo su autoridad, la jefatura del personal de administraci\u00f3n y servicios y de atenci\u00f3n educativa complementaria adscrito al instituto y controlar la asistencia al trabajo del mismo.<\/li>\n<li style=\"text-align: justify\">Elaborar, en colaboraci\u00f3n con los restantes miembros del equipo directivo, el horario del personal de administraci\u00f3n y servicios y de atenci\u00f3n educativa complementaria, as\u00ed como velar por su estricto cumplimiento.<\/li>\n<li style=\"text-align: justify\">Elaborar el anteproyecto de presupuesto de ingresos y gastos del instituto.<\/li>\n<li style=\"text-align: justify\">Ordenar el r\u00e9gimen econ\u00f3mico del instituto, de conformidad con las instrucciones de la direcci\u00f3n, realizar la contabilidad y rendir cuentas ante la Consejer\u00eda competente en materia de educaci\u00f3n y los \u00f3rganos a los que se refiere el art\u00edculo 27.4.<\/li>\n<li style=\"text-align: justify\">Cualesquiera otras que le sean atribuidas en el Plan de Centro o por Orden de la persona titular de la Consejer\u00eda competente en materia de educaci\u00f3n.<\/li>\n<\/ol>\n<p style=\"text-align: justify\">Para mantener una entrevista personal es imprescindible concertar previamente cita llamando por tel\u00e9fono a la Conserjer\u00eda del Centro. Tel\u00e9fono&nbsp;<b>&nbsp;<\/b><b>955-624741.<\/b><\/p>\n<p>&nbsp;<\/p>\n<h1><b>OFICINA DE SECRETAR\u00cdA<\/b><\/h1>\n<p>El horario de atenci\u00f3n al p\u00fablico de la Ventanilla de Secretar\u00eda es de <strong>Lunes a Viernes de&nbsp;&nbsp;08:00-14:00 horas<\/strong><\/p>\n<p><b>Tlf :<\/b>&nbsp;<b>955 62 47 41.<\/b><\/p>\n<p><strong>e-mail<\/strong>:&nbsp; 41007230.edu@juntadeandalucia.es<\/p>\n<p>&nbsp;<\/p>\n<p>&nbsp;<\/p>\n","protected":false},"excerpt":{"rendered":"<p>La Secretar\u00eda desarrolla muchas funciones importantes en la vida de un centro, especialmente en la relaci\u00f3n que mantiene con las familias en los diferentes tr\u00e1mites&hellip;<\/p>\n","protected":false},"author":1,"featured_media":0,"parent":0,"menu_order":0,"comment_status":"closed","ping_status":"open","template":"","meta":{"ngg_post_thumbnail":0,"footnotes":"","_mc_calendar":[]},"aioseo_notices":[],"_links":{"self":[{"href":"https:\/\/blogsaverroes.juntadeandalucia.es\/iescarloshaya\/wp-json\/wp\/v2\/pages\/77"}],"collection":[{"href":"https:\/\/blogsaverroes.juntadeandalucia.es\/iescarloshaya\/wp-json\/wp\/v2\/pages"}],"about":[{"href":"https:\/\/blogsaverroes.juntadeandalucia.es\/iescarloshaya\/wp-json\/wp\/v2\/types\/page"}],"author":[{"embeddable":true,"href":"https:\/\/blogsaverroes.juntadeandalucia.es\/iescarloshaya\/wp-json\/wp\/v2\/users\/1"}],"replies":[{"embeddable":true,"href":"https:\/\/blogsaverroes.juntadeandalucia.es\/iescarloshaya\/wp-json\/wp\/v2\/comments?post=77"}],"version-history":[{"count":28,"href":"https:\/\/blogsaverroes.juntadeandalucia.es\/iescarloshaya\/wp-json\/wp\/v2\/pages\/77\/revisions"}],"predecessor-version":[{"id":8878,"href":"https:\/\/blogsaverroes.juntadeandalucia.es\/iescarloshaya\/wp-json\/wp\/v2\/pages\/77\/revisions\/8878"}],"wp:attachment":[{"href":"https:\/\/blogsaverroes.juntadeandalucia.es\/iescarloshaya\/wp-json\/wp\/v2\/media?parent=77"}],"curies":[{"name":"wp","href":"https:\/\/api.w.org\/{rel}","templated":true}]}}