{"id":8792,"date":"2025-05-21T16:21:31","date_gmt":"2025-05-21T15:21:31","guid":{"rendered":"https:\/\/blogsaverroes.juntadeandalucia.es\/iescarloshaya\/?page_id=8792"},"modified":"2026-04-28T16:57:03","modified_gmt":"2026-04-28T15:57:03","slug":"proyecto-bilingue","status":"publish","type":"page","link":"https:\/\/blogsaverroes.juntadeandalucia.es\/iescarloshaya\/proyecto-bilingue\/","title":{"rendered":"PROYECTO BILING\u00dcE"},"content":{"rendered":"<p>VISTA DE ALUMNOS DE USA (Noviembre)<\/p>\n<p>Los alumnos de 1 de ESO B han tenido el privilegio de trabajar con un grupo de alumnos procedentes de Kansas. Unos chicos que est\u00e1n aprendiendo espa\u00f1ol como lengua extranjera. Ha sido, una vez, una experiencia estupenda, donde no solo hemos podido practicar nuestro ingl\u00e9s, sino que hemos aprendido sobre la cultura estadounidense.<\/p>\n<p>&nbsp;<\/p>\n<p><a href=\"https:\/\/blogsaverroes.juntadeandalucia.es\/iescarloshaya\/files\/2026\/04\/USA.jpg\"><img loading=\"lazy\" decoding=\"async\" class=\"alignnone size-medium wp-image-9272\" src=\"https:\/\/blogsaverroes.juntadeandalucia.es\/iescarloshaya\/files\/2026\/04\/USA-300x190.jpg\" alt=\"\" width=\"300\" height=\"190\" srcset=\"https:\/\/blogsaverroes.juntadeandalucia.es\/iescarloshaya\/files\/2026\/04\/USA-300x190.jpg 300w, https:\/\/blogsaverroes.juntadeandalucia.es\/iescarloshaya\/files\/2026\/04\/USA-1024x648.jpg 1024w, https:\/\/blogsaverroes.juntadeandalucia.es\/iescarloshaya\/files\/2026\/04\/USA-768x486.jpg 768w, https:\/\/blogsaverroes.juntadeandalucia.es\/iescarloshaya\/files\/2026\/04\/USA-1536x971.jpg 1536w, https:\/\/blogsaverroes.juntadeandalucia.es\/iescarloshaya\/files\/2026\/04\/USA-2048x1295.jpg 2048w\" sizes=\"(max-width: 300px) 100vw, 300px\" \/><\/a><\/p>\n<p>&nbsp;<\/p>\n<p>CELEBRAMOS HALLOWEEN<\/p>\n<p>La clase de 1 de la ESO B han sido la clase ganadora del concurso de decoraci\u00f3n de aulas de Halloween.<\/p>\n<p><a href=\"https:\/\/blogsaverroes.juntadeandalucia.es\/iescarloshaya\/files\/2026\/04\/hAOL.jpg\"><img loading=\"lazy\" decoding=\"async\" class=\"alignnone size-medium wp-image-9270\" src=\"https:\/\/blogsaverroes.juntadeandalucia.es\/iescarloshaya\/files\/2026\/04\/hAOL-300x225.jpg\" alt=\"\" width=\"300\" height=\"225\" srcset=\"https:\/\/blogsaverroes.juntadeandalucia.es\/iescarloshaya\/files\/2026\/04\/hAOL-300x225.jpg 300w, https:\/\/blogsaverroes.juntadeandalucia.es\/iescarloshaya\/files\/2026\/04\/hAOL-1024x768.jpg 1024w, https:\/\/blogsaverroes.juntadeandalucia.es\/iescarloshaya\/files\/2026\/04\/hAOL-768x576.jpg 768w, https:\/\/blogsaverroes.juntadeandalucia.es\/iescarloshaya\/files\/2026\/04\/hAOL-1536x1152.jpg 1536w, https:\/\/blogsaverroes.juntadeandalucia.es\/iescarloshaya\/files\/2026\/04\/hAOL-2048x1536.jpg 2048w\" sizes=\"(max-width: 300px) 100vw, 300px\" \/><\/a><\/p>\n<p>Adem\u00e1s los mayores de ESO y bachillerato han hecho un \u00abcementerio\u00bb en nuestro centro. Mirad qu\u00e9 miedo da el resultado!<\/p>\n<p>&nbsp;<\/p>\n<p><a href=\"https:\/\/blogsaverroes.juntadeandalucia.es\/iescarloshaya\/files\/2026\/04\/IMG_20251031_142846.jpg\"><img loading=\"lazy\" decoding=\"async\" class=\"alignnone size-medium wp-image-9271\" src=\"https:\/\/blogsaverroes.juntadeandalucia.es\/iescarloshaya\/files\/2026\/04\/IMG_20251031_142846-300x225.jpg\" alt=\"\" width=\"300\" height=\"225\" srcset=\"https:\/\/blogsaverroes.juntadeandalucia.es\/iescarloshaya\/files\/2026\/04\/IMG_20251031_142846-300x225.jpg 300w, https:\/\/blogsaverroes.juntadeandalucia.es\/iescarloshaya\/files\/2026\/04\/IMG_20251031_142846-1024x768.jpg 1024w, https:\/\/blogsaverroes.juntadeandalucia.es\/iescarloshaya\/files\/2026\/04\/IMG_20251031_142846-768x576.jpg 768w, https:\/\/blogsaverroes.juntadeandalucia.es\/iescarloshaya\/files\/2026\/04\/IMG_20251031_142846-1536x1152.jpg 1536w, https:\/\/blogsaverroes.juntadeandalucia.es\/iescarloshaya\/files\/2026\/04\/IMG_20251031_142846-2048x1536.jpg 2048w\" sizes=\"(max-width: 300px) 100vw, 300px\" \/><\/a><\/p>\n<p>&nbsp;<\/p>\n<p>VISITA ALUMNADO DE AUSTRIA (Octubre)<\/p>\n<p>&nbsp;<\/p>\n<p><a href=\"https:\/\/blogsaverroes.juntadeandalucia.es\/iescarloshaya\/files\/2026\/04\/Screenshot_2025-10-05-20-12-25-764_com.google.android.apps_.photos_2.jpg\"><img loading=\"lazy\" decoding=\"async\" class=\"alignnone size-medium wp-image-9260\" src=\"https:\/\/blogsaverroes.juntadeandalucia.es\/iescarloshaya\/files\/2026\/04\/Screenshot_2025-10-05-20-12-25-764_com.google.android.apps_.photos_2-300x225.jpg\" alt=\"\" width=\"300\" height=\"225\" srcset=\"https:\/\/blogsaverroes.juntadeandalucia.es\/iescarloshaya\/files\/2026\/04\/Screenshot_2025-10-05-20-12-25-764_com.google.android.apps_.photos_2-300x225.jpg 300w, https:\/\/blogsaverroes.juntadeandalucia.es\/iescarloshaya\/files\/2026\/04\/Screenshot_2025-10-05-20-12-25-764_com.google.android.apps_.photos_2-1024x769.jpg 1024w, https:\/\/blogsaverroes.juntadeandalucia.es\/iescarloshaya\/files\/2026\/04\/Screenshot_2025-10-05-20-12-25-764_com.google.android.apps_.photos_2-768x577.jpg 768w, https:\/\/blogsaverroes.juntadeandalucia.es\/iescarloshaya\/files\/2026\/04\/Screenshot_2025-10-05-20-12-25-764_com.google.android.apps_.photos_2-1536x1154.jpg 1536w, https:\/\/blogsaverroes.juntadeandalucia.es\/iescarloshaya\/files\/2026\/04\/Screenshot_2025-10-05-20-12-25-764_com.google.android.apps_.photos_2-2048x1538.jpg 2048w\" sizes=\"(max-width: 300px) 100vw, 300px\" \/><\/a><\/p>\n<p>El pasado viernes recibimos en nuestro instituto a un grupo de alumnos de Austria y dos profesores. El primer d\u00eda estuvieron trabjando con los alumnos de 2\u00ba de bachillerato realizando actividades comunicativas en ingl\u00e9s y en espa\u00f1ol. El segundo, los alumnos de 1 de bachillerato actuaron de gu\u00edas tur\u00edsticos y realizamos una actividad en el centro hist\u00f3rico de nuestra ciudad. Al d\u00eda siguiente nos mostraron c\u00f3mo es su cuidad y su colegio a trav\u00e9s de unas estupendas presentaciones. Y para finalizar, han participado como oyentes en varias clases.<\/p>\n<p>La experiencia ha sido todo un \u00e9xito.<\/p>\n","protected":false},"excerpt":{"rendered":"<p>VISTA DE ALUMNOS DE USA (Noviembre) Los alumnos de 1 de ESO B han tenido el privilegio de trabajar con un grupo de alumnos procedentes&hellip;<\/p>\n","protected":false},"author":1972,"featured_media":0,"parent":0,"menu_order":0,"comment_status":"closed","ping_status":"closed","template":"","meta":{"ngg_post_thumbnail":0,"footnotes":"","_mc_calendar":[]},"aioseo_notices":[],"_links":{"self":[{"href":"https:\/\/blogsaverroes.juntadeandalucia.es\/iescarloshaya\/wp-json\/wp\/v2\/pages\/8792"}],"collection":[{"href":"https:\/\/blogsaverroes.juntadeandalucia.es\/iescarloshaya\/wp-json\/wp\/v2\/pages"}],"about":[{"href":"https:\/\/blogsaverroes.juntadeandalucia.es\/iescarloshaya\/wp-json\/wp\/v2\/types\/page"}],"author":[{"embeddable":true,"href":"https:\/\/blogsaverroes.juntadeandalucia.es\/iescarloshaya\/wp-json\/wp\/v2\/users\/1972"}],"replies":[{"embeddable":true,"href":"https:\/\/blogsaverroes.juntadeandalucia.es\/iescarloshaya\/wp-json\/wp\/v2\/comments?post=8792"}],"version-history":[{"count":4,"href":"https:\/\/blogsaverroes.juntadeandalucia.es\/iescarloshaya\/wp-json\/wp\/v2\/pages\/8792\/revisions"}],"predecessor-version":[{"id":9274,"href":"https:\/\/blogsaverroes.juntadeandalucia.es\/iescarloshaya\/wp-json\/wp\/v2\/pages\/8792\/revisions\/9274"}],"wp:attachment":[{"href":"https:\/\/blogsaverroes.juntadeandalucia.es\/iescarloshaya\/wp-json\/wp\/v2\/media?parent=8792"}],"curies":[{"name":"wp","href":"https:\/\/api.w.org\/{rel}","templated":true}]}}