{"id":158,"date":"2015-03-17T07:50:33","date_gmt":"2015-03-17T07:50:33","guid":{"rendered":"http:\/\/blogsaverroes.juntadeandalucia.es\/pre\/ceip\/?page_id=158"},"modified":"2020-03-15T17:14:02","modified_gmt":"2020-03-15T16:14:02","slug":"matematicas","status":"publish","type":"page","link":"https:\/\/blogsaverroes.juntadeandalucia.es\/iescasabermeja\/matematicas\/","title":{"rendered":"Matem\u00e1ticas"},"content":{"rendered":"<p><img fetchpriority=\"high\" decoding=\"async\" class=\"aligncenter size-medium wp-image-2135\" src=\"http:\/\/blogsaverroes.juntadeandalucia.es\/temafrontieries\/files\/2015\/03\/matematicas-300x210.jpg\" alt=\"matematicas\" width=\"300\" height=\"210\" srcset=\"https:\/\/blogsaverroes.juntadeandalucia.es\/iescasabermeja\/files\/2015\/03\/matematicas-300x210.jpg 300w, https:\/\/blogsaverroes.juntadeandalucia.es\/iescasabermeja\/files\/2015\/03\/matematicas.jpg 640w\" sizes=\"(max-width: 300px) 100vw, 300px\" \/><\/p>\n<p><strong><span style=\"font-family: sans-serif\"><span style=\"font-size: medium\">Matem\u00e1ticas <\/span><\/span><\/strong><\/p>\n<p><span style=\"font-family: sans-serif\"><span style=\"font-size: medium\">Las matem\u00e1ticas constituyen una forma de mirar e interpretar el mundo que nos rodea, reflejan la capacidad creativa, expresan con precisi\u00f3n conceptos y argumentos, favorecen la capacidad para aprender a aprender y contienen elementos de gran belleza; sin olvidar adem\u00e1s el car\u00e1cter instrumental que las matem\u00e1ticas tienen como base fundamental para la adquisici\u00f3n de nuevos conocimientos en otras disciplinas, especialmente en el proceso cient\u00edfico y tecnol\u00f3gico y como fuerza conductora en el desarrollo de la cultura y las civilizaciones. <\/span><\/span><\/p>\n<p>&nbsp;<\/p>\n<p>En nuesto centro actualmente imparten esta asignatura <em><strong>D\u00f1a. Ana Carri\u00f3n<\/strong><\/em>, y <em><strong>D\u00f1a. M\u00aa Dolores Trujillo<\/strong><\/em><em>.<\/em><\/p>\n<p>&nbsp;<\/p>\n<p>&nbsp;<\/p>\n<p>Dentro del Departamento de Matem\u00e1ticas, la distribuci\u00f3n de grupos y materias es la siguiente:<\/p>\n<p><em><strong>D\u00f1a. Ana Carri\u00f3n<\/strong><\/em>: Matem\u00e1ticas 2\u00baA y 2\u00baB; Matem\u00e1ticas Aplicadas 3\u00ba; Matem\u00e1ticas Acad\u00e9micas 4\u00ba.<\/p>\n<p><em><strong>D\u00f1a. M\u00aa Dolores Trujillo<\/strong><\/em>: Matem\u00e1ticas 1\u00ba A y 1\u00baB; Matem\u00e1ticas Acad\u00e9micas 3\u00ba; Matem\u00e1ticas Aplicadas 4\u00ba.<\/p>\n","protected":false},"excerpt":{"rendered":"<p>Matem\u00e1ticas Las matem\u00e1ticas constituyen una forma de mirar e interpretar el mundo que nos rodea, reflejan la capacidad creativa, expresan con precisi\u00f3n conceptos y argumentos, favorecen la capacidad para aprender a aprender y contienen&#46;&#46;&#46;<\/p>\n","protected":false},"author":1,"featured_media":0,"parent":0,"menu_order":0,"comment_status":"closed","ping_status":"open","template":"page-cs.php","meta":{"ngg_post_thumbnail":0,"footnotes":"","_mc_calendar":[]},"aioseo_notices":[],"_links":{"self":[{"href":"https:\/\/blogsaverroes.juntadeandalucia.es\/iescasabermeja\/wp-json\/wp\/v2\/pages\/158"}],"collection":[{"href":"https:\/\/blogsaverroes.juntadeandalucia.es\/iescasabermeja\/wp-json\/wp\/v2\/pages"}],"about":[{"href":"https:\/\/blogsaverroes.juntadeandalucia.es\/iescasabermeja\/wp-json\/wp\/v2\/types\/page"}],"author":[{"embeddable":true,"href":"https:\/\/blogsaverroes.juntadeandalucia.es\/iescasabermeja\/wp-json\/wp\/v2\/users\/1"}],"replies":[{"embeddable":true,"href":"https:\/\/blogsaverroes.juntadeandalucia.es\/iescasabermeja\/wp-json\/wp\/v2\/comments?post=158"}],"version-history":[{"count":6,"href":"https:\/\/blogsaverroes.juntadeandalucia.es\/iescasabermeja\/wp-json\/wp\/v2\/pages\/158\/revisions"}],"predecessor-version":[{"id":3170,"href":"https:\/\/blogsaverroes.juntadeandalucia.es\/iescasabermeja\/wp-json\/wp\/v2\/pages\/158\/revisions\/3170"}],"wp:attachment":[{"href":"https:\/\/blogsaverroes.juntadeandalucia.es\/iescasabermeja\/wp-json\/wp\/v2\/media?parent=158"}],"curies":[{"name":"wp","href":"https:\/\/api.w.org\/{rel}","templated":true}]}}