{"id":172,"date":"2015-03-17T07:55:49","date_gmt":"2015-03-17T07:55:49","guid":{"rendered":"http:\/\/blogsaverroes.juntadeandalucia.es\/pre\/ceip\/?page_id=172"},"modified":"2020-03-15T14:29:33","modified_gmt":"2020-03-15T13:29:33","slug":"fisica-y-quimica","status":"publish","type":"page","link":"https:\/\/blogsaverroes.juntadeandalucia.es\/iescasabermeja\/fisica-y-quimica\/","title":{"rendered":"F\u00edsica y Qu\u00edmica"},"content":{"rendered":"<p><img fetchpriority=\"high\" decoding=\"async\" class=\"aligncenter size-medium wp-image-2082\" src=\"http:\/\/blogsaverroes.juntadeandalucia.es\/temafrontieries\/files\/2015\/03\/fisica_quimica-300x212.jpg\" alt=\"fisica_quimica\" width=\"300\" height=\"212\" srcset=\"https:\/\/blogsaverroes.juntadeandalucia.es\/iescasabermeja\/files\/2015\/03\/fisica_quimica-300x212.jpg 300w, https:\/\/blogsaverroes.juntadeandalucia.es\/iescasabermeja\/files\/2015\/03\/fisica_quimica.jpg 640w\" sizes=\"(max-width: 300px) 100vw, 300px\" \/><\/p>\n<p><span style=\"font-family: sans-serif\"><span style=\"font-size: medium\"><strong>F\u00edsica y Qu\u00edmica<\/strong> <\/span><\/span><\/p>\n<p><span style=\"font-family: sans-serif\"><span style=\"font-size: medium\">La ense\u00f1anza de la F\u00edsica y la Qu\u00edmica juega un papel central en el desarrollo intelectual de los alumnos y las alumnas, y comparte con el resto de las disciplinas la responsabilidad de promover en ellos la adquisici\u00f3n de las competencias necesarias para que puedan integrarse en la sociedad de forma activa. Como disciplina cient\u00edfica, tiene el compromiso a\u00f1adido de dotar al alumno de herramientas espec\u00edficas que le permitan afrontar el futuro con garant\u00edas, participando en el desarrollo econ\u00f3mico y social al que est\u00e1 ligada la capacidad cient\u00edfica, tecnol\u00f3gica e innovadora de la propia sociedad. Para que estas expectativas se concreten, la ense\u00f1anza de esta materia debe incentivar un aprendizaje contextualizado que relacione los principios en vigor con la evoluci\u00f3n hist\u00f3rica del conocimiento cient\u00edfico; que establezca la relaci\u00f3n entre ciencia, tecnolog\u00eda y sociedad; que potencie la argumentaci\u00f3n verbal, la capacidad de establecer relaciones cuantitativas y espaciales, as\u00ed como la de resolver problemas con precisi\u00f3n y rigor.<\/span><\/span><\/p>\n<p>&nbsp;<\/p>\n<p>&nbsp;<\/p>\n<p>&nbsp;<\/p>\n<p>La profesora encargada de impartir esta asignatura en nuestro centro es <em><strong>D\u00f1a. Dulce Garrido<\/strong><\/em>, quien adem\u00e1s es la tutora de 2\u00baA.<\/p>\n<p>&nbsp;<\/p>\n<p>&nbsp;<\/p>\n<p>Dentro del Departamento de F\u00edsica y Qu\u00edmica, la distribuci\u00f3n de grupos y materias es la siguiente:<\/p>\n<p><em><strong>D\u00f1a. Dulce Garrido<\/strong><\/em>: F\u00edsica y Qu\u00edmica 2\u00baA y 2\u00baB, 3\u00baA y 3\u00baB, 4\u00ba; taller de Laboratorio 2\u00ba.<\/p>\n","protected":false},"excerpt":{"rendered":"<p>F\u00edsica y Qu\u00edmica La ense\u00f1anza de la F\u00edsica y la Qu\u00edmica juega un papel central en el desarrollo intelectual de los alumnos y las alumnas, y comparte con el resto de las disciplinas la&#46;&#46;&#46;<\/p>\n","protected":false},"author":1,"featured_media":0,"parent":0,"menu_order":0,"comment_status":"closed","ping_status":"open","template":"page-cs.php","meta":{"ngg_post_thumbnail":0,"footnotes":"","_mc_calendar":[]},"aioseo_notices":[],"_links":{"self":[{"href":"https:\/\/blogsaverroes.juntadeandalucia.es\/iescasabermeja\/wp-json\/wp\/v2\/pages\/172"}],"collection":[{"href":"https:\/\/blogsaverroes.juntadeandalucia.es\/iescasabermeja\/wp-json\/wp\/v2\/pages"}],"about":[{"href":"https:\/\/blogsaverroes.juntadeandalucia.es\/iescasabermeja\/wp-json\/wp\/v2\/types\/page"}],"author":[{"embeddable":true,"href":"https:\/\/blogsaverroes.juntadeandalucia.es\/iescasabermeja\/wp-json\/wp\/v2\/users\/1"}],"replies":[{"embeddable":true,"href":"https:\/\/blogsaverroes.juntadeandalucia.es\/iescasabermeja\/wp-json\/wp\/v2\/comments?post=172"}],"version-history":[{"count":6,"href":"https:\/\/blogsaverroes.juntadeandalucia.es\/iescasabermeja\/wp-json\/wp\/v2\/pages\/172\/revisions"}],"predecessor-version":[{"id":3124,"href":"https:\/\/blogsaverroes.juntadeandalucia.es\/iescasabermeja\/wp-json\/wp\/v2\/pages\/172\/revisions\/3124"}],"wp:attachment":[{"href":"https:\/\/blogsaverroes.juntadeandalucia.es\/iescasabermeja\/wp-json\/wp\/v2\/media?parent=172"}],"curies":[{"name":"wp","href":"https:\/\/api.w.org\/{rel}","templated":true}]}}