{"id":2532,"date":"2019-11-13T14:42:25","date_gmt":"2019-11-13T13:42:25","guid":{"rendered":"https:\/\/blogsaverroes.juntadeandalucia.es\/iescasabermeja\/?page_id=2532"},"modified":"2019-11-13T14:43:15","modified_gmt":"2019-11-13T13:43:15","slug":"escuela-espacio-de-paz","status":"publish","type":"page","link":"https:\/\/blogsaverroes.juntadeandalucia.es\/iescasabermeja\/escuela-espacio-de-paz\/","title":{"rendered":"Escuela: espacio de Paz."},"content":{"rendered":"<p><a href=\"https:\/\/blogsaverroes.juntadeandalucia.es\/iescasabermeja\/files\/2019\/11\/escuelapaz1.jpg\"><img fetchpriority=\"high\" decoding=\"async\" class=\"size-full wp-image-2534 aligncenter\" src=\"https:\/\/blogsaverroes.juntadeandalucia.es\/iescasabermeja\/files\/2019\/11\/escuelapaz1.jpg\" alt=\"Icono programa Escuela de Paz.\" width=\"300\" height=\"215\" srcset=\"https:\/\/blogsaverroes.juntadeandalucia.es\/iescasabermeja\/files\/2019\/11\/escuelapaz1.jpg 300w, https:\/\/blogsaverroes.juntadeandalucia.es\/iescasabermeja\/files\/2019\/11\/escuelapaz1-24x17.jpg 24w, https:\/\/blogsaverroes.juntadeandalucia.es\/iescasabermeja\/files\/2019\/11\/escuelapaz1-36x26.jpg 36w, https:\/\/blogsaverroes.juntadeandalucia.es\/iescasabermeja\/files\/2019\/11\/escuelapaz1-48x34.jpg 48w\" sizes=\"(max-width: 300px) 100vw, 300px\" \/><\/a><\/p>\n<p>&nbsp;<\/p>\n<p>Este proyecto nace con la intenci\u00f3n de promocionar la Cultura de Paz y la Convivencia dentro del entorno escolar.<\/p>\n<p>Se proponen seis <strong>\u00e1mbitos de actuaci\u00f3n y profundizaci\u00f3n<\/strong> para la mejora de la convivencia escolar:<\/p>\n<p>&nbsp;<\/p>\n<ol>\n<li>Mejora desde la gesti\u00f3n y organizaci\u00f3n.<\/li>\n<li>Desarrollo de la participaci\u00f3n.<\/li>\n<li>Promoci\u00f3n de la convivencia: desarrollo de valores, actitudes, habilidades y h\u00e1bitos.<\/li>\n<li>Prevenci\u00f3n de situaciones de riesgo para la convivencia.<\/li>\n<li>Intervenci\u00f3n ante conductas contrarias a la convivencia.<\/li>\n<li>Reeducaci\u00f3n de actitudes y restauraci\u00f3n de la convivencia.<\/li>\n<\/ol>\n<p>&nbsp;<\/p>\n<p>Cuenta con la gran implicaci\u00f3n del equipo directivo, con el visto bueno del Claustro y del Consejo Escolar, con una profesora que asume la coordinaci\u00f3n de la participaci\u00f3n en la Red (Esperanza Samaniego Garc\u00eda, la Orientadora del centro) y con un equipo de docentes especialmente implicados en el desarrollo de las medidas propuestas y que asumen, asimismo, el compromiso de adquirir la formaci\u00f3n necesaria para afrontar adecuadamente las mismas.<\/p>\n<p>&nbsp;<\/p>\n<p>En nuestro centro es tradicional la celebraci\u00f3n el 30 de enero del D\u00eda de la Paz y no violencia, as\u00ed como las actividades que se llevan a cabo en la diversas materias (de forma transversal) y en las tutor\u00edas (de forma espec\u00edfica). Tambi\u00e9n se trabaja la prevenci\u00f3n de la violencia en sus diversas manifiestaciones a trav\u00e9s de charlas y talleres que llevan a cabo diversas asociaciones y organizaciones como ASPA, en las que colabora activamente el propio Ayuntamiento de Casabermeja<\/p>\n<p>&nbsp;<\/p>\n<p><a href=\"https:\/\/blogsaverroes.juntadeandalucia.es\/iescasabermeja\/files\/2019\/11\/escuelapaz2.jpg\"><img decoding=\"async\" class=\"size-full wp-image-2533 aligncenter\" src=\"https:\/\/blogsaverroes.juntadeandalucia.es\/iescasabermeja\/files\/2019\/11\/escuelapaz2.jpg\" alt=\"Aulejo escuela de paz.\" width=\"352\" height=\"220\" srcset=\"https:\/\/blogsaverroes.juntadeandalucia.es\/iescasabermeja\/files\/2019\/11\/escuelapaz2.jpg 352w, https:\/\/blogsaverroes.juntadeandalucia.es\/iescasabermeja\/files\/2019\/11\/escuelapaz2-300x188.jpg 300w, https:\/\/blogsaverroes.juntadeandalucia.es\/iescasabermeja\/files\/2019\/11\/escuelapaz2-24x15.jpg 24w, https:\/\/blogsaverroes.juntadeandalucia.es\/iescasabermeja\/files\/2019\/11\/escuelapaz2-36x23.jpg 36w, https:\/\/blogsaverroes.juntadeandalucia.es\/iescasabermeja\/files\/2019\/11\/escuelapaz2-48x30.jpg 48w\" sizes=\"(max-width: 352px) 100vw, 352px\" \/><\/a><\/p>\n<p>Este azulejo nos lo pusieron por estar inscritos en la Red Andaluza de Escuela: Espacio de Paz.<\/p>\n<p>&nbsp;<\/p>\n","protected":false},"excerpt":{"rendered":"<p>&nbsp; Este proyecto nace con la intenci\u00f3n de promocionar la Cultura de Paz y la Convivencia dentro del entorno escolar. Se proponen seis \u00e1mbitos de actuaci\u00f3n y profundizaci\u00f3n para la mejora de la convivencia&#46;&#46;&#46;<\/p>\n","protected":false},"author":7915,"featured_media":0,"parent":0,"menu_order":0,"comment_status":"closed","ping_status":"closed","template":"","meta":{"ngg_post_thumbnail":0,"footnotes":"","_mc_calendar":[]},"aioseo_notices":[],"_links":{"self":[{"href":"https:\/\/blogsaverroes.juntadeandalucia.es\/iescasabermeja\/wp-json\/wp\/v2\/pages\/2532"}],"collection":[{"href":"https:\/\/blogsaverroes.juntadeandalucia.es\/iescasabermeja\/wp-json\/wp\/v2\/pages"}],"about":[{"href":"https:\/\/blogsaverroes.juntadeandalucia.es\/iescasabermeja\/wp-json\/wp\/v2\/types\/page"}],"author":[{"embeddable":true,"href":"https:\/\/blogsaverroes.juntadeandalucia.es\/iescasabermeja\/wp-json\/wp\/v2\/users\/7915"}],"replies":[{"embeddable":true,"href":"https:\/\/blogsaverroes.juntadeandalucia.es\/iescasabermeja\/wp-json\/wp\/v2\/comments?post=2532"}],"version-history":[{"count":2,"href":"https:\/\/blogsaverroes.juntadeandalucia.es\/iescasabermeja\/wp-json\/wp\/v2\/pages\/2532\/revisions"}],"predecessor-version":[{"id":2537,"href":"https:\/\/blogsaverroes.juntadeandalucia.es\/iescasabermeja\/wp-json\/wp\/v2\/pages\/2532\/revisions\/2537"}],"wp:attachment":[{"href":"https:\/\/blogsaverroes.juntadeandalucia.es\/iescasabermeja\/wp-json\/wp\/v2\/media?parent=2532"}],"curies":[{"name":"wp","href":"https:\/\/api.w.org\/{rel}","templated":true}]}}