{"id":2539,"date":"2019-11-13T20:22:00","date_gmt":"2019-11-13T19:22:00","guid":{"rendered":"https:\/\/blogsaverroes.juntadeandalucia.es\/iescasabermeja\/?page_id=2539"},"modified":"2019-11-13T20:45:12","modified_gmt":"2019-11-13T19:45:12","slug":"plan-de-igualdad-en-educacion","status":"publish","type":"page","link":"https:\/\/blogsaverroes.juntadeandalucia.es\/iescasabermeja\/plan-de-igualdad-en-educacion\/","title":{"rendered":"Plan de igualdad en educaci\u00f3n."},"content":{"rendered":"<p>En el IES Casabermeja llevamos trabajando y desarrollado el Plan en el Centro desde que, en noviembre de 2005, el Gobierno Andaluz aprobara el primer Plan de Igualdad entre hombres y mujeres, momento en el que el centro se acogi\u00f3 a dicho Plan.<\/p>\n<p>&nbsp;<\/p>\n<p>El primer Plan de Igualdad entre Hombres y Mujeres en Educaci\u00f3n constituye el marco global de intervenci\u00f3n en el contexto escolar para posibilitar la consolidaci\u00f3n del principio democr\u00e1tico de la igualdad entre los sexos. Pretende dise\u00f1ar y coordinar actuaciones que favorezcan el conocimiento de las diferencias entre ni\u00f1os y ni\u00f1as, entre hombres y mujeres para establecer condiciones escolares que permitan corregir las discriminaciones y estereotipos sexistas, la formaci\u00f3n del alumnado en la autonom\u00eda personal como base para fomentar el cambio en las relaciones de g\u00e9nero y la correcci\u00f3n de desequilibrios entre profesoras y profesores en actividades de responsabilidades escolares ofreciendo modelos no estereotipados.<\/p>\n<p>&nbsp;<\/p>\n<p>En el IES Casabermeja adaptamos dicho Plan a nuestra realidad y por ello nos planteamos los siguientes OBJETIVOS CONCRETOS:<\/p>\n<p>&nbsp;<\/p>\n<ul>\n<li>Integraci\u00f3n, trabajo y normalizaci\u00f3n de la perspectiva de g\u00e9nero, a nivel de Centro, tanto en el trabajo concreto con las tutor\u00edas, como con el trabajo conjunto del Departamento de Orientaci\u00f3n.<\/li>\n<li>Conseguir la Integraci\u00f3n de la igualdad de g\u00e9nero en las programaciones did\u00e1cticas as\u00ed como contenidos y actividades que se desarrollen, favoreciendo buenas pr\u00e1cticas coeducativas en el Centro.<\/li>\n<li>An\u00e1lisis de los datos por g\u00e9nero referentes al rendimiento escolar y titulaci\u00f3n y al convivencia<\/li>\n<li>Participar en proyectos y actividades de convivencia que favorezca favorecer la pr\u00e1ctica escolar inclusiva y equitativa.<\/li>\n<li>No usar un lenguaje sexista en el instituto.<\/li>\n<li>Promover actuaciones encaminadas a la sensibilizaci\u00f3n, visibilizaci\u00f3n y prevenci\u00f3n de la violencia de g\u00e9nero.<\/li>\n<li>Involucrar al alumnado activamente en la organizaci\u00f3n de efem\u00e9rides puntuales y tem\u00e1ticas transversales a lo largo del curso, haci\u00e9ndolo co-responsable del acto, actividad, planteamiento y difusi\u00f3n (junto con el tutor\/a y el profesorado involucrado).<\/li>\n<\/ul>\n<p>&nbsp;<\/p>\n<p>&nbsp;<\/p>\n<p><a href=\"https:\/\/blogsaverroes.juntadeandalucia.es\/iescasabermeja\/files\/2019\/11\/igualdad-1.jpg\"><img decoding=\"async\" class=\"size-full wp-image-2540 aligncenter\" src=\"https:\/\/blogsaverroes.juntadeandalucia.es\/iescasabermeja\/files\/2019\/11\/igualdad-1.jpg\" alt=\"Icono plan de igualdad.\" width=\"179\" height=\"133\" srcset=\"https:\/\/blogsaverroes.juntadeandalucia.es\/iescasabermeja\/files\/2019\/11\/igualdad-1.jpg 179w, https:\/\/blogsaverroes.juntadeandalucia.es\/iescasabermeja\/files\/2019\/11\/igualdad-1-24x18.jpg 24w, https:\/\/blogsaverroes.juntadeandalucia.es\/iescasabermeja\/files\/2019\/11\/igualdad-1-36x27.jpg 36w, https:\/\/blogsaverroes.juntadeandalucia.es\/iescasabermeja\/files\/2019\/11\/igualdad-1-48x36.jpg 48w\" sizes=\"(max-width: 179px) 100vw, 179px\" \/><\/a><\/p>\n","protected":false},"excerpt":{"rendered":"<p>En el IES Casabermeja llevamos trabajando y desarrollado el Plan en el Centro desde que, en noviembre de 2005, el Gobierno Andaluz aprobara el primer Plan de Igualdad entre hombres y mujeres, momento en&#46;&#46;&#46;<\/p>\n","protected":false},"author":7915,"featured_media":0,"parent":0,"menu_order":0,"comment_status":"closed","ping_status":"closed","template":"","meta":{"ngg_post_thumbnail":0,"footnotes":"","_mc_calendar":[]},"aioseo_notices":[],"_links":{"self":[{"href":"https:\/\/blogsaverroes.juntadeandalucia.es\/iescasabermeja\/wp-json\/wp\/v2\/pages\/2539"}],"collection":[{"href":"https:\/\/blogsaverroes.juntadeandalucia.es\/iescasabermeja\/wp-json\/wp\/v2\/pages"}],"about":[{"href":"https:\/\/blogsaverroes.juntadeandalucia.es\/iescasabermeja\/wp-json\/wp\/v2\/types\/page"}],"author":[{"embeddable":true,"href":"https:\/\/blogsaverroes.juntadeandalucia.es\/iescasabermeja\/wp-json\/wp\/v2\/users\/7915"}],"replies":[{"embeddable":true,"href":"https:\/\/blogsaverroes.juntadeandalucia.es\/iescasabermeja\/wp-json\/wp\/v2\/comments?post=2539"}],"version-history":[{"count":1,"href":"https:\/\/blogsaverroes.juntadeandalucia.es\/iescasabermeja\/wp-json\/wp\/v2\/pages\/2539\/revisions"}],"predecessor-version":[{"id":2541,"href":"https:\/\/blogsaverroes.juntadeandalucia.es\/iescasabermeja\/wp-json\/wp\/v2\/pages\/2539\/revisions\/2541"}],"wp:attachment":[{"href":"https:\/\/blogsaverroes.juntadeandalucia.es\/iescasabermeja\/wp-json\/wp\/v2\/media?parent=2539"}],"curies":[{"name":"wp","href":"https:\/\/api.w.org\/{rel}","templated":true}]}}