{"id":2627,"date":"2019-11-27T13:37:21","date_gmt":"2019-11-27T12:37:21","guid":{"rendered":"https:\/\/blogsaverroes.juntadeandalucia.es\/iescasabermeja\/?page_id=2627"},"modified":"2020-03-10T09:03:42","modified_gmt":"2020-03-10T08:03:42","slug":"informacion-general","status":"publish","type":"page","link":"https:\/\/blogsaverroes.juntadeandalucia.es\/iescasabermeja\/informacion-general\/","title":{"rendered":"Informaci\u00f3n general"},"content":{"rendered":"<p><img decoding=\"async\" class=\"alignnone size-medium wp-image-1667\" src=\"http:\/\/blogsaverroes.juntadeandalucia.es\/temafrontieries\/files\/2015\/03\/planes-300x150.png\" alt=\"planes\" width=\"300\" height=\"150\" srcset=\"https:\/\/blogsaverroes.juntadeandalucia.es\/iescasabermeja\/files\/2015\/03\/planes-300x150.png 300w, https:\/\/blogsaverroes.juntadeandalucia.es\/iescasabermeja\/files\/2015\/03\/planes.png 640w\" sizes=\"(max-width: 300px) 100vw, 300px\" \/><\/p>\n<p>El IES Casabermeja participa en varios planes y programas educativos. Si quieres conocer qu\u00e9 se hace en ellos, pincha en los enlaces que aparecen a continuaci\u00f3n:<\/p>\n<ul>\n<li>PROA (Plan de acompa\u00f1amiento).<\/li>\n<li><a href=\"https:\/\/blogsaverroes.juntadeandalucia.es\/iescasabermeja\/plan-de-igualdad-en-educacion\/\">Plan de Igualdad en Educaci\u00f3n.<\/a><\/li>\n<li><a href=\"https:\/\/blogsaverroes.juntadeandalucia.es\/programaaldea\/\">Programa Aldea.<\/a><\/li>\n<li><a href=\"https:\/\/blogsaverroes.juntadeandalucia.es\/iescasabermeja\/planes-y-proyectos\/programa-comunica\/\">Programa ComunicA.<\/a><\/li>\n<li><a href=\"https:\/\/blogsaverroes.juntadeandalucia.es\/iescasabermeja\/planes-y-proyectos\/escuela-espacio-de-paz\/\">Programa Escuela: Espacio de Paz.<\/a><\/li>\n<li><a href=\"https:\/\/blogsaverroes.juntadeandalucia.es\/iescasabermeja\/programa-forma-joven\/\">Programa Forma Joven.<\/a><\/li>\n<li><a href=\"http:\/\/www.juntadeandalucia.es\/educacion\/portals\/delegate\/content\/dc4a9963-7276-49eb-bf2e-f439f6fbf148\">Programa Innicia.<\/a><\/li>\n<\/ul>\n<p>&nbsp;<\/p>\n<p><a href=\"https:\/\/blogsaverroes.juntadeandalucia.es\/iescasabermeja\/files\/2019\/11\/IMGP6188.jpg\"><img fetchpriority=\"high\" decoding=\"async\" class=\"alignnone size-large wp-image-2529\" src=\"https:\/\/blogsaverroes.juntadeandalucia.es\/iescasabermeja\/files\/2019\/11\/IMGP6188-1024x543.jpg\" alt=\"\" width=\"589\" height=\"312\" srcset=\"https:\/\/blogsaverroes.juntadeandalucia.es\/iescasabermeja\/files\/2019\/11\/IMGP6188.jpg 1024w, https:\/\/blogsaverroes.juntadeandalucia.es\/iescasabermeja\/files\/2019\/11\/IMGP6188-300x159.jpg 300w, https:\/\/blogsaverroes.juntadeandalucia.es\/iescasabermeja\/files\/2019\/11\/IMGP6188-768x407.jpg 768w, https:\/\/blogsaverroes.juntadeandalucia.es\/iescasabermeja\/files\/2019\/11\/IMGP6188-24x13.jpg 24w, https:\/\/blogsaverroes.juntadeandalucia.es\/iescasabermeja\/files\/2019\/11\/IMGP6188-36x19.jpg 36w, https:\/\/blogsaverroes.juntadeandalucia.es\/iescasabermeja\/files\/2019\/11\/IMGP6188-48x25.jpg 48w\" sizes=\"(max-width: 589px) 100vw, 589px\" \/><\/a><\/p>\n","protected":false},"excerpt":{"rendered":"<p>El IES Casabermeja participa en varios planes y programas educativos. Si quieres conocer qu\u00e9 se hace en ellos, pincha en los enlaces que aparecen a continuaci\u00f3n: PROA (Plan de acompa\u00f1amiento). Plan de Igualdad en&#46;&#46;&#46;<\/p>\n","protected":false},"author":7915,"featured_media":0,"parent":0,"menu_order":0,"comment_status":"closed","ping_status":"closed","template":"","meta":{"ngg_post_thumbnail":0,"footnotes":"","_mc_calendar":[]},"aioseo_notices":[],"_links":{"self":[{"href":"https:\/\/blogsaverroes.juntadeandalucia.es\/iescasabermeja\/wp-json\/wp\/v2\/pages\/2627"}],"collection":[{"href":"https:\/\/blogsaverroes.juntadeandalucia.es\/iescasabermeja\/wp-json\/wp\/v2\/pages"}],"about":[{"href":"https:\/\/blogsaverroes.juntadeandalucia.es\/iescasabermeja\/wp-json\/wp\/v2\/types\/page"}],"author":[{"embeddable":true,"href":"https:\/\/blogsaverroes.juntadeandalucia.es\/iescasabermeja\/wp-json\/wp\/v2\/users\/7915"}],"replies":[{"embeddable":true,"href":"https:\/\/blogsaverroes.juntadeandalucia.es\/iescasabermeja\/wp-json\/wp\/v2\/comments?post=2627"}],"version-history":[{"count":5,"href":"https:\/\/blogsaverroes.juntadeandalucia.es\/iescasabermeja\/wp-json\/wp\/v2\/pages\/2627\/revisions"}],"predecessor-version":[{"id":3018,"href":"https:\/\/blogsaverroes.juntadeandalucia.es\/iescasabermeja\/wp-json\/wp\/v2\/pages\/2627\/revisions\/3018"}],"wp:attachment":[{"href":"https:\/\/blogsaverroes.juntadeandalucia.es\/iescasabermeja\/wp-json\/wp\/v2\/media?parent=2627"}],"curies":[{"name":"wp","href":"https:\/\/api.w.org\/{rel}","templated":true}]}}