{"id":3009,"date":"2020-03-10T09:02:05","date_gmt":"2020-03-10T08:02:05","guid":{"rendered":"https:\/\/blogsaverroes.juntadeandalucia.es\/iescasabermeja\/?page_id=3009"},"modified":"2020-03-10T09:46:25","modified_gmt":"2020-03-10T08:46:25","slug":"programa-forma-joven","status":"publish","type":"page","link":"https:\/\/blogsaverroes.juntadeandalucia.es\/iescasabermeja\/programa-forma-joven\/","title":{"rendered":"Programa Forma Joven"},"content":{"rendered":"<p>&nbsp;<\/p>\n<p>&nbsp;<\/p>\n<p><a href=\"https:\/\/blogsaverroes.juntadeandalucia.es\/iescasabermeja\/files\/2020\/03\/Forma-joven.jpg\"><img fetchpriority=\"high\" decoding=\"async\" class=\"size-full wp-image-3010 aligncenter\" src=\"https:\/\/blogsaverroes.juntadeandalucia.es\/iescasabermeja\/files\/2020\/03\/Forma-joven.jpg\" alt=\"\" width=\"539\" height=\"144\" srcset=\"https:\/\/blogsaverroes.juntadeandalucia.es\/iescasabermeja\/files\/2020\/03\/Forma-joven.jpg 539w, https:\/\/blogsaverroes.juntadeandalucia.es\/iescasabermeja\/files\/2020\/03\/Forma-joven-300x80.jpg 300w, https:\/\/blogsaverroes.juntadeandalucia.es\/iescasabermeja\/files\/2020\/03\/Forma-joven-24x6.jpg 24w, https:\/\/blogsaverroes.juntadeandalucia.es\/iescasabermeja\/files\/2020\/03\/Forma-joven-36x10.jpg 36w, https:\/\/blogsaverroes.juntadeandalucia.es\/iescasabermeja\/files\/2020\/03\/Forma-joven-48x13.jpg 48w\" sizes=\"(max-width: 539px) 100vw, 539px\" \/><\/a><\/p>\n<p align=\"JUSTIFY\"><span style=\"font-family: Comic Sans MS, cursive\"><span lang=\"\">Durante este curso <\/span><\/span><span style=\"font-family: Comic Sans MS, cursive\"><span lang=\"\"><b>2019-2020, el IES Casabermeja <\/b><\/span><\/span><span style=\"font-family: Comic Sans MS, cursive\"><span lang=\"\">se adhiere al <\/span><\/span><span style=\"font-family: Comic Sans MS, cursive\"><span lang=\"\"><b>Programa para la Innovaci\u00f3n Educativa, H\u00e1bitos de Vida Saludable, modalidad Forma Joven <\/b><\/span><\/span><span style=\"font-family: Comic Sans MS, cursive\"><span lang=\"\">en el \u00c1mbito Educativo destinado centros docentes de Andaluc\u00eda sostenidos con fondos p\u00fablicos que imparten ense\u00f1anzas de educaci\u00f3n secundaria. <\/span><\/span><\/p>\n<p align=\"JUSTIFY\"><span style=\"font-family: Comic Sans MS, cursive\"><span lang=\"\">Estamos <\/span><\/span><span style=\"font-family: Comic Sans MS, cursive\"><span lang=\"\"><b>trabajando con el alumnado de 1\u00ba a 4\u00ba de la ESO<\/b><\/span><\/span><span style=\"font-family: Comic Sans MS, cursive\"><span lang=\"\">,los contenidos, las actividades y las estrategias de cada l\u00ednea de intervenci\u00f3n del Programa. <\/span><\/span><span style=\"font-family: Comic Sans MS, cursive\"><span lang=\"\"><b>Queremos despertar <\/b><\/span><\/span><span style=\"font-family: Comic Sans MS, cursive\"><span lang=\"\">en ellos y ellas, <\/span><\/span><span style=\"font-family: Comic Sans MS, cursive\"><span lang=\"\"><b>el gusto por cambiar h\u00e1bitos poco saludables por otros que s\u00ed lo sean y ofrecerles herramientas que les ayuden a mantenerlos a lo largo de su vida. <\/b><\/span><\/span><\/p>\n<p align=\"JUSTIFY\"><span style=\"font-family: Comic Sans MS, cursive\"><span lang=\"\">Las <\/span><\/span><span style=\"font-family: Comic Sans MS, cursive\"><span lang=\"\"><b>l\u00edneas de intervenci\u00f3n <\/b><\/span><\/span><span style=\"font-family: Comic Sans MS, cursive\"><span lang=\"\">en las que estamos trabajando son:<\/span><\/span><\/p>\n<p>&nbsp;<\/p>\n<p style=\"text-align: center\"><a href=\"https:\/\/blogsaverroes.juntadeandalucia.es\/iescasabermeja\/files\/2020\/03\/Forma-joven2.jpg\"><img decoding=\"async\" class=\"alignnone size-full wp-image-3022\" src=\"https:\/\/blogsaverroes.juntadeandalucia.es\/iescasabermeja\/files\/2020\/03\/Forma-joven2.jpg\" alt=\"\" width=\"548\" height=\"225\" srcset=\"https:\/\/blogsaverroes.juntadeandalucia.es\/iescasabermeja\/files\/2020\/03\/Forma-joven2.jpg 548w, https:\/\/blogsaverroes.juntadeandalucia.es\/iescasabermeja\/files\/2020\/03\/Forma-joven2-300x123.jpg 300w, https:\/\/blogsaverroes.juntadeandalucia.es\/iescasabermeja\/files\/2020\/03\/Forma-joven2-24x10.jpg 24w, https:\/\/blogsaverroes.juntadeandalucia.es\/iescasabermeja\/files\/2020\/03\/Forma-joven2-36x15.jpg 36w, https:\/\/blogsaverroes.juntadeandalucia.es\/iescasabermeja\/files\/2020\/03\/Forma-joven2-48x20.jpg 48w\" sizes=\"(max-width: 548px) 100vw, 548px\" \/><\/a><\/p>\n<p align=\"JUSTIFY\"><span style=\"font-family: Comic Sans MS, cursive\"><span lang=\"\">Durante las <\/span><\/span><span style=\"font-family: Comic Sans MS, cursive\"><span lang=\"\"><b>clases de la materia de Salud<\/b><\/span><\/span><span style=\"font-family: Comic Sans MS, cursive\"><span lang=\"\">, en <\/span><\/span><span style=\"font-family: Comic Sans MS, cursive\"><span lang=\"\"><b>1\u00ba y 3\u00ba de la ESO ,<\/b><\/span><\/span><span style=\"font-family: Comic Sans MS, cursive\"><span lang=\"\">conocemos los beneficios que nos aporta <\/span><\/span><span style=\"font-family: Comic Sans MS, cursive\"><span lang=\"\"><b>comer de forma saludable<\/b><\/span><\/span><span style=\"font-family: Comic Sans MS, cursive\"><span lang=\"\">.<\/span><\/span><\/p>\n<p align=\"JUSTIFY\"><span style=\"font-family: Comic Sans MS, cursive\"><span lang=\"\">Aprendemos a hacer <\/span><\/span><span style=\"font-family: Comic Sans MS, cursive\"><span lang=\"\"><b>dietas equilibradas a las necesidades nutricionales <\/b><\/span><\/span><span style=\"font-family: Comic Sans MS, cursive\"><span lang=\"\">de los y las j\u00f3venes de estas edades.<\/span><\/span><\/p>\n<p align=\"JUSTIFY\"><span style=\"font-family: Comic Sans MS, cursive\"><span lang=\"\">Conocer la importancia de los <\/span><\/span><span style=\"font-family: Comic Sans MS, cursive\"><span lang=\"\"><b>alimentos naturales<\/b><\/span><\/span><span style=\"font-family: Comic Sans MS, cursive\"><span lang=\"\">, consumirlos <\/span><\/span><span style=\"font-family: Comic Sans MS, cursive\"><span lang=\"\"><b>frescos y de temporada.<\/b><\/span><\/span><\/p>\n<p align=\"JUSTIFY\"><span style=\"font-family: Comic Sans MS, cursive\"><span lang=\"\">Evitar alimentos con az\u00facares a\u00f1adidos y bebidas estimulantes,cambi\u00e1ndolas por una dieta rica en frutas, verduras, legumbres&#8230; As\u00ed como la <\/span><\/span><span style=\"font-family: Comic Sans MS, cursive\"><span lang=\"\"><b>ingesta adecuada de agua para mantenernos hidratados. <\/b><\/span><\/span><\/p>\n<p align=\"JUSTIFY\"><span style=\"font-family: Comic Sans MS, cursive\"><span lang=\"\">Promovemos la <\/span><\/span><span style=\"font-family: Comic Sans MS, cursive\"><span lang=\"\"><b>dieta mediterr\u00e1nea y el ejercicio f\u00edsico diario<\/b><\/span><\/span><span style=\"font-family: Comic Sans MS, cursive\"><span lang=\"\">. <\/span><\/span><\/p>\n<p align=\"JUSTIFY\"><span style=\"font-family: Comic Sans MS, cursive\"><span lang=\"\">Desde el <\/span><\/span><span style=\"font-family: Comic Sans MS, cursive\"><span lang=\"\"><b>Departamento de Educaci\u00f3n F\u00edsica,<\/b><\/span><\/span><span style=\"font-family: Comic Sans MS, cursive\"><span lang=\"\"> se fomenta el ejercicio f\u00edsico, tanto <\/span><\/span><span style=\"font-family: Comic Sans MS, cursive\"><span lang=\"\"><b>dentro como fuera del Instituto<\/b><\/span><\/span><span style=\"font-family: Comic Sans MS, cursive\"><span lang=\"\">. <\/span><\/span><\/p>\n<p align=\"JUSTIFY\"><span style=\"font-family: Comic Sans MS, cursive\"><span lang=\"\">Se Realizan salidas al entorno,como la <\/span><\/span><span style=\"font-family: Comic Sans MS, cursive\"><span lang=\"\"><b><a href=\"https:\/\/blogsaverroes.juntadeandalucia.es\/iescasabermeja\/marcha-solidaria-save-the-children\/\">marcha solidaria SAVE THE CHILDREN<\/a> organizada el 27 de noviembre <\/b><\/span><\/span><span style=\"font-family: Comic Sans MS, cursive\"><span lang=\"\">por el Ayuntamiento de Casabermeja con la participaci\u00f3n del CEIP San Sebasti\u00e1n y del IES Casabermeja.<\/span><\/span><\/p>\n<p align=\"JUSTIFY\"><span style=\"font-family: Comic Sans MS, cursive\"><span lang=\"\">Se realizan <\/span><\/span><span style=\"font-family: Comic Sans MS, cursive\"><span lang=\"\"><b><a href=\"https:\/\/blogsaverroes.juntadeandalucia.es\/iescasabermeja\/visita-al-parque-de-arborismo-trabulea\/\">actividades al aire libre en el Parque de arborismo<\/a> en el Centro de Educaci\u00f3n Medioambiental de Villanueva del Trabuco. <\/b><\/span><\/span><\/p>\n<p align=\"JUSTIFY\"><span style=\"font-family: Comic Sans MS, cursive\"><span lang=\"\">En diciembre, realiz\u00f3 <\/span><\/span><span style=\"font-family: Comic Sans MS, cursive\"><span lang=\"\"><b>una <a href=\"https:\/\/blogsaverroes.juntadeandalucia.es\/iescasabermeja\/el-alumnado-de-1o-participa-en-un-taller-de-la-escuela-provincial-de-jabega\/\">actividad de remo<\/a> el alumnado de 1\u00ba de la ESO, bastante motivadora, fomentando tambi\u00e9n la actividad f\u00edsica en el medio acu\u00e1tico ,organizada por la Diputaci\u00f3n de M\u00e1laga.<\/b><\/span><\/span><\/p>\n<p align=\"JUSTIFY\"><span style=\"font-family: Comic Sans MS, cursive\"><span lang=\"\">El <\/span><\/span><span style=\"font-family: Comic Sans MS, cursive\"><span lang=\"\"><b>Viernes 21 de febrero <\/b><\/span><\/span><span style=\"font-family: Comic Sans MS, cursive\"><span lang=\"\">, celebramos el <\/span><\/span><span style=\"font-family: Comic Sans MS, cursive\"><span lang=\"\"><b>d\u00eda de Andaluc\u00eda <\/b><\/span><\/span><span style=\"font-family: Comic Sans MS, cursive\"><span lang=\"\">con un <\/span><\/span><a href=\"https:\/\/blogsaverroes.juntadeandalucia.es\/iescasabermeja\/desayuno-andaluz-por-cortesia-del-a-m-p-a\/\"><span style=\"font-family: Comic Sans MS, cursive\"><span lang=\"\"><b>desayuno andaluz <\/b><\/span><\/span><\/a><span style=\"font-family: Comic Sans MS, cursive\"><span lang=\"\">muy saludable y la colaboraci\u00f3n del nuestro <\/span><\/span><span style=\"font-family: Comic Sans MS, cursive\"><span lang=\"\"><b>alumnado de 4\u00ba en la organizaci\u00f3n y apoyo de juegos tradicionales con el alumnado del CEIP San Sebasti\u00e1n. <\/b><\/span><\/span><\/p>\n<p align=\"JUSTIFY\"><span style=\"font-family: Comic Sans MS, cursive\"><span lang=\"\">El Departamento de Educaci\u00f3n F\u00edsica apoyado por la <\/span><\/span><span style=\"font-family: Comic Sans MS, cursive\"><span lang=\"\"><b>Asociaci\u00f3n de Consumidores Al- \u00c1ndalus,<\/b><\/span><\/span><span style=\"font-family: Comic Sans MS, cursive\"><span lang=\"\"> va a <\/span><\/span><span style=\"font-family: Comic Sans MS, cursive\"><span lang=\"\"><b>realizar una charla con el alumnado de 3\u00ba de ESO sobre c\u00f3mo rellenar y tramitar una carta de reclamaci\u00f3n<\/b><\/span><\/span><span style=\"font-family: Comic Sans MS, cursive\"><span lang=\"\">, para que el alumnado conozca sus derechos y deberes a la hora de consumir cualquier producto alimenticio.<\/span><\/span><\/p>\n<p align=\"JUSTIFY\"><span style=\"font-family: Comic Sans MS, cursive\"><span lang=\"\"><b>Seguimos trabajando en esta l\u00ednea desde el Departamento de Biolog\u00eda -Geolog\u00eda y el Departamento de Educaci\u00f3n F\u00edsica ofreciendo informaci\u00f3n y recursos para la prevenci\u00f3n de enfermedades. Trabajando tambi\u00e9n en Educaci\u00f3n Vial.<\/b><\/span><\/span><\/p>\n<p>&nbsp;<\/p>\n<p style=\"text-align: center\"><a href=\"https:\/\/blogsaverroes.juntadeandalucia.es\/iescasabermeja\/files\/2020\/03\/Forma-joven3.jpg\"><img decoding=\"async\" class=\"alignnone size-full wp-image-3023\" src=\"https:\/\/blogsaverroes.juntadeandalucia.es\/iescasabermeja\/files\/2020\/03\/Forma-joven3.jpg\" alt=\"\" width=\"589\" height=\"292\" srcset=\"https:\/\/blogsaverroes.juntadeandalucia.es\/iescasabermeja\/files\/2020\/03\/Forma-joven3.jpg 589w, https:\/\/blogsaverroes.juntadeandalucia.es\/iescasabermeja\/files\/2020\/03\/Forma-joven3-300x149.jpg 300w, https:\/\/blogsaverroes.juntadeandalucia.es\/iescasabermeja\/files\/2020\/03\/Forma-joven3-24x12.jpg 24w, https:\/\/blogsaverroes.juntadeandalucia.es\/iescasabermeja\/files\/2020\/03\/Forma-joven3-36x18.jpg 36w, https:\/\/blogsaverroes.juntadeandalucia.es\/iescasabermeja\/files\/2020\/03\/Forma-joven3-48x24.jpg 48w\" sizes=\"(max-width: 589px) 100vw, 589px\" \/><\/a><\/p>\n<p align=\"JUSTIFY\"><span style=\"font-family: Comic Sans MS, cursive\"><span lang=\"\">Durante las horas de <\/span><\/span><span style=\"font-family: Comic Sans MS, cursive\"><span lang=\"\"><b>tutor\u00eda, <\/b><\/span><\/span><span style=\"font-family: Comic Sans MS, cursive\"><span lang=\"\">estamos trabajando con el alumnado: <\/span><\/span><span style=\"font-family: Comic Sans MS, cursive\"><span lang=\"\"><b>Conciencia Emocional, Regulaci\u00f3n Emocional, Autonom\u00eda Emocional, Competencia Social, Competencias para la Vida y el Bienestar<\/b><\/span><\/span><span style=\"font-family: Comic Sans MS, cursive\"><span lang=\"\">. Utilizamos como recursos el material fotocopiable de la web del Programa. <\/span><\/span><\/p>\n<p>&nbsp;<\/p>\n<p style=\"text-align: center\"><a href=\"https:\/\/blogsaverroes.juntadeandalucia.es\/iescasabermeja\/files\/2020\/03\/Forma-joven4.jpg\"><img loading=\"lazy\" decoding=\"async\" class=\"alignnone size-full wp-image-3024\" src=\"https:\/\/blogsaverroes.juntadeandalucia.es\/iescasabermeja\/files\/2020\/03\/Forma-joven4.jpg\" alt=\"\" width=\"574\" height=\"361\" srcset=\"https:\/\/blogsaverroes.juntadeandalucia.es\/iescasabermeja\/files\/2020\/03\/Forma-joven4.jpg 574w, https:\/\/blogsaverroes.juntadeandalucia.es\/iescasabermeja\/files\/2020\/03\/Forma-joven4-300x189.jpg 300w, https:\/\/blogsaverroes.juntadeandalucia.es\/iescasabermeja\/files\/2020\/03\/Forma-joven4-24x15.jpg 24w, https:\/\/blogsaverroes.juntadeandalucia.es\/iescasabermeja\/files\/2020\/03\/Forma-joven4-36x23.jpg 36w, https:\/\/blogsaverroes.juntadeandalucia.es\/iescasabermeja\/files\/2020\/03\/Forma-joven4-48x30.jpg 48w\" sizes=\"(max-width: 574px) 100vw, 574px\" \/><\/a><\/p>\n<p align=\"JUSTIFY\"><span style=\"font-family: Comic Sans MS, cursive\"><span lang=\"\">En colaboraci\u00f3n con el Plan de Igualdad de nuestro Centro, se han realizado <\/span><\/span><span style=\"font-family: Comic Sans MS, cursive\"><span lang=\"\"><b>charlas y\/o talleres con el alumnado de 3\u00ba de la ESO sobre Amor,sexualidad y prevenci\u00f3n del maltrato , el 11 y 18 de diciembre. Y 4\u00ba de ESO realiz\u00f3 un taller \u00abA golpe de click\u00bb el 3 de diciembre. <\/b><\/span><\/span><span style=\"font-family: Comic Sans MS, cursive\"><span lang=\"\">Hubo bastante participaci\u00f3n del alumnado, observando distintas inquietudes y resolviendo dudas que iban surgiendo a lo largo de las charlas. <\/span><\/span><\/p>\n<p align=\"JUSTIFY\"><span style=\"font-family: Comic Sans MS, cursive\"><span lang=\"\"><b>Seguimos trabajando desde las tutor\u00edas y el Departamento de Orientaci\u00f3n, atendiendo cualquier duda o problema que pudiese tener el alumnado sobre temas relacionados con esta l\u00ednea de intervenci\u00f3n.<\/b><\/span><\/span><\/p>\n<p align=\"JUSTIFY\">&nbsp;<\/p>\n<p style=\"text-align: center\" align=\"JUSTIFY\"><a href=\"https:\/\/blogsaverroes.juntadeandalucia.es\/iescasabermeja\/files\/2020\/03\/Forma-joven5.jpg\"><img loading=\"lazy\" decoding=\"async\" class=\"alignnone size-full wp-image-3025\" src=\"https:\/\/blogsaverroes.juntadeandalucia.es\/iescasabermeja\/files\/2020\/03\/Forma-joven5.jpg\" alt=\"\" width=\"507\" height=\"327\" srcset=\"https:\/\/blogsaverroes.juntadeandalucia.es\/iescasabermeja\/files\/2020\/03\/Forma-joven5.jpg 507w, https:\/\/blogsaverroes.juntadeandalucia.es\/iescasabermeja\/files\/2020\/03\/Forma-joven5-300x193.jpg 300w, https:\/\/blogsaverroes.juntadeandalucia.es\/iescasabermeja\/files\/2020\/03\/Forma-joven5-280x180.jpg 280w, https:\/\/blogsaverroes.juntadeandalucia.es\/iescasabermeja\/files\/2020\/03\/Forma-joven5-24x15.jpg 24w, https:\/\/blogsaverroes.juntadeandalucia.es\/iescasabermeja\/files\/2020\/03\/Forma-joven5-36x23.jpg 36w, https:\/\/blogsaverroes.juntadeandalucia.es\/iescasabermeja\/files\/2020\/03\/Forma-joven5-48x31.jpg 48w\" sizes=\"(max-width: 507px) 100vw, 507px\" \/><\/a><\/p>\n<p align=\"JUSTIFY\"><span style=\"font-family: Comic Sans MS, cursive\"><span lang=\"\">El <\/span><\/span><span style=\"font-family: Comic Sans MS, cursive\"><span lang=\"\"><b>Departamento de Tecnolog\u00eda y nuestro coordinador Tic trabajan con el alumnado de todos los niveles los recursos disponibles en la web del Programa<\/b><\/span><\/span><span style=\"font-family: Comic Sans MS, cursive\"><span lang=\"\">.<\/span><\/span><\/p>\n<p align=\"JUSTIFY\"><span style=\"font-family: Comic Sans MS, cursive\"><span lang=\"\">La primera actuaci\u00f3n que se llev\u00f3 a cabo fue una charla acerca de los <a href=\"https:\/\/blogsaverroes.juntadeandalucia.es\/iescasabermeja\/seguridad-y-responsabilidad-en-el-uso-del-telefono-movil\/\"><strong>riesgos del uso inadecuado de los dispositivos m\u00f3viles<\/strong>,<\/a> llevada a cabo por D. Ernesto J. Abad, coordinador TIC del centro. Dicha charla fue programada ante la aparici\u00f3n de problemas de convivencia derivados del mal uso de los tel\u00e9fonos m\u00f3viles por algunos miembros del alumnado. Aunque inicialmente estaba prevista para los grupos de 1\u00ba y 2\u00ba, se ampli\u00f3 al alumnado de 3\u00ba y 4\u00ba.<\/span><\/span><\/p>\n<p align=\"JUSTIFY\"><span style=\"font-family: Comic Sans MS, cursive\"><span lang=\"\">El <\/span><\/span><span style=\"font-family: Comic Sans MS, cursive\"><span lang=\"\"><b>18 de febrero<\/b><\/span><\/span><span style=\"font-family: Comic Sans MS, cursive\"><span lang=\"\">,desde el <\/span><\/span><span style=\"font-family: Comic Sans MS, cursive\"><span lang=\"\"><b>Plan Director, la Guardia Civil <\/b><\/span><\/span><span style=\"font-family: Comic Sans MS, cursive\"><span lang=\"\">ha llevado a cabo unas <\/span><\/span><span style=\"font-family: Comic Sans MS, cursive\"><span lang=\"\"><b>charlas <\/b><\/span><\/span><span style=\"font-family: Comic Sans MS, cursive\"><span lang=\"\">con el alumnado de <\/span><\/span><span style=\"font-family: Comic Sans MS, cursive\"><span lang=\"\"><b>1\u00ba y 2\u00ba de ESO <\/b><\/span><\/span><span style=\"font-family: Comic Sans MS, cursive\"><span lang=\"\">sobre ciberbullying, riesgo en internet y sanciones.<\/span><\/span><\/p>\n<p align=\"JUSTIFY\"><span style=\"font-family: Comic Sans MS, cursive\"><span lang=\"\">Se van a realizar <\/span><\/span><span style=\"font-family: Comic Sans MS, cursive\"><span lang=\"\"><b>talleres sobre el uso positivo de las tic <\/b><\/span><\/span><span style=\"font-family: Comic Sans MS, cursive\"><span lang=\"\">con el alumnado de <\/span><\/span><span style=\"font-family: Comic Sans MS, cursive\"><span lang=\"\"><b>2\u00ba y 1\u00bade ESO <\/b><\/span><\/span><span style=\"font-family: Comic Sans MS, cursive\"><span lang=\"\">por parte del <\/span><\/span><span style=\"font-family: Comic Sans MS, cursive\"><span lang=\"\"><b>Consorcio Montes Alta-Axarqu\u00eda <\/b><\/span><\/span><span style=\"font-family: Comic Sans MS, cursive\"><span lang=\"\">de M\u00e1laga durante los d\u00edas <\/span><\/span><span style=\"font-family: Comic Sans MS, cursive\"><span lang=\"\"><b>22,23, 24 de abril y 8 de mayo <\/b><\/span><\/span><span style=\"font-family: Comic Sans MS, cursive\"><span lang=\"\">en las horas de tutor\u00eda.<\/span><\/span><\/p>\n<p align=\"JUSTIFY\"><span style=\"font-family: Comic Sans MS, cursive\"><span lang=\"\">Tambi\u00e9n se realizar\u00e1 un <\/span><\/span><span style=\"font-family: Comic Sans MS, cursive\"><span lang=\"\"><b>taller por parte del t\u00e9cnico de Juventud<\/b><\/span><\/span><span style=\"font-family: Comic Sans MS, cursive\"><span lang=\"\"> del Ayuntamiento de Casabermeja, para el <\/span><\/span><span style=\"font-family: Comic Sans MS, cursive\"><span lang=\"\"><b>alumnado de 4\u00ba de ESO <\/b><\/span><\/span><span style=\"font-family: Comic Sans MS, cursive\"><span lang=\"\">sobre el riesgo y el peligro que entra\u00f1a <\/span><\/span><span style=\"font-family: Comic Sans MS, cursive\"><span lang=\"\"><b>el juego online <\/b><\/span><\/span><span style=\"font-family: Comic Sans MS, cursive\"><span lang=\"\">para cualquier persona y sobre todo, para menores de edad.<\/span><\/span><\/p>\n<p align=\"JUSTIFY\">&nbsp;<\/p>\n<p style=\"text-align: center\" align=\"JUSTIFY\"><a href=\"https:\/\/blogsaverroes.juntadeandalucia.es\/iescasabermeja\/files\/2020\/03\/Forma-joven6.jpg\"><img loading=\"lazy\" decoding=\"async\" class=\"alignnone size-full wp-image-3026\" src=\"https:\/\/blogsaverroes.juntadeandalucia.es\/iescasabermeja\/files\/2020\/03\/Forma-joven6.jpg\" alt=\"\" width=\"547\" height=\"253\" srcset=\"https:\/\/blogsaverroes.juntadeandalucia.es\/iescasabermeja\/files\/2020\/03\/Forma-joven6.jpg 547w, https:\/\/blogsaverroes.juntadeandalucia.es\/iescasabermeja\/files\/2020\/03\/Forma-joven6-300x139.jpg 300w, https:\/\/blogsaverroes.juntadeandalucia.es\/iescasabermeja\/files\/2020\/03\/Forma-joven6-24x11.jpg 24w, https:\/\/blogsaverroes.juntadeandalucia.es\/iescasabermeja\/files\/2020\/03\/Forma-joven6-36x17.jpg 36w, https:\/\/blogsaverroes.juntadeandalucia.es\/iescasabermeja\/files\/2020\/03\/Forma-joven6-48x22.jpg 48w\" sizes=\"(max-width: 547px) 100vw, 547px\" \/><\/a><\/p>\n<p align=\"JUSTIFY\"><span style=\"font-family: Comic Sans MS, cursive\"><span lang=\"\"><b>Desde el Plan Director, la Guardia Civil <\/b><\/span><\/span><span style=\"font-family: Comic Sans MS, cursive\"><span lang=\"\">realizar\u00e1 unas charlas en las que se trabajaran las consecuencias del consumo de alcohol y otras sustancias en menores de edad.<\/span><\/span><\/p>\n<p align=\"JUSTIFY\"><span style=\"font-family: Comic Sans MS, cursive\"><span lang=\"\"><b>El t\u00e9cnico de Juventud del Ayuntamiento de Casabermeja<\/b><\/span><\/span><span style=\"font-family: Comic Sans MS, cursive\"><span lang=\"\">, realizar\u00e1 varias charlas y\/o talleres con el alumnado de nuestro Centro, sobre los da\u00f1os que provoca en la salud de cualquier persona , el consumo de sustancias adictivas como el <\/span><\/span><span style=\"font-family: Comic Sans MS, cursive\"><span lang=\"\"><b>tabaco, el alcohol y el cannabis.<\/b><\/span><\/span><\/p>\n<p align=\"JUSTIFY\"><span style=\"font-family: Comic Sans MS, cursive\"><span lang=\"\">Con el alumnado de <\/span><\/span><span style=\"font-family: Comic Sans MS, cursive\"><span lang=\"\"><b>1\u00ba de ESO<\/b><\/span><\/span><span style=\"font-family: Comic Sans MS, cursive\"><span lang=\"\">, se trabajar\u00e1 sobre la peligrosidad del consumo de <\/span><\/span><span style=\"font-family: Comic Sans MS, cursive\"><span lang=\"\"><b>tabaco<\/b><\/span><\/span><span style=\"font-family: Comic Sans MS, cursive\"><span lang=\"\"> para la salud,<\/span><\/span><span style=\"font-family: Comic Sans MS, cursive\"><span lang=\"\"><b>el 13 de marzo <\/b><\/span><\/span><span style=\"font-family: Comic Sans MS, cursive\"><span lang=\"\">en la hora de tutor\u00eda. <\/span><\/span><\/p>\n<p align=\"JUSTIFY\"><span style=\"font-family: Comic Sans MS, cursive\"><span lang=\"\">Con el alumnado de <\/span><\/span><span style=\"font-family: Comic Sans MS, cursive\"><span lang=\"\"><b>2\u00ba de ESO<\/b><\/span><\/span><span style=\"font-family: Comic Sans MS, cursive\"><span lang=\"\">,se trabajar\u00e1 sobre la peligrosidad del consumo de <\/span><\/span><span style=\"font-family: Comic Sans MS, cursive\"><span lang=\"\"><b>alcohol<\/b><\/span><\/span><span style=\"font-family: Comic Sans MS, cursive\"><span lang=\"\"> para la salud, <\/span><\/span><span style=\"font-family: Comic Sans MS, cursive\"><span lang=\"\"><b>el 4 y 12 de marzo <\/b><\/span><\/span><span style=\"font-family: Comic Sans MS, cursive\"><span lang=\"\">en la hora de tutor\u00eda.<\/span><\/span><\/p>\n<p align=\"JUSTIFY\"><span style=\"font-family: Comic Sans MS, cursive\"><span lang=\"\">Con el alumnado de <\/span><\/span><span style=\"font-family: Comic Sans MS, cursive\"><span lang=\"\"><b>3\u00ba de ESO<\/b><\/span><\/span><span style=\"font-family: Comic Sans MS, cursive\"><span lang=\"\">, se trabajar\u00e1 sobre la peligrosidad del consumo de cannabis para la salud, <\/span><\/span><span style=\"font-family: Comic Sans MS, cursive\"><span lang=\"\"><b>15 y 16 de abril <\/b><\/span><\/span><span style=\"font-family: Comic Sans MS, cursive\"><span lang=\"\">en la hora de tutor\u00eda.<\/span><\/span><\/p>\n<p lang=\"\" align=\"JUSTIFY\"><span style=\"font-family: Comic Sans MS, cursive\">En todas las charlas y\/o talleres, ofreceremos al alumnado de cada nivel, recursos para que valore la importancia de tener h\u00e1bitos de vida saludables que les ayuden a evitar consumir cualquier sustancia nociva para su salud.<\/span><\/p>\n<p lang=\"\" align=\"JUSTIFY\">&nbsp;<\/p>\n<p lang=\"\" align=\"JUSTIFY\"><span style=\"font-family: Comic Sans MS, cursive\"><i><b>Gracias a todos los compa\u00f1eros y compa\u00f1eras del IES Casabermeja, Instituto de la Mujer, IAJ, Guardia Civil,Asociaciones y Consorcios, Ayuntamiento de Casabermeja y en especial a D. Jos\u00e9 Lu\u00eds Fern\u00e1ndez, t\u00e9cnico de Juventud, por vuestra implicaci\u00f3n y buen trabajo que hace posible educar en salud a nuestro alumnado.<\/b><\/i><\/span><\/p>\n<p align=\"JUSTIFY\">&nbsp;<\/p>\n<p>&nbsp;<\/p>\n<p>Para conocer las actuaciones que se est\u00e1n llevando a cabo, <a href=\"https:\/\/blogsaverroes.juntadeandalucia.es\/iescasabermeja\/category\/planes-y-programas\/programa-forma-joven\/\">pincha aqu\u00ed.<\/a><\/p>\n","protected":false},"excerpt":{"rendered":"<p>&nbsp; &nbsp; Durante este curso 2019-2020, el IES Casabermeja se adhiere al Programa para la Innovaci\u00f3n Educativa, H\u00e1bitos de Vida Saludable, modalidad Forma Joven en el \u00c1mbito Educativo destinado centros docentes de Andaluc\u00eda sostenidos&#46;&#46;&#46;<\/p>\n","protected":false},"author":7915,"featured_media":0,"parent":0,"menu_order":0,"comment_status":"closed","ping_status":"closed","template":"","meta":{"ngg_post_thumbnail":0,"footnotes":"","_mc_calendar":[]},"aioseo_notices":[],"_links":{"self":[{"href":"https:\/\/blogsaverroes.juntadeandalucia.es\/iescasabermeja\/wp-json\/wp\/v2\/pages\/3009"}],"collection":[{"href":"https:\/\/blogsaverroes.juntadeandalucia.es\/iescasabermeja\/wp-json\/wp\/v2\/pages"}],"about":[{"href":"https:\/\/blogsaverroes.juntadeandalucia.es\/iescasabermeja\/wp-json\/wp\/v2\/types\/page"}],"author":[{"embeddable":true,"href":"https:\/\/blogsaverroes.juntadeandalucia.es\/iescasabermeja\/wp-json\/wp\/v2\/users\/7915"}],"replies":[{"embeddable":true,"href":"https:\/\/blogsaverroes.juntadeandalucia.es\/iescasabermeja\/wp-json\/wp\/v2\/comments?post=3009"}],"version-history":[{"count":6,"href":"https:\/\/blogsaverroes.juntadeandalucia.es\/iescasabermeja\/wp-json\/wp\/v2\/pages\/3009\/revisions"}],"predecessor-version":[{"id":3031,"href":"https:\/\/blogsaverroes.juntadeandalucia.es\/iescasabermeja\/wp-json\/wp\/v2\/pages\/3009\/revisions\/3031"}],"wp:attachment":[{"href":"https:\/\/blogsaverroes.juntadeandalucia.es\/iescasabermeja\/wp-json\/wp\/v2\/media?parent=3009"}],"curies":[{"name":"wp","href":"https:\/\/api.w.org\/{rel}","templated":true}]}}