{"id":49,"date":"2015-03-13T08:47:05","date_gmt":"2015-03-13T08:47:05","guid":{"rendered":"http:\/\/blogsaverroes.juntadeandalucia.es\/pre\/ceip\/?page_id=49"},"modified":"2021-01-11T17:34:44","modified_gmt":"2021-01-11T16:34:44","slug":"plan-de-centro","status":"publish","type":"page","link":"https:\/\/blogsaverroes.juntadeandalucia.es\/iescasabermeja\/plan-de-centro\/","title":{"rendered":"Plan de Centro"},"content":{"rendered":"<p><img fetchpriority=\"high\" decoding=\"async\" class=\"alignnone size-medium wp-image-1662\" src=\"http:\/\/blogsaverroes.juntadeandalucia.es\/temafrontieries\/files\/2015\/03\/proyecto-300x266.png\" alt=\"proyecto\" width=\"300\" height=\"266\" srcset=\"https:\/\/blogsaverroes.juntadeandalucia.es\/iescasabermeja\/files\/2015\/03\/proyecto-300x266.png 300w, https:\/\/blogsaverroes.juntadeandalucia.es\/iescasabermeja\/files\/2015\/03\/proyecto.png 640w\" sizes=\"(max-width: 300px) 100vw, 300px\" \/><\/p>\n<p>El IES Casabermeja, dentro de su apuesta por la transparencia y por la implicaci\u00f3n de los distintos agentes dentro del proceso educativo, pone a disposici\u00f3n de la comunidad el <em><strong>Plan de Centro<\/strong><\/em>, que es la base de la labor docente, y que regula el funcionamiento del centro.<\/p>\n<p>Dicho plan est\u00e1 constitu\u00eddo por los siguientes elementos:<\/p>\n<p><em><strong>Proyecto educativo:<\/strong><\/em><\/p>\n<p>Es el documento que da identidad propia a un centro. En \u00e9l no s\u00f3lo se hace referencia a aspectos curriculares, sino que es necesario tener en cuenta las caracter\u00edsticas del contexto del centro, as\u00ed como las necesidades espec\u00edficas que se detecten.<\/p>\n<p>Dentro de este documento se detallan aspectos como las l\u00edneas generales de actuaci\u00f3n pedag\u00f3gica, la atenci\u00f3n a la diversidad del alumnado, el Plan de Orientaci\u00f3n y Acci\u00f3n Tutorial, el Plan de Convivencia, el Plan de Formaci\u00f3n del Profesorado, los procedimientos de evaluaci\u00f3n interna,&#8230;<\/p>\n<p><a href=\"https:\/\/blogsaverroes.juntadeandalucia.es\/iescasabermeja\/files\/2021\/01\/Proyecto-Educativo.pdf\" target=\"_blank\" rel=\"noopener noreferrer\">Proyecto Educativo<\/a><\/p>\n<p>&nbsp;<\/p>\n<p><em><strong>Proyecto de gesti\u00f3n:<\/strong><\/em><\/p>\n<p>Es el instrumento que debe establecer los criterios a seguir en las decisiones relativas a la gesti\u00f3n de los recursos humanos, materiales y econ\u00f3micos del Centro, favoreciendo el uso responsable de los mismos.<\/p>\n<p><a href=\"https:\/\/blogsaverroes.juntadeandalucia.es\/iescasabermeja\/files\/2021\/01\/Proyecto-de-Gesti\u00f3n.pdf\" target=\"_blank\" rel=\"noopener noreferrer\">Proyecto de Gesti\u00f3n<\/a><\/p>\n<p>&nbsp;<\/p>\n<p><em><strong>Reglamento de Organizaci\u00f3n y Funcionamiento (ROF):<\/strong><\/em><\/p>\n<p>El ROF es el instrumento que debe facilitar la consecuci\u00f3n del clima organizativo y funcional adecuado para alcanzar los objetivos que el centro se haya propuesto, y que permitan mantener un ambiente de respeto, confianza y colaboraci\u00f3n entre todos los sectores de la comunidad educativa.<\/p>\n<p>Es por tanto un documento vital para conseguir un adecuado clima en el centro, que posibilite y fomente la labor educativa y los aprendizajes.<\/p>\n<p><a href=\"https:\/\/blogsaverroes.juntadeandalucia.es\/iescasabermeja\/files\/2021\/01\/ROF.pdf\" target=\"_blank\" rel=\"noopener noreferrer\">Reglamento de Organizaci\u00f3n y Funcionamiento.<\/a><\/p>\n<p>&nbsp;<\/p>\n<p><em><strong>Plan de Autoprotecci\u00f3n:<\/strong><\/em><\/p>\n<p>Es el documento que trata de garantizar la seguridad y la idoneidad de las actuaciones a desarrollar en caso de emergencia.&nbsp; Actualmente est\u00e1 en proceso de revisi\u00f3n para su publicaci\u00f3n.<\/p>\n<p>&nbsp;<\/p>\n<p><em><strong>Protocolo COVID:<\/strong><\/em><\/p>\n<p>Forma parte del Plan de Autoprotecci\u00f3n, a modo de anexo. En \u00e9l se detallan todas las medidas y actuaciones orientadas a garantizar la seguridad sanitaria en la actual situaci\u00f3n de pandemia.<\/p>\n<p><a href=\"https:\/\/blogsaverroes.juntadeandalucia.es\/iescasabermeja\/files\/2020\/10\/PROTOCOLO-ACTUACI\u00d3N-COVID-19-Version-WEB.pdf\" target=\"_blank\" rel=\"noopener noreferrer\">Protocolo COVID-19<\/a><\/p>\n<p>&nbsp;<\/p>\n","protected":false},"excerpt":{"rendered":"<p>El IES Casabermeja, dentro de su apuesta por la transparencia y por la implicaci\u00f3n de los distintos agentes dentro del proceso educativo, pone a disposici\u00f3n de la comunidad el Plan de Centro, que es&#46;&#46;&#46;<\/p>\n","protected":false},"author":1,"featured_media":1662,"parent":0,"menu_order":0,"comment_status":"closed","ping_status":"open","template":"page-cs.php","meta":{"ngg_post_thumbnail":0,"footnotes":"","_mc_calendar":[]},"aioseo_notices":[],"_links":{"self":[{"href":"https:\/\/blogsaverroes.juntadeandalucia.es\/iescasabermeja\/wp-json\/wp\/v2\/pages\/49"}],"collection":[{"href":"https:\/\/blogsaverroes.juntadeandalucia.es\/iescasabermeja\/wp-json\/wp\/v2\/pages"}],"about":[{"href":"https:\/\/blogsaverroes.juntadeandalucia.es\/iescasabermeja\/wp-json\/wp\/v2\/types\/page"}],"author":[{"embeddable":true,"href":"https:\/\/blogsaverroes.juntadeandalucia.es\/iescasabermeja\/wp-json\/wp\/v2\/users\/1"}],"replies":[{"embeddable":true,"href":"https:\/\/blogsaverroes.juntadeandalucia.es\/iescasabermeja\/wp-json\/wp\/v2\/comments?post=49"}],"version-history":[{"count":9,"href":"https:\/\/blogsaverroes.juntadeandalucia.es\/iescasabermeja\/wp-json\/wp\/v2\/pages\/49\/revisions"}],"predecessor-version":[{"id":3894,"href":"https:\/\/blogsaverroes.juntadeandalucia.es\/iescasabermeja\/wp-json\/wp\/v2\/pages\/49\/revisions\/3894"}],"wp:featuredmedia":[{"embeddable":true,"href":"https:\/\/blogsaverroes.juntadeandalucia.es\/iescasabermeja\/wp-json\/wp\/v2\/media\/1662"}],"wp:attachment":[{"href":"https:\/\/blogsaverroes.juntadeandalucia.es\/iescasabermeja\/wp-json\/wp\/v2\/media?parent=49"}],"curies":[{"name":"wp","href":"https:\/\/api.w.org\/{rel}","templated":true}]}}