{"id":3356,"date":"2017-04-14T11:56:54","date_gmt":"2017-04-14T11:56:54","guid":{"rendered":"http:\/\/blogsaverroes.juntadeandalucia.es\/iescastillodetempul\/?page_id=3356"},"modified":"2017-04-14T12:15:18","modified_gmt":"2017-04-14T12:15:18","slug":"sierra-nevada-emociones-3a-edicion","status":"publish","type":"page","link":"https:\/\/blogsaverroes.juntadeandalucia.es\/iescastillodetempul\/sierra-nevada-emociones-3a-edicion\/","title":{"rendered":"Sierra Nevada Emociones 3\u00aa Edici\u00f3n"},"content":{"rendered":"<div><img loading=\"lazy\" decoding=\"async\" class=\"aligncenter size-medium wp-image-3359\" src=\"http:\/\/blogsaverroes.juntadeandalucia.es\/iescastillodetempul\/files\/2017\/04\/classic_batman_and_robin_logo_by_bean525-d68bull-1024x529.png\" alt=\"\" width=\"1024\" height=\"529\" srcset=\"https:\/\/blogsaverroes.juntadeandalucia.es\/iescastillodetempul\/files\/2017\/04\/classic_batman_and_robin_logo_by_bean525-d68bull-1024x529.png 1024w, https:\/\/blogsaverroes.juntadeandalucia.es\/iescastillodetempul\/files\/2017\/04\/classic_batman_and_robin_logo_by_bean525-d68bull-768x397.png 768w, https:\/\/blogsaverroes.juntadeandalucia.es\/iescastillodetempul\/files\/2017\/04\/classic_batman_and_robin_logo_by_bean525-d68bull-700x362.png 700w, https:\/\/blogsaverroes.juntadeandalucia.es\/iescastillodetempul\/files\/2017\/04\/classic_batman_and_robin_logo_by_bean525-d68bull-24x12.png 24w, https:\/\/blogsaverroes.juntadeandalucia.es\/iescastillodetempul\/files\/2017\/04\/classic_batman_and_robin_logo_by_bean525-d68bull-36x19.png 36w, https:\/\/blogsaverroes.juntadeandalucia.es\/iescastillodetempul\/files\/2017\/04\/classic_batman_and_robin_logo_by_bean525-d68bull-48x25.png 48w, https:\/\/blogsaverroes.juntadeandalucia.es\/iescastillodetempul\/files\/2017\/04\/classic_batman_and_robin_logo_by_bean525-d68bull.png 1600w\" sizes=\"(max-width: 1024px) 100vw, 1024px\" \/><\/div>\n<div>&nbsp;<\/div>\n<div>Por tercer a\u00f1o consecutivo hemos subido a Sierra nevada a esquiar, este a\u00f1o con una visita previa al Aula de la Naturaleza \u00abEl Dornajo\u00bb, al Jard\u00edn Bot\u00e1nico y una exhibici\u00f3n de cetrer\u00eda.<\/div>\n<div>En la nieve ya tenemos un peque\u00f1o grupo de esquiadores avanzados que se deslizan en cu\u00f1a por pistas azules y verdes. Los noveles, aprenden r\u00e1pido y pronto estar\u00e1n a la altura.<\/div>\n<div>Por cierto, este a\u00f1o nos visit\u00f3 en el albergue de Inturjoven&nbsp;Batman y Robin.<\/div>\nngg_shortcode_0_placeholder\n","protected":false},"excerpt":{"rendered":"<p>&nbsp; Por tercer a\u00f1o consecutivo hemos subido a Sierra nevada a esquiar, este a\u00f1o con una visita previa al Aula de la Naturaleza \u00abEl Dornajo\u00bb, al Jard\u00edn Bot\u00e1nico y una exhibici\u00f3n de cetrer\u00eda. En&#46;&#46;&#46;<\/p>\n","protected":false},"author":4130,"featured_media":0,"parent":0,"menu_order":0,"comment_status":"closed","ping_status":"closed","template":"","meta":{"ngg_post_thumbnail":0,"footnotes":"","_mc_calendar":[]},"aioseo_notices":[],"_links":{"self":[{"href":"https:\/\/blogsaverroes.juntadeandalucia.es\/iescastillodetempul\/wp-json\/wp\/v2\/pages\/3356"}],"collection":[{"href":"https:\/\/blogsaverroes.juntadeandalucia.es\/iescastillodetempul\/wp-json\/wp\/v2\/pages"}],"about":[{"href":"https:\/\/blogsaverroes.juntadeandalucia.es\/iescastillodetempul\/wp-json\/wp\/v2\/types\/page"}],"author":[{"embeddable":true,"href":"https:\/\/blogsaverroes.juntadeandalucia.es\/iescastillodetempul\/wp-json\/wp\/v2\/users\/4130"}],"replies":[{"embeddable":true,"href":"https:\/\/blogsaverroes.juntadeandalucia.es\/iescastillodetempul\/wp-json\/wp\/v2\/comments?post=3356"}],"version-history":[{"count":5,"href":"https:\/\/blogsaverroes.juntadeandalucia.es\/iescastillodetempul\/wp-json\/wp\/v2\/pages\/3356\/revisions"}],"predecessor-version":[{"id":3421,"href":"https:\/\/blogsaverroes.juntadeandalucia.es\/iescastillodetempul\/wp-json\/wp\/v2\/pages\/3356\/revisions\/3421"}],"wp:attachment":[{"href":"https:\/\/blogsaverroes.juntadeandalucia.es\/iescastillodetempul\/wp-json\/wp\/v2\/media?parent=3356"}],"curies":[{"name":"wp","href":"https:\/\/api.w.org\/{rel}","templated":true}]}}