{"id":35,"date":"2015-03-13T08:21:43","date_gmt":"2015-03-13T08:21:43","guid":{"rendered":"http:\/\/blogsaverroes.juntadeandalucia.es\/pre\/ceip\/?page_id=35"},"modified":"2024-04-23T10:44:12","modified_gmt":"2024-04-23T10:44:12","slug":"el-centro-2","status":"publish","type":"page","link":"https:\/\/blogsaverroes.juntadeandalucia.es\/iescastillodetempul\/","title":{"rendered":"Datos del centro"},"content":{"rendered":"<p><a href=\"https:\/\/blogsaverroes.juntadeandalucia.es\/iescastillodetempul\/como-hacer-una-pagina-web\/ies-castillo-de-tempul-logo\/\" rel=\"attachment wp-att-4018\"><img loading=\"lazy\" decoding=\"async\" class=\"wp-image-4018 alignright\" src=\"https:\/\/blogsaverroes.juntadeandalucia.es\/iescastillodetempul\/files\/2017\/07\/IES-CASTILLO-DE-TEMPUL-LOGO-1024x564.png\" alt=\"\" width=\"160\" height=\"91\" srcset=\"https:\/\/blogsaverroes.juntadeandalucia.es\/iescastillodetempul\/files\/2017\/07\/IES-CASTILLO-DE-TEMPUL-LOGO-700x393.png 700w, https:\/\/blogsaverroes.juntadeandalucia.es\/iescastillodetempul\/files\/2017\/07\/IES-CASTILLO-DE-TEMPUL-LOGO-24x13.png 24w, https:\/\/blogsaverroes.juntadeandalucia.es\/iescastillodetempul\/files\/2017\/07\/IES-CASTILLO-DE-TEMPUL-LOGO-36x20.png 36w, https:\/\/blogsaverroes.juntadeandalucia.es\/iescastillodetempul\/files\/2017\/07\/IES-CASTILLO-DE-TEMPUL-LOGO-48x26.png 48w\" sizes=\"(max-width: 160px) 100vw, 160px\" \/><\/a><\/p>\n<p><a title=\"D\u00cdA DEL LIBRO 2024\" href=\"https:\/\/blogsaverroes.juntadeandalucia.es\/iescastillodetempul\/dia-del-libro-2024\/\"><strong>D\u00cdA DEL LIBRO 2024<\/strong><\/a><\/p>\n<p><a href=\"https:\/\/blogsaverroes.juntadeandalucia.es\/iescastillodetempul\/calendario-escolar\/\"><strong>CALENDARIO<\/strong><\/a><\/p>\n<p><a href=\"https:\/\/blogsaverroes.juntadeandalucia.es\/iescastillodetempul\/listado-de-libros-de-texto-curso-2017-18\/\"><strong>LISTADO DE LIBROS DE TEXTO CURSO 2024\/25<\/strong><\/a><\/p>\n<h4><iframe loading=\"lazy\" src=\"https:\/\/www.google.com\/maps\/embed?pb=!1m18!1m12!1m3!1d340.39652470881856!2d-5.800643154220819!3d36.60831136047521!2m3!1f0!2f0!3f0!3m2!1i1024!2i768!4f13.1!3m3!1m2!1s0x0%3A0xce7bdf3956958508!2sInstituto+de+Educaci%C3%B3n+Secundaria+Ies+Castillo+de+Tempul!5e1!3m2!1ses!2ses!4v1477320970190\" width=\"400\" height=\"300\" frameborder=\"0\"><\/iframe><\/h4>\n<h4>&nbsp;<strong>Datos de contacto<\/strong><\/h4>\n<p style=\"text-align: left\">IES Castillo de Tempul<\/p>\n<p><strong>Direcci\u00f3n:<\/strong><br \/>\nCalle Pino, &nbsp;S\/N,<br \/>\n11580 San Jos\u00e9 del Valle,<br \/>\nC\u00e1diz, Espa\u00f1a<\/p>\n<p><strong>Tel\u00e9fono:&nbsp;<\/strong>+34 671531803 \/&nbsp;<strong>FAX:<\/strong> 856811895<br \/>\n<strong>Email:<\/strong><a title=\"iescastillodetempul@gmail.com\" href=\"mailto:iescastillodetempul@gmail.com\" target=\"_blank\" rel=\"noopener noreferrer\">iescastillodetempul@gmail.com<\/a><\/p>\n<p><a href=\"https:\/\/blogsaverroes.juntadeandalucia.es\/iescastillodetempul\/el-centro-2\/attachment\/3869326951883948164\/\" rel=\"attachment wp-att-4653\"><img loading=\"lazy\" decoding=\"async\" class=\"aligncenter size-medium wp-image-4653\" src=\"https:\/\/blogsaverroes.juntadeandalucia.es\/iescastillodetempul\/files\/2015\/03\/3869326951883948164-723x1024.jpg\" alt=\"\" width=\"723\" height=\"1024\" srcset=\"https:\/\/blogsaverroes.juntadeandalucia.es\/iescastillodetempul\/files\/2015\/03\/3869326951883948164-723x1024.jpg 723w, https:\/\/blogsaverroes.juntadeandalucia.es\/iescastillodetempul\/files\/2015\/03\/3869326951883948164-768x1088.jpg 768w, https:\/\/blogsaverroes.juntadeandalucia.es\/iescastillodetempul\/files\/2015\/03\/3869326951883948164-700x992.jpg 700w, https:\/\/blogsaverroes.juntadeandalucia.es\/iescastillodetempul\/files\/2015\/03\/3869326951883948164-17x24.jpg 17w, https:\/\/blogsaverroes.juntadeandalucia.es\/iescastillodetempul\/files\/2015\/03\/3869326951883948164-25x36.jpg 25w, https:\/\/blogsaverroes.juntadeandalucia.es\/iescastillodetempul\/files\/2015\/03\/3869326951883948164-34x48.jpg 34w, https:\/\/blogsaverroes.juntadeandalucia.es\/iescastillodetempul\/files\/2015\/03\/3869326951883948164.jpg 1129w\" sizes=\"(max-width: 723px) 100vw, 723px\" \/><\/a><br \/>\n<img loading=\"lazy\" decoding=\"async\" class=\"aligncenter size-medium wp-image-4893\" src=\"https:\/\/blogsaverroes.juntadeandalucia.es\/iescastillodetempul\/files\/2018\/12\/photostudio_1545943985599-1024x724.jpg\" alt=\"\" width=\"1024\" height=\"724\" srcset=\"https:\/\/blogsaverroes.juntadeandalucia.es\/iescastillodetempul\/files\/2018\/12\/photostudio_1545943985599-1024x724.jpg 1024w, https:\/\/blogsaverroes.juntadeandalucia.es\/iescastillodetempul\/files\/2018\/12\/photostudio_1545943985599-768x543.jpg 768w, https:\/\/blogsaverroes.juntadeandalucia.es\/iescastillodetempul\/files\/2018\/12\/photostudio_1545943985599-700x495.jpg 700w, https:\/\/blogsaverroes.juntadeandalucia.es\/iescastillodetempul\/files\/2018\/12\/photostudio_1545943985599-24x17.jpg 24w, https:\/\/blogsaverroes.juntadeandalucia.es\/iescastillodetempul\/files\/2018\/12\/photostudio_1545943985599-36x25.jpg 36w, https:\/\/blogsaverroes.juntadeandalucia.es\/iescastillodetempul\/files\/2018\/12\/photostudio_1545943985599-48x34.jpg 48w, https:\/\/blogsaverroes.juntadeandalucia.es\/iescastillodetempul\/files\/2018\/12\/photostudio_1545943985599.jpg 1600w\" sizes=\"(max-width: 1024px) 100vw, 1024px\" \/><\/p>\n<p><a href=\"https:\/\/blogsaverroes.juntadeandalucia.es\/iescastillodetempul\/files\/2018\/12\/b5d1441d714e65225a09f599e65950ac.jpg\"><img loading=\"lazy\" decoding=\"async\" class=\"aligncenter size-full wp-image-4892\" src=\"https:\/\/blogsaverroes.juntadeandalucia.es\/iescastillodetempul\/files\/2018\/12\/b5d1441d714e65225a09f599e65950ac.jpg\" alt=\"\" width=\"720\" height=\"521\" srcset=\"https:\/\/blogsaverroes.juntadeandalucia.es\/iescastillodetempul\/files\/2018\/12\/b5d1441d714e65225a09f599e65950ac.jpg 720w, https:\/\/blogsaverroes.juntadeandalucia.es\/iescastillodetempul\/files\/2018\/12\/b5d1441d714e65225a09f599e65950ac-700x507.jpg 700w, https:\/\/blogsaverroes.juntadeandalucia.es\/iescastillodetempul\/files\/2018\/12\/b5d1441d714e65225a09f599e65950ac-24x17.jpg 24w, https:\/\/blogsaverroes.juntadeandalucia.es\/iescastillodetempul\/files\/2018\/12\/b5d1441d714e65225a09f599e65950ac-36x26.jpg 36w, https:\/\/blogsaverroes.juntadeandalucia.es\/iescastillodetempul\/files\/2018\/12\/b5d1441d714e65225a09f599e65950ac-48x35.jpg 48w\" sizes=\"(max-width: 720px) 100vw, 720px\" \/><\/a><br \/>\n<a href=\"https:\/\/www.juntadeandalucia.es\/educacion\/\" target=\"_blank\" rel=\"noopener noreferrer\"><img loading=\"lazy\" decoding=\"async\" class=\"alignnone wp-image-2159 size-medium\" src=\"https:\/\/blogsaverroes.juntadeandalucia.es\/iescastillodetempul\/files\/2015\/06\/logo_junta-300x157.png\" alt=\"\" width=\"300\" height=\"157\" srcset=\"https:\/\/blogsaverroes.juntadeandalucia.es\/iescastillodetempul\/files\/2015\/06\/logo_junta-300x157.png 300w, https:\/\/blogsaverroes.juntadeandalucia.es\/iescastillodetempul\/files\/2015\/06\/logo_junta-1024x537.png 1024w, https:\/\/blogsaverroes.juntadeandalucia.es\/iescastillodetempul\/files\/2015\/06\/logo_junta-700x367.png 700w, https:\/\/blogsaverroes.juntadeandalucia.es\/iescastillodetempul\/files\/2015\/06\/logo_junta.png 1600w\" sizes=\"(max-width: 300px) 100vw, 300px\" \/><\/a> <a href=\"https:\/\/www.juntadeandalucia.es\/educacion\/portalseneca\/web\/seneca\/inicio\" target=\"_blank\" rel=\"noopener noreferrer\"><img loading=\"lazy\" decoding=\"async\" class=\"alignnone wp-image-2593 size-medium\" src=\"https:\/\/blogsaverroes.juntadeandalucia.es\/iescastillodetempul\/files\/2016\/11\/S\u00e9neca-300x126.png\" alt=\"\" width=\"300\" height=\"126\" srcset=\"https:\/\/blogsaverroes.juntadeandalucia.es\/iescastillodetempul\/files\/2016\/11\/S\u00e9neca-300x126.png 300w, https:\/\/blogsaverroes.juntadeandalucia.es\/iescastillodetempul\/files\/2016\/11\/S\u00e9neca.png 660w\" sizes=\"(max-width: 300px) 100vw, 300px\" \/><\/a> <a href=\"https:\/\/www.juntadeandalucia.es\/educacion\/portals\/web\/ced\/pasen\" target=\"_blank\" rel=\"noopener noreferrer\"><img loading=\"lazy\" decoding=\"async\" class=\"alignnone wp-image-2595 size-full\" src=\"https:\/\/blogsaverroes.juntadeandalucia.es\/iescastillodetempul\/files\/2016\/11\/pasen.jpg\" alt=\"\" width=\"283\" height=\"239\"><\/a><\/p>\n","protected":false},"excerpt":{"rendered":"<p>D\u00cdA DEL LIBRO 2024 CALENDARIO LISTADO DE LIBROS DE TEXTO CURSO 2024\/25 &nbsp;Datos de contacto IES Castillo de Tempul Direcci\u00f3n: Calle Pino, &nbsp;S\/N, 11580 San Jos\u00e9 del Valle, C\u00e1diz, Espa\u00f1a Tel\u00e9fono:&nbsp;+34 671531803 \/&nbsp;FAX: 856811895&#46;&#46;&#46;<\/p>\n","protected":false},"author":1,"featured_media":0,"parent":0,"menu_order":0,"comment_status":"closed","ping_status":"open","template":"","meta":{"ngg_post_thumbnail":0,"footnotes":"","_mc_calendar":[]},"aioseo_notices":[],"_links":{"self":[{"href":"https:\/\/blogsaverroes.juntadeandalucia.es\/iescastillodetempul\/wp-json\/wp\/v2\/pages\/35"}],"collection":[{"href":"https:\/\/blogsaverroes.juntadeandalucia.es\/iescastillodetempul\/wp-json\/wp\/v2\/pages"}],"about":[{"href":"https:\/\/blogsaverroes.juntadeandalucia.es\/iescastillodetempul\/wp-json\/wp\/v2\/types\/page"}],"author":[{"embeddable":true,"href":"https:\/\/blogsaverroes.juntadeandalucia.es\/iescastillodetempul\/wp-json\/wp\/v2\/users\/1"}],"replies":[{"embeddable":true,"href":"https:\/\/blogsaverroes.juntadeandalucia.es\/iescastillodetempul\/wp-json\/wp\/v2\/comments?post=35"}],"version-history":[{"count":51,"href":"https:\/\/blogsaverroes.juntadeandalucia.es\/iescastillodetempul\/wp-json\/wp\/v2\/pages\/35\/revisions"}],"predecessor-version":[{"id":6618,"href":"https:\/\/blogsaverroes.juntadeandalucia.es\/iescastillodetempul\/wp-json\/wp\/v2\/pages\/35\/revisions\/6618"}],"wp:attachment":[{"href":"https:\/\/blogsaverroes.juntadeandalucia.es\/iescastillodetempul\/wp-json\/wp\/v2\/media?parent=35"}],"curies":[{"name":"wp","href":"https:\/\/api.w.org\/{rel}","templated":true}]}}