{"id":3554,"date":"2017-06-29T09:08:36","date_gmt":"2017-06-29T09:08:36","guid":{"rendered":"http:\/\/blogsaverroes.juntadeandalucia.es\/iescastillodetempul\/?page_id=3554"},"modified":"2018-09-26T18:23:31","modified_gmt":"2018-09-26T18:23:31","slug":"proyecto-bebidas-energeticas","status":"publish","type":"page","link":"https:\/\/blogsaverroes.juntadeandalucia.es\/iescastillodetempul\/proyecto-bebidas-energeticas\/","title":{"rendered":"Proyecto \u00abBebidas Energ\u00e9ticas\u00bb"},"content":{"rendered":"<p>El proyecto surge de la problem\u00e1tica que empieza a aparecer con el considerable consumo de las bebidas llamadas &#8216;energ\u00e9ticas&#8217;, la confusi\u00f3n que existe en la sociedad sobre su utilidad y regulaci\u00f3n normativa, as\u00ed como la atracci\u00f3n que ejercen sobre la poblaci\u00f3n de estudiantes.<\/p>\n<p>La metodolog\u00eda empleada en este proyecto invita tanto a la reflexi\u00f3n individual como al trabajo colaborativo en un entorno de Aprendizaje Basado en Proyectos (ABP), desde la perspectiva STEM (Ciencia, Tecnolog\u00eda, Ingenier\u00eda y Matem\u00e1ticas).<\/p>\n<p>\u00bfQu\u00e9 sabemos de ellas?\u00bfSon peligrosas para la salud? \u00bfCu\u00e1l es su composici\u00f3n?&nbsp;<br \/>\n<a href=\"https:\/\/blogsaverroes.juntadeandalucia.es\/iescastillodetempul\/proyecto-bebidas-energeticas\/xrefrescos-2-1200x675-jpg-pagespeed-ic-2z3ktcogr\/\" rel=\"attachment wp-att-3562\"><img loading=\"lazy\" decoding=\"async\" class=\"aligncenter size-medium wp-image-3562\" src=\"https:\/\/blogsaverroes.juntadeandalucia.es\/iescastillodetempul\/files\/2017\/06\/xrefrescos-2-1200x675.jpg.pagespeed.ic_.2Z3kTcOGR--1024x576.jpg\" alt=\"\" width=\"1024\" height=\"576\" srcset=\"https:\/\/blogsaverroes.juntadeandalucia.es\/iescastillodetempul\/files\/2017\/06\/xrefrescos-2-1200x675.jpg.pagespeed.ic_.2Z3kTcOGR--1024x576.jpg 1024w, https:\/\/blogsaverroes.juntadeandalucia.es\/iescastillodetempul\/files\/2017\/06\/xrefrescos-2-1200x675.jpg.pagespeed.ic_.2Z3kTcOGR--768x432.jpg 768w, https:\/\/blogsaverroes.juntadeandalucia.es\/iescastillodetempul\/files\/2017\/06\/xrefrescos-2-1200x675.jpg.pagespeed.ic_.2Z3kTcOGR--700x393.jpg 700w, https:\/\/blogsaverroes.juntadeandalucia.es\/iescastillodetempul\/files\/2017\/06\/xrefrescos-2-1200x675.jpg.pagespeed.ic_.2Z3kTcOGR--24x14.jpg 24w, https:\/\/blogsaverroes.juntadeandalucia.es\/iescastillodetempul\/files\/2017\/06\/xrefrescos-2-1200x675.jpg.pagespeed.ic_.2Z3kTcOGR--36x20.jpg 36w, https:\/\/blogsaverroes.juntadeandalucia.es\/iescastillodetempul\/files\/2017\/06\/xrefrescos-2-1200x675.jpg.pagespeed.ic_.2Z3kTcOGR--48x27.jpg 48w, https:\/\/blogsaverroes.juntadeandalucia.es\/iescastillodetempul\/files\/2017\/06\/xrefrescos-2-1200x675.jpg.pagespeed.ic_.2Z3kTcOGR-.jpg 1200w\" sizes=\"(max-width: 1024px) 100vw, 1024px\" \/><\/a><\/p>\n<p><a href=\"https:\/\/blogsaverroes.juntadeandalucia.es\/iescastillodetempul\/guia-didactica\/\"><strong>GU\u00cdA DID\u00c1CTICA<\/strong><\/a><\/p>\n<p>Actividades sobre las bebidas energ\u00e9ticas:<\/p>\n<p><strong>TAREA 1<\/strong> <strong><a href=\"https:\/\/blogsaverroes.juntadeandalucia.es\/iescastillodetempul\/que-sabemos-de-las-bebidas-energeticas\/\">\u00bfQU\u00c9 SABEMOS DE LAS BEBIDAS ENERG\u00c9TICAS?&nbsp;<\/a><\/strong><\/p>\n<p><strong>TAREA 2<\/strong>&nbsp;<strong><a href=\"https:\/\/blogsaverroes.juntadeandalucia.es\/iescastillodetempul\/se-toman-mucho-o-poco-hagamos-una-encuesta\/\">\u00bfSE TOMAN MUCHO O POCO? \u00a1HAGAMOS UNA ENCUESTA!<\/a><\/strong><\/p>\n<p><strong>TAREA 3:&nbsp;<\/strong><a href=\"https:\/\/blogsaverroes.juntadeandalucia.es\/iescastillodetempul\/y-ahora-que-conclusiones\/\"><strong>\u00bfY AHOR<\/strong><strong>A QU\u00c9?&#8230; CONCLUSIONES<\/strong><\/a><\/p>\n<p><strong>TAREA 4:&nbsp;<\/strong><a href=\"https:\/\/blogsaverroes.juntadeandalucia.es\/iescastillodetempul\/pero-que-tienen-estas-bebidas\/\"><strong>PERO&#8230;\u00bfQU\u00c9 TIENEN ESTAS BEBIDAS?<\/strong><\/a><\/p>\n<p><strong>TAREA&nbsp; 5:<a href=\"https:\/\/blogsaverroes.juntadeandalucia.es\/iescastillodetempul\/que-aportan-son-positivas-o-negativas\/\">&nbsp;\u00bfQU\u00c9 APORTAN? \u00bfSON POSITIVAS O NEGATIVAS?<\/a><\/strong><\/p>\n<p><strong>TAREA&nbsp; 6:&nbsp;<\/strong><a href=\"https:\/\/blogsaverroes.juntadeandalucia.es\/iescastillodetempul\/las-bebidas-y-el-deporte\/\"><strong>LAS BEBIDAS Y EL DEPORTE<\/strong><\/a><\/p>\n<p><strong>TAREA &nbsp;7:&nbsp;<\/strong><a href=\"https:\/\/blogsaverroes.juntadeandalucia.es\/iescastillodetempul\/dan-o-quitan-energia\/\"><strong>\u00bfDAN O QUITAN ENERG\u00cdA?<\/strong><\/a><\/p>\n<p><strong>TAREA&nbsp; 8: <a href=\"https:\/\/blogsaverroes.juntadeandalucia.es\/iescastillodetempul\/fabricamos-las-bebidas\/\">FABRICAMOS LAS BEBIDAS<\/a><\/strong><\/p>\n<p><strong>TAREA 9:&nbsp;<a href=\"https:\/\/blogsaverroes.juntadeandalucia.es\/iescastillodetempul\/te-doy-la-lata\/\">TE DOY LA LATA<\/a><\/strong><\/p>\n<p><strong>TAREA&nbsp; 10:&nbsp;<\/strong><a href=\"https:\/\/blogsaverroes.juntadeandalucia.es\/iescastillodetempul\/informamos-a-la-comunidad\/\"><strong>INFORMAMOS A LA COMUNIDAD<\/strong><\/a><\/p>\n<p><strong>INTRODUCCI\u00d3N<\/strong><\/p>\n<p>Muchas veces hacemos cosas s\u00f3lo porque lo hacen otros. Alguien puede beber una bebida energ\u00e9tica y no saber realmente cu\u00e1les son los componentes habituales de estas bebidas.<\/p>\n<p><strong>\u00a1Intenta averiguarlo!<\/strong><\/p>\n<p><strong>CHULETA<\/strong><\/p>\n<p>( Texto con algunos contenidos b\u00e1sicos ligados al desarrollo de la tarea)<br \/>\nPASOS<br \/>\n( Trabajo final destinado a que los alumnos creen recursos propios que les permitan organizar sus conocimientos y aplicar las habilidades adquiridas en las actividades. Ser\u00e1 realizada en base a lo obtenido en los Pasos )<\/p>\n<p><strong>PASOS<\/strong><\/p>\n<p><a href=\"https:\/\/blogsaverroes.juntadeandalucia.es\/iescastillodetempul\/paso-1\/\">Paso 1<\/a><\/p>\n<p><a href=\"https:\/\/blogsaverroes.juntadeandalucia.es\/iescastillodetempul\/paso-2\/\">Paso 2<\/a><\/p>\n<p><a href=\"https:\/\/blogsaverroes.juntadeandalucia.es\/iescastillodetempul\/paso-3\/\">Paso 3<\/a><\/p>\n<p>TAREA<\/p>\n<p>(Trabajo final destinado a que los alumnos creen recursos propios que les permitan organizar sus conocimientos y aplicar las habilidades adquiridas en las actividades. Ser\u00e1 realizada en base a lo obtenido en los Pasos )<\/p>\n<blockquote><p>En grupos de 4 compa\u00f1eros, Elabora un panel donde aparezcan los distintos componentes de las marcas m\u00e1s usadas de bebidas energ\u00e9ticas \u2026 Realiza un dise\u00f1o atractivo para present\u00e1rselo a tus compa\u00f1eros.<\/p><\/blockquote>\n<p><strong>GPS<\/strong><\/p>\n<p>(Garantiza el Paso Seguro) Es como una serie de pistas que ayudan a realizar las actividades de una tarea concreta<\/p>\n<p><strong>DIARIO<\/strong><br \/>\n(los alumnos reflexionan sobre el trabajo que han hecho y lo que han aprendido.)<\/p>\n<blockquote><p>Recoge lo que has aprendido en esta tarea. Lo que no sab\u00edas y lo que si sabes ya.<\/p><\/blockquote>\n","protected":false},"excerpt":{"rendered":"<p>El proyecto surge de la problem\u00e1tica que empieza a aparecer con el considerable consumo de las bebidas llamadas &#8216;energ\u00e9ticas&#8217;, la confusi\u00f3n que existe en la sociedad sobre su utilidad y regulaci\u00f3n normativa, as\u00ed como&#46;&#46;&#46;<\/p>\n","protected":false},"author":4130,"featured_media":0,"parent":0,"menu_order":0,"comment_status":"closed","ping_status":"closed","template":"","meta":{"ngg_post_thumbnail":0,"footnotes":"","_mc_calendar":[]},"aioseo_notices":[],"_links":{"self":[{"href":"https:\/\/blogsaverroes.juntadeandalucia.es\/iescastillodetempul\/wp-json\/wp\/v2\/pages\/3554"}],"collection":[{"href":"https:\/\/blogsaverroes.juntadeandalucia.es\/iescastillodetempul\/wp-json\/wp\/v2\/pages"}],"about":[{"href":"https:\/\/blogsaverroes.juntadeandalucia.es\/iescastillodetempul\/wp-json\/wp\/v2\/types\/page"}],"author":[{"embeddable":true,"href":"https:\/\/blogsaverroes.juntadeandalucia.es\/iescastillodetempul\/wp-json\/wp\/v2\/users\/4130"}],"replies":[{"embeddable":true,"href":"https:\/\/blogsaverroes.juntadeandalucia.es\/iescastillodetempul\/wp-json\/wp\/v2\/comments?post=3554"}],"version-history":[{"count":26,"href":"https:\/\/blogsaverroes.juntadeandalucia.es\/iescastillodetempul\/wp-json\/wp\/v2\/pages\/3554\/revisions"}],"predecessor-version":[{"id":4530,"href":"https:\/\/blogsaverroes.juntadeandalucia.es\/iescastillodetempul\/wp-json\/wp\/v2\/pages\/3554\/revisions\/4530"}],"wp:attachment":[{"href":"https:\/\/blogsaverroes.juntadeandalucia.es\/iescastillodetempul\/wp-json\/wp\/v2\/media?parent=3554"}],"curies":[{"name":"wp","href":"https:\/\/api.w.org\/{rel}","templated":true}]}}