{"id":3564,"date":"2017-06-30T11:16:21","date_gmt":"2017-06-30T11:16:21","guid":{"rendered":"http:\/\/blogsaverroes.juntadeandalucia.es\/iescastillodetempul\/?page_id=3564"},"modified":"2017-07-02T18:45:32","modified_gmt":"2017-07-02T18:45:32","slug":"paso-1","status":"publish","type":"page","link":"https:\/\/blogsaverroes.juntadeandalucia.es\/iescastillodetempul\/paso-1\/","title":{"rendered":"Paso 1"},"content":{"rendered":"<p>Recoge una muestra de las latas de bebidas energ\u00e9ticas m\u00e1s consumidas por el alumnado del Centro, y observa cuidadosamente la etiqueta de la composici\u00f3n que viene en ellas.<br \/>\nRealiza una tabla en la que compares las cantidades de los componentes de cada una de ellas.<\/p>\n<table style=\"width: 606px;height: 190px\">\n<tbody>\n<tr style=\"height: 24px\">\n<td style=\"height: 24px;width: 150px\">Composici\u00f3n&nbsp;<\/td>\n<td style=\"height: 24px;width: 150px\">Bebida 1&nbsp;<\/td>\n<td style=\"height: 24px;width: 150px\">Bebida 2&nbsp;<\/td>\n<td style=\"height: 24px;width: 150px\">Bebida 3&nbsp;<\/td>\n<td style=\"height: 24px;width: 150px\">&#8230;<\/td>\n<\/tr>\n<tr style=\"height: 24px\">\n<td style=\"height: 24px;width: 150px\">&nbsp;a<\/td>\n<td style=\"height: 24px;width: 150px\">&nbsp;<\/td>\n<td style=\"height: 24px;width: 150px\">&nbsp;<\/td>\n<td style=\"height: 24px;width: 150px\">&nbsp;<\/td>\n<td style=\"height: 24px;width: 150px\">&nbsp;<\/td>\n<\/tr>\n<tr style=\"height: 24px\">\n<td style=\"height: 24px;width: 150px\">&nbsp;b<\/td>\n<td style=\"height: 24px;width: 150px\">&nbsp;<\/td>\n<td style=\"height: 24px;width: 150px\">&nbsp;<\/td>\n<td style=\"height: 24px;width: 150px\">&nbsp;<\/td>\n<td style=\"height: 24px;width: 150px\">&nbsp;<\/td>\n<\/tr>\n<tr style=\"height: 24px\">\n<td style=\"height: 24px;width: 150px\">&nbsp;c<\/td>\n<td style=\"height: 24px;width: 150px\">&nbsp;<\/td>\n<td style=\"height: 24px;width: 150px\">&nbsp;<\/td>\n<td style=\"height: 24px;width: 150px\">&nbsp;<\/td>\n<td style=\"height: 24px;width: 150px\">&nbsp;<\/td>\n<\/tr>\n<tr style=\"height: 24px\">\n<td style=\"height: 24px;width: 150px\">&#8230;&nbsp;<\/td>\n<td style=\"height: 24px;width: 150px\">&nbsp;<\/td>\n<td style=\"height: 24px;width: 150px\">&nbsp;<\/td>\n<td style=\"height: 24px;width: 150px\">&nbsp;<\/td>\n<td style=\"height: 24px;width: 150px\">&nbsp;<\/td>\n<\/tr>\n<\/tbody>\n<\/table>\n<p>Nota: Puedes poner los valores que vienen para cada 100 ml de bebida, o bien mediante un peque\u00f1o c\u00e1lculo, anota la cantidad total que tiene la lata que se bebe normalmente (200ml o 500 ml).<br \/>\nEjemplo: La cantidad de az\u00facar de una lata para cada 100 ml de bebida es de 14 g. Entonces si lata que estamos examinando tiene 500 ml de capacidad, tendr\u00edamos 14 \u00b7 5 = 70 g de az\u00facar.<\/p>\n","protected":false},"excerpt":{"rendered":"<p>Recoge una muestra de las latas de bebidas energ\u00e9ticas m\u00e1s consumidas por el alumnado del Centro, y observa cuidadosamente la etiqueta de la composici\u00f3n que viene en ellas. Realiza una tabla en la que&#46;&#46;&#46;<\/p>\n","protected":false},"author":4130,"featured_media":0,"parent":0,"menu_order":0,"comment_status":"closed","ping_status":"closed","template":"","meta":{"ngg_post_thumbnail":0,"footnotes":"","_mc_calendar":[]},"aioseo_notices":[],"_links":{"self":[{"href":"https:\/\/blogsaverroes.juntadeandalucia.es\/iescastillodetempul\/wp-json\/wp\/v2\/pages\/3564"}],"collection":[{"href":"https:\/\/blogsaverroes.juntadeandalucia.es\/iescastillodetempul\/wp-json\/wp\/v2\/pages"}],"about":[{"href":"https:\/\/blogsaverroes.juntadeandalucia.es\/iescastillodetempul\/wp-json\/wp\/v2\/types\/page"}],"author":[{"embeddable":true,"href":"https:\/\/blogsaverroes.juntadeandalucia.es\/iescastillodetempul\/wp-json\/wp\/v2\/users\/4130"}],"replies":[{"embeddable":true,"href":"https:\/\/blogsaverroes.juntadeandalucia.es\/iescastillodetempul\/wp-json\/wp\/v2\/comments?post=3564"}],"version-history":[{"count":3,"href":"https:\/\/blogsaverroes.juntadeandalucia.es\/iescastillodetempul\/wp-json\/wp\/v2\/pages\/3564\/revisions"}],"predecessor-version":[{"id":3581,"href":"https:\/\/blogsaverroes.juntadeandalucia.es\/iescastillodetempul\/wp-json\/wp\/v2\/pages\/3564\/revisions\/3581"}],"wp:attachment":[{"href":"https:\/\/blogsaverroes.juntadeandalucia.es\/iescastillodetempul\/wp-json\/wp\/v2\/media?parent=3564"}],"curies":[{"name":"wp","href":"https:\/\/api.w.org\/{rel}","templated":true}]}}