{"id":3591,"date":"2017-07-02T19:44:28","date_gmt":"2017-07-02T19:44:28","guid":{"rendered":"http:\/\/blogsaverroes.juntadeandalucia.es\/iescastillodetempul\/?page_id=3591"},"modified":"2017-07-04T20:34:29","modified_gmt":"2017-07-04T20:34:29","slug":"plan-de-igualdad-coeducacion","status":"publish","type":"page","link":"https:\/\/blogsaverroes.juntadeandalucia.es\/iescastillodetempul\/plan-de-igualdad-coeducacion\/","title":{"rendered":"Plan de Igualdad. Coeducaci\u00f3n"},"content":{"rendered":"<h2>Plan de Igualdad entre hombres y mujeres en la educaci\u00f3n del curso 2016\/2017<\/h2>\n<p>Coordinadora: Ver\u00f3nica Mu\u00f1oz Barea<\/p>\n<p>Con el fin de promover la igualdad entre hombres y mujeres en el centro y dar a conocer la Coeducaci\u00f3n en nuestro instituto, a lo largo de este curso acad\u00e9mico 2016\/17 se han realizado las siguientes actividades y actuaciones:<\/p>\n<ul>\n<li><a href=\"http:\/\/blogsaverroes.juntadeandalucia.es\/iescastillodetempul\/dia-contra-la-violencia-de-genero\/\"><strong>25 DE NOVIEMBRE, D\u00cdA CONTRA LA VIOLENCIA DE G\u00c9NERO.<\/strong><\/a><\/li>\n<li><strong><a href=\"http:\/\/blogsaverroes.juntadeandalucia.es\/iescastillodetempul\/dia-internacional-de-la-mujer\/\">D\u00cdA INTERNACIONAL DE LA MUJER : 8 DE MARZO.<\/a><\/strong><\/li>\n<\/ul>\n<p>&nbsp;<\/p>\n<p>&nbsp;<\/p>\n<p dir=\"ltr\"><strong><span style=\"color: #606060\">PROGRAMA \u201cd.colores\u201d<\/span><\/strong><br \/>\nDurante los d\u00edas 19, 20 y 21 de Abril se realizaron los Talleres del programa citado por parte del Servicio de Igualdad del \u00c1rea de Igualdad y Bienestar Social de la Diputaci\u00f3n Provincial de C\u00e1diz (3 sesiones de 2 horas cada una).<br \/>\nLos objetivos de estos talleres son:<br \/>\n&#8211; sensibilizar al alumnado y profesorado sobre el acoso homof\u00f3bico y transf\u00f3bico;<br \/>\n&#8211; fomentar la reflexi\u00f3n cr\u00edtica y la acci\u00f3n positiva cotidianas;<br \/>\n&#8211; mejorar los niveles de autoestima del alumnado y profesoradohomosexual, bisexual y transexual.<br \/>\nPara ello, en los talleres se visibilizaron facetas de la diversidad humana como el sexo biol\u00f3gico, la orientaci\u00f3n sexual y la identidad de g\u00e9nero, aclarando conceptos b\u00e1sicos de uso com\u00fan que suelen estar envueltos en el tab\u00fa y la desinformaci\u00f3n. Al mismo tiempo mostraron la forma en que estereotipos y prejuicios pueden contribuir a la discriminaci\u00f3n y a la falta de igualdad de oportunidades en la vida diaria.<br \/>\nAdem\u00e1s, el alumnado y el profesorado pudieron descubrir los pa\u00edses donde la homosexualidad est\u00e1 condenada por ley a penas de c\u00e1rcel, tortura o incluso pena de muerte.<br \/>\nY, finalmente, en los talleres se trabaj\u00f3 conjuntamente en la b\u00fasqueda de soluciones para contribuir a la convivencia en la diversidad.<br \/>\nEl trabajo de prevenci\u00f3n de la homofobia, la bifobia y la transfobia permite desarrollar la competencia social y ciudadana del alumnado y debe encajar con los objetivos del Plan Tutorial (orientaci\u00f3n), Plan de Igualdad (coeducaci\u00f3n) y los Proyectos de Escuela Espacio de Paz.<\/p>\n<p dir=\"ltr\"><strong>MATERIAL PARA BIBLIOTECA:<\/strong><\/p>\n<p dir=\"ltr\">A lo largo del curso la encargada de Coeducaci\u00f3n ha intentado conseguir lecturas coeducativas y gratuitas a trav\u00e9s de las editoriales. Ocho t\u00edtulos han sido catalogados en la biblioteca del centro.<\/p>\n<p dir=\"ltr\">Editorial elrompecabezas:<br \/>\n<i>1 Hipat\u00eda La maestra<\/i><br \/>\n<i>2 Clara campoamor La sufragista<\/i><br \/>\n<i>3 Jane Goodall La amiga de los chimpanc\u00e9s<\/i><br \/>\n<i>4 Curie La at\u00f3mica<\/i><br \/>\n<i>5 Las astr\u00f3nomas Chicas estrella<\/i><br \/>\n<i>6 Mary Anning y los monstruos del Jur\u00e1sico<\/i><\/p>\n<p dir=\"ltr\">Editorial Santillana:<\/p>\n<p dir=\"ltr\"><b>1 <\/b><i>Rosalinde tiene ideas en la cabeza<\/i> de Christine N\u00f6stlinger.<\/p>\n","protected":false},"excerpt":{"rendered":"<p>Plan de Igualdad entre hombres y mujeres en la educaci\u00f3n del curso 2016\/2017 Coordinadora: Ver\u00f3nica Mu\u00f1oz Barea Con el fin de promover la igualdad entre hombres y mujeres en el centro y dar a&#46;&#46;&#46;<\/p>\n","protected":false},"author":4130,"featured_media":0,"parent":0,"menu_order":0,"comment_status":"closed","ping_status":"closed","template":"","meta":{"ngg_post_thumbnail":0,"footnotes":"","_mc_calendar":[]},"aioseo_notices":[],"_links":{"self":[{"href":"https:\/\/blogsaverroes.juntadeandalucia.es\/iescastillodetempul\/wp-json\/wp\/v2\/pages\/3591"}],"collection":[{"href":"https:\/\/blogsaverroes.juntadeandalucia.es\/iescastillodetempul\/wp-json\/wp\/v2\/pages"}],"about":[{"href":"https:\/\/blogsaverroes.juntadeandalucia.es\/iescastillodetempul\/wp-json\/wp\/v2\/types\/page"}],"author":[{"embeddable":true,"href":"https:\/\/blogsaverroes.juntadeandalucia.es\/iescastillodetempul\/wp-json\/wp\/v2\/users\/4130"}],"replies":[{"embeddable":true,"href":"https:\/\/blogsaverroes.juntadeandalucia.es\/iescastillodetempul\/wp-json\/wp\/v2\/comments?post=3591"}],"version-history":[{"count":9,"href":"https:\/\/blogsaverroes.juntadeandalucia.es\/iescastillodetempul\/wp-json\/wp\/v2\/pages\/3591\/revisions"}],"predecessor-version":[{"id":3640,"href":"https:\/\/blogsaverroes.juntadeandalucia.es\/iescastillodetempul\/wp-json\/wp\/v2\/pages\/3591\/revisions\/3640"}],"wp:attachment":[{"href":"https:\/\/blogsaverroes.juntadeandalucia.es\/iescastillodetempul\/wp-json\/wp\/v2\/media?parent=3591"}],"curies":[{"name":"wp","href":"https:\/\/api.w.org\/{rel}","templated":true}]}}