{"id":3707,"date":"2017-07-06T10:02:18","date_gmt":"2017-07-06T10:02:18","guid":{"rendered":"http:\/\/blogsaverroes.juntadeandalucia.es\/iescastillodetempul\/?page_id=3707"},"modified":"2017-07-07T11:11:42","modified_gmt":"2017-07-07T11:11:42","slug":"se-toman-mucho-o-poco-hagamos-una-encuesta","status":"publish","type":"page","link":"https:\/\/blogsaverroes.juntadeandalucia.es\/iescastillodetempul\/se-toman-mucho-o-poco-hagamos-una-encuesta\/","title":{"rendered":"\u00bfSE TOMAN MUCHO O POCO? \u00a1HAGAMOS UNA ENCUESTA!"},"content":{"rendered":"<p><strong>INTRODUCCI\u00d3N<\/strong><\/p>\n<p>A veces se utilizan encuestas para recopilar cierta informaci\u00f3n de aspectos sociales: h\u00e1bitos de consumo, preferencias personales, aspectos econ\u00f3micos, que permiten obtener conclusiones interesantes. Tenemos la duda de c\u00f3mo se consumen estas bebidas en la realidad. Y para ello vamos a ponernos manos a la obra, y vamos a realizar una encuesta, entrevistando a la poblaci\u00f3n.<\/p>\n<p style=\"text-align: center\"><strong>\u00a1A ver qu\u00e9 encontramos!<\/strong><\/p>\n<p style=\"text-align: center\"><strong>\u00a1HAGAMOS UNA ENCUESTA!<\/strong><a href=\"http:\/\/blogsaverroes.juntadeandalucia.es\/iescastillodetempul\/se-toman-mucho-o-poco-hagamos-una-encuesta\/tarea-2\/\" rel=\"attachment wp-att-3714\"><img loading=\"lazy\" decoding=\"async\" class=\"aligncenter size-full wp-image-3714\" src=\"https:\/\/blogsaverroes.juntadeandalucia.es\/iescastillodetempul\/files\/2017\/07\/tarea-2.png\" alt=\"\" width=\"138\" height=\"141\" srcset=\"https:\/\/blogsaverroes.juntadeandalucia.es\/iescastillodetempul\/files\/2017\/07\/tarea-2.png 138w, https:\/\/blogsaverroes.juntadeandalucia.es\/iescastillodetempul\/files\/2017\/07\/tarea-2-24x24.png 24w, https:\/\/blogsaverroes.juntadeandalucia.es\/iescastillodetempul\/files\/2017\/07\/tarea-2-36x36.png 36w, https:\/\/blogsaverroes.juntadeandalucia.es\/iescastillodetempul\/files\/2017\/07\/tarea-2-48x48.png 48w\" sizes=\"(max-width: 138px) 100vw, 138px\" \/><\/a><\/p>\n<p><strong>CHULETA<\/strong><\/p>\n<p>Antes de ponernos en acci\u00f3n, vamos a ver si tienes claro estos conceptos:&nbsp; \u00bfEs lo mismo entrevista, cuestionario y encuesta?&nbsp; Encuentra las diferencias en estas definiciones:<\/p>\n<p>Entrevista: <a href=\"http:\/\/dle.rae.es\/?id=FpAs97u\" rel=\"attachment wp-att-3726\"><img loading=\"lazy\" decoding=\"async\" class=\"alignnone wp-image-3726\" title=\"AYUDA\" src=\"https:\/\/blogsaverroes.juntadeandalucia.es\/iescastillodetempul\/files\/2017\/07\/LATA1.png\" alt=\"\" width=\"36\" height=\"78\"><\/a>&nbsp; &nbsp; &nbsp; &nbsp; &nbsp;Cuestionario:<a href=\"http:\/\/dle.rae.es\/?id=BbG2Jb4\" rel=\"attachment wp-att-3726\"><img loading=\"lazy\" decoding=\"async\" class=\"alignnone wp-image-3726\" title=\"AYUDA\" src=\"https:\/\/blogsaverroes.juntadeandalucia.es\/iescastillodetempul\/files\/2017\/07\/LATA1.png\" alt=\"\" width=\"36\" height=\"78\"><\/a>&nbsp; &nbsp; &nbsp; &nbsp; &nbsp; &nbsp; &nbsp; &nbsp;Encuesta:<a href=\"http:\/\/dle.rae.es\/?id=FB7OOOp\" rel=\"attachment wp-att-3726\"><img loading=\"lazy\" decoding=\"async\" class=\"alignnone wp-image-3726\" title=\"AYUDA\" src=\"https:\/\/blogsaverroes.juntadeandalucia.es\/iescastillodetempul\/files\/2017\/07\/LATA1.png\" alt=\"\" width=\"36\" height=\"78\"><\/a><\/p>\n<p><strong>PASOS<\/strong><\/p>\n<p><strong>Paso 1<\/strong><\/p>\n<blockquote><p>\u00bfEn qu\u00e9 consiste un estudio estad\u00edstico? Localiza ejemplos de estudios estad\u00edsticos realizados recientemente, que puedan ser interesantes para tus compa\u00f1eros\/as y que est\u00e9n publicados en medios de comunicaci\u00f3n (televisi\u00f3n, internet, peri\u00f3dicos,&#8230;)<\/p><\/blockquote>\n<p><strong>Paso 2<\/strong><\/p>\n<blockquote><p>Busca informaci\u00f3n en tu libro de texto de mates, internet, etc sobre los siguientes interrogantes, y prop\u00f3n ejemplos:<\/p>\n<p><strong>\u00bfQu\u00e9 es una encuesta?<\/strong><\/p>\n<p><strong>\u00bfC\u00f3mo se realiza una encuesta?<\/strong><\/p>\n<p><strong>\u00bfA qui\u00e9n se le realiza la encuesta? <\/strong>Poblaci\u00f3n y muestra.<\/p>\n<p><strong>\u00bfCu\u00e1l es el fin de nuestra encuesta?<\/strong><\/p>\n<p><strong>\u00bfQu\u00e9 queremos estudiar? <\/strong>Estas son las Variables estad\u00edsticas.<\/p><\/blockquote>\n<p><strong>Paso 3<\/strong><\/p>\n<blockquote><p>Vamos a centrarnos en nuestro proyecto. Se elige entre todos\/as la muestra representativa de la poblaci\u00f3n, y el fin de nuestra encuesta.<br \/>\nProponed en clase una lluvia de ideas sobre la informaci\u00f3n que se quiere recoger en la encuesta para su posterior an\u00e1lisis. Elegir las variables que vamos a estudiar y sobre las que tendremos que hacer la encuesta.<\/p><\/blockquote>\n<p><strong><u>Paso 4<\/u><\/strong><\/p>\n<blockquote><p>Elaboraci\u00f3n de la encuesta, donde cada grupo debe seleccionar de la lluvia de ideas anterior, cuales son las cuestiones y sus posibles respuestas. Por ejemplo se puede utilizar la siguiente tabla:<\/p><\/blockquote>\n<p><a href=\"http:\/\/blogsaverroes.juntadeandalucia.es\/iescastillodetempul\/se-toman-mucho-o-poco-hagamos-una-encuesta\/tarea-2a\/\" rel=\"attachment wp-att-3718\"><img loading=\"lazy\" decoding=\"async\" class=\"aligncenter size-full wp-image-3718\" src=\"https:\/\/blogsaverroes.juntadeandalucia.es\/iescastillodetempul\/files\/2017\/07\/tarea-2a.png\" alt=\"\" width=\"637\" height=\"329\" srcset=\"https:\/\/blogsaverroes.juntadeandalucia.es\/iescastillodetempul\/files\/2017\/07\/tarea-2a.png 637w, https:\/\/blogsaverroes.juntadeandalucia.es\/iescastillodetempul\/files\/2017\/07\/tarea-2a-24x12.png 24w, https:\/\/blogsaverroes.juntadeandalucia.es\/iescastillodetempul\/files\/2017\/07\/tarea-2a-36x19.png 36w, https:\/\/blogsaverroes.juntadeandalucia.es\/iescastillodetempul\/files\/2017\/07\/tarea-2a-48x25.png 48w\" sizes=\"(max-width: 637px) 100vw, 637px\" \/><\/a><\/p>\n<p>Nota: Puedes buscar informaci\u00f3n sobre las cuestiones anteriores, para tener una idea de cuales son las posibles respuestas.<\/p>\n<p><strong><u>Paso 5<\/u><\/strong><\/p>\n<blockquote><p>Una vez elaborada la encuesta, ten\u00e9is que, os pod\u00e9is organizar en grupos de 4 o 5, y ten\u00e9is que seguir estas indicaciones:<\/p>\n<p><strong><u>INDICACIONES PARA LA ENCUESTA<\/u>:<\/strong><\/p>\n<p>1) Son encuestas an\u00f3nimas, pero no debe faltar datos del encabezado (IES, curso, edad, sexo (M: masculino, F: femenino)<\/p>\n<p>2) Se le pedir\u00e1 a las personas encuestadas <u>con cortes\u00eda y buenos modales<\/u>, que realicen la encuesta.<\/p>\n<p>3) Leerles las preguntas y aclarar dudas si es necesario.<\/p>\n<p>4) Se les debe explicar o indicar a las personas encuestadas que vamos hacer un estudio de toda la poblaci\u00f3n de \u2026, y la muestra ser\u00e1 \u2026<\/p><\/blockquote>\n<p><strong>TAREA<\/strong><\/p>\n<blockquote><p>Vamos a realizar un aut\u00e9ntico RECUENTO DE DATOS. Para facilitar el trabajo, se pueden utilizar las siguientes tablas, para presentar los resultados al resto de compa\u00f1eros:<\/p><\/blockquote>\n<table style=\"border-color: #000000;width: 517px\">\n<tbody>\n<tr>\n<td style=\"width: 507px;border-color: #000000\" colspan=\"8\"><strong>1. \u00bfConoces las bebidas energ\u00e9ticas?<\/strong><\/td>\n<\/tr>\n<tr>\n<td style=\"width: 70px\">&nbsp;<\/td>\n<td style=\"width: 57.44px\">1\u00ba ESO<\/td>\n<td style=\"width: 46.56px\">2\u00ba ESO<\/td>\n<td style=\"width: 65px\">3\u00ba ESO &#8211; A<\/td>\n<td style=\"width: 65px\">3\u00ba ESO \u2013 B<\/td>\n<td style=\"width: 69px\">4\u00ba ESO \u2013 A<\/td>\n<td style=\"width: 65px\">4\u00ba ESO &#8211; B<\/td>\n<td style=\"width: 69px\">TOTAL<\/td>\n<\/tr>\n<tr>\n<td style=\"width: 70px\">S\u00cd<\/td>\n<td style=\"width: 57.44px\">&nbsp;<\/td>\n<td style=\"width: 46.56px\">&nbsp;<\/td>\n<td style=\"width: 65px\">&nbsp;<\/td>\n<td style=\"width: 65px\">&nbsp;<\/td>\n<td style=\"width: 69px\">&nbsp;<\/td>\n<td style=\"width: 65px\">&nbsp;<\/td>\n<td style=\"width: 69px\">&nbsp;<\/td>\n<\/tr>\n<tr>\n<td style=\"width: 70px\">NO<\/td>\n<td style=\"width: 57.44px\">&nbsp;<\/td>\n<td style=\"width: 46.56px\">&nbsp;<\/td>\n<td style=\"width: 65px\">&nbsp;<\/td>\n<td style=\"width: 65px\">&nbsp;<\/td>\n<td style=\"width: 69px\">&nbsp;<\/td>\n<td style=\"width: 65px\">&nbsp;<\/td>\n<td style=\"width: 69px\">&nbsp;<\/td>\n<\/tr>\n<tr>\n<td style=\"width: 70px\">ME SUENA<\/td>\n<td style=\"width: 57.44px\">&nbsp;<\/td>\n<td style=\"width: 46.56px\">&nbsp;<\/td>\n<td style=\"width: 65px\">&nbsp;<\/td>\n<td style=\"width: 65px\">&nbsp;<\/td>\n<td style=\"width: 69px\">&nbsp;<\/td>\n<td style=\"width: 65px\">&nbsp;<\/td>\n<td style=\"width: 69px\">&nbsp;<\/td>\n<\/tr>\n<tr>\n<td style=\"width: 70px\">&nbsp;<\/td>\n<td style=\"width: 57.44px\">&nbsp;<\/td>\n<td style=\"width: 46.56px\">&nbsp;<\/td>\n<td style=\"width: 65px\">&nbsp;<\/td>\n<td style=\"width: 65px\">&nbsp;<\/td>\n<td style=\"width: 69px\">&nbsp;<\/td>\n<td style=\"width: 65px\">&nbsp;<\/td>\n<td style=\"width: 69px\">&nbsp;<\/td>\n<\/tr>\n<\/tbody>\n<\/table>\n<p><strong>GPS&nbsp; <\/strong><\/p>\n<blockquote><p>Hay que seleccionar de una <strong>poblaci\u00f3n<\/strong> cual ser\u00eda una <strong>muestra<\/strong> representativa.<br \/>\n\u00bfQu\u00e9 ocurre si alguna cuesti\u00f3n anterior no es contestada en la encuesta?<br \/>\n\u00bfExisten datos an\u00f3malos?<\/p>\n<p>Realizad una puesta en com\u00fan con aquellos interrogantes que puedan aparecer en el recuento de datos.<\/p><\/blockquote>\n<p><strong>DIARIO DE APRENDIZAJE:<\/strong><\/p>\n<blockquote><p>Recoge en tu diario lo que has aprendido en esta tarea. Tanto aquello que no sab\u00edas como lo que ya si sabes, pero has asimilado mejor.<\/p><\/blockquote>\n","protected":false},"excerpt":{"rendered":"<p>INTRODUCCI\u00d3N A veces se utilizan encuestas para recopilar cierta informaci\u00f3n de aspectos sociales: h\u00e1bitos de consumo, preferencias personales, aspectos econ\u00f3micos, que permiten obtener conclusiones interesantes. Tenemos la duda de c\u00f3mo se consumen estas bebidas&#46;&#46;&#46;<\/p>\n","protected":false},"author":4130,"featured_media":0,"parent":0,"menu_order":0,"comment_status":"closed","ping_status":"closed","template":"","meta":{"ngg_post_thumbnail":0,"footnotes":"","_mc_calendar":[]},"aioseo_notices":[],"_links":{"self":[{"href":"https:\/\/blogsaverroes.juntadeandalucia.es\/iescastillodetempul\/wp-json\/wp\/v2\/pages\/3707"}],"collection":[{"href":"https:\/\/blogsaverroes.juntadeandalucia.es\/iescastillodetempul\/wp-json\/wp\/v2\/pages"}],"about":[{"href":"https:\/\/blogsaverroes.juntadeandalucia.es\/iescastillodetempul\/wp-json\/wp\/v2\/types\/page"}],"author":[{"embeddable":true,"href":"https:\/\/blogsaverroes.juntadeandalucia.es\/iescastillodetempul\/wp-json\/wp\/v2\/users\/4130"}],"replies":[{"embeddable":true,"href":"https:\/\/blogsaverroes.juntadeandalucia.es\/iescastillodetempul\/wp-json\/wp\/v2\/comments?post=3707"}],"version-history":[{"count":18,"href":"https:\/\/blogsaverroes.juntadeandalucia.es\/iescastillodetempul\/wp-json\/wp\/v2\/pages\/3707\/revisions"}],"predecessor-version":[{"id":3733,"href":"https:\/\/blogsaverroes.juntadeandalucia.es\/iescastillodetempul\/wp-json\/wp\/v2\/pages\/3707\/revisions\/3733"}],"wp:attachment":[{"href":"https:\/\/blogsaverroes.juntadeandalucia.es\/iescastillodetempul\/wp-json\/wp\/v2\/media?parent=3707"}],"curies":[{"name":"wp","href":"https:\/\/api.w.org\/{rel}","templated":true}]}}