{"id":3779,"date":"2017-07-06T21:45:37","date_gmt":"2017-07-06T21:45:37","guid":{"rendered":"http:\/\/blogsaverroes.juntadeandalucia.es\/iescastillodetempul\/?page_id=3779"},"modified":"2017-07-07T14:06:23","modified_gmt":"2017-07-07T14:06:23","slug":"que-aportan-son-positivas-o-negativas","status":"publish","type":"page","link":"https:\/\/blogsaverroes.juntadeandalucia.es\/iescastillodetempul\/que-aportan-son-positivas-o-negativas\/","title":{"rendered":"\u00bfQU\u00c9 APORTAN? \u00bfSON POSITIVAS O NEGATIVAS?"},"content":{"rendered":"<p><strong>INTRODUCCI\u00d3N<\/strong><\/p>\n<p>Los componentes de las bebidas que has averiguado en la tarea anterior&#8230;.\u00bfrealmente aportan lo que esperan los consumidores? \u00bfO producen algunos efectos que no esperaban?<br \/>\nComo ya has comprobado, los dos componentes mayoritarios de estas bebidas son el az\u00facar y la cafe\u00edna, los principales efectos que se producen en el individuo despu\u00e9s de ser consumidas son debidos a ellos.<\/p>\n<p><a href=\"http:\/\/blogsaverroes.juntadeandalucia.es\/iescastillodetempul\/que-aportan-son-positivas-o-negativas\/tarea-5\/\" rel=\"attachment wp-att-3816\"><img loading=\"lazy\" decoding=\"async\" class=\"aligncenter size-full wp-image-3816\" src=\"https:\/\/blogsaverroes.juntadeandalucia.es\/iescastillodetempul\/files\/2017\/07\/tarea-5.jpg\" alt=\"\" width=\"438\" height=\"247\" srcset=\"https:\/\/blogsaverroes.juntadeandalucia.es\/iescastillodetempul\/files\/2017\/07\/tarea-5.jpg 438w, https:\/\/blogsaverroes.juntadeandalucia.es\/iescastillodetempul\/files\/2017\/07\/tarea-5-24x14.jpg 24w, https:\/\/blogsaverroes.juntadeandalucia.es\/iescastillodetempul\/files\/2017\/07\/tarea-5-36x20.jpg 36w, https:\/\/blogsaverroes.juntadeandalucia.es\/iescastillodetempul\/files\/2017\/07\/tarea-5-48x27.jpg 48w\" sizes=\"(max-width: 438px) 100vw, 438px\" \/><\/a><\/p>\n<p>Aqu\u00ed puedes leer una noticia sobre una de sus consecuencias extremas en un adolescente por consumo de estas bebidas.<\/p>\n<p><a href=\"https:\/\/internacional.elpais.com\/internacional\/2017\/05\/16\/actualidad\/1494934552_854096.html\" rel=\"attachment wp-att-3726\"><img loading=\"lazy\" decoding=\"async\" class=\"alignnone wp-image-3726\" title=\"NOTICIA\" src=\"https:\/\/blogsaverroes.juntadeandalucia.es\/iescastillodetempul\/files\/2017\/07\/LATA1.png\" alt=\"\" width=\"36\" height=\"78\"><\/a><\/p>\n<p><strong>CHULETA<\/strong><\/p>\n<blockquote><p>Los nutrientes, son sustancias que proporcionan materia y energ\u00eda al organismo. Los tipos de nutrientes son:<br \/>\n\u2022 Inorg\u00e1nicos: agua y sales minerales (funci\u00f3n reguladora).<br \/>\n\u2022 Org\u00e1nicos: gl\u00facidos (funci\u00f3n energ\u00e9tica), l\u00edpidos (funci\u00f3n energ\u00e9tica), prote\u00ednas (funci\u00f3n estructural) y vitaminas (funci\u00f3n reguladora).<br \/>\nLos aditivos ( colorantes, conservantes, antioxidantes, edulcorantes, potenciadores del sabor&#8230;) son sustancias autorizadas que mejoran las cualidades de un alimento o sirven para su conservaci\u00f3n. En los pa\u00edses de la Uni\u00f3n Europea, los aditivos se designan mediante la letra E (de Europa), seguida de un n\u00famero de tres o cuatro cifras. Esta designaci\u00f3n va precedida, en las etiquetas, del tipo de aditivo del que se trate. Por ejemplo: edulcorante sacarina (E-954).<\/p>\n<p>Todos los aparatos y sistemas que componen nuestro cuerpo act\u00faan de manera conjunta y coordinada, en el momento en el que se altera el funcionamiento de alguno de ellos, se alteran el resto de ellos, pudiendo producirse en el organismo cierto tipo de enfermedades.<\/p><\/blockquote>\n<p><strong>PASOS<\/strong><\/p>\n<p><strong>Paso 1<\/strong><\/p>\n<blockquote><p>Despu\u00e9s del an\u00e1lisis de los diferentes componentes de las bebidas energ\u00e9ticas que ya hiciste en la <a href=\"http:\/\/blogsaverroes.juntadeandalucia.es\/iescastillodetempul\/pero-que-tienen-estas-bebidas\/\">Tarea 4<\/a>, realiza una clasificaci\u00f3n de ellos seg\u00fan sean nutrientes (org\u00e1nicos o inorg\u00e1nicos) u otras sustancias.<\/p><\/blockquote>\n<p><strong>Paso 2<\/strong><\/p>\n<blockquote><p>De todos los componentes que tienen las bebidas energ\u00e9ticas, investiga cu\u00e1les de ellos se encuentran presentes en nuestro organismo de forma natural. \u00bfQu\u00e9 funci\u00f3n desempe\u00f1an?<\/p><\/blockquote>\n<table style=\"width: 515px\">\n<tbody>\n<tr>\n<td style=\"width: 129px\">COMPONENTES<\/td>\n<td style=\"width: 384px\">FUNCI\u00d3N<\/td>\n<\/tr>\n<tr>\n<td style=\"width: 129px\">a<\/td>\n<td style=\"width: 384px\">&nbsp;<\/td>\n<\/tr>\n<tr>\n<td style=\"width: 129px\">b<\/td>\n<td style=\"width: 384px\">&nbsp;<\/td>\n<\/tr>\n<tr>\n<td style=\"width: 129px\">c<\/td>\n<td style=\"width: 384px\">&nbsp;<\/td>\n<\/tr>\n<tr>\n<td style=\"width: 129px\">&#8230;<\/td>\n<td style=\"width: 384px\">&nbsp;<\/td>\n<\/tr>\n<\/tbody>\n<\/table>\n<p><strong>Paso 3<\/strong><\/p>\n<blockquote><p>Aunque alguno de sus componentes se encuentren en nuestro organismo de forma natural, el consumo de estas bebidas aumenta su concentraci\u00f3n, pudiendo ser perjudicial para la salud. Adem\u00e1s, la mezcla de algunos de sus componentes aumenta el riesgo a\u00fan m\u00e1s y la probabilidad de padecer cierto tipo de enfermedades (diabetes, insuficiencia renal, enfermedades cardiovasculares&#8230;).<br \/>\nBusca informaci\u00f3n acerca de los efectos que tiene sobre el organismo los diferentes componentes de estas bebidas, as\u00ed como las disfunciones o enfermedades que llegar a causar.<\/p><\/blockquote>\n<p>Puedes consultar estos enlaces:<\/p>\n<ul>\n<li><a href=\"http:\/\/www.ucjc.edu\/2014\/10\/estudio-de-la-ucjc-sobre-los-efectos-negativos-y-positivos-de-las-bebidas-energeticas-en-los-deportistas\/\">http:\/\/www.ucjc.edu\/2014\/10\/estudio-de-la-ucjc-sobre-los-efectos-negativos-y-positivos-de-las-bebidas-energeticas-en-los-deportistas\/<\/a><\/li>\n<li><a href=\"http:\/\/www.cooperativa.cl\/noticias\/sociedad\/salud\/los-peligros-de-consumir-bebidas-energeticas\/2016-03-20\/082444.html\">http:\/\/www.cooperativa.cl\/noticias\/sociedad\/salud\/los-peligros-de-consumir-bebidas-energeticas\/2016-03-20\/082444.html<\/a><\/li>\n<li><a href=\"http:\/\/www.eldiario.es\/norte\/Bebidas-energeticas-pros-contras_0_471053066.html\">http:\/\/www.eldiario.es\/norte\/Bebidas-energeticas-pros-contras_0_471053066.html<\/a><\/li>\n<li><a href=\"http:\/\/www.abc.es\/sociedad\/20141001\/abci-bebidas-energeticas-deportisas-201410011113.html\">http:\/\/www.abc.es\/sociedad\/20141001\/abci-bebidas-energeticas-deportisas-201410011113.html<\/a><\/li>\n<li><a href=\"http:\/\/omicrono.elespanol.com\/2012\/07\/bebidas-energeticas-buenas-o-malas-para-la-salud\/\">http:\/\/omicrono.elespanol.com\/2012\/07\/bebidas-energeticas-buenas-o-malas-para-la-salud\/<\/a><\/li>\n<li><a href=\"http:\/\/www.informador.com.mx\/suplementos\/2014\/515047\/6\/10-efectos-colaterales-de-las-bebidas-energeticas.htm\">http:\/\/www.informador.com.mx\/suplementos\/2014\/515047\/6\/10-efectos-colaterales-de-las-bebidas-energeticas.htm<\/a><\/li>\n<li><a href=\"https:\/\/www.segurcaixaadeslas.es\/es\/articulos-salud\/efectos-de-las-bebidas-energeticas-en-los-deportistas\">https:\/\/www.segurcaixaadeslas.es\/es\/articulos-salud\/efectos-de-las-bebidas-energeticas-en-los-deportistas<\/a><\/li>\n<li><a href=\"http:\/\/www.lne.es\/vida-y-estilo\/salud\/2014\/10\/03\/bebidas-energeticas-provocan-insomnio-nerviosismo\/1651093.html\">http:\/\/www.lne.es\/vida-y-estilo\/salud\/2014\/10\/03\/bebidas-energeticas-provocan-insomnio-nerviosismo\/1651093.html<\/a><\/li>\n<\/ul>\n<p><strong>Paso 4<\/strong><\/p>\n<blockquote><p>Investiga el por qu\u00e9 al mezclar estas bebidas con alcohol aumenta la posibilidad de incrementar el consumo del mismo (adicci\u00f3n al alcohol).<br \/>\nPuedes utilizar <strong><a href=\"#GPS\">GPS<\/a><\/strong>.<\/p><\/blockquote>\n<p><strong>TAREA<\/strong><\/p>\n<blockquote><p>Despu\u00e9s de todo lo aprendido en los pasos anteriores, realiza un mural en el que mediante un dibujo del cuerpo humano representes todos los \u00f3rganos que se pueden ver afectados por el consumo excesivo de estas bebidas, as\u00ed como los efectos sobre los mismos.<\/p>\n<p>Para llevar a cabo la tarea la clase se dividir\u00e1 en grupos. Si alg\u00fan grupo quiere realizar la tarea de otra forma puede hacerlo, por ejemplo, mediante la invenci\u00f3n de alg\u00fan juego.<a id=\"GPS\" name=\"GPS\"><\/a><\/p><\/blockquote>\n<p>&nbsp;<\/p>\n<p><strong>GPS<\/strong><\/p>\n<blockquote><p>Ten en cuenta que el metabolismo de nuestro cuerpo y por tanto sus necesidades nutricionales, var\u00edan seg\u00fan su actividad, estado fisiol\u00f3gico, edad&#8230;<\/p>\n<p>Alguno de los componentes de las bebidas energ\u00e9ticas act\u00faan como estimulantes y el alcohol como depresor.<\/p><\/blockquote>\n<p><strong>DIARIO<\/strong><\/p>\n<blockquote><p>Reflexiona sobre todo lo investigado anteriormente e indica qu\u00e9 es lo que m\u00e1s te ha sorprendido. \u00bfSacas alguna conclusi\u00f3n de todo ello?<\/p><\/blockquote>\n","protected":false},"excerpt":{"rendered":"<p>INTRODUCCI\u00d3N Los componentes de las bebidas que has averiguado en la tarea anterior&#8230;.\u00bfrealmente aportan lo que esperan los consumidores? \u00bfO producen algunos efectos que no esperaban? Como ya has comprobado, los dos componentes mayoritarios&#46;&#46;&#46;<\/p>\n","protected":false},"author":4130,"featured_media":0,"parent":0,"menu_order":0,"comment_status":"closed","ping_status":"closed","template":"","meta":{"ngg_post_thumbnail":0,"footnotes":"","_mc_calendar":[]},"aioseo_notices":[],"_links":{"self":[{"href":"https:\/\/blogsaverroes.juntadeandalucia.es\/iescastillodetempul\/wp-json\/wp\/v2\/pages\/3779"}],"collection":[{"href":"https:\/\/blogsaverroes.juntadeandalucia.es\/iescastillodetempul\/wp-json\/wp\/v2\/pages"}],"about":[{"href":"https:\/\/blogsaverroes.juntadeandalucia.es\/iescastillodetempul\/wp-json\/wp\/v2\/types\/page"}],"author":[{"embeddable":true,"href":"https:\/\/blogsaverroes.juntadeandalucia.es\/iescastillodetempul\/wp-json\/wp\/v2\/users\/4130"}],"replies":[{"embeddable":true,"href":"https:\/\/blogsaverroes.juntadeandalucia.es\/iescastillodetempul\/wp-json\/wp\/v2\/comments?post=3779"}],"version-history":[{"count":16,"href":"https:\/\/blogsaverroes.juntadeandalucia.es\/iescastillodetempul\/wp-json\/wp\/v2\/pages\/3779\/revisions"}],"predecessor-version":[{"id":3823,"href":"https:\/\/blogsaverroes.juntadeandalucia.es\/iescastillodetempul\/wp-json\/wp\/v2\/pages\/3779\/revisions\/3823"}],"wp:attachment":[{"href":"https:\/\/blogsaverroes.juntadeandalucia.es\/iescastillodetempul\/wp-json\/wp\/v2\/media?parent=3779"}],"curies":[{"name":"wp","href":"https:\/\/api.w.org\/{rel}","templated":true}]}}