{"id":3789,"date":"2017-07-06T22:47:07","date_gmt":"2017-07-06T22:47:07","guid":{"rendered":"http:\/\/blogsaverroes.juntadeandalucia.es\/iescastillodetempul\/?page_id=3789"},"modified":"2017-07-07T21:15:04","modified_gmt":"2017-07-07T21:15:04","slug":"dan-o-quitan-energia","status":"publish","type":"page","link":"https:\/\/blogsaverroes.juntadeandalucia.es\/iescastillodetempul\/dan-o-quitan-energia\/","title":{"rendered":"\u00bfDAN O QUITAN ENERG\u00cdA?"},"content":{"rendered":"<p><strong>INTRODUCCI\u00d3N<\/strong><\/p>\n<p>La publicidad nos dice que dan alas, que nos dan poder.<\/p>\n<p><a href=\"http:\/\/blogsaverroes.juntadeandalucia.es\/iescastillodetempul\/dan-o-quitan-energia\/lata1-2\/\" rel=\"attachment wp-att-3847\"><img loading=\"lazy\" decoding=\"async\" class=\"aligncenter size-full wp-image-3847\" src=\"https:\/\/blogsaverroes.juntadeandalucia.es\/iescastillodetempul\/files\/2017\/07\/LATA1-1.png\" alt=\"\" width=\"178\" height=\"440\" srcset=\"https:\/\/blogsaverroes.juntadeandalucia.es\/iescastillodetempul\/files\/2017\/07\/LATA1-1.png 178w, https:\/\/blogsaverroes.juntadeandalucia.es\/iescastillodetempul\/files\/2017\/07\/LATA1-1-10x24.png 10w, https:\/\/blogsaverroes.juntadeandalucia.es\/iescastillodetempul\/files\/2017\/07\/LATA1-1-15x36.png 15w, https:\/\/blogsaverroes.juntadeandalucia.es\/iescastillodetempul\/files\/2017\/07\/LATA1-1-19x48.png 19w\" sizes=\"(max-width: 178px) 100vw, 178px\" \/><\/a><\/p>\n<p>Pero vamos a hacernos unas preguntas&#8230;.\u00bfnos dan realmente mucha <strong>energ\u00eda<\/strong>? \u00bfcu\u00e1nto dura el efecto? \u00bfexiste alg\u00fan componente que ayude a tener <strong>sensaci\u00f3n<\/strong> de energ\u00eda?<\/p>\n<p><strong>CHULETA<\/strong><\/p>\n<blockquote><p>El organismo humano obtiene la energ\u00eda necesaria para nuestro d\u00eda a d\u00eda a partir de una serie de nutrientes: los <strong>hidratos de carbono<\/strong> (denominados tambi\u00e9n carbohidratos, gl\u00facidos o az\u00facares), <strong>prote\u00ednas y l\u00edpidos<\/strong> (grasas). La energ\u00eda de estos nutrientes es transformada en el cuerpo en energ\u00eda para el funcionamiento de nuestro sistema nervioso, energ\u00eda mec\u00e1nica para el trabajo muscular y energ\u00eda qu\u00edmica para el mantenimiento de la temperatura corporal.<br \/>\nCuando nos referimos a la energ\u00eda, nos resultar\u00e1 m\u00e1s f\u00e1cil hablar en la unidad de medida del consumo de energ\u00eda. La energ\u00eda puede medirse en <strong>julios<\/strong> o en <strong>calor\u00edas<\/strong>.<\/p>\n<p>Un julio se define como el trabajo realizado por la fuerza de un newton en un desplazamiento de un metro, siendo la medida oficial del sistema internacional para la energ\u00eda y el trabajo.<\/p>\n<p>Sin embargo, a nosotros nos interesa m\u00e1s darle un enfoque desde el punto de vista de la nutrici\u00f3n, por lo que trabajaremos con el t\u00e9rmino calor\u00eda. Una calor\u00eda es la energ\u00eda necesaria para aumentar un grado la temperatura. Dado que las cantidades de energ\u00eda que entra\u00f1a nuestro <strong>metabolismo<\/strong> son muy elevadas, nos resultar\u00e1 m\u00e1s \u00fatil hablar de <strong>kilocalor\u00edas<\/strong> (kcal), que corresponde a 1000 calor\u00edas.<\/p>\n<p>La equivalencia entre las unidades es:&nbsp; 1 calor\u00eda son 4,184 julios, y 1 julio son 0,24 calor\u00edas.<\/p>\n<p>El contenido energ\u00e9tico de los alimentos es medido en kcal y se mide quemando el alimento en un calor\u00edmetro, para, de esta manera, observar el calor que desprende. El contenido cal\u00f3rico de los alimentos depender\u00e1 de los nutrientes que lo conformen, ya que cada nutriente contiene una cantidad de energ\u00eda por gramo distinta:<\/p><\/blockquote>\n<ul>\n<li>1 gramo de grasa = 9 kcal<\/li>\n<li>1 gramo de alcohol et\u00edlico = 7 kcal<\/li>\n<li>1 gramo de prote\u00edna = 4 kcal<\/li>\n<li>1 gramo de hidrato de carbono = 4 kcal<\/li>\n<\/ul>\n<p><strong>PASOS<\/strong><\/p>\n<p><strong>Paso 1<\/strong><\/p>\n<blockquote><p>Observa esta infograf\u00eda sobre el etiquetado de productos con az\u00facar:<\/p><\/blockquote>\n<p><a href=\"http:\/\/www.fundaciondiabetes.org\/general\/material\/16\/infografia-3-claves-sobre-los-hidratos-de-carbono-en-las-etiquetas-de-los-alimentos\" rel=\"attachment wp-att-3849\"><img loading=\"lazy\" decoding=\"async\" class=\"aligncenter wp-image-3849 size-full\" src=\"https:\/\/blogsaverroes.juntadeandalucia.es\/iescastillodetempul\/files\/2017\/07\/tarea-7.png\" alt=\"\" width=\"525\" height=\"417\" srcset=\"https:\/\/blogsaverroes.juntadeandalucia.es\/iescastillodetempul\/files\/2017\/07\/tarea-7.png 525w, https:\/\/blogsaverroes.juntadeandalucia.es\/iescastillodetempul\/files\/2017\/07\/tarea-7-24x19.png 24w, https:\/\/blogsaverroes.juntadeandalucia.es\/iescastillodetempul\/files\/2017\/07\/tarea-7-36x29.png 36w, https:\/\/blogsaverroes.juntadeandalucia.es\/iescastillodetempul\/files\/2017\/07\/tarea-7-48x38.png 48w\" sizes=\"(max-width: 525px) 100vw, 525px\" \/><\/a><\/p>\n<blockquote><p>A partir de los datos de cantidad de hidratos de carbono de una lata de una marca cualquiera, y los datos de la <strong>CHULETA<\/strong>, calcula cu\u00e1ntas calor\u00edas te aporta, si te bebes la lata entera.<\/p><\/blockquote>\n<p><strong>Paso 2 <\/strong><\/p>\n<blockquote><p>No todos los Hidratos de carbono act\u00faan igual en el cuerpo, los hay de asimilaci\u00f3n r\u00e1pida y lenta. Observa esta infograf\u00eda y responde a estas cuestiones:<\/p><\/blockquote>\n<p><a href=\"http:\/\/picrun.es\/infografia-los-hidratos-de-carbono\/\" rel=\"attachment wp-att-3851\"><img loading=\"lazy\" decoding=\"async\" class=\"aligncenter wp-image-3851 size-full\" src=\"https:\/\/blogsaverroes.juntadeandalucia.es\/iescastillodetempul\/files\/2017\/07\/tarea-7a.png\" alt=\"\" width=\"874\" height=\"508\" srcset=\"https:\/\/blogsaverroes.juntadeandalucia.es\/iescastillodetempul\/files\/2017\/07\/tarea-7a.png 874w, https:\/\/blogsaverroes.juntadeandalucia.es\/iescastillodetempul\/files\/2017\/07\/tarea-7a-768x446.png 768w, https:\/\/blogsaverroes.juntadeandalucia.es\/iescastillodetempul\/files\/2017\/07\/tarea-7a-700x407.png 700w, https:\/\/blogsaverroes.juntadeandalucia.es\/iescastillodetempul\/files\/2017\/07\/tarea-7a-24x14.png 24w, https:\/\/blogsaverroes.juntadeandalucia.es\/iescastillodetempul\/files\/2017\/07\/tarea-7a-36x21.png 36w, https:\/\/blogsaverroes.juntadeandalucia.es\/iescastillodetempul\/files\/2017\/07\/tarea-7a-48x28.png 48w\" sizes=\"(max-width: 874px) 100vw, 874px\" \/><\/a><\/p>\n<blockquote><p>Una lata de bebida energ\u00e9tica aporta mucho hidratos de carbono de asimilaci\u00f3n <strong>R\u00c1PIDA.<\/strong><\/p>\n<p>Un plato de macarrones aporta hidratos de carbono de asimlaci\u00f3n <strong>LENTA<\/strong>.<\/p>\n<p>\u00bfQu\u00e9 es mejor desde el punto de vista de la supervivencia humana, Una lata de bebida energ\u00e9tica o un plato de macarrones? Discute razonadamente tu respuesta<\/p>\n<p>\u00bfQu\u00e9 ocurre cuando tomamos una sustancia con mucho az\u00facar (boller\u00eda, chuche, lata de refresco, etc) y no hacemos ejercicio, estando mucho tiempo sentado o acostado?<\/p><\/blockquote>\n<p><strong>Paso 3<\/strong><\/p>\n<blockquote><p>\u00bfPor qu\u00e9 alguna marca tiene el eslogan &#8216;te da alas&#8217;?<\/p>\n<p>En la tarea anterior (<a href=\"http:\/\/blogsaverroes.juntadeandalucia.es\/iescastillodetempul\/las-bebidas-y-el-deporte\/\">n\u00ba 6<\/a>) estudiaste la cafe\u00edna. \u00bfPor qu\u00e9 se asocia la cafe\u00edna al cansancio motivado por la falta de energ\u00eda?<\/p><\/blockquote>\n<p><strong>TAREA<\/strong><\/p>\n<blockquote><p>Observa esta foto de un paquete de macarrones. F\u00edjate en la energ\u00eda que aportan por cada 100 g. Observa la proporci\u00f3n que hay entre Hidratos de Carbono, de los cuales s\u00f3lo una cantidad peque\u00f1a son az\u00facares \u00bfPor qu\u00e9?&nbsp;<\/p><\/blockquote>\n<p><a href=\"http:\/\/blogsaverroes.juntadeandalucia.es\/iescastillodetempul\/dan-o-quitan-energia\/tarea-7b\/\" rel=\"attachment wp-att-3853\"><img loading=\"lazy\" decoding=\"async\" class=\"aligncenter size-medium wp-image-3853\" src=\"https:\/\/blogsaverroes.juntadeandalucia.es\/iescastillodetempul\/files\/2017\/07\/tarea-7b-660x1024.jpg\" alt=\"\" width=\"660\" height=\"1024\" srcset=\"https:\/\/blogsaverroes.juntadeandalucia.es\/iescastillodetempul\/files\/2017\/07\/tarea-7b-660x1024.jpg 660w, https:\/\/blogsaverroes.juntadeandalucia.es\/iescastillodetempul\/files\/2017\/07\/tarea-7b-768x1192.jpg 768w, https:\/\/blogsaverroes.juntadeandalucia.es\/iescastillodetempul\/files\/2017\/07\/tarea-7b-700x1086.jpg 700w, https:\/\/blogsaverroes.juntadeandalucia.es\/iescastillodetempul\/files\/2017\/07\/tarea-7b-15x24.jpg 15w, https:\/\/blogsaverroes.juntadeandalucia.es\/iescastillodetempul\/files\/2017\/07\/tarea-7b-23x36.jpg 23w, https:\/\/blogsaverroes.juntadeandalucia.es\/iescastillodetempul\/files\/2017\/07\/tarea-7b-31x48.jpg 31w, https:\/\/blogsaverroes.juntadeandalucia.es\/iescastillodetempul\/files\/2017\/07\/tarea-7b.jpg 1031w\" sizes=\"(max-width: 660px) 100vw, 660px\" \/><\/a><\/p>\n<blockquote><p>Ahora mira cualquier lata de bebida energ\u00e9tica. \u00bfCu\u00e1ntos Hidratos de carbono son az\u00facares? Reflexiona sobre este hecho y realiza un informe sobre la conveniencia o no de que los hidratos de carbono sean de un tipo o de otro.<\/p><\/blockquote>\n<p><strong>GPS<\/strong><\/p>\n<blockquote><p>Hidratos de carbono hay de varios tipos, no te l\u00edes. Diferencia bien los que son az\u00facares de asimilaci\u00f3n r\u00e1pida y los que son de asimilaci\u00f3n lenta.<\/p>\n<p>Recuerda que los productos s\u00f3lidos utilizan las cantidades de los componentes por cada 100 g de producto, y los l\u00edquidos, como las bebidas, por cada 100 ml. No es exactamente lo mismo. S\u00f3lo coincidir\u00eda exactamente si fuera agua destilada, cuya densidad es 1 g\/ml. Pero a efectos pr\u00e1cticos podemos considerar casi (ojo casi) igual la densidad de las bebidas.<\/p><\/blockquote>\n<blockquote><p>Lo ideal es que utilices factores de conversi\u00f3n, pero en caso de apuro no abandones tus REGLAS DE TRES. (\u00a1Te salvar\u00e1n la vida!)<\/p><\/blockquote>\n<p><strong>DIARIO<\/strong><\/p>\n<blockquote><p>Recoge lo que has aprendido en esta tarea. Lo que no sab\u00edas y lo que si sabes ya<\/p><\/blockquote>\n<p>&nbsp;<\/p>\n<p>&nbsp;<\/p>\n<p>&nbsp;<\/p>\n<p>&nbsp;<\/p>\n","protected":false},"excerpt":{"rendered":"<p>INTRODUCCI\u00d3N La publicidad nos dice que dan alas, que nos dan poder. Pero vamos a hacernos unas preguntas&#8230;.\u00bfnos dan realmente mucha energ\u00eda? \u00bfcu\u00e1nto dura el efecto? \u00bfexiste alg\u00fan componente que ayude a tener sensaci\u00f3n&#46;&#46;&#46;<\/p>\n","protected":false},"author":4130,"featured_media":0,"parent":0,"menu_order":0,"comment_status":"closed","ping_status":"closed","template":"","meta":{"ngg_post_thumbnail":0,"footnotes":"","_mc_calendar":[]},"aioseo_notices":[],"_links":{"self":[{"href":"https:\/\/blogsaverroes.juntadeandalucia.es\/iescastillodetempul\/wp-json\/wp\/v2\/pages\/3789"}],"collection":[{"href":"https:\/\/blogsaverroes.juntadeandalucia.es\/iescastillodetempul\/wp-json\/wp\/v2\/pages"}],"about":[{"href":"https:\/\/blogsaverroes.juntadeandalucia.es\/iescastillodetempul\/wp-json\/wp\/v2\/types\/page"}],"author":[{"embeddable":true,"href":"https:\/\/blogsaverroes.juntadeandalucia.es\/iescastillodetempul\/wp-json\/wp\/v2\/users\/4130"}],"replies":[{"embeddable":true,"href":"https:\/\/blogsaverroes.juntadeandalucia.es\/iescastillodetempul\/wp-json\/wp\/v2\/comments?post=3789"}],"version-history":[{"count":9,"href":"https:\/\/blogsaverroes.juntadeandalucia.es\/iescastillodetempul\/wp-json\/wp\/v2\/pages\/3789\/revisions"}],"predecessor-version":[{"id":3855,"href":"https:\/\/blogsaverroes.juntadeandalucia.es\/iescastillodetempul\/wp-json\/wp\/v2\/pages\/3789\/revisions\/3855"}],"wp:attachment":[{"href":"https:\/\/blogsaverroes.juntadeandalucia.es\/iescastillodetempul\/wp-json\/wp\/v2\/media?parent=3789"}],"curies":[{"name":"wp","href":"https:\/\/api.w.org\/{rel}","templated":true}]}}