{"id":3824,"date":"2017-07-07T19:12:06","date_gmt":"2017-07-07T19:12:06","guid":{"rendered":"http:\/\/blogsaverroes.juntadeandalucia.es\/iescastillodetempul\/?page_id=3824"},"modified":"2017-07-07T20:23:46","modified_gmt":"2017-07-07T20:23:46","slug":"las-bebidas-y-el-deporte","status":"publish","type":"page","link":"https:\/\/blogsaverroes.juntadeandalucia.es\/iescastillodetempul\/las-bebidas-y-el-deporte\/","title":{"rendered":"LAS BEBIDAS Y EL DEPORTE"},"content":{"rendered":"<p><strong>INTRODUCCI\u00d3N<\/strong><\/p>\n<p><strong>&nbsp;<\/strong>La ingesta diaria de l\u00edquido (la mitad en forma de agua o de bebida) debe estar entre un litro y medio y dos litros. En funci\u00f3n de la edad, el estadio fisiol\u00f3gico y la actividad f\u00edsicas de cada individuo.<\/p>\n<p>Durante la presente tarea el alumnado llevar\u00e1 a cabo un estudio de qu\u00e9 son las bebidas deportivas o isot\u00f3nicas,&nbsp; a diferencia de las bebidas energ\u00e9ticas o energy-power-drink. Aprender\u00e1 a saber cu\u00e1les son las sustancias que componen dichas bebidas. Ver cu\u00e1les son las diferentes marcas que existen en el mercado.<\/p>\n<p style=\"text-align: center\"><strong>\u00a1Intenta averiguarlo!<\/strong><\/p>\n<p><a href=\"http:\/\/blogsaverroes.juntadeandalucia.es\/iescastillodetempul\/y-ahora-que-conclusiones\/img-20170706-wa0000\/\" rel=\"attachment wp-att-3798\"><img loading=\"lazy\" decoding=\"async\" class=\"aligncenter size-medium wp-image-3798\" src=\"https:\/\/blogsaverroes.juntadeandalucia.es\/iescastillodetempul\/files\/2017\/07\/IMG-20170706-WA0000-911x1024.jpg\" alt=\"\" width=\"911\" height=\"1024\" srcset=\"https:\/\/blogsaverroes.juntadeandalucia.es\/iescastillodetempul\/files\/2017\/07\/IMG-20170706-WA0000-911x1024.jpg 911w, https:\/\/blogsaverroes.juntadeandalucia.es\/iescastillodetempul\/files\/2017\/07\/IMG-20170706-WA0000-768x863.jpg 768w, https:\/\/blogsaverroes.juntadeandalucia.es\/iescastillodetempul\/files\/2017\/07\/IMG-20170706-WA0000-700x787.jpg 700w, https:\/\/blogsaverroes.juntadeandalucia.es\/iescastillodetempul\/files\/2017\/07\/IMG-20170706-WA0000-21x24.jpg 21w, https:\/\/blogsaverroes.juntadeandalucia.es\/iescastillodetempul\/files\/2017\/07\/IMG-20170706-WA0000-32x36.jpg 32w, https:\/\/blogsaverroes.juntadeandalucia.es\/iescastillodetempul\/files\/2017\/07\/IMG-20170706-WA0000-43x48.jpg 43w, https:\/\/blogsaverroes.juntadeandalucia.es\/iescastillodetempul\/files\/2017\/07\/IMG-20170706-WA0000.jpg 1424w\" sizes=\"(max-width: 911px) 100vw, 911px\" \/><\/a><\/p>\n<p><strong>CHULETA <strong>&nbsp;<\/strong><\/strong><\/p>\n<blockquote><p>Lo primero que debemos tener en cuenta es que la mayor parte del porcentaje del cualquier bebida energ\u00e9tica o isot\u00f3nica es agua, por lo que comenzaremos hablando de los distintos tipos de agua que hay y cu\u00e1les se pueden o no utilizar en su fabricaci\u00f3n. El resto de componente se aditivos, extractos, colorantes, zumos o pulpas de frutas, az\u00facares o edulcorantes a\u00f1adidos y en muchas de ellas sustancias que convierten la bebida en una bebida carbonatada o gaseosa.<\/p>\n<p>Para ello recomendamos la lectura del art\u00edculo <strong>\u201cAguas Minerales y Bebidas Acal\u00f3ricas\u201d<\/strong> de la doctora Laura Monje Pardo, Doctora en ciencias de la salud por la universidad de Cantabria. Sobresaliente Cum Laude.<\/p>\n<p>Tambi\u00e9n podemos investigar algo sobre las bebidas <strong><u>ergog\u00e9nicas,<\/u><\/strong> es decir: aquellos sistemas, m\u00e9todos, f\u00e1rmacos o productos que contribuyen a mejorar la capacidad de generar trabajo f\u00edsico en el organismo (Odriozola, 1996). Utiliza el mapa conceptual <strong>\u201cEl agua, tipos de bebidas, \u00bfQu\u00e9 beber?\u201d<\/strong>.<\/p><\/blockquote>\n<blockquote><p>Esto mismo podemos relacionarlo con el dopping, que es la administraci\u00f3n de sustancias tomadas de forma anormal con el fin de aumentar de forma artificial y <strong>fraudulenta<\/strong> el rendimiento deportivo (COI). Y como consecuencia de ello, lo que hace el adolescente los fines de semana para continuar la fiesta.<\/p><\/blockquote>\n<blockquote><p>Por otro lado existen remedios caseros que nos permiten mantener la salud: <strong>\u201cBatidos Caseros para Deportistas\u201d<\/strong> del Dr Escribano, especialista en Nutrici\u00f3n Deportiva y publicado en la Revista Sport Life Espa\u00f1a n\u00ba 276. Abril 2017. P.68-73<\/p><\/blockquote>\n<blockquote><p>Como en las tarea anterior, profundizaste en el contenido de las bebidas energ\u00e9ticas, ahora te proponemos que profundices un poco en las Bebidas Isot\u00f3nicas, consultando los siguientes enlaces:<\/p><\/blockquote>\n<ul>\n<li><a href=\"https:\/\/nutrisport.es\/web\/bebidas-isotonicas\/\">https:\/\/nutrisport.es\/web\/bebidas-isotonicas\/<\/a><\/li>\n<li><a href=\"http:\/\/www.palermo.edu\/deportes\/noticias\/bebidas-isotonica.html\">http:\/\/www.palermo.edu\/deportes\/noticias\/bebidas-isotonica.html<\/a><\/li>\n<li><a href=\"http:\/\/www.bonviveur.es\/the-food-street-journal\/las-bebidas-isotonicas-las-aliadas-de-los-deportistas\">http:\/\/www.bonviveur.es\/the-food-street-journal\/las-bebidas-isotonicas-las-aliadas-de-los-deportistas<\/a><\/li>\n<li><a href=\"https:\/\/www.vitonica.com\/wellness\/son-las-bebidas-isotonicas-adecuadas-para-los-ninos\">https:\/\/www.vitonica.com\/wellness\/son-las-bebidas-isotonicas-adecuadas-para-los-ninos<\/a><\/li>\n<li><a href=\"http:\/\/www.webconsultas.com\/ejercicio-y-deporte\/nutricion-deportiva\/bebidas-isotonicas-12405\">http:\/\/www.webconsultas.com\/ejercicio-y-deporte\/nutricion-deportiva\/bebidas-isotonicas-12405<\/a><\/li>\n<li><a href=\"http:\/\/guiafitness.com\/que-son-las-bebidas-isotonicas.html\">http:\/\/guiafitness.com\/que-son-las-bebidas-isotonicas.html<\/a><\/li>\n<li><a href=\"http:\/\/blogdelrunner.com\/cual-es-la-mejor-bebida-isotonica-del-mundo\/\">http:\/\/blogdelrunner.com\/cual-es-la-mejor-bebida-isotonica-del-mundo\/<\/a>&nbsp;(Este enlace explica c\u00f3mo hacer una bebida isot\u00f3nica con agua de mar y sus propiedades, contiene video)<\/li>\n<\/ul>\n<p><iframe loading=\"lazy\" src=\"https:\/\/www.youtube.com\/embed\/Es50zJffySg\" width=\"560\" height=\"315\" frameborder=\"0\"><\/iframe><\/p>\n<p><strong>PASOS<\/strong><\/p>\n<p><strong>Paso 1<\/strong><\/p>\n<blockquote><p>Investiga a partir de los links que te proporcionamos arriba o de otros que tu puedas buscar; as\u00ed como en libros la importancia de la hidrataci\u00f3n y el agua para el ser humano. Y en qu\u00e9 casos es m\u00e1s necesario hidratarse.<\/p><\/blockquote>\n<p><strong>Paso 2<\/strong><\/p>\n<blockquote><p>Haz una lista de los principales productos que se a\u00f1aden al agua para crear las bebidas energ\u00e9ticas e isot\u00f3nicas. Intenta anotar las proporciones y cantidades, por t\u00e9rmino medio.<\/p>\n<p>Diferencia entre las principales marcas de cada una de ellas.<\/p><\/blockquote>\n<p><a href=\"http:\/\/blogsaverroes.juntadeandalucia.es\/iescastillodetempul\/que-aportan-son-positivas-o-negativas\/traea5a\/\" rel=\"attachment wp-att-3786\"><img loading=\"lazy\" decoding=\"async\" class=\"aligncenter size-full wp-image-3786\" src=\"https:\/\/blogsaverroes.juntadeandalucia.es\/iescastillodetempul\/files\/2017\/07\/traea5a.png\" alt=\"\" width=\"300\" height=\"234\" srcset=\"https:\/\/blogsaverroes.juntadeandalucia.es\/iescastillodetempul\/files\/2017\/07\/traea5a.png 300w, https:\/\/blogsaverroes.juntadeandalucia.es\/iescastillodetempul\/files\/2017\/07\/traea5a-24x19.png 24w, https:\/\/blogsaverroes.juntadeandalucia.es\/iescastillodetempul\/files\/2017\/07\/traea5a-36x28.png 36w, https:\/\/blogsaverroes.juntadeandalucia.es\/iescastillodetempul\/files\/2017\/07\/traea5a-48x37.png 48w\" sizes=\"(max-width: 300px) 100vw, 300px\" \/><\/a><\/p>\n<p><strong>Paso 3<\/strong><\/p>\n<blockquote><p>Una vez que ya te has familiarizado con los componentes de ambas bebidas y sus usos, p\u00e1rate un poco y haz un texto en el que dejes muy claro las <strong>diferencias entre una bebida isot\u00f3nica y una bebida energ\u00e9tica<\/strong>. (S\u00ed, s\u00ed, por lo menos 10 l\u00edneas)<\/p><\/blockquote>\n<p><strong>Paso 4<\/strong><\/p>\n<blockquote><p>Despu\u00e9s de haber estudiado las bebidas energ\u00e9ticas y las bebidas isot\u00f3nicas, y sus componentes y efectos, \u00bfhas decidido cu\u00e1l es la mejor para el deportista? \u00bfEn qu\u00e9 te has basado para tomar esa decisi\u00f3n? <strong>&nbsp;(Puedes consultar el <a href=\"#GPS\">GPS<\/a>)<\/strong><\/p><\/blockquote>\n<blockquote><p>Con las pistas que hemos dado e investigando en los enlaces de la tarea n\u00ba 5, donde se explican c\u00f3mo se aplican estas bebidas y sus componentes y efectos, <strong>debes decidir qu\u00e9 tipo de bebida es m\u00e1s importante para un deportista, y en qu\u00e9 momentos debe tomarla. Antes durante o despu\u00e9s.<\/strong><\/p><\/blockquote>\n<blockquote><p>Cuando hayas tomado esta decisi\u00f3n debes plantearte otra.<strong> \u00bfTodas las personas hacen deporte con el mismo objetivo? <\/strong>Para una persona con obesidad ser\u00eda bueno tomar una bebida isot\u00f3nica o energ\u00e9tica. Y para un deportista que es diab\u00e9tico.<\/p>\n<p>Sigo insistiendo debes estudiar muy bien los casos y cuando te posiciones ante el uso de una u otra, incluso de las dos, o de ninguna, argumenta bien tus premisas.<\/p><\/blockquote>\n<p><strong>TAREA<\/strong><\/p>\n<blockquote><p>En el aula de EF al ser el grupo completo tenemos una media de 20 a 24 alumnos por clase, por lo que vamos a dividir el grupo clase en 4 grupos con el mismo n\u00famero de componentes.<\/p>\n<p>Cada grupo elegir\u00e1 una de las 4 tareas que se detallaron en el apartado anterior.<\/p>\n<p>Finalmente cada grupo realizar\u00e1 una ponencia sobre su tarea en una presentaci\u00f3n tipo power point con datos fundamentados en los art\u00edculos y web visitadas, argumentando el enunciado de esos pasos. Dicha ponencia tendr\u00e1 una duraci\u00f3n m\u00e1xima de 10 minutos.<\/p>\n<p>Una vez finalizados, un representante de cada grupo se sentar\u00e1 a una mesa redonda con las conclusiones del trabajo, que ser\u00e1 moderada por el profesor y en la cual se extraigan una serie de conclusiones o dec\u00e1logo final sobre \u00bfQu\u00e9 aportan este tipo de bebidas, y si son o no positivas o negativas?<a id=\"GPS\" name=\"GPS\"><\/a><\/p><\/blockquote>\n<p><strong>GPS<\/strong><\/p>\n<blockquote><p>Ten en cuenta&#8230;<\/p>\n<ul>\n<li>Lee los art\u00edculos que se recomiendan,<\/li>\n<li>Investiga en los diferentes links la informaci\u00f3n que te aporta.<\/li>\n<li>Compara los comentarios y las premisas, y despu\u00e9s de compararlas saca tus conclusiones para tu trabajo.<\/li>\n<li>Cuando hagas las exposiciones fundamenta tus afirmaciones haciendo referencia a la persona o art\u00edculo del cual procede la informaci\u00f3n.<\/li>\n<li>Termina el trabajo con una serie de conclusiones extra\u00eddas de tu investigaci\u00f3n y \u00fasalas en la mesa redonda para crear ese dec\u00e1logo o para justificar tu postura o posicionamiento a favor o en contra.<\/li>\n<\/ul>\n<\/blockquote>\n<blockquote><p>Aqu\u00ed tienes unas pistas interesantes&#8230;<a href=\"https:\/\/blogsaverroes.juntadeandalucia.es\/iescastillodetempul\/pistas\/\" rel=\"attachment wp-att-3726\"><img loading=\"lazy\" decoding=\"async\" class=\"alignnone wp-image-3726\" title=\"PISTAS\" src=\"https:\/\/blogsaverroes.juntadeandalucia.es\/iescastillodetempul\/files\/2017\/07\/LATA1.png\" alt=\"\" width=\"36\" height=\"78\"><\/a>\u00a1No te quejar\u00e1s! \u00bfNo?<\/p><\/blockquote>\n<p><strong>DIARIO<\/strong><\/p>\n<blockquote><p><strong>&nbsp;<\/strong>Recoge lo que has aprendido en estas tareas llevando un diario de los pasos que hab\u00e9is seguido, donde hab\u00e9is encontrado dificultades, cosas que os han llamado especialmente la atenci\u00f3n o que podr\u00edan darnos futuras v\u00edas de investigaci\u00f3n.. Lo que no sab\u00edas y lo que has aprendido.<\/p>\n<p>Este diario puede llevarse a cabo de manera informal, pero debe estar ordenado y limpio. No es necesario que se entregue en soporte inform\u00e1tico, se puede hacer en un cuaderno o anotaciones en folios.<\/p><\/blockquote>\n","protected":false},"excerpt":{"rendered":"<p>INTRODUCCI\u00d3N &nbsp;La ingesta diaria de l\u00edquido (la mitad en forma de agua o de bebida) debe estar entre un litro y medio y dos litros. En funci\u00f3n de la edad, el estadio fisiol\u00f3gico y&#46;&#46;&#46;<\/p>\n","protected":false},"author":4130,"featured_media":0,"parent":0,"menu_order":0,"comment_status":"closed","ping_status":"closed","template":"","meta":{"ngg_post_thumbnail":0,"footnotes":"","_mc_calendar":[]},"aioseo_notices":[],"_links":{"self":[{"href":"https:\/\/blogsaverroes.juntadeandalucia.es\/iescastillodetempul\/wp-json\/wp\/v2\/pages\/3824"}],"collection":[{"href":"https:\/\/blogsaverroes.juntadeandalucia.es\/iescastillodetempul\/wp-json\/wp\/v2\/pages"}],"about":[{"href":"https:\/\/blogsaverroes.juntadeandalucia.es\/iescastillodetempul\/wp-json\/wp\/v2\/types\/page"}],"author":[{"embeddable":true,"href":"https:\/\/blogsaverroes.juntadeandalucia.es\/iescastillodetempul\/wp-json\/wp\/v2\/users\/4130"}],"replies":[{"embeddable":true,"href":"https:\/\/blogsaverroes.juntadeandalucia.es\/iescastillodetempul\/wp-json\/wp\/v2\/comments?post=3824"}],"version-history":[{"count":15,"href":"https:\/\/blogsaverroes.juntadeandalucia.es\/iescastillodetempul\/wp-json\/wp\/v2\/pages\/3824\/revisions"}],"predecessor-version":[{"id":3845,"href":"https:\/\/blogsaverroes.juntadeandalucia.es\/iescastillodetempul\/wp-json\/wp\/v2\/pages\/3824\/revisions\/3845"}],"wp:attachment":[{"href":"https:\/\/blogsaverroes.juntadeandalucia.es\/iescastillodetempul\/wp-json\/wp\/v2\/media?parent=3824"}],"curies":[{"name":"wp","href":"https:\/\/api.w.org\/{rel}","templated":true}]}}