{"id":3840,"date":"2017-07-07T20:11:23","date_gmt":"2017-07-07T20:11:23","guid":{"rendered":"http:\/\/blogsaverroes.juntadeandalucia.es\/iescastillodetempul\/?page_id=3840"},"modified":"2017-07-07T20:12:03","modified_gmt":"2017-07-07T20:12:03","slug":"pistas","status":"publish","type":"page","link":"https:\/\/blogsaverroes.juntadeandalucia.es\/iescastillodetempul\/pistas\/","title":{"rendered":"PISTAS"},"content":{"rendered":"<p>Agua \u21d2&nbsp;Hidrata.<\/p>\n<p>Sales Minerales \u21d2&nbsp;Reponen las p\u00e9rdidas por el sudor y permiten el funcionamiento interno de nuestro sistema deportista.<\/p>\n<p>Hidratos de carbono de r\u00e1pida absorci\u00f3n, monosac\u00e1ridos o carbohidratos simples \u21d2&nbsp;Son aquellos que el cuerpo asimila r\u00e1pidamente para la obtenci\u00f3n de energ\u00eda necesaria al momento. Az\u00facar de mesa (sacarosa), miel (fructosa), ma\u00edz (manosa), leche (galactosa), manzana (glucosa). Su consumo debe ser limitado, ya que nutricionalmente se conocen como calor\u00edas vac\u00edas o nulas, ya que se consumen en el momento y no aportan otros nutrientes, a excepci\u00f3n de las procedentes de las frutas.<\/p>\n<p>Cafe\u00edna \u21d2&nbsp;Estimula el sistema nervioso y moviliza las grasas para obtener energ\u00eda.<\/p>\n<p>Taurina \u21d2 Se produce en la ves\u00edcula biliar, en cantidades muy peque\u00f1as que son saludables para el organismo, pero tomada en dosis mayores y fabricada artificialmente puede provocar alteraciones en el organismo.<\/p>\n<p>Glucoronolactona \u21d2&nbsp;Carbohidrato de r\u00e1pida absorci\u00f3n que permite que el organismo obtenga energ\u00eda de forma r\u00e1pida ante los procesos naturales de obtenci\u00f3n de energ\u00eda procedentes de las grasas que son m\u00e1s lentos.<\/p>\n<p>Los tres primeros productos suelen ser los componentes principales de las bebidas isot\u00f3nicas.<\/p>\n<p>La combinaci\u00f3n de estos tres \u00faltimos productos producen un aumento del rendimiento f\u00edsico entre un 4% y un 7% seg\u00fan deporte y deportista en situaciones de rendimiento aer\u00f3bico y anaer\u00f3bico. Independientemente del sexo del deportista.<\/p>\n","protected":false},"excerpt":{"rendered":"<p>Agua \u21d2&nbsp;Hidrata. Sales Minerales \u21d2&nbsp;Reponen las p\u00e9rdidas por el sudor y permiten el funcionamiento interno de nuestro sistema deportista. Hidratos de carbono de r\u00e1pida absorci\u00f3n, monosac\u00e1ridos o carbohidratos simples \u21d2&nbsp;Son aquellos que el cuerpo&#46;&#46;&#46;<\/p>\n","protected":false},"author":4130,"featured_media":0,"parent":0,"menu_order":0,"comment_status":"closed","ping_status":"closed","template":"","meta":{"ngg_post_thumbnail":0,"footnotes":"","_mc_calendar":[]},"aioseo_notices":[],"_links":{"self":[{"href":"https:\/\/blogsaverroes.juntadeandalucia.es\/iescastillodetempul\/wp-json\/wp\/v2\/pages\/3840"}],"collection":[{"href":"https:\/\/blogsaverroes.juntadeandalucia.es\/iescastillodetempul\/wp-json\/wp\/v2\/pages"}],"about":[{"href":"https:\/\/blogsaverroes.juntadeandalucia.es\/iescastillodetempul\/wp-json\/wp\/v2\/types\/page"}],"author":[{"embeddable":true,"href":"https:\/\/blogsaverroes.juntadeandalucia.es\/iescastillodetempul\/wp-json\/wp\/v2\/users\/4130"}],"replies":[{"embeddable":true,"href":"https:\/\/blogsaverroes.juntadeandalucia.es\/iescastillodetempul\/wp-json\/wp\/v2\/comments?post=3840"}],"version-history":[{"count":2,"href":"https:\/\/blogsaverroes.juntadeandalucia.es\/iescastillodetempul\/wp-json\/wp\/v2\/pages\/3840\/revisions"}],"predecessor-version":[{"id":3843,"href":"https:\/\/blogsaverroes.juntadeandalucia.es\/iescastillodetempul\/wp-json\/wp\/v2\/pages\/3840\/revisions\/3843"}],"wp:attachment":[{"href":"https:\/\/blogsaverroes.juntadeandalucia.es\/iescastillodetempul\/wp-json\/wp\/v2\/media?parent=3840"}],"curies":[{"name":"wp","href":"https:\/\/api.w.org\/{rel}","templated":true}]}}