{"id":3856,"date":"2017-07-07T21:18:32","date_gmt":"2017-07-07T21:18:32","guid":{"rendered":"http:\/\/blogsaverroes.juntadeandalucia.es\/iescastillodetempul\/?page_id=3856"},"modified":"2017-07-07T22:06:43","modified_gmt":"2017-07-07T22:06:43","slug":"fabricamos-las-bebidas","status":"publish","type":"page","link":"https:\/\/blogsaverroes.juntadeandalucia.es\/iescastillodetempul\/fabricamos-las-bebidas\/","title":{"rendered":"FABRICAMOS LAS BEBIDAS"},"content":{"rendered":"<p><strong>INTRODUCCI\u00d3N<\/strong><\/p>\n<p>\u00bfCu\u00e1nto cuesta una bebida energ\u00e9tica?&nbsp; \u00bfsabes que podemos obtener energ\u00eda y nutrientes de una forma mucho m\u00e1s barata?&nbsp;&nbsp; \u00bfSabes que podr\u00edamos llegar a fabricar una bebida energ\u00e9tica poco saludable y otra mucho m\u00e1s saludable?<\/p>\n<p>Esta actividad la vamos a llevar a cabo en el Laboratorio.<\/p>\n<p>En primer lugar intentaremos fabricar una bebida energ\u00e9tica poco saludable, y despu\u00e9s una con propiedades realmente beneficiosas para el cuerpo y la mente.<strong><br \/>\n<a href=\"http:\/\/blogsaverroes.juntadeandalucia.es\/iescastillodetempul\/fabricamos-las-bebidas\/tarea-8\/\" rel=\"attachment wp-att-3862\"><img loading=\"lazy\" decoding=\"async\" class=\"aligncenter size-medium wp-image-3862\" src=\"https:\/\/blogsaverroes.juntadeandalucia.es\/iescastillodetempul\/files\/2017\/07\/tarea-8-1024x759.jpg\" alt=\"\" width=\"1024\" height=\"759\" srcset=\"https:\/\/blogsaverroes.juntadeandalucia.es\/iescastillodetempul\/files\/2017\/07\/tarea-8-1024x759.jpg 1024w, https:\/\/blogsaverroes.juntadeandalucia.es\/iescastillodetempul\/files\/2017\/07\/tarea-8-768x569.jpg 768w, https:\/\/blogsaverroes.juntadeandalucia.es\/iescastillodetempul\/files\/2017\/07\/tarea-8-700x519.jpg 700w, https:\/\/blogsaverroes.juntadeandalucia.es\/iescastillodetempul\/files\/2017\/07\/tarea-8-24x18.jpg 24w, https:\/\/blogsaverroes.juntadeandalucia.es\/iescastillodetempul\/files\/2017\/07\/tarea-8-36x27.jpg 36w, https:\/\/blogsaverroes.juntadeandalucia.es\/iescastillodetempul\/files\/2017\/07\/tarea-8-48x36.jpg 48w, https:\/\/blogsaverroes.juntadeandalucia.es\/iescastillodetempul\/files\/2017\/07\/tarea-8.jpg 1600w\" sizes=\"(max-width: 1024px) 100vw, 1024px\" \/><\/a><\/strong><\/p>\n<p><strong>&nbsp;<\/strong><strong>&nbsp;<\/strong><strong>CHULETA<\/strong><\/p>\n<blockquote><p>Una <strong>DISOLUCI\u00d3N<\/strong> es una mezcla homog\u00e9nea de dos o m\u00e1s sustancias. Se llama disoluci\u00f3n acuosa a aquella en la que uno de los componentes es el agua.<\/p>\n<p>Se denomina <strong>SOLUTO<\/strong> al componente que se halla en menor proporci\u00f3n. <strong>DISOLVENTE<\/strong> es el componente en mayor proporci\u00f3n.<\/p><\/blockquote>\n<blockquote><p>Para expresar la cantidad de soluto que existe en una cantidad determinada de disolvente o de disoluci\u00f3n, se define la <strong>CONCENTRACI\u00d3N<\/strong>. La concentraci\u00f3n de una disoluci\u00f3n se puede expresar de diferentes maneras:<\/p>\n<ul>\n<li><strong>PORCENTAJE EN MASA<\/strong>: es la masa de soluto que hay en cada 100 unidades de masa de la disoluci\u00f3n.<\/li>\n<\/ul>\n<p>% en masa = (masa de soluto\/ masa de la disoluci\u00f3n) x 100<\/p>\n<ul>\n<li><strong>PORCENTAJE EN VOLUMEN<\/strong>: volumen de soluto que hay en cada 100 unidades de volumen de disoluci\u00f3n.<\/li>\n<\/ul>\n<p>% en volumen = (volumen de soluto\/ volumen de disoluci\u00f3n) x 100<\/p>\n<p>g\/L : indica los gramos de soluto que hay por cada litro de disoluci\u00f3n.<\/p>\n<p>Recuerda los ingredientes principales de una bebida energ\u00e9tica normal: agua, az\u00facar, cafe\u00edna, vitamina B, y otros.<\/p>\n<p>Para que te vayas inspirando puedes ver este v\u00eddeo en el que se prepara una bebida de refresco.<\/p><\/blockquote>\n<p><iframe loading=\"lazy\" src=\"https:\/\/www.youtube.com\/embed\/ZaZvK8tbF0o\" width=\"560\" height=\"315\" frameborder=\"0\"><\/iframe><\/p>\n<p><strong>PASOS<\/strong><\/p>\n<p><strong>Paso 1<\/strong><\/p>\n<blockquote><p>Vamos a preparar una disoluci\u00f3n de 5 g de sal com\u00fan en 100 ml de agua.<\/p><\/blockquote>\n<blockquote><p><strong>Material necesario<\/strong><\/p>\n<p>Sal com\u00fan,&nbsp; Vidrio de reloj,&nbsp; Vaso de precipitados de 100 ml, Varilla de vidrio, Embudo, Matraz&nbsp; aforado de 100 ml., Frasco lavador, Balanza.<\/p><\/blockquote>\n<blockquote><p><strong>Procedimiento:<\/strong><\/p>\n<ol>\n<li>Se pesan 5 g. de sal com\u00fan en un vidrio de reloj.<\/li>\n<li>Se vierte la cantidad pesada en un vaso de precipitados.<\/li>\n<li>Se a\u00f1aden unos 50 ml. de agua y se remueve hasta que se disuelva.<\/li>\n<li>Se vierte la disoluci\u00f3n obtenida, con ayuda del embudo, en el matraz aforado.<\/li>\n<li>Con el frasco lavador lleno de agua, se enrasa hasta obtener 100 ml de disoluci\u00f3n.<\/li>\n<\/ol>\n<\/blockquote>\n<blockquote><p><strong>Cuesti\u00f3n<\/strong><br \/>\nCalcula la concentraci\u00f3n de la disoluci\u00f3n en g\/L.<\/p><\/blockquote>\n<p><strong>Paso 2<\/strong><\/p>\n<blockquote><p>A continuaci\u00f3n debes elegir una bebida energ\u00e9tica conocida e intentar reproducir su concentraci\u00f3n, al menos con los componentes mayoritarios (agua, az\u00facar y cafe\u00edna), para una lata de 250 ml. Elige un vaso de precipitado de mayor capacidad (250 ml o 500 ml)<\/p><\/blockquote>\n<p><a href=\"http:\/\/blogsaverroes.juntadeandalucia.es\/iescastillodetempul\/fabricamos-las-bebidas\/tarea-8a\/\" rel=\"attachment wp-att-3863\"><img loading=\"lazy\" decoding=\"async\" class=\"aligncenter size-medium wp-image-3863\" src=\"https:\/\/blogsaverroes.juntadeandalucia.es\/iescastillodetempul\/files\/2017\/07\/tarea-8a-1024x730.jpg\" alt=\"\" width=\"1024\" height=\"730\" srcset=\"https:\/\/blogsaverroes.juntadeandalucia.es\/iescastillodetempul\/files\/2017\/07\/tarea-8a-1024x730.jpg 1024w, https:\/\/blogsaverroes.juntadeandalucia.es\/iescastillodetempul\/files\/2017\/07\/tarea-8a-768x547.jpg 768w, https:\/\/blogsaverroes.juntadeandalucia.es\/iescastillodetempul\/files\/2017\/07\/tarea-8a-700x499.jpg 700w, https:\/\/blogsaverroes.juntadeandalucia.es\/iescastillodetempul\/files\/2017\/07\/tarea-8a-24x17.jpg 24w, https:\/\/blogsaverroes.juntadeandalucia.es\/iescastillodetempul\/files\/2017\/07\/tarea-8a-36x26.jpg 36w, https:\/\/blogsaverroes.juntadeandalucia.es\/iescastillodetempul\/files\/2017\/07\/tarea-8a-48x34.jpg 48w, https:\/\/blogsaverroes.juntadeandalucia.es\/iescastillodetempul\/files\/2017\/07\/tarea-8a.jpg 1600w\" sizes=\"(max-width: 1024px) 100vw, 1024px\" \/><\/a><\/p>\n<blockquote><p><strong>Az\u00facar:<\/strong> Para saber la cantidad de az\u00facar s\u00f3lo tienes que mirar la etiqueta, referida siempre a 100 ml. Por tanto s\u00f3lo debes calcularla para 250 ml.<\/p>\n<p><strong>Cafe\u00edna:<\/strong> Para obtener la cafe\u00edna, vamos a hacer una trampita. Vamos a utilizar caf\u00e9 soluble instant\u00e1neo. Para 100 ml hace falta 1 cucharada de este caf\u00e9. Y sabemos que aproximadamente hay 50 mg de cafe\u00edna en 100 ml de caf\u00e9 instant\u00e1neo. Por tanto, hay 50 mg de cafe\u00edna en una cucharadita.<\/p><\/blockquote>\n<blockquote><p>En una bebida energ\u00e9tica hay aproximadamente unos 30 mg por cada 100 ml de bebida. Por tanto calcula cu\u00e1nta cafe\u00edna habr\u00e1 en una lata de 250 ml, y luego averigua cu\u00e1ntas cucharaditas de caf\u00e9 necesitar\u00e1s.<\/p>\n<p>Quiz\u00e1s te resulte dif\u00edcil obtener la disoluci\u00f3n. Este proceso mejora con la temperatura. Es recomendable calentar el agua para una adecuada solubilidad de sus componentes.<\/p><\/blockquote>\n<p><strong>Paso 3<\/strong><\/p>\n<blockquote><p>La opci\u00f3n m\u00e1s recomendable y m\u00e1s sana es la de preparar una bebida energ\u00e9tica que adem\u00e1s sea <strong>SANA<\/strong>.<\/p><\/blockquote>\n<p><a href=\"http:\/\/blogsaverroes.juntadeandalucia.es\/iescastillodetempul\/fabricamos-las-bebidas\/tarea-8b\/\" rel=\"attachment wp-att-3864\"><img loading=\"lazy\" decoding=\"async\" class=\"aligncenter size-full wp-image-3864\" src=\"https:\/\/blogsaverroes.juntadeandalucia.es\/iescastillodetempul\/files\/2017\/07\/tarea-8b.jpg\" alt=\"\" width=\"728\" height=\"546\" srcset=\"https:\/\/blogsaverroes.juntadeandalucia.es\/iescastillodetempul\/files\/2017\/07\/tarea-8b.jpg 728w, https:\/\/blogsaverroes.juntadeandalucia.es\/iescastillodetempul\/files\/2017\/07\/tarea-8b-700x525.jpg 700w, https:\/\/blogsaverroes.juntadeandalucia.es\/iescastillodetempul\/files\/2017\/07\/tarea-8b-24x18.jpg 24w, https:\/\/blogsaverroes.juntadeandalucia.es\/iescastillodetempul\/files\/2017\/07\/tarea-8b-36x27.jpg 36w, https:\/\/blogsaverroes.juntadeandalucia.es\/iescastillodetempul\/files\/2017\/07\/tarea-8b-48x36.jpg 48w\" sizes=\"(max-width: 728px) 100vw, 728px\" \/><\/a><\/p>\n<p>Investiga sobre qu\u00e9 ingredientes podemos combinar para poder obtener una bebida saludable y que nos aporte mucha energ\u00eda y nutrientes.<\/p>\n<p>En estos enlaces puedes encontrar bebidas energ\u00e9ticas sanas y nutritivas:<\/p>\n<p><a href=\"http:\/\/www.ellahoy.es\/dietas\/articulo\/bebidas-energeticas-caseras-10-recetas-simples\/212467\/\">http:\/\/www.ellahoy.es\/dietas\/articulo\/bebidas-energeticas-caseras-10-recetas-simples\/212467\/<\/a><\/p>\n<p><a href=\"https:\/\/mejorconsalud.com\/elabora-tus-propias-bebidas-energeticas-naturales\/\">https:\/\/mejorconsalud.com\/elabora-tus-propias-bebidas-energeticas-naturales\/<\/a><\/p>\n<p><u><\/u><strong>TAREA<\/strong><\/p>\n<blockquote><p>Dise\u00f1a tu propia bebida energ\u00e9tica saludable. Registra con mucha precisi\u00f3n las proporciones que has utilizado en tu bebida, para que se pueda fabricar a s\u00ed siempre.<\/p><\/blockquote>\n<blockquote><p>Inventa un nombre y un logo, y dise\u00f1a una campa\u00f1a publicitaria para hacerla en el Centro Educativo.&nbsp; \u00a1\u00a1\u00a1Un \u00e9xito seguro!!!<\/p><\/blockquote>\n<p><strong>GPS<\/strong><\/p>\n<blockquote><p>Para calcular la concentraci\u00f3n puedes utilizar los factores de conversi\u00f3n:<\/p>\n<p>(5g\/100ml)\u00b7(1000ml\/1L) = 50 g\/L<\/p><\/blockquote>\n<blockquote><p>O bien, usar una sencilla regla de tres.<\/p>\n<p>Cafe\u00edna:&nbsp;&nbsp; 1 cucharadita 50 mg de cafe\u00edna, aproximadamente.<\/p><\/blockquote>\n<blockquote><p>Recuerda que para lograr una bebida energ\u00e9tica debes a\u00f1adir hidratos de carbono de asimilaci\u00f3n lenta (cereales, frutos secos, frutas, etc), y a\u00f1adir algunos tipos de vitaminas que estar\u00e1n presentes de manera natural en determinados alimentos (frutas, cereales, etc)<\/p><\/blockquote>\n<blockquote><p>Para realizar esta bebida deber\u00e1s tener acceso a la batidora de casa<\/p><\/blockquote>\n<p><strong>DIARIO<\/strong><\/p>\n<blockquote><p><strong>&nbsp;<\/strong>\u00bfQu\u00e9 opinas entre un modelo de bebida energ\u00e9tica y otro?&nbsp;&nbsp; \u00bfcon cu\u00e1l te quedas para vivir mucho tiempo? Reflexiona sobre ambos modelos y sobre su influencia en tu salud.<\/p><\/blockquote>\n","protected":false},"excerpt":{"rendered":"<p>INTRODUCCI\u00d3N \u00bfCu\u00e1nto cuesta una bebida energ\u00e9tica?&nbsp; \u00bfsabes que podemos obtener energ\u00eda y nutrientes de una forma mucho m\u00e1s barata?&nbsp;&nbsp; \u00bfSabes que podr\u00edamos llegar a fabricar una bebida energ\u00e9tica poco saludable y otra mucho m\u00e1s&#46;&#46;&#46;<\/p>\n","protected":false},"author":4130,"featured_media":0,"parent":0,"menu_order":0,"comment_status":"closed","ping_status":"closed","template":"","meta":{"ngg_post_thumbnail":0,"footnotes":"","_mc_calendar":[]},"aioseo_notices":[],"_links":{"self":[{"href":"https:\/\/blogsaverroes.juntadeandalucia.es\/iescastillodetempul\/wp-json\/wp\/v2\/pages\/3856"}],"collection":[{"href":"https:\/\/blogsaverroes.juntadeandalucia.es\/iescastillodetempul\/wp-json\/wp\/v2\/pages"}],"about":[{"href":"https:\/\/blogsaverroes.juntadeandalucia.es\/iescastillodetempul\/wp-json\/wp\/v2\/types\/page"}],"author":[{"embeddable":true,"href":"https:\/\/blogsaverroes.juntadeandalucia.es\/iescastillodetempul\/wp-json\/wp\/v2\/users\/4130"}],"replies":[{"embeddable":true,"href":"https:\/\/blogsaverroes.juntadeandalucia.es\/iescastillodetempul\/wp-json\/wp\/v2\/comments?post=3856"}],"version-history":[{"count":5,"href":"https:\/\/blogsaverroes.juntadeandalucia.es\/iescastillodetempul\/wp-json\/wp\/v2\/pages\/3856\/revisions"}],"predecessor-version":[{"id":3866,"href":"https:\/\/blogsaverroes.juntadeandalucia.es\/iescastillodetempul\/wp-json\/wp\/v2\/pages\/3856\/revisions\/3866"}],"wp:attachment":[{"href":"https:\/\/blogsaverroes.juntadeandalucia.es\/iescastillodetempul\/wp-json\/wp\/v2\/media?parent=3856"}],"curies":[{"name":"wp","href":"https:\/\/api.w.org\/{rel}","templated":true}]}}