{"id":3867,"date":"2017-07-08T11:56:16","date_gmt":"2017-07-08T11:56:16","guid":{"rendered":"http:\/\/blogsaverroes.juntadeandalucia.es\/iescastillodetempul\/?page_id=3867"},"modified":"2017-07-08T12:48:43","modified_gmt":"2017-07-08T12:48:43","slug":"te-doy-la-lata","status":"publish","type":"page","link":"https:\/\/blogsaverroes.juntadeandalucia.es\/iescastillodetempul\/te-doy-la-lata\/","title":{"rendered":"TE DOY LA LATA"},"content":{"rendered":"<p><strong><u>INTRODUCCI\u00d3N<\/u><\/strong><\/p>\n<p>En esta actividad, vamos a desarrollar un trabajo sobre los uno de los tipos de envases m\u00e1s usuales y m\u00e1s comunes en nuestro d\u00eda a d\u00eda, como son las latas de aluminio, al igual que los son los envases de pl\u00e1stico o los tetrabriks.<a href=\"http:\/\/blogsaverroes.juntadeandalucia.es\/iescastillodetempul\/proyecto-bebidas-energeticas\/xrefrescos-2-1200x675-jpg-pagespeed-ic-2z3ktcogr\/\" rel=\"attachment wp-att-3562\"><img loading=\"lazy\" decoding=\"async\" class=\"aligncenter size-medium wp-image-3562\" src=\"https:\/\/blogsaverroes.juntadeandalucia.es\/iescastillodetempul\/files\/2017\/06\/xrefrescos-2-1200x675.jpg.pagespeed.ic_.2Z3kTcOGR--1024x576.jpg\" alt=\"\" width=\"1024\" height=\"576\" srcset=\"https:\/\/blogsaverroes.juntadeandalucia.es\/iescastillodetempul\/files\/2017\/06\/xrefrescos-2-1200x675.jpg.pagespeed.ic_.2Z3kTcOGR--1024x576.jpg 1024w, https:\/\/blogsaverroes.juntadeandalucia.es\/iescastillodetempul\/files\/2017\/06\/xrefrescos-2-1200x675.jpg.pagespeed.ic_.2Z3kTcOGR--768x432.jpg 768w, https:\/\/blogsaverroes.juntadeandalucia.es\/iescastillodetempul\/files\/2017\/06\/xrefrescos-2-1200x675.jpg.pagespeed.ic_.2Z3kTcOGR--700x393.jpg 700w, https:\/\/blogsaverroes.juntadeandalucia.es\/iescastillodetempul\/files\/2017\/06\/xrefrescos-2-1200x675.jpg.pagespeed.ic_.2Z3kTcOGR--24x14.jpg 24w, https:\/\/blogsaverroes.juntadeandalucia.es\/iescastillodetempul\/files\/2017\/06\/xrefrescos-2-1200x675.jpg.pagespeed.ic_.2Z3kTcOGR--36x20.jpg 36w, https:\/\/blogsaverroes.juntadeandalucia.es\/iescastillodetempul\/files\/2017\/06\/xrefrescos-2-1200x675.jpg.pagespeed.ic_.2Z3kTcOGR--48x27.jpg 48w, https:\/\/blogsaverroes.juntadeandalucia.es\/iescastillodetempul\/files\/2017\/06\/xrefrescos-2-1200x675.jpg.pagespeed.ic_.2Z3kTcOGR-.jpg 1200w\" sizes=\"(max-width: 1024px) 100vw, 1024px\" \/><\/a><\/p>\n<p>Veremos los siguientes aspectos<\/p>\n<ul>\n<li>Fabricaci\u00f3n de latas, donde estudiaremos y veremos cu\u00e1les son los pasos a realizar para su fabricaci\u00f3n.<\/li>\n<li>Gesti\u00f3n de residuos, donde analizaremos qu\u00e9 procesos se realizan con los residuos que esta actividad genera y su posible reutilizaci\u00f3n.<\/li>\n<li>Reciclaje industrial, donde veremos c\u00f3mo suelen gestionar las empresas sus residuos y su forma de reciclar. Adem\u00e1s veremos las ventajas y los inconvenientes de dicho reciclaje industrial y si realmente se realiza todo lo que est\u00e1 en las manos de las industrias para reciclar realmente.<\/li>\n<li>Reciclaje casero, donde intentaremos llevar a cabo un reciclaje individual por parte de cada alumno desde casa, con la intenci\u00f3n de concienciar al alumnado de la importancia del reciclaje no a gran escala sino a nivel individual.<\/li>\n<\/ul>\n<p><strong>PASOS<\/strong><\/p>\n<p><strong>Paso 1<\/strong><\/p>\n<blockquote><p>Se realizar\u00e1 inicialmente una puesta en com\u00fan para ver el conocimiento del alumnado sobre los envases m\u00e1s usuales que utilizan y si saben c\u00f3mo se obtienen y porque materiales est\u00e1n formados, as\u00ed como la forma de crearlos.<\/p>\n<p>Posteriormente despu\u00e9s de esta puesta en com\u00fan y valorar el nivel del alumnado sobre esta materia, se le dar\u00e1 unos conceptos b\u00e1sicos antes de empezar a profundizar.<\/p><\/blockquote>\n<p><strong>Paso 2<\/strong><\/p>\n<blockquote><p>Vamos a conocer m\u00e1s sobre la obtenci\u00f3n del aluminio y c\u00f3mo se crean los envases de este tipo:<\/p><\/blockquote>\n<blockquote><p>En este v\u00eddeo&nbsp; veremos la fabricaci\u00f3n de latas, donde se explica c\u00f3mo se crean las latas de aluminio y cu\u00e1l es su sistema de producci\u00f3n.<\/p><\/blockquote>\n<p><iframe loading=\"lazy\" src=\"https:\/\/www.youtube.com\/embed\/hLlSi7ub4L4\" width=\"560\" height=\"315\" frameborder=\"0\"><\/iframe><\/p>\n<blockquote><p>Se realizar\u00e1 por parte del alumnado un peque\u00f1o resumen donde intentar\u00e1 sacar la idea principal y dejar plasmado lo visto en el v\u00eddeo anterior.<\/p><\/blockquote>\n<p><strong>Paso 3<\/strong><\/p>\n<blockquote><p>En parejas, se deber\u00e1 buscar informaci\u00f3n usando internet, en el aula de inform\u00e1tica, sobre la gesti\u00f3n de residuos y el reciclaje industrial. Se elaborar\u00e1 un dossier que posteriormente ser\u00e1 expuesto al resto de compa\u00f1eros\/as. Cuando se finalicen todas las exposiciones se realizar\u00e1 un puesta en com\u00fan con un debate sobre lo aprendido en esta investigaci\u00f3n.<\/p><\/blockquote>\n<p><strong>Paso 4<\/strong><\/p>\n<blockquote><p>En el taller vamos a realizar objetos \u00fatiles y mecanismos de transmisi\u00f3n con latas y envases reciclados, indicando los pasos que van a realizar y la elaboraci\u00f3n de una hoja de proyecto.<\/p>\n<p>Como ejemplos de construcci\u00f3n se pueden intentar estas opciones:<\/p>\n<ul>\n<li>Fabricaci\u00f3n de un amplificador de wifi para el router con una lata de aluminio<\/li>\n<\/ul>\n<p><iframe loading=\"lazy\" src=\"https:\/\/www.youtube.com\/embed\/FjIWbagb_vk\" width=\"560\" height=\"315\" frameborder=\"0\"><\/iframe><\/p>\n<ul>\n<li>Mecanismos de transmisi\u00f3n con latas:<\/li>\n<\/ul>\n<p><iframe loading=\"lazy\" src=\"https:\/\/www.youtube.com\/embed\/rXBEu1T_6-Y\" width=\"560\" height=\"315\" frameborder=\"0\"><\/iframe><\/p><\/blockquote>\n<p><strong>TAREA<\/strong><\/p>\n<blockquote><p>Con idea de finalizar esta tarea se realizar\u00e1 una puesta en com\u00fan de todos los proyectos realizados<\/p>\n<p>Adem\u00e1s, se propondr\u00e1 una tarea extra para realizar en casa, consistente en almacenar todas las latas y envases de aluminio usados en una semana. Se contabilizar\u00e1 lo que se consume en latas y se reflexionar\u00e1 sobre la necesidad de separar convenientemente este tipo de residuo, por la cantidad de envases que usamos a lo largo de una semana.<\/p><\/blockquote>\n<p><strong>DIARIO<\/strong><\/p>\n<blockquote><p>Para finalizar se realizar\u00e1 un informe individual de lo aprendido, con sus ventajas e inconvenientes acerca del uso de envases de aluminio y las posibles mejoras en sus usos.<\/p><\/blockquote>\n","protected":false},"excerpt":{"rendered":"<p>INTRODUCCI\u00d3N En esta actividad, vamos a desarrollar un trabajo sobre los uno de los tipos de envases m\u00e1s usuales y m\u00e1s comunes en nuestro d\u00eda a d\u00eda, como son las latas de aluminio, al&#46;&#46;&#46;<\/p>\n","protected":false},"author":4130,"featured_media":0,"parent":0,"menu_order":0,"comment_status":"closed","ping_status":"closed","template":"","meta":{"ngg_post_thumbnail":0,"footnotes":"","_mc_calendar":[]},"aioseo_notices":[],"_links":{"self":[{"href":"https:\/\/blogsaverroes.juntadeandalucia.es\/iescastillodetempul\/wp-json\/wp\/v2\/pages\/3867"}],"collection":[{"href":"https:\/\/blogsaverroes.juntadeandalucia.es\/iescastillodetempul\/wp-json\/wp\/v2\/pages"}],"about":[{"href":"https:\/\/blogsaverroes.juntadeandalucia.es\/iescastillodetempul\/wp-json\/wp\/v2\/types\/page"}],"author":[{"embeddable":true,"href":"https:\/\/blogsaverroes.juntadeandalucia.es\/iescastillodetempul\/wp-json\/wp\/v2\/users\/4130"}],"replies":[{"embeddable":true,"href":"https:\/\/blogsaverroes.juntadeandalucia.es\/iescastillodetempul\/wp-json\/wp\/v2\/comments?post=3867"}],"version-history":[{"count":15,"href":"https:\/\/blogsaverroes.juntadeandalucia.es\/iescastillodetempul\/wp-json\/wp\/v2\/pages\/3867\/revisions"}],"predecessor-version":[{"id":3884,"href":"https:\/\/blogsaverroes.juntadeandalucia.es\/iescastillodetempul\/wp-json\/wp\/v2\/pages\/3867\/revisions\/3884"}],"wp:attachment":[{"href":"https:\/\/blogsaverroes.juntadeandalucia.es\/iescastillodetempul\/wp-json\/wp\/v2\/media?parent=3867"}],"curies":[{"name":"wp","href":"https:\/\/api.w.org\/{rel}","templated":true}]}}