{"id":3885,"date":"2017-07-08T12:52:44","date_gmt":"2017-07-08T12:52:44","guid":{"rendered":"http:\/\/blogsaverroes.juntadeandalucia.es\/iescastillodetempul\/?page_id=3885"},"modified":"2017-07-12T11:30:46","modified_gmt":"2017-07-12T11:30:46","slug":"informamos-a-la-comunidad","status":"publish","type":"page","link":"https:\/\/blogsaverroes.juntadeandalucia.es\/iescastillodetempul\/informamos-a-la-comunidad\/","title":{"rendered":"INFORMAMOS A LA COMUNIDAD"},"content":{"rendered":"<p><strong>INTRODUCCI\u00d3N<\/strong><\/p>\n<p><strong>&nbsp;<\/strong>Como parte final de cualquier proceso de investigaci\u00f3n llegamos al momento de <strong>COMUNICAR<\/strong> lo que hemos aprendido.<\/p>\n<p><strong><a href=\"http:\/\/blogsaverroes.juntadeandalucia.es\/iescastillodetempul\/informamos-a-la-comunidad\/tarea-10a\/\" rel=\"attachment wp-att-3895\"><img loading=\"lazy\" decoding=\"async\" class=\"aligncenter size-medium wp-image-3895\" src=\"https:\/\/blogsaverroes.juntadeandalucia.es\/iescastillodetempul\/files\/2017\/07\/tarea-10a-e1499520360833-1024x768.jpg\" alt=\"\" width=\"1024\" height=\"768\" srcset=\"https:\/\/blogsaverroes.juntadeandalucia.es\/iescastillodetempul\/files\/2017\/07\/tarea-10a-e1499520360833-1024x768.jpg 1024w, https:\/\/blogsaverroes.juntadeandalucia.es\/iescastillodetempul\/files\/2017\/07\/tarea-10a-e1499520360833-768x576.jpg 768w, https:\/\/blogsaverroes.juntadeandalucia.es\/iescastillodetempul\/files\/2017\/07\/tarea-10a-e1499520360833-700x525.jpg 700w, https:\/\/blogsaverroes.juntadeandalucia.es\/iescastillodetempul\/files\/2017\/07\/tarea-10a-e1499520360833-24x18.jpg 24w, https:\/\/blogsaverroes.juntadeandalucia.es\/iescastillodetempul\/files\/2017\/07\/tarea-10a-e1499520360833-36x27.jpg 36w, https:\/\/blogsaverroes.juntadeandalucia.es\/iescastillodetempul\/files\/2017\/07\/tarea-10a-e1499520360833-48x36.jpg 48w, https:\/\/blogsaverroes.juntadeandalucia.es\/iescastillodetempul\/files\/2017\/07\/tarea-10a-e1499520360833.jpg 1600w\" sizes=\"(max-width: 1024px) 100vw, 1024px\" \/><\/a>CHULETA<\/strong><\/p>\n<blockquote><p>\u00a1\u00a1Ya te has hecho un\/a experto\/a en Bebidas Energ\u00e9ticas!!.&nbsp; Recuerda todo lo que has aprendido con las Bebidas Energ\u00e9ticas: Estudio estad\u00edstico, composici\u00f3n, h\u00e1bitos de consumo, efectos, fabricaci\u00f3n, etc&#8230; Ahora te toca transmitir tus conocimientos para que otras personas tambi\u00e9n aprendan. Adem\u00e1s mientras comunicas todo lo que sabes, lo aprender\u00e1s mucho mejor, ya lo ver\u00e1s.<\/p><\/blockquote>\n<p><strong>PASOS<\/strong><\/p>\n<p><strong>Paso 1<\/strong><\/p>\n<blockquote><p>Elabora paneles explicativos sobre las conclusiones del trabajo estad\u00edstico y sobre los componentes y sus efectos. Deben estar hechos para que la gente que los vea se informe r\u00e1pidamente y conozca todos los detalles de una manera clara y sencilla<\/p><\/blockquote>\n<p><u><a href=\"http:\/\/blogsaverroes.juntadeandalucia.es\/iescastillodetempul\/informamos-a-la-comunidad\/tarea-10b\/\" rel=\"attachment wp-att-3896\"><img loading=\"lazy\" decoding=\"async\" class=\"aligncenter size-medium wp-image-3896\" src=\"https:\/\/blogsaverroes.juntadeandalucia.es\/iescastillodetempul\/files\/2017\/07\/tarea-10b-1024x768.jpg\" alt=\"\" width=\"1024\" height=\"768\" srcset=\"https:\/\/blogsaverroes.juntadeandalucia.es\/iescastillodetempul\/files\/2017\/07\/tarea-10b-1024x768.jpg 1024w, https:\/\/blogsaverroes.juntadeandalucia.es\/iescastillodetempul\/files\/2017\/07\/tarea-10b-768x576.jpg 768w, https:\/\/blogsaverroes.juntadeandalucia.es\/iescastillodetempul\/files\/2017\/07\/tarea-10b-700x525.jpg 700w, https:\/\/blogsaverroes.juntadeandalucia.es\/iescastillodetempul\/files\/2017\/07\/tarea-10b-24x18.jpg 24w, https:\/\/blogsaverroes.juntadeandalucia.es\/iescastillodetempul\/files\/2017\/07\/tarea-10b-36x27.jpg 36w, https:\/\/blogsaverroes.juntadeandalucia.es\/iescastillodetempul\/files\/2017\/07\/tarea-10b-48x36.jpg 48w, https:\/\/blogsaverroes.juntadeandalucia.es\/iescastillodetempul\/files\/2017\/07\/tarea-10b.jpg 1600w\" sizes=\"(max-width: 1024px) 100vw, 1024px\" \/><\/a><\/u><\/p>\n<p><strong>Paso 2 <\/strong><\/p>\n<blockquote><p>Grabad un v\u00eddeo informativo a modo de documental informando sobre todos los aspectos abordados en este proyecto. Este v\u00eddeo, una vez subido a la plataforma youtube, servir\u00e1 para que compa\u00f1eros\/as de otros Centros puedan informarse acerca de este tema.<\/p>\n<p><iframe loading=\"lazy\" src=\"https:\/\/www.youtube.com\/embed\/4qI4Znnpk0I\" width=\"560\" height=\"315\" frameborder=\"0\"><\/iframe><\/p><\/blockquote>\n<p><strong>TAREA<\/strong><\/p>\n<blockquote><p>Organiza una sesi\u00f3n informativa en tu Centro para informar a tus compa\u00f1eros\/as sobre vuestro proyecto. Cuando est\u00e9is animados\/as, hablad con vuestro Ayuntamiento y organizad una Jornada Informativa sobre las Bebidas Energ\u00e9ticas en una plaza c\u00e9ntrica del municipio.<\/p><\/blockquote>\n<p><a href=\"http:\/\/blogsaverroes.juntadeandalucia.es\/iescastillodetempul\/informamos-a-la-comunidad\/tarea-10c\/\" rel=\"attachment wp-att-3898\"><img loading=\"lazy\" decoding=\"async\" class=\"aligncenter size-full wp-image-3898\" src=\"https:\/\/blogsaverroes.juntadeandalucia.es\/iescastillodetempul\/files\/2017\/07\/tarea-10c.jpg\" alt=\"\" width=\"1024\" height=\"1024\" srcset=\"https:\/\/blogsaverroes.juntadeandalucia.es\/iescastillodetempul\/files\/2017\/07\/tarea-10c.jpg 1024w, https:\/\/blogsaverroes.juntadeandalucia.es\/iescastillodetempul\/files\/2017\/07\/tarea-10c-300x300.jpg 300w, https:\/\/blogsaverroes.juntadeandalucia.es\/iescastillodetempul\/files\/2017\/07\/tarea-10c-768x768.jpg 768w, https:\/\/blogsaverroes.juntadeandalucia.es\/iescastillodetempul\/files\/2017\/07\/tarea-10c-100x100.jpg 100w, https:\/\/blogsaverroes.juntadeandalucia.es\/iescastillodetempul\/files\/2017\/07\/tarea-10c-432x432.jpg 432w, https:\/\/blogsaverroes.juntadeandalucia.es\/iescastillodetempul\/files\/2017\/07\/tarea-10c-268x268.jpg 268w, https:\/\/blogsaverroes.juntadeandalucia.es\/iescastillodetempul\/files\/2017\/07\/tarea-10c-700x700.jpg 700w, https:\/\/blogsaverroes.juntadeandalucia.es\/iescastillodetempul\/files\/2017\/07\/tarea-10c-24x24.jpg 24w, https:\/\/blogsaverroes.juntadeandalucia.es\/iescastillodetempul\/files\/2017\/07\/tarea-10c-36x36.jpg 36w, https:\/\/blogsaverroes.juntadeandalucia.es\/iescastillodetempul\/files\/2017\/07\/tarea-10c-48x48.jpg 48w\" sizes=\"(max-width: 1024px) 100vw, 1024px\" \/><\/a><\/p>\n<p><iframe loading=\"lazy\" width=\"560\" height=\"315\" src=\"https:\/\/www.youtube.com\/embed\/qxghcejq5Es\" frameborder=\"0\"><\/iframe><\/p>\n<p><strong>DIARIO<\/strong><\/p>\n<blockquote><p>Recoge lo que has aprendido en esta tarea. Lo que no sab\u00edas y lo que si sabes ya.<\/p>\n<p>Comenta las dificultades que has tenido para organizar las exposici\u00f3n y las dificultades superadas a la hora de explicar al p\u00fablico general.<\/p><\/blockquote>\n","protected":false},"excerpt":{"rendered":"<p>INTRODUCCI\u00d3N &nbsp;Como parte final de cualquier proceso de investigaci\u00f3n llegamos al momento de COMUNICAR lo que hemos aprendido. CHULETA \u00a1\u00a1Ya te has hecho un\/a experto\/a en Bebidas Energ\u00e9ticas!!.&nbsp; Recuerda todo lo que has aprendido&#46;&#46;&#46;<\/p>\n","protected":false},"author":4130,"featured_media":0,"parent":0,"menu_order":0,"comment_status":"closed","ping_status":"closed","template":"","meta":{"ngg_post_thumbnail":0,"footnotes":"","_mc_calendar":[]},"aioseo_notices":[],"_links":{"self":[{"href":"https:\/\/blogsaverroes.juntadeandalucia.es\/iescastillodetempul\/wp-json\/wp\/v2\/pages\/3885"}],"collection":[{"href":"https:\/\/blogsaverroes.juntadeandalucia.es\/iescastillodetempul\/wp-json\/wp\/v2\/pages"}],"about":[{"href":"https:\/\/blogsaverroes.juntadeandalucia.es\/iescastillodetempul\/wp-json\/wp\/v2\/types\/page"}],"author":[{"embeddable":true,"href":"https:\/\/blogsaverroes.juntadeandalucia.es\/iescastillodetempul\/wp-json\/wp\/v2\/users\/4130"}],"replies":[{"embeddable":true,"href":"https:\/\/blogsaverroes.juntadeandalucia.es\/iescastillodetempul\/wp-json\/wp\/v2\/comments?post=3885"}],"version-history":[{"count":8,"href":"https:\/\/blogsaverroes.juntadeandalucia.es\/iescastillodetempul\/wp-json\/wp\/v2\/pages\/3885\/revisions"}],"predecessor-version":[{"id":3968,"href":"https:\/\/blogsaverroes.juntadeandalucia.es\/iescastillodetempul\/wp-json\/wp\/v2\/pages\/3885\/revisions\/3968"}],"wp:attachment":[{"href":"https:\/\/blogsaverroes.juntadeandalucia.es\/iescastillodetempul\/wp-json\/wp\/v2\/media?parent=3885"}],"curies":[{"name":"wp","href":"https:\/\/api.w.org\/{rel}","templated":true}]}}