{"id":426,"date":"2015-03-20T07:05:49","date_gmt":"2015-03-20T07:05:49","guid":{"rendered":"http:\/\/blogsaverroes.juntadeandalucia.es\/pre\/ceip\/?page_id=426"},"modified":"2019-03-06T21:53:04","modified_gmt":"2019-03-06T21:53:04","slug":"materiales-recursos","status":"publish","type":"page","link":"https:\/\/blogsaverroes.juntadeandalucia.es\/iescastillodetempul\/materiales-recursos\/","title":{"rendered":"4\u00ba E.S.O."},"content":{"rendered":"<p><strong>PROGRAMA DE GRATUIDAD DE LIBROS DE TEXTO<\/strong><br \/>\n<strong>RELACI\u00d3N DE LIBROS USADOS EN CADA MATERIA<\/strong><\/p>\n<hr>\n<p><strong>CURSO 2018\/2019<\/strong><br \/>\n<strong>Curso: 4\u00ba de E.S.O.<\/strong><\/p>\n<table>\n<tbody>\n<tr>\n<td><strong>Nombre de la Materia<\/strong><\/td>\n<td><strong>EAN<\/strong><\/td>\n<td><strong>Editorial<\/strong><\/td>\n<td><strong>T\u00edtulo del libro<\/strong><\/td>\n<\/tr>\n<tr>\n<td>Biolog\u00eda y Geolog\u00eda<\/td>\n<td>9788483052105<\/td>\n<td>Santillana Grazalema, S.L.<\/td>\n<td>Biolog\u00eda y Geolog\u00eda. 4\u00ba ESO. Proyecto La Casa del<br \/>\nSaber<\/td>\n<\/tr>\n<tr>\n<td>Ciencias aplicadas a la actividad profesional<\/td>\n<td>9788469811535&nbsp;<\/td>\n<td>&nbsp;Grupo Anaya, S.A.<\/td>\n<td>Ciencias aplicadas a la actividad profesional. 4\u00ba ESO&nbsp;<\/td>\n<\/tr>\n<tr>\n<td>Econom\u00eda<\/td>\n<td>9788469811511&nbsp;<\/td>\n<td>&nbsp;Grupo Anaya, S.A.<\/td>\n<td>Econom\u00eda. 4\u00ba ESO&nbsp;<\/td>\n<\/tr>\n<tr>\n<td>Educaci\u00f3n F\u00edsica<\/td>\n<td>9788469827727<\/td>\n<td>Grupo Anaya, S.A.<\/td>\n<td>Educaci\u00f3n F\u00edsica 4\u00ba ESO.<\/td>\n<\/tr>\n<tr>\n<td>Educaci\u00f3n Pl\u00e1stica Visual y Audiovisual&nbsp;<\/td>\n<td>9788466771429<\/td>\n<td>Grupo Anaya, S.A.<\/td>\n<td>Educaci\u00f3n Pl\u00e1stica 4.<\/td>\n<\/tr>\n<tr>\n<td>F\u00edsica y Qu\u00edmica<\/td>\n<td>9788483057018<\/td>\n<td>Santillana Grazalema, S.L.<\/td>\n<td>F\u00edsica y Qu\u00edmica 4\u00baESO. Serie Investiga. Andaluc\u00eda. Proyecto&nbsp;Saber Hacer<\/td>\n<\/tr>\n<tr>\n<td>Franc\u00e9s (Segundo Idioma)<\/td>\n<td>9788490491874<\/td>\n<td>Santillana Grazalema, S.L.<\/td>\n<td>Franc\u00e9s. 3\u00ba y 4\u00ba ESO. Parachute 4<\/td>\n<\/tr>\n<tr>\n<td>Geograf\u00eda e Historia<\/td>\n<td>9788491320401<\/td>\n<td>Santillana Grazalema, S.L.<\/td>\n<td>Historia 4\u00baESO. Andaluc\u00eda. Serie Descubre. Proyecto Saber Hacer<\/td>\n<\/tr>\n<tr>\n<td>Ingl\u00e9s<\/td>\n<td>9789963517121<\/td>\n<td>Burlington Books, S.A.<\/td>\n<td>Ingl\u00e9s. 4\u00ba ESO. New Action! Student\u2019s book&nbsp;Andalusia<\/td>\n<\/tr>\n<tr>\n<td>Lat\u00edn<\/td>\n<td>9788466771535<\/td>\n<td>Grupo Anaya, S.A.<\/td>\n<td>Lat\u00edn 4.<\/td>\n<\/tr>\n<tr>\n<td>Lengua Castellana y Literatura<\/td>\n<td>9788469811689<\/td>\n<td>Editorial Editex, S.A.<\/td>\n<td>Lengua Castellana y Literatura. 4\u00ba ESO. Proyecto aprender es crecer.<\/td>\n<\/tr>\n<tr>\n<td>Matem\u00e1ticas Orientadas a las Ense\u00f1anzas Acad\u00e9micas<\/td>\n<td>9788469816400<\/td>\n<td>Grupo Anaya, S.A.<\/td>\n<td>Matem\u00e1ticas Orientadas a las Ense\u00f1anzas Acad\u00e9micas.4\u00ba ESO.&nbsp;Centros biling\u00fces. Proyecto aprender es crecer.<\/td>\n<\/tr>\n<tr>\n<td>Matem\u00e1ticas Orientadas a las Ense\u00f1anzas Aplicadas<\/td>\n<td>9788469816417<\/td>\n<td>Grupo Anaya, S.A.<\/td>\n<td>Matem\u00e1ticas Orientadas a las Ense\u00f1anzas Aplicadas. 4\u00ba ESO. Centros biling\u00fces. Proyecto aprender es crecer.<\/td>\n<\/tr>\n<tr>\n<td>Tecnolog\u00eda<\/td>\n<td>9788469824771<\/td>\n<td>Grupo Anaya, S.A.<\/td>\n<td>Tecnolog\u00eda. 4\u00ba ESO. Proyecto aprender es crecer.<\/td>\n<\/tr>\n<tr>\n<td>Valores \u00c9ticos<\/td>\n<td>9788469819883<\/td>\n<td>Grupo Anaya, S.A.<\/td>\n<td>Valores \u00c9ticos. 4\u00ba ESO.&nbsp;<\/td>\n<\/tr>\n<\/tbody>\n<\/table>\n<p><strong>&nbsp;<\/strong><\/p>\n","protected":false},"excerpt":{"rendered":"<p>PROGRAMA DE GRATUIDAD DE LIBROS DE TEXTO RELACI\u00d3N DE LIBROS USADOS EN CADA MATERIA CURSO 2018\/2019 Curso: 4\u00ba de E.S.O. Nombre de la Materia EAN Editorial T\u00edtulo del libro Biolog\u00eda y Geolog\u00eda 9788483052105 Santillana&#46;&#46;&#46;<\/p>\n","protected":false},"author":1,"featured_media":0,"parent":0,"menu_order":0,"comment_status":"closed","ping_status":"open","template":"","meta":{"ngg_post_thumbnail":0,"footnotes":"","_mc_calendar":[]},"aioseo_notices":[],"_links":{"self":[{"href":"https:\/\/blogsaverroes.juntadeandalucia.es\/iescastillodetempul\/wp-json\/wp\/v2\/pages\/426"}],"collection":[{"href":"https:\/\/blogsaverroes.juntadeandalucia.es\/iescastillodetempul\/wp-json\/wp\/v2\/pages"}],"about":[{"href":"https:\/\/blogsaverroes.juntadeandalucia.es\/iescastillodetempul\/wp-json\/wp\/v2\/types\/page"}],"author":[{"embeddable":true,"href":"https:\/\/blogsaverroes.juntadeandalucia.es\/iescastillodetempul\/wp-json\/wp\/v2\/users\/1"}],"replies":[{"embeddable":true,"href":"https:\/\/blogsaverroes.juntadeandalucia.es\/iescastillodetempul\/wp-json\/wp\/v2\/comments?post=426"}],"version-history":[{"count":6,"href":"https:\/\/blogsaverroes.juntadeandalucia.es\/iescastillodetempul\/wp-json\/wp\/v2\/pages\/426\/revisions"}],"predecessor-version":[{"id":5002,"href":"https:\/\/blogsaverroes.juntadeandalucia.es\/iescastillodetempul\/wp-json\/wp\/v2\/pages\/426\/revisions\/5002"}],"wp:attachment":[{"href":"https:\/\/blogsaverroes.juntadeandalucia.es\/iescastillodetempul\/wp-json\/wp\/v2\/media?parent=426"}],"curies":[{"name":"wp","href":"https:\/\/api.w.org\/{rel}","templated":true}]}}