{"id":428,"date":"2015-03-20T07:06:21","date_gmt":"2015-03-20T07:06:21","guid":{"rendered":"http:\/\/blogsaverroes.juntadeandalucia.es\/pre\/ceip\/?page_id=428"},"modified":"2019-03-06T21:50:01","modified_gmt":"2019-03-06T21:50:01","slug":"1eso","status":"publish","type":"page","link":"https:\/\/blogsaverroes.juntadeandalucia.es\/iescastillodetempul\/1eso\/","title":{"rendered":"1\u00ba E.S.O."},"content":{"rendered":"<p><a href=\"http:\/\/blogsaverroes.juntadeandalucia.es\/iescastillodetempul\/files\/2015\/03\/educacion1.jpg\"><img loading=\"lazy\" decoding=\"async\" class=\"aligncenter wp-image-1615 size-medium\" src=\"http:\/\/blogsaverroes.juntadeandalucia.es\/iescastillodetempul\/files\/2015\/03\/educacion1-300x183.jpg\" alt=\"\" width=\"300\" height=\"183\" srcset=\"https:\/\/blogsaverroes.juntadeandalucia.es\/iescastillodetempul\/files\/2015\/03\/educacion1-300x183.jpg 300w, https:\/\/blogsaverroes.juntadeandalucia.es\/iescastillodetempul\/files\/2015\/03\/educacion1-332x202.jpg 332w, https:\/\/blogsaverroes.juntadeandalucia.es\/iescastillodetempul\/files\/2015\/03\/educacion1-268x164.jpg 268w, https:\/\/blogsaverroes.juntadeandalucia.es\/iescastillodetempul\/files\/2015\/03\/educacion1.jpg 512w\" sizes=\"(max-width: 300px) 100vw, 300px\" \/><\/a><strong>PROGRAMA DE GRATUIDAD DE LIBROS DE TEXTO<\/strong><br \/>\n<strong>RELACI\u00d3N DE LIBROS USADOS EN CADA MATERIA<\/strong><\/p>\n<hr>\n<p><strong>CURSO 2018\/2019<\/strong><br \/>\n<strong>Curso: 1\u00ba de E.S.O.<\/strong><\/p>\n<table>\n<tbody>\n<tr>\n<td><strong>Nombre de la Materia<\/strong><\/td>\n<td><strong>EAN<\/strong><\/td>\n<td><strong>Editorial<\/strong><\/td>\n<td><strong>T\u00edtulo del libro<\/strong><\/td>\n<\/tr>\n<tr>\n<td>Biolog\u00eda y Geolog\u00eda<\/td>\n<td>9788483055625<\/td>\n<td>Santillana Grazalema, S.L.<\/td>\n<td>Biolog\u00eda y Geolog\u00eda. 1\u00ba ESO. Serie Observa<\/td>\n<\/tr>\n<tr>\n<td>Educaci\u00f3n F\u00edsica<\/td>\n<td>9788469827543<\/td>\n<td>Grupo Anaya, S.A.<\/td>\n<td>Educaci\u00f3n F\u00edsica. 1\u00ba ESO<\/td>\n<\/tr>\n<tr>\n<td>Educaci\u00f3n Pl\u00e1stica Visual y Audiovisual&nbsp;<\/td>\n<td>9788469815106<\/td>\n<td>Grupo Anaya, S.A.<\/td>\n<td>Educaci\u00f3n Pl\u00e1stica, Visual y Audiovisual. 1\u00ba ESO<\/td>\n<\/tr>\n<tr>\n<td>Franc\u00e9s (Segundo Idioma)<\/td>\n<td>9788496597976<\/td>\n<td>Santillana Grazalema, S.L.<\/td>\n<td>Franc\u00e9s. 1\u00ba ESO. Nivel A1 MCERL. Parachute 1<\/td>\n<\/tr>\n<tr>\n<td>Geograf\u00eda e Historia<\/td>\n<td>9788467584844<\/td>\n<td>Ediciones SM, S.A.<\/td>\n<td>Geograf\u00eda e Historia. 1\u00ba ESO. Savia. Andaluc\u00eda<\/td>\n<\/tr>\n<tr>\n<td>Ingl\u00e9s<\/td>\n<td>9789963517091<\/td>\n<td>Burlington Books, S.A.<\/td>\n<td>Ingl\u00e9s. 1\u00ba ESO. New Action 1. Andalucia<\/td>\n<\/tr>\n<tr>\n<td>Lengua Castellana y Literatura<\/td>\n<td>9788469814895<\/td>\n<td>Grupo Anaya, S.A.<\/td>\n<td>Lengua y Literatura, 1 ESO<\/td>\n<\/tr>\n<tr>\n<td>Matem\u00e1ticas<\/td>\n<td>9788469816448<\/td>\n<td>Grupo Anaya, S.A.<\/td>\n<td>Matem\u00e1ticas, 1\u00ba ESO. Proyecto aprender es<br \/>\ncrecer<\/td>\n<\/tr>\n<tr>\n<td>M\u00fasica<\/td>\n<td>9788469815120<\/td>\n<td>Grupo Anaya, S.A.<\/td>\n<td>M\u00fasica. 1\u00ba ESO<\/td>\n<\/tr>\n<tr>\n<td>Valores \u00c9ticos<\/td>\n<td>9788469824795<\/td>\n<td>Grupo Anaya, S.A.<\/td>\n<td>Valores \u00c9ticos, 1\u00ba ESO<\/td>\n<\/tr>\n<\/tbody>\n<\/table>\n","protected":false},"excerpt":{"rendered":"<p>PROGRAMA DE GRATUIDAD DE LIBROS DE TEXTO RELACI\u00d3N DE LIBROS USADOS EN CADA MATERIA CURSO 2018\/2019 Curso: 1\u00ba de E.S.O. Nombre de la Materia EAN Editorial T\u00edtulo del libro Biolog\u00eda y Geolog\u00eda 9788483055625 Santillana&#46;&#46;&#46;<\/p>\n","protected":false},"author":1,"featured_media":0,"parent":0,"menu_order":0,"comment_status":"closed","ping_status":"open","template":"","meta":{"ngg_post_thumbnail":0,"footnotes":"","_mc_calendar":[]},"aioseo_notices":[],"_links":{"self":[{"href":"https:\/\/blogsaverroes.juntadeandalucia.es\/iescastillodetempul\/wp-json\/wp\/v2\/pages\/428"}],"collection":[{"href":"https:\/\/blogsaverroes.juntadeandalucia.es\/iescastillodetempul\/wp-json\/wp\/v2\/pages"}],"about":[{"href":"https:\/\/blogsaverroes.juntadeandalucia.es\/iescastillodetempul\/wp-json\/wp\/v2\/types\/page"}],"author":[{"embeddable":true,"href":"https:\/\/blogsaverroes.juntadeandalucia.es\/iescastillodetempul\/wp-json\/wp\/v2\/users\/1"}],"replies":[{"embeddable":true,"href":"https:\/\/blogsaverroes.juntadeandalucia.es\/iescastillodetempul\/wp-json\/wp\/v2\/comments?post=428"}],"version-history":[{"count":6,"href":"https:\/\/blogsaverroes.juntadeandalucia.es\/iescastillodetempul\/wp-json\/wp\/v2\/pages\/428\/revisions"}],"predecessor-version":[{"id":4999,"href":"https:\/\/blogsaverroes.juntadeandalucia.es\/iescastillodetempul\/wp-json\/wp\/v2\/pages\/428\/revisions\/4999"}],"wp:attachment":[{"href":"https:\/\/blogsaverroes.juntadeandalucia.es\/iescastillodetempul\/wp-json\/wp\/v2\/media?parent=428"}],"curies":[{"name":"wp","href":"https:\/\/api.w.org\/{rel}","templated":true}]}}