{"id":436,"date":"2015-03-20T07:08:17","date_gmt":"2015-03-20T07:08:17","guid":{"rendered":"http:\/\/blogsaverroes.juntadeandalucia.es\/pre\/ceip\/?page_id=436"},"modified":"2019-03-06T21:51:40","modified_gmt":"2019-03-06T21:51:40","slug":"ed-primaria-3o-ciclo","status":"publish","type":"page","link":"https:\/\/blogsaverroes.juntadeandalucia.es\/iescastillodetempul\/ed-primaria-3o-ciclo\/","title":{"rendered":"3\u00ba E.S.O."},"content":{"rendered":"<p><img loading=\"lazy\" decoding=\"async\" class=\"alignnone size-medium wp-image-1617\" src=\"http:\/\/blogsaverroes.juntadeandalucia.es\/iescastillodetempul\/files\/2015\/03\/educacion3-300x161.png\" alt=\"educacion3\" width=\"300\" height=\"161\" srcset=\"https:\/\/blogsaverroes.juntadeandalucia.es\/iescastillodetempul\/files\/2015\/03\/educacion3-300x161.png 300w, https:\/\/blogsaverroes.juntadeandalucia.es\/iescastillodetempul\/files\/2015\/03\/educacion3-332x178.png 332w, https:\/\/blogsaverroes.juntadeandalucia.es\/iescastillodetempul\/files\/2015\/03\/educacion3.png 640w\" sizes=\"(max-width: 300px) 100vw, 300px\" \/>&nbsp;<\/p>\n<p><strong>PROGRAMA DE GRATUIDAD DE LIBROS DE TEXTO<\/strong><br \/>\n<strong>RELACI\u00d3N DE LIBROS USADOS EN CADA MATERIA<\/strong><\/p>\n<hr>\n<p><strong>C<\/strong><strong>URSO 2018\/2019<\/strong><br \/>\n<strong>Curso: 3\u00ba de E.S.O.<\/strong><\/p>\n<table>\n<tbody>\n<tr>\n<td><strong>Nombre de la Materia<\/strong><\/td>\n<td><strong>EAN<\/strong><\/td>\n<td><strong>Editorial<\/strong><\/td>\n<td><strong>T\u00edtulo del libro<\/strong><\/td>\n<\/tr>\n<tr>\n<td>Biolog\u00eda y Geolog\u00eda<\/td>\n<td>9788483055748<\/td>\n<td>Santillana Grazalema, S.L.<\/td>\n<td>Biolog\u00eda y Geolog\u00eda. 3\u00ba ESO. Serie&nbsp;Observa<\/td>\n<\/tr>\n<tr>\n<td>Educaci\u00f3n F\u00edsica<\/td>\n<td>9788469827703<\/td>\n<td>Grupo Anaya, S.A.<\/td>\n<td>Educaci\u00f3n F\u00edsica 3\u00ba ESO.<\/td>\n<\/tr>\n<tr>\n<td>Educaci\u00f3n Pl\u00e1stica Visual y Audiovisual&nbsp;<\/td>\n<td>9788467813333<\/td>\n<td>Grupo Anaya, S.A.<\/td>\n<td>Educaci\u00f3n Pl\u00e1stica, Visual y Audiovisual 2<\/td>\n<\/tr>\n<tr>\n<td>F\u00edsica y Qu\u00edmica<\/td>\n<td>9788469811771<\/td>\n<td>Grupo Anaya, S.A.<\/td>\n<td>F\u00edsica y Qu\u00edmica 3\u00ba ESO. Centros Bliling\u00fces<\/td>\n<\/tr>\n<tr>\n<td>Franc\u00e9s (Segundo Idioma)<\/td>\n<td>9788490490167<\/td>\n<td>Santillana Grazalema, S.L.<\/td>\n<td>Franc\u00e9s. 3\u00ba ESO. Nivel A2 MCERL. Parachute 3<\/td>\n<\/tr>\n<tr>\n<td>Geograf\u00eda e Historia<\/td>\n<td>9788467586299<\/td>\n<td>Ediciones SM, S.A.<\/td>\n<td>Geograf\u00eda e Historia. 3 ESO. Savia. Andaluc\u00eda<\/td>\n<\/tr>\n<tr>\n<td>Ingl\u00e9s<\/td>\n<td>9789963517114<\/td>\n<td>Burlington Books, S.A.<\/td>\n<td>Ingl\u00e9s. 3\u00ba ESO. New Action 3 Andalucia.<\/td>\n<\/tr>\n<tr>\n<td>Lengua Castellana y Literatura<\/td>\n<td>9788469811658<\/td>\n<td>Grupo Anaya, S.A.<\/td>\n<td>Lengua y Literatura 3 ESO<\/td>\n<\/tr>\n<tr>\n<td>\u00c1mbito Ling\u00fc\u00edstico y Social<\/td>\n<td>9788490786062<\/td>\n<td>Editorial Editex, S.A.<\/td>\n<td>PMAR. 3\u00ba ESO, \u00c1mbito Ling\u00fc\u00edstico y Social II.&nbsp;<\/td>\n<\/tr>\n<tr>\n<td>\u00c1mbito Cient\u00edfico y Matem\u00e1tico<\/td>\n<td>9788469614198<\/td>\n<td>Editorial Bru\u00f1o, S.L.<\/td>\n<td>\u00c1mbito Cient\u00edfico y Matem\u00e1tico, 2\u00ba y 3\u00ba ESO.&nbsp;Programa Mejora<\/td>\n<\/tr>\n<tr>\n<td>Matem\u00e1ticas Orientadas a las Ense\u00f1anzas Acad\u00e9micas<\/td>\n<td>9788467852127<\/td>\n<td>Grupo Anaya, S.A.<\/td>\n<td>Matem\u00e1ticas Orientadas a las Ense\u00f1anzas Acad\u00e9micas. 3\u00ba&nbsp;ESO.&nbsp;<\/td>\n<\/tr>\n<tr>\n<td>Matem\u00e1ticas Orientadas a las Ense\u00f1anzas Aplicadas<\/td>\n<td>9788467852158<\/td>\n<td>Grupo Anaya, S.A.<\/td>\n<td>Matem\u00e1ticas orientadas a las Ense\u00f1anzas Aplicadas. 3\u00ba ESO.<\/td>\n<\/tr>\n<tr>\n<td>Tecnolog\u00eda<\/td>\n<td>9788467852837<\/td>\n<td>Grupo Anaya, S.A.<\/td>\n<td>Tecnolog\u00eda. 3\u00ba ESO.<\/td>\n<\/tr>\n<tr>\n<td>Valores \u00c9ticos<\/td>\n<td>9788469824832<\/td>\n<td>Grupo Anaya, S.A.<\/td>\n<td>Valores \u00c9ticos. 3\u00ba ESO.&nbsp;<\/td>\n<\/tr>\n<\/tbody>\n<\/table>\n<p>&nbsp;<\/p>\n","protected":false},"excerpt":{"rendered":"<p>&nbsp; PROGRAMA DE GRATUIDAD DE LIBROS DE TEXTO RELACI\u00d3N DE LIBROS USADOS EN CADA MATERIA CURSO 2018\/2019 Curso: 3\u00ba de E.S.O. Nombre de la Materia EAN Editorial T\u00edtulo del libro Biolog\u00eda y Geolog\u00eda 9788483055748&#46;&#46;&#46;<\/p>\n","protected":false},"author":1,"featured_media":0,"parent":0,"menu_order":0,"comment_status":"closed","ping_status":"open","template":"","meta":{"ngg_post_thumbnail":0,"footnotes":"","_mc_calendar":[]},"aioseo_notices":[],"_links":{"self":[{"href":"https:\/\/blogsaverroes.juntadeandalucia.es\/iescastillodetempul\/wp-json\/wp\/v2\/pages\/436"}],"collection":[{"href":"https:\/\/blogsaverroes.juntadeandalucia.es\/iescastillodetempul\/wp-json\/wp\/v2\/pages"}],"about":[{"href":"https:\/\/blogsaverroes.juntadeandalucia.es\/iescastillodetempul\/wp-json\/wp\/v2\/types\/page"}],"author":[{"embeddable":true,"href":"https:\/\/blogsaverroes.juntadeandalucia.es\/iescastillodetempul\/wp-json\/wp\/v2\/users\/1"}],"replies":[{"embeddable":true,"href":"https:\/\/blogsaverroes.juntadeandalucia.es\/iescastillodetempul\/wp-json\/wp\/v2\/comments?post=436"}],"version-history":[{"count":7,"href":"https:\/\/blogsaverroes.juntadeandalucia.es\/iescastillodetempul\/wp-json\/wp\/v2\/pages\/436\/revisions"}],"predecessor-version":[{"id":5001,"href":"https:\/\/blogsaverroes.juntadeandalucia.es\/iescastillodetempul\/wp-json\/wp\/v2\/pages\/436\/revisions\/5001"}],"wp:attachment":[{"href":"https:\/\/blogsaverroes.juntadeandalucia.es\/iescastillodetempul\/wp-json\/wp\/v2\/media?parent=436"}],"curies":[{"name":"wp","href":"https:\/\/api.w.org\/{rel}","templated":true}]}}