{"id":4412,"date":"2017-07-19T14:11:23","date_gmt":"2017-07-19T14:11:23","guid":{"rendered":"http:\/\/blogsaverroes.juntadeandalucia.es\/iescastillodetempul\/?page_id=4412"},"modified":"2017-07-24T09:20:19","modified_gmt":"2017-07-24T09:20:19","slug":"miguel-hernandez","status":"publish","type":"page","link":"https:\/\/blogsaverroes.juntadeandalucia.es\/iescastillodetempul\/miguel-hernandez\/","title":{"rendered":"Miguel Hern\u00e1ndez"},"content":{"rendered":"<p><strong>MIGUEL HERN\u00c1NDEZ GILABERT<\/strong><br \/>\n(30 de octubre de 1910 &#8211; Alicante, 28 de marzo de 1942) fue un poeta y dramaturgo de especial relevancia en la literatura espa\u00f1ola del siglo XX. Aunque tradicionalmente se le ha encuadrado en la generaci\u00f3n del 36, Miguel Hern\u00e1ndez mantuvo una mayor proximidad con la generaci\u00f3n anterior hasta el punto de ser considerado por D\u00e1maso Alonso como \u00abgenial ep\u00edgono\u00bb de la generaci\u00f3n del 27<\/p>\n<p class=\"alignnone\"><strong>INFANCIA Y JUVENTUD<\/strong><\/p>\n<p class=\"alignnone\">Nacido en Orihuela era el tercer hijo de los siete que tuvieron Miguel Hern\u00e1ndez S\u00e1nchez y Concepci\u00f3n Gilabert. Su familia se dedicaba al ganado caprino.&nbsp;<\/p>\n<p class=\"alignnone\">Miguel fue pastor desde muy temprana edad. Estudi\u00f3 primaria y bachillerato. Los jesuitas le propusieron una beca para continuar con sus estudios, pero su padre la rechaz\u00f3. Abandon\u00f3 sus estudios en 1925 para dedicarse en exclusiva al pastoreo. Mientras cuidaba el reba\u00f1o, Hern\u00e1ndez le\u00eda con avidez y escrib\u00eda sus primeros poemas.<br \/>\nLos libros fueron su principal fuente de educaci\u00f3n, convirti\u00e9ndose en una persona autodidacta. Los grandes autores del siglo de oro: Cervantes, Lope de Vega, Calder\u00f3n de la Barca, Garcilaso de la Vega y, sobre todo, Luis de G\u00f3ngora fueron sus principales maestros.<br \/>\nCon tan s\u00f3lo 20 a\u00f1os, obtuvo el primer y \u00fanico premio literario de su vida con un poema de 138 versos llamado Canto a Valencia.<\/p>\n<p><strong>GUERRA CIVIL<\/strong><\/p>\n<p>Al estallar la Guerra Civil, Miguel Hern\u00e1ndez estaba en Orihuela. El poeta le pide a su amigo Jos\u00e9 Mar\u00eda de Coss\u00edo finalizar su trabajo en Madrid porque el padre de su novia, Josefina Manresa, es asesinado.<\/p>\n<p>Hern\u00e1ndez decide entonces alistarse en el bando republicano. En el verano de 1936 tambi\u00e9n se afilia al Partido Comunista de Espa\u00f1a y desde comienzos de 1937 se convierte en comisario pol\u00edtico militar figurando en el 5\u00ba Regimiento.<\/p>\n<p>En plena Guerra, logr\u00f3 escapar brevemente a Orihuela para casarse el 9 de marzo de 1937 con Josefina Manresa.<\/p>\n<p>En diciembre de 1937 naci\u00f3 su primer hijo, Manuel Ram\u00f3n, que muri\u00f3 a los pocos meses, el 19 de octubre de 1938, y a quien dedic\u00f3 el poema <em>Hijo de la luz y de la sombra<\/em> y otros recogidos en el <em>Cancionero y romancero de ausencias<\/em>.<\/p>\n<p>En enero de 1939 naci\u00f3 su segundo hijo, Manuel Miguel, a&nbsp;<em>Quien dedic\u00f3 Nanas de la cebolla.<\/em>&nbsp;Escribi\u00f3 un nuevo libro: <em>Viento del pueblo.<\/em><\/p>\n<p><strong>PRISI\u00d3N Y MUERTE<\/strong><\/p>\n<p>En abril de 1939, reci\u00e9n concluida la Guerra, se termina de imprimir en Valencia <em>El hombre acecha<\/em>, pero se ordena la destrucci\u00f3n completa de la edici\u00f3n. Sin embargo, dos ejemplares que se salvaron permitieron reeditar el libro en 1981.<\/p>\n<p>Quer\u00eda volver a Orihuela pero corr\u00eda mucho riesgo, as\u00ed que decidi\u00f3 irse a Sevilla pasando por C\u00f3rdoba, con la intenci\u00f3n de cruzar la frontera de Portugal por Huelva. La polic\u00eda de Salazar, dictador fascista de Portugal, lo entreg\u00f3 a la Guardia Civil y fue encarcelado.<\/p>\n<p>Con la ayuda de Pablo Neruda y su amigo Coss\u00edo fue puesto en libertad inesperadamente y sin ser procesado en septiembre de 1939.<\/p>\n<p>De vuelta a Orihuela, fue delatado y detenido y ya en la prisi\u00f3n de Madrid, fue juzgado y condenado a muerte en marzo de 1940. Su amigo, Jos\u00e9 Mar\u00eda de Coss\u00edo y otros intelectuales amigos, intercedieron por \u00e9l y se le conmut\u00f3 la pena de muerte por la de treinta a\u00f1os de c\u00e1rcel.<\/p>\n<p>Pas\u00f3 luego a la prisi\u00f3n de Palencia (1940) y a la de Toledo poco despu\u00e9s. En 1941, fue trasladado al reformatorio de Adultos de Alicante, donde comparti\u00f3 celda con Buero Vallejo. All\u00ed enferm\u00f3. Padeci\u00f3 primero bronquitis y luego tifus, que se le complic\u00f3 con tuberculosis. Falleci\u00f3 en la enfermer\u00eda de la prisi\u00f3n alicantina del 28 de marzo de 1942, con tan s\u00f3lo 31 a\u00f1os de edad. Fue enterrado en el cementerio de Alicante.<\/p>\n<p><strong>TRAS SU MUERTE<\/strong><\/p>\n<p>Sus restos fueron exhumados en 1984 debido a la muerte de su hijo Manuel Miguel Hern\u00e1ndez Manresa el mismo a\u00f1o. Aquella exhumaci\u00f3n caus\u00f3 gran revuelo entre un grupo reducido de seguidores de Hern\u00e1ndez, que se agolparon el d\u00eda del entierro del hijo, llegando a besar su calavera o intentar robar un hueso. El ata\u00fad fue preservado para exponerlo en la Casa-Museo de Miguel Hern\u00e1ndez de Orihuela.<\/p>\n<p>En diciembre de 1986, los restos de ambos fueron trasladados a un terreno cedido por el Ayuntamiento de Alicante ubicado en el mismo cementerio y en febrero de 1987 fue enterrada junto a ellos la que fuera esposa de Miguel Hern\u00e1ndez, Josefina Manresa.<\/p>\n<p><strong>ELEG\u00cdA A RAM\u00d3N SIJ\u00c9<\/strong><\/p>\n<p><em>(En Orihuela, su pueblo y el m\u00edo, se me ha<\/em> <em>muerto como del rayo Ram\u00f3n Sij\u00e9, con quien<\/em> <em>tanto quer\u00eda.)<\/em><\/p>\n<p><strong>Yo quiero ser llorando el hortelano<br \/>\nde la tierra que ocupas y estercolas,<br \/>\ncompa\u00f1ero del alma, tan temprano.<\/strong><\/p>\n<p><strong>Alimentando lluvias, caracoles<br \/>\nY \u00f3rganos mi dolor sin instrumento,<br \/>\na las desalentadas amapolas<br \/>\ndar\u00e9 tu coraz\u00f3n por alimento.<\/strong><\/p>\n<p><strong>Tanto dolor se agrupa en mi costado,<br \/>\nque por doler me duele hasta el aliento.<\/strong><\/p>\n<p><strong>Un manotazo duro, un golpe helado,<br \/>\nun hachazo invisible y homicida,<br \/>\nun empuj\u00f3n brutal te ha derribado.<\/strong><\/p>\n<p><strong>No hay extensi\u00f3n m\u00e1s grande que mi herida,<\/strong><strong><br \/>\n<\/strong><strong>lloro mi desventura y sus conjuntos<\/strong><strong><br \/>\n<\/strong><strong>y siento m\u00e1s tu muerte que mi vida.<\/strong><\/p>\n<p><strong>Ando sobre rastrojos de difuntos,<\/strong><strong><br \/>\n<\/strong><strong>y sin calor de nadie y sin consuelo<\/strong><strong><br \/>\n<\/strong><strong>voy de mi coraz\u00f3n a mis asuntos.<\/strong><\/p>\n<p><strong>Temprano levant\u00f3 la muerte el vuelo,<\/strong><strong><br \/>\n<\/strong><strong>temprano madrug\u00f3 la madrugada,<\/strong><strong><br \/>\n<\/strong><strong>temprano est\u00e1s rodando por el suelo.<\/strong><\/p>\n<p><strong>No perdono a la muerte enamorada,<\/strong><strong><br \/>\n<\/strong><strong>no perdono a la vida desatenta,<\/strong><strong><br \/>\n<\/strong><strong>no perdono a la tierra ni a la nada.<\/strong><strong><br \/>\n<\/strong><strong>&nbsp;<br \/>\n<\/strong><strong>En mis manos levanto una tormenta<\/strong><strong><br \/>\n<\/strong><strong>de piedras, rayos y hachas estridentes<\/strong><strong><br \/>\n<\/strong><strong>sedienta de cat\u00e1strofe y hambrienta.<\/strong><\/p>\nngg_shortcode_0_placeholder\n","protected":false},"excerpt":{"rendered":"<p>MIGUEL HERN\u00c1NDEZ GILABERT (30 de octubre de 1910 &#8211; Alicante, 28 de marzo de 1942) fue un poeta y dramaturgo de especial relevancia en la literatura espa\u00f1ola del siglo XX. Aunque tradicionalmente se le&#46;&#46;&#46;<\/p>\n","protected":false},"author":4130,"featured_media":0,"parent":0,"menu_order":0,"comment_status":"closed","ping_status":"closed","template":"","meta":{"ngg_post_thumbnail":0,"footnotes":"","_mc_calendar":[]},"aioseo_notices":[],"_links":{"self":[{"href":"https:\/\/blogsaverroes.juntadeandalucia.es\/iescastillodetempul\/wp-json\/wp\/v2\/pages\/4412"}],"collection":[{"href":"https:\/\/blogsaverroes.juntadeandalucia.es\/iescastillodetempul\/wp-json\/wp\/v2\/pages"}],"about":[{"href":"https:\/\/blogsaverroes.juntadeandalucia.es\/iescastillodetempul\/wp-json\/wp\/v2\/types\/page"}],"author":[{"embeddable":true,"href":"https:\/\/blogsaverroes.juntadeandalucia.es\/iescastillodetempul\/wp-json\/wp\/v2\/users\/4130"}],"replies":[{"embeddable":true,"href":"https:\/\/blogsaverroes.juntadeandalucia.es\/iescastillodetempul\/wp-json\/wp\/v2\/comments?post=4412"}],"version-history":[{"count":8,"href":"https:\/\/blogsaverroes.juntadeandalucia.es\/iescastillodetempul\/wp-json\/wp\/v2\/pages\/4412\/revisions"}],"predecessor-version":[{"id":4475,"href":"https:\/\/blogsaverroes.juntadeandalucia.es\/iescastillodetempul\/wp-json\/wp\/v2\/pages\/4412\/revisions\/4475"}],"wp:attachment":[{"href":"https:\/\/blogsaverroes.juntadeandalucia.es\/iescastillodetempul\/wp-json\/wp\/v2\/media?parent=4412"}],"curies":[{"name":"wp","href":"https:\/\/api.w.org\/{rel}","templated":true}]}}