{"id":4741,"date":"2018-11-27T10:22:48","date_gmt":"2018-11-27T10:22:48","guid":{"rendered":"https:\/\/blogsaverroes.juntadeandalucia.es\/iescastillodetempul\/?page_id=4741"},"modified":"2018-11-27T21:34:42","modified_gmt":"2018-11-27T21:34:42","slug":"25n","status":"publish","type":"page","link":"https:\/\/blogsaverroes.juntadeandalucia.es\/iescastillodetempul\/25n\/","title":{"rendered":"25N"},"content":{"rendered":"<h3><strong>Actividades del D\u00eda Internacional de la No Violencia contra la Mujer<\/strong><\/h3>\n<p><img loading=\"lazy\" decoding=\"async\" class=\"aligncenter size-medium wp-image-4748\" src=\"https:\/\/blogsaverroes.juntadeandalucia.es\/iescastillodetempul\/files\/2018\/11\/1543328357508_0_IMG-20181126-WA0008-724x1024.jpg\" alt=\"\" width=\"724\" height=\"1024\" srcset=\"https:\/\/blogsaverroes.juntadeandalucia.es\/iescastillodetempul\/files\/2018\/11\/1543328357508_0_IMG-20181126-WA0008-724x1024.jpg 724w, https:\/\/blogsaverroes.juntadeandalucia.es\/iescastillodetempul\/files\/2018\/11\/1543328357508_0_IMG-20181126-WA0008-768x1086.jpg 768w, https:\/\/blogsaverroes.juntadeandalucia.es\/iescastillodetempul\/files\/2018\/11\/1543328357508_0_IMG-20181126-WA0008-700x990.jpg 700w, https:\/\/blogsaverroes.juntadeandalucia.es\/iescastillodetempul\/files\/2018\/11\/1543328357508_0_IMG-20181126-WA0008-17x24.jpg 17w, https:\/\/blogsaverroes.juntadeandalucia.es\/iescastillodetempul\/files\/2018\/11\/1543328357508_0_IMG-20181126-WA0008-25x36.jpg 25w, https:\/\/blogsaverroes.juntadeandalucia.es\/iescastillodetempul\/files\/2018\/11\/1543328357508_0_IMG-20181126-WA0008-34x48.jpg 34w, https:\/\/blogsaverroes.juntadeandalucia.es\/iescastillodetempul\/files\/2018\/11\/1543328357508_0_IMG-20181126-WA0008.jpg 1131w\" sizes=\"(max-width: 724px) 100vw, 724px\" \/><\/p>\n<p><strong>LUNES 26 NOVIEMBRE<\/strong><\/p>\n<p>Entrega de premios Pegatinas:<br \/>\n\u2022 Alejandro Baz\u00e1n 4\u00ba ESO<br \/>\n\u2022 Isabel Mar\u00eda Moreno 4\u00ba ESO<br \/>\n<a href=\"https:\/\/blogsaverroes.juntadeandalucia.es\/iescastillodetempul\/25n\/pegatina_1_2018-2\/\" rel=\"attachment wp-att-4798\"><img loading=\"lazy\" decoding=\"async\" class=\"aligncenter size-medium wp-image-4798\" src=\"https:\/\/blogsaverroes.juntadeandalucia.es\/iescastillodetempul\/files\/2018\/11\/Pegatina_1_2018-1-1024x724.jpg\" alt=\"\" width=\"1024\" height=\"724\" srcset=\"https:\/\/blogsaverroes.juntadeandalucia.es\/iescastillodetempul\/files\/2018\/11\/Pegatina_1_2018-1-1024x724.jpg 1024w, https:\/\/blogsaverroes.juntadeandalucia.es\/iescastillodetempul\/files\/2018\/11\/Pegatina_1_2018-1-768x543.jpg 768w, https:\/\/blogsaverroes.juntadeandalucia.es\/iescastillodetempul\/files\/2018\/11\/Pegatina_1_2018-1-700x495.jpg 700w, https:\/\/blogsaverroes.juntadeandalucia.es\/iescastillodetempul\/files\/2018\/11\/Pegatina_1_2018-1-24x17.jpg 24w, https:\/\/blogsaverroes.juntadeandalucia.es\/iescastillodetempul\/files\/2018\/11\/Pegatina_1_2018-1-36x25.jpg 36w, https:\/\/blogsaverroes.juntadeandalucia.es\/iescastillodetempul\/files\/2018\/11\/Pegatina_1_2018-1-48x34.jpg 48w, https:\/\/blogsaverroes.juntadeandalucia.es\/iescastillodetempul\/files\/2018\/11\/Pegatina_1_2018-1.jpg 1600w\" sizes=\"(max-width: 1024px) 100vw, 1024px\" \/><\/a><br \/>\nRecetas:<br \/>\n\u2022 Mar\u00eda Figueroa 2\u00ba ESO \u2013 A,<br \/>\n\u2022 Clara Vargas y Mar\u00eda Fern\u00e1ndez (1\u00ba ESO \u2013 B)<br \/>\n2. Coreograf\u00eda 2\u00ba ESO A<\/p>\n<p>A las 12:00 h Acto programado por el ayuntamiento: lectura del manifiesto contra la violencia de g\u00e9nero y coreograf\u00eda.<\/p>\n<p><strong>MARTES 27 NOVIEMBRE<\/strong><\/p>\n<p><a href=\"https:\/\/blogsaverroes.juntadeandalucia.es\/iescastillodetempul\/25n\/img-20181127-wa0029\/\" rel=\"attachment wp-att-4817\"><img loading=\"lazy\" decoding=\"async\" class=\"aligncenter size-medium wp-image-4817\" src=\"https:\/\/blogsaverroes.juntadeandalucia.es\/iescastillodetempul\/files\/2018\/11\/IMG-20181127-WA0029-1024x768.jpg\" alt=\"\" width=\"1024\" height=\"768\" srcset=\"https:\/\/blogsaverroes.juntadeandalucia.es\/iescastillodetempul\/files\/2018\/11\/IMG-20181127-WA0029-1024x768.jpg 1024w, https:\/\/blogsaverroes.juntadeandalucia.es\/iescastillodetempul\/files\/2018\/11\/IMG-20181127-WA0029-768x576.jpg 768w, https:\/\/blogsaverroes.juntadeandalucia.es\/iescastillodetempul\/files\/2018\/11\/IMG-20181127-WA0029-700x525.jpg 700w, https:\/\/blogsaverroes.juntadeandalucia.es\/iescastillodetempul\/files\/2018\/11\/IMG-20181127-WA0029-24x18.jpg 24w, https:\/\/blogsaverroes.juntadeandalucia.es\/iescastillodetempul\/files\/2018\/11\/IMG-20181127-WA0029-36x27.jpg 36w, https:\/\/blogsaverroes.juntadeandalucia.es\/iescastillodetempul\/files\/2018\/11\/IMG-20181127-WA0029-48x36.jpg 48w, https:\/\/blogsaverroes.juntadeandalucia.es\/iescastillodetempul\/files\/2018\/11\/IMG-20181127-WA0029.jpg 1600w\" sizes=\"(max-width: 1024px) 100vw, 1024px\" \/><\/a><\/p>\n<p>1. Taller \u201cNUEVAS MASCULINIDADES\u201d<\/p>\n<p>2. Obra de teatro (Iglesia vieja): \u201cELLAS, HERO\u00cdNAS HACIENDO HISTORIA\u00bb<\/p>\n<p><strong>\u00bfPor qu\u00e9 se celebra el 25 de noviembre el D\u00eda de la Eliminaci\u00f3n de la Violencia contra la Mujer?<br \/>\n<a href=\"https:\/\/blogsaverroes.juntadeandalucia.es\/iescastillodetempul\/las-hermanas-mirabal\/\">Las hermanas Mirabal<\/a><\/strong><\/p>\n<p><strong>Galer\u00eda de fotograf\u00edas<\/strong><\/p>\nngg_shortcode_0_placeholder\n","protected":false},"excerpt":{"rendered":"<p>Actividades del D\u00eda Internacional de la No Violencia contra la Mujer LUNES 26 NOVIEMBRE Entrega de premios Pegatinas: \u2022 Alejandro Baz\u00e1n 4\u00ba ESO \u2022 Isabel Mar\u00eda Moreno 4\u00ba ESO Recetas: \u2022 Mar\u00eda Figueroa 2\u00ba&#46;&#46;&#46;<\/p>\n","protected":false},"author":4130,"featured_media":0,"parent":0,"menu_order":0,"comment_status":"closed","ping_status":"closed","template":"","meta":{"ngg_post_thumbnail":0,"footnotes":"","_mc_calendar":[]},"aioseo_notices":[],"_links":{"self":[{"href":"https:\/\/blogsaverroes.juntadeandalucia.es\/iescastillodetempul\/wp-json\/wp\/v2\/pages\/4741"}],"collection":[{"href":"https:\/\/blogsaverroes.juntadeandalucia.es\/iescastillodetempul\/wp-json\/wp\/v2\/pages"}],"about":[{"href":"https:\/\/blogsaverroes.juntadeandalucia.es\/iescastillodetempul\/wp-json\/wp\/v2\/types\/page"}],"author":[{"embeddable":true,"href":"https:\/\/blogsaverroes.juntadeandalucia.es\/iescastillodetempul\/wp-json\/wp\/v2\/users\/4130"}],"replies":[{"embeddable":true,"href":"https:\/\/blogsaverroes.juntadeandalucia.es\/iescastillodetempul\/wp-json\/wp\/v2\/comments?post=4741"}],"version-history":[{"count":13,"href":"https:\/\/blogsaverroes.juntadeandalucia.es\/iescastillodetempul\/wp-json\/wp\/v2\/pages\/4741\/revisions"}],"predecessor-version":[{"id":4824,"href":"https:\/\/blogsaverroes.juntadeandalucia.es\/iescastillodetempul\/wp-json\/wp\/v2\/pages\/4741\/revisions\/4824"}],"wp:attachment":[{"href":"https:\/\/blogsaverroes.juntadeandalucia.es\/iescastillodetempul\/wp-json\/wp\/v2\/media?parent=4741"}],"curies":[{"name":"wp","href":"https:\/\/api.w.org\/{rel}","templated":true}]}}