{"id":4846,"date":"2018-11-28T14:27:46","date_gmt":"2018-11-28T14:27:46","guid":{"rendered":"https:\/\/blogsaverroes.juntadeandalucia.es\/iescastillodetempul\/?page_id=4846"},"modified":"2020-02-20T11:24:13","modified_gmt":"2020-02-20T11:24:13","slug":"jocelyn-bell","status":"publish","type":"page","link":"https:\/\/blogsaverroes.juntadeandalucia.es\/iescastillodetempul\/jocelyn-bell\/","title":{"rendered":"Jocelyn Bell"},"content":{"rendered":"<h2>Y el disco \u00abUnknown Pleasures\u00bb de Joy Division (1979)<\/h2>\n<p><a href=\"https:\/\/blogsaverroes.juntadeandalucia.es\/iescastillodetempul\/jocelyn-bell\/susan_jocelyn_bell_burnell_1967\/\" rel=\"attachment wp-att-4849\"><img loading=\"lazy\" decoding=\"async\" class=\"aligncenter size-full wp-image-4849\" src=\"https:\/\/blogsaverroes.juntadeandalucia.es\/iescastillodetempul\/files\/2018\/11\/Susan_Jocelyn_Bell_Burnell_1967.jpg\" alt=\"\" width=\"305\" height=\"479\" srcset=\"https:\/\/blogsaverroes.juntadeandalucia.es\/iescastillodetempul\/files\/2018\/11\/Susan_Jocelyn_Bell_Burnell_1967.jpg 305w, https:\/\/blogsaverroes.juntadeandalucia.es\/iescastillodetempul\/files\/2018\/11\/Susan_Jocelyn_Bell_Burnell_1967-15x24.jpg 15w, https:\/\/blogsaverroes.juntadeandalucia.es\/iescastillodetempul\/files\/2018\/11\/Susan_Jocelyn_Bell_Burnell_1967-23x36.jpg 23w, https:\/\/blogsaverroes.juntadeandalucia.es\/iescastillodetempul\/files\/2018\/11\/Susan_Jocelyn_Bell_Burnell_1967-31x48.jpg 31w\" sizes=\"(max-width: 305px) 100vw, 305px\" \/><\/a><\/p>\n<p>En 1968, Jocelyn Bell descubri\u00f3 el primer p\u00falsar (estrella de neutrones giratoria). Bell era una becaria. El descubrimiento aparece referenciado en disco de Joy Divisi\u00f3n \u00abUnknown Pleasures\u00bb.<\/p>\n<p><a href=\"https:\/\/blogsaverroes.juntadeandalucia.es\/iescastillodetempul\/jocelyn-bell\/unknown-pleasures-album-cover\/\" rel=\"attachment wp-att-4851\"><img loading=\"lazy\" decoding=\"async\" class=\"aligncenter size-full wp-image-4851\" src=\"https:\/\/blogsaverroes.juntadeandalucia.es\/iescastillodetempul\/files\/2018\/11\/unknown-pleasures-album-cover.jpg\" alt=\"\" width=\"300\" height=\"300\" srcset=\"https:\/\/blogsaverroes.juntadeandalucia.es\/iescastillodetempul\/files\/2018\/11\/unknown-pleasures-album-cover.jpg 300w, https:\/\/blogsaverroes.juntadeandalucia.es\/iescastillodetempul\/files\/2018\/11\/unknown-pleasures-album-cover-100x100.jpg 100w, https:\/\/blogsaverroes.juntadeandalucia.es\/iescastillodetempul\/files\/2018\/11\/unknown-pleasures-album-cover-268x268.jpg 268w, https:\/\/blogsaverroes.juntadeandalucia.es\/iescastillodetempul\/files\/2018\/11\/unknown-pleasures-album-cover-24x24.jpg 24w, https:\/\/blogsaverroes.juntadeandalucia.es\/iescastillodetempul\/files\/2018\/11\/unknown-pleasures-album-cover-36x36.jpg 36w, https:\/\/blogsaverroes.juntadeandalucia.es\/iescastillodetempul\/files\/2018\/11\/unknown-pleasures-album-cover-48x48.jpg 48w\" sizes=\"(max-width: 300px) 100vw, 300px\" \/><\/a><\/p>\n<p>Portada del \u00e1lbum Unknown Pleasures de Joy Division (1979).<\/p>\n<p>El disco fue mucho m\u00e1s famoso que la descubridora. Era una becaria.<\/p>\n<p>Unos a\u00f1os despu\u00e9s, en 1974, el descubrimiento fue distinguido con el Premio Nobel de F\u00edsica\u2026 para el supervisor de Bell, Antony Hewish. A Bell ni mencionarla. Era una becaria.<\/p>\n","protected":false},"excerpt":{"rendered":"<p>Y el disco \u00abUnknown Pleasures\u00bb de Joy Division (1979) En 1968, Jocelyn Bell descubri\u00f3 el primer p\u00falsar (estrella de neutrones giratoria). Bell era una becaria. El descubrimiento aparece referenciado en disco de Joy Divisi\u00f3n&#46;&#46;&#46;<\/p>\n","protected":false},"author":4130,"featured_media":0,"parent":0,"menu_order":0,"comment_status":"closed","ping_status":"closed","template":"","meta":{"ngg_post_thumbnail":0,"footnotes":"","_mc_calendar":[]},"aioseo_notices":[],"_links":{"self":[{"href":"https:\/\/blogsaverroes.juntadeandalucia.es\/iescastillodetempul\/wp-json\/wp\/v2\/pages\/4846"}],"collection":[{"href":"https:\/\/blogsaverroes.juntadeandalucia.es\/iescastillodetempul\/wp-json\/wp\/v2\/pages"}],"about":[{"href":"https:\/\/blogsaverroes.juntadeandalucia.es\/iescastillodetempul\/wp-json\/wp\/v2\/types\/page"}],"author":[{"embeddable":true,"href":"https:\/\/blogsaverroes.juntadeandalucia.es\/iescastillodetempul\/wp-json\/wp\/v2\/users\/4130"}],"replies":[{"embeddable":true,"href":"https:\/\/blogsaverroes.juntadeandalucia.es\/iescastillodetempul\/wp-json\/wp\/v2\/comments?post=4846"}],"version-history":[{"count":7,"href":"https:\/\/blogsaverroes.juntadeandalucia.es\/iescastillodetempul\/wp-json\/wp\/v2\/pages\/4846\/revisions"}],"predecessor-version":[{"id":5505,"href":"https:\/\/blogsaverroes.juntadeandalucia.es\/iescastillodetempul\/wp-json\/wp\/v2\/pages\/4846\/revisions\/5505"}],"wp:attachment":[{"href":"https:\/\/blogsaverroes.juntadeandalucia.es\/iescastillodetempul\/wp-json\/wp\/v2\/media?parent=4846"}],"curies":[{"name":"wp","href":"https:\/\/api.w.org\/{rel}","templated":true}]}}