{"id":5083,"date":"2019-03-14T16:40:30","date_gmt":"2019-03-14T16:40:30","guid":{"rendered":"https:\/\/blogsaverroes.juntadeandalucia.es\/iescastillodetempul\/?page_id=5083"},"modified":"2019-03-14T19:09:59","modified_gmt":"2019-03-14T19:09:59","slug":"la-postfiesta","status":"publish","type":"page","link":"https:\/\/blogsaverroes.juntadeandalucia.es\/iescastillodetempul\/la-postfiesta\/","title":{"rendered":"LA POSTFIESTA"},"content":{"rendered":"<p><a href=\"https:\/\/blogsaverroes.juntadeandalucia.es\/iescastillodetempul\/files\/2018\/12\/yre.png\"><img loading=\"lazy\" decoding=\"async\" class=\"aligncenter size-full wp-image-4863\" src=\"https:\/\/blogsaverroes.juntadeandalucia.es\/iescastillodetempul\/files\/2018\/12\/yre.png\" alt=\"\" width=\"265\" height=\"243\" srcset=\"https:\/\/blogsaverroes.juntadeandalucia.es\/iescastillodetempul\/files\/2018\/12\/yre.png 265w, https:\/\/blogsaverroes.juntadeandalucia.es\/iescastillodetempul\/files\/2018\/12\/yre-24x22.png 24w, https:\/\/blogsaverroes.juntadeandalucia.es\/iescastillodetempul\/files\/2018\/12\/yre-36x33.png 36w, https:\/\/blogsaverroes.juntadeandalucia.es\/iescastillodetempul\/files\/2018\/12\/yre-48x44.png 48w\" sizes=\"(max-width: 265px) 100vw, 265px\" \/><\/a><\/p>\n<p><a href=\"https:\/\/blogsaverroes.juntadeandalucia.es\/iescastillodetempul\/files\/2019\/03\/LITTER-LESS-2.jpg\"><img loading=\"lazy\" decoding=\"async\" class=\"wp-image-5100 alignleft\" src=\"https:\/\/blogsaverroes.juntadeandalucia.es\/iescastillodetempul\/files\/2019\/03\/LITTER-LESS-2-1024x973.jpg\" alt=\"\" width=\"475\" height=\"451\" srcset=\"https:\/\/blogsaverroes.juntadeandalucia.es\/iescastillodetempul\/files\/2019\/03\/LITTER-LESS-2-1024x973.jpg 1024w, https:\/\/blogsaverroes.juntadeandalucia.es\/iescastillodetempul\/files\/2019\/03\/LITTER-LESS-2-768x730.jpg 768w, https:\/\/blogsaverroes.juntadeandalucia.es\/iescastillodetempul\/files\/2019\/03\/LITTER-LESS-2-700x665.jpg 700w, https:\/\/blogsaverroes.juntadeandalucia.es\/iescastillodetempul\/files\/2019\/03\/LITTER-LESS-2-24x24.jpg 24w, https:\/\/blogsaverroes.juntadeandalucia.es\/iescastillodetempul\/files\/2019\/03\/LITTER-LESS-2-36x34.jpg 36w, https:\/\/blogsaverroes.juntadeandalucia.es\/iescastillodetempul\/files\/2019\/03\/LITTER-LESS-2-48x46.jpg 48w, https:\/\/blogsaverroes.juntadeandalucia.es\/iescastillodetempul\/files\/2019\/03\/LITTER-LESS-2.jpg 1294w\" sizes=\"(max-width: 475px) 100vw, 475px\" \/><\/a><\/p>\n<div id=\"attachment_5087\" style=\"width: 910px\" class=\"wp-caption aligncenter\"><a href=\"https:\/\/blogsaverroes.juntadeandalucia.es\/iescastillodetempul\/files\/2019\/03\/postfiesta.png\"><img loading=\"lazy\" decoding=\"async\" aria-describedby=\"caption-attachment-5087\" class=\"wp-image-5087 size-full\" src=\"https:\/\/blogsaverroes.juntadeandalucia.es\/iescastillodetempul\/files\/2019\/03\/postfiesta.png\" alt=\"\" width=\"900\" height=\"906\" srcset=\"https:\/\/blogsaverroes.juntadeandalucia.es\/iescastillodetempul\/files\/2019\/03\/postfiesta.png 900w, https:\/\/blogsaverroes.juntadeandalucia.es\/iescastillodetempul\/files\/2019\/03\/postfiesta-768x773.png 768w, https:\/\/blogsaverroes.juntadeandalucia.es\/iescastillodetempul\/files\/2019\/03\/postfiesta-100x100.png 100w, https:\/\/blogsaverroes.juntadeandalucia.es\/iescastillodetempul\/files\/2019\/03\/postfiesta-700x705.png 700w, https:\/\/blogsaverroes.juntadeandalucia.es\/iescastillodetempul\/files\/2019\/03\/postfiesta-24x24.png 24w, https:\/\/blogsaverroes.juntadeandalucia.es\/iescastillodetempul\/files\/2019\/03\/postfiesta-36x36.png 36w, https:\/\/blogsaverroes.juntadeandalucia.es\/iescastillodetempul\/files\/2019\/03\/postfiesta-48x48.png 48w\" sizes=\"(max-width: 900px) 100vw, 900px\" \/><\/a><p id=\"caption-attachment-5087\" class=\"wp-caption-text\">Recinto ferial de San Jos\u00e9 del Valle despu\u00e9s de una fiesta<\/p><\/div>\n<p>Esta foto ha sido echada en el llano del Recinto ferial San Jos\u00e9 del Valle, hemos cogido esta foto porque es un problema negativo para el medioambiente, despu\u00e9s de cada feria o alguna fiesta celebrada all\u00ed, hay un equipo de barrenderos que se encargan de limpiar la zona, pero esta foto es m\u00e1s adentro, hacia al campo, que la gente se va all\u00ed y ensucian esa zona. Pero al parecer los barrederos no llegan a ese lugar y queremos que limpien esa zona ya que para el medioambiente no es bueno, hay contaminaci\u00f3n en el suelo adem\u00e1s de contaminaci\u00f3n ac\u00fastica por las fiestas y ese no es bueno para los \u00e1rboles y animales que habitan en esa zona.<\/p>\n<p>El ayuntamiento decidi\u00f3 prohibir el alcohol a los menores y con derecho a sanci\u00f3n a los padres, ya que ellos se iban a esas zonas, donde nadie los viera.<\/p>\n<p>&nbsp;<\/p>\n<p><u>REPORTEROS: <\/u><\/p>\n<p><u>Pablo Naranjo S\u00e1nchez<\/u><\/p>\n<p><u>Paco Jim\u00e9nez Romero<\/u><\/p>\n<p><u>Dennis G\u00f3mez Manzano<\/u><\/p>\n<p>Enlace al PDF<\/p>\n<p><a href=\"https:\/\/blogsaverroes.juntadeandalucia.es\/iescastillodetempul\/files\/2019\/03\/Postfiesta.pdf\">Postfiesta<\/a><\/p>\n","protected":false},"excerpt":{"rendered":"<p>Esta foto ha sido echada en el llano del Recinto ferial San Jos\u00e9 del Valle, hemos cogido esta foto porque es un problema negativo para el medioambiente, despu\u00e9s de cada feria o alguna fiesta&#46;&#46;&#46;<\/p>\n","protected":false},"author":4130,"featured_media":0,"parent":0,"menu_order":0,"comment_status":"closed","ping_status":"closed","template":"","meta":{"ngg_post_thumbnail":0,"footnotes":"","_mc_calendar":[]},"aioseo_notices":[],"_links":{"self":[{"href":"https:\/\/blogsaverroes.juntadeandalucia.es\/iescastillodetempul\/wp-json\/wp\/v2\/pages\/5083"}],"collection":[{"href":"https:\/\/blogsaverroes.juntadeandalucia.es\/iescastillodetempul\/wp-json\/wp\/v2\/pages"}],"about":[{"href":"https:\/\/blogsaverroes.juntadeandalucia.es\/iescastillodetempul\/wp-json\/wp\/v2\/types\/page"}],"author":[{"embeddable":true,"href":"https:\/\/blogsaverroes.juntadeandalucia.es\/iescastillodetempul\/wp-json\/wp\/v2\/users\/4130"}],"replies":[{"embeddable":true,"href":"https:\/\/blogsaverroes.juntadeandalucia.es\/iescastillodetempul\/wp-json\/wp\/v2\/comments?post=5083"}],"version-history":[{"count":7,"href":"https:\/\/blogsaverroes.juntadeandalucia.es\/iescastillodetempul\/wp-json\/wp\/v2\/pages\/5083\/revisions"}],"predecessor-version":[{"id":5102,"href":"https:\/\/blogsaverroes.juntadeandalucia.es\/iescastillodetempul\/wp-json\/wp\/v2\/pages\/5083\/revisions\/5102"}],"wp:attachment":[{"href":"https:\/\/blogsaverroes.juntadeandalucia.es\/iescastillodetempul\/wp-json\/wp\/v2\/media?parent=5083"}],"curies":[{"name":"wp","href":"https:\/\/api.w.org\/{rel}","templated":true}]}}