{"id":5105,"date":"2019-03-14T19:25:20","date_gmt":"2019-03-14T19:25:20","guid":{"rendered":"https:\/\/blogsaverroes.juntadeandalucia.es\/iescastillodetempul\/?page_id=5105"},"modified":"2019-03-15T19:00:14","modified_gmt":"2019-03-15T19:00:14","slug":"entrevista-con-el-alcalde-de-san-jose-del-valle-2","status":"publish","type":"page","link":"https:\/\/blogsaverroes.juntadeandalucia.es\/iescastillodetempul\/entrevista-con-el-alcalde-de-san-jose-del-valle-2\/","title":{"rendered":"ENTREVISTA CON EL ALCALDE DE SAN JOS\u00c9 DEL VALLE"},"content":{"rendered":"<p><a href=\"https:\/\/blogsaverroes.juntadeandalucia.es\/iescastillodetempul\/files\/2018\/12\/yre.png\"><img loading=\"lazy\" decoding=\"async\" class=\"aligncenter size-full wp-image-4863\" src=\"https:\/\/blogsaverroes.juntadeandalucia.es\/iescastillodetempul\/files\/2018\/12\/yre.png\" alt=\"\" width=\"265\" height=\"243\" srcset=\"https:\/\/blogsaverroes.juntadeandalucia.es\/iescastillodetempul\/files\/2018\/12\/yre.png 265w, https:\/\/blogsaverroes.juntadeandalucia.es\/iescastillodetempul\/files\/2018\/12\/yre-24x22.png 24w, https:\/\/blogsaverroes.juntadeandalucia.es\/iescastillodetempul\/files\/2018\/12\/yre-36x33.png 36w, https:\/\/blogsaverroes.juntadeandalucia.es\/iescastillodetempul\/files\/2018\/12\/yre-48x44.png 48w\" sizes=\"(max-width: 265px) 100vw, 265px\" \/><\/a><a href=\"https:\/\/blogsaverroes.juntadeandalucia.es\/iescastillodetempul\/files\/2018\/12\/LITTER-LESS-1.png\"><img loading=\"lazy\" decoding=\"async\" class=\"aligncenter size-medium wp-image-4887\" src=\"https:\/\/blogsaverroes.juntadeandalucia.es\/iescastillodetempul\/files\/2018\/12\/LITTER-LESS-1-1024x411.png\" alt=\"\" width=\"1024\" height=\"411\" srcset=\"https:\/\/blogsaverroes.juntadeandalucia.es\/iescastillodetempul\/files\/2018\/12\/LITTER-LESS-1-1024x411.png 1024w, https:\/\/blogsaverroes.juntadeandalucia.es\/iescastillodetempul\/files\/2018\/12\/LITTER-LESS-1-768x309.png 768w, https:\/\/blogsaverroes.juntadeandalucia.es\/iescastillodetempul\/files\/2018\/12\/LITTER-LESS-1-700x281.png 700w, https:\/\/blogsaverroes.juntadeandalucia.es\/iescastillodetempul\/files\/2018\/12\/LITTER-LESS-1-24x10.png 24w, https:\/\/blogsaverroes.juntadeandalucia.es\/iescastillodetempul\/files\/2018\/12\/LITTER-LESS-1-36x14.png 36w, https:\/\/blogsaverroes.juntadeandalucia.es\/iescastillodetempul\/files\/2018\/12\/LITTER-LESS-1-48x19.png 48w, https:\/\/blogsaverroes.juntadeandalucia.es\/iescastillodetempul\/files\/2018\/12\/LITTER-LESS-1.png 1600w\" sizes=\"(max-width: 1024px) 100vw, 1024px\" \/><\/a><\/p>\n<p>TRANSCRIPCI\u00d3N DE LA ENTREVISTA CON EL ALCALDE<\/p>\n<p><strong>Alumno: Buenos D\u00edas. Estamos con el Sr Alcalde de San Jos\u00e9 del Valle, Antonio Gonz\u00e1lez Carretero.<\/strong><br \/>\n<strong>Lo primero es agradecerte tu colaboraci\u00f3n en esta entrevista. Antes de comenzar nos gustar\u00eda explicarte brevemente la finalidad de la misma.<\/strong><br \/>\n<strong>Esta entrevista la utilizaremos para el Trabajo de Investigaci\u00f3n, Litter Less \u201cJ\u00f3venes reporteros para el medio ambiente\u201d, sobre el reciclaje de residuos en la localidad de San Jos\u00e9 del Valle.<\/strong><\/p>\n<p><strong>\u00bfDesde cu\u00e1ndo eres alcalde de San Jos\u00e9 del Valle?<\/strong><\/p>\n<p>Alcalde: Fui elegido el 24 de Mayo de 2015 por la mayor\u00eda de los Vallences y tom\u00e9 posesi\u00f3n del cargo el 15 de Junio de 2015. Desde entonces soy alcalde.<\/p>\n<p><strong>\u00bfReciclas en tu casa?<\/strong><\/p>\n<p>Si, reciclo en mi casa tanto vidrio como papel, los tapones de pl\u00e1stico, muy importante. Si, si.<\/p>\n<p><strong>\u00bfCrees qu\u00e9 hay suficientes contenedores de residuos en la localidad?<\/strong><\/p>\n<p>Yo echar\u00eda de menos algunos de pl\u00e1stico. De los dem\u00e1s creo que hay suficientes, pero de pl\u00e1stico si faltan. De hecho, los hemos pedido para que nos los manden cuanto antes.<\/p>\n<p><strong>\u00bfSe hacen campa\u00f1as de informaci\u00f3n sobre el reciclaje?<\/strong><\/p>\n<p>No. Por ahora no se han hecho campa\u00f1as como tal, pero si que es verdad que nos hemos puesto de acuerdo con dos empresas grandes de reciclado de Espa\u00f1a para que hagamos alguna que otra campa\u00f1a en colaboraci\u00f3n con Ecoescuela del instituto.<\/p>\n<p><strong>\u00bfQui\u00e9n y c\u00f3mo se gestiona el reciclaje de residuos en la localidad?<\/strong><\/p>\n<p>Bueno, se recicla de cinco formas. El aceite y la ropa se reciclan y lo recogen con un convenio con una ONG, que se llama Madre Coraje, que vienen una vez al mes, una vez cada quince d\u00edas, y recogen el aceite y la ropa. Despu\u00e9s, el pl\u00e1stico, el papel y el cart\u00f3n lo recoge una empresa que se llama GSA servicios ambientales. El vidrio lo recoge Ecovidrio. La basura org\u00e1nica de las casas la recoge a diario el ayuntamiento, la llevamos a una planta de transformaci\u00f3n de residuos y all\u00ed lo compostan y reciclan.<\/p>\n<p><strong>\u00bfQu\u00e9 opini\u00f3n tiene sobre la gesti\u00f3n?<\/strong><\/p>\n<p>Realmente aqu\u00ed lo que hacemos es poner a disposici\u00f3n de los vecinos los diferentes contenedores para que se llenen y las diferentes empresas, que te he comentado antes, vienen y retiran los art\u00edculos. El papel por un lado, el vidrio por otro el aceite y la ropa por otro y la basura de las casas a diario. Ya en las plantas de transformaci\u00f3n se dedican, cada una de ellas, a reciclar esos residuos y darles la mejor salida posible. Pero, l\u00f3gicamente, no se que suelen hacer con esos residuos.<\/p>\n<p><strong>\u00bfQu\u00e9 se hace con los residuos reciclados?<\/strong><\/p>\n<p>Pues con los residuos, la misma pregunta que me hac\u00edais antes, se llevan a una planta de transformaci\u00f3n y all\u00ed los compostan y los transforman en abonos, en caucho, en materiales \u00fatiles reciclados, o sea que se puedan utilizar de nuevo. Con el aceite, yo se que Madre Coraje hace jab\u00f3n para pa\u00edses que est\u00e1n en v\u00edas de desarrollo y con la ropa la recicla igualmente y le da una utilidad en esos pa\u00edses y organizaciones de \u00c1frica, Am\u00e9rica latina, Ocean\u00eda, etc.<\/p>\n<p><strong>Pues muchas gracias por tu colaboraci\u00f3n.<\/strong><\/p>\n<p>Pues nada, gracias a ti, a vosotros por venir y que hablemos mucho y bien de lo importante que es el medio ambiente, el medio ambiente de nuestra tierra. Ya sab\u00e9is que uno de los canceres que tiene nuestro planeta es precisamente que no estamos reciclando, y por tanto estamos condenando el planeta a morir por culpa de la falta de reciclado. Sobre todo, los pl\u00e1sticos, los pl\u00e1sticos son m\u00e1s peligrosos de lo que nos creemos.<\/p>\n<p><strong>Nosotros en el instituto estamos reciclando.<\/strong><\/p>\n<p>Pues hay que insistir m\u00e1s ya que ten\u00e9is la voluntad de reciclar. Tambi\u00e9n os informo, no se si sab\u00e9is, que desde el ayuntamiento impusimos un coraz\u00f3n solidario, que lo ten\u00e9is tambi\u00e9n en el instituto para los tapones. Esos tapones se reciclan y por cada tonelada de tapones que reciclemos le dan un dinero a Asociaci\u00f3n Espa\u00f1ola contra el C\u00e1ncer, para que los m\u00e9dicos y cient\u00edficos sigan investigando sobre el c\u00e1ncer. Por lo tanto, hasta los tapones tienen utilidad. Tanto en el instituto como en la avenida hay un coraz\u00f3n solidario para llevar a cabo el reciclaje.<\/p>\n<p><strong>Muchas gracias Sr Alcalde.<\/strong><\/p>\n<p>ENTREVISTADORES:<br \/>\nSamuel Ben\u00edtez Ja\u00e9n<br \/>\nPablo Jes\u00fas G\u00f3mez G\u00e1mez<br \/>\nPaola Ortega Vera<br \/>\nCristian Qui\u00f1ones Lerena<\/p>\n<p>REDACTORES:<br \/>\nJuana Mar\u00eda Carrillo Ruiz<br \/>\nZoe Col\u00f3n Troya<br \/>\nSilvia Garc\u00eda Becerra<br \/>\nM\u00e1ximo Garc\u00eda Garc\u00eda<br \/>\nIsabel G\u00f3mez Ja\u00e9n<br \/>\nRa\u00fal Montes de Oca Lerena<br \/>\nJos\u00e9 Miguel Mora Jim\u00e9nez<br \/>\nPablo Moreno Rosa<br \/>\nJos\u00e9 Carlos Rodr\u00edguez Clavijo<br \/>\nJoel Rodr\u00edguez M\u00e1rquez<br \/>\nFrancisco Javier Valencia Ja\u00e9n<\/p>\n<p>REDACTORA JEFA:<br \/>\nRoc\u00edo Pizarro Chac\u00f3n<br \/>\n&nbsp;<br \/>\n<a href=\"https:\/\/blogsaverroes.juntadeandalucia.es\/iescastillodetempul\/files\/2019\/03\/Entrevista-al-alcalde2.avi\">Entrevista al alcalde2<\/a><\/p>\n<div style=\"width: 640px;\" class=\"wp-video\"><!--[if lt IE 9]><script>document.createElement('video');<\/script><![endif]-->\n<video class=\"wp-video-shortcode\" id=\"video-5105-1\" width=\"640\" height=\"480\" preload=\"metadata\" controls=\"controls\"><source type=\"video\/mp4\" src=\"https:\/\/blogsaverroes.juntadeandalucia.es\/iescastillodetempul\/files\/2019\/03\/Entrevista-al-alcalde4.mp4?_=1\" \/><a href=\"https:\/\/blogsaverroes.juntadeandalucia.es\/iescastillodetempul\/files\/2019\/03\/Entrevista-al-alcalde4.mp4\">https:\/\/blogsaverroes.juntadeandalucia.es\/iescastillodetempul\/files\/2019\/03\/Entrevista-al-alcalde4.mp4<\/a><\/video><\/div>\n","protected":false},"excerpt":{"rendered":"<p>TRANSCRIPCI\u00d3N DE LA ENTREVISTA CON EL ALCALDE Alumno: Buenos D\u00edas. Estamos con el Sr Alcalde de San Jos\u00e9 del Valle, Antonio Gonz\u00e1lez Carretero. Lo primero es agradecerte tu colaboraci\u00f3n en esta entrevista. Antes de&#46;&#46;&#46;<\/p>\n","protected":false},"author":4130,"featured_media":0,"parent":0,"menu_order":0,"comment_status":"closed","ping_status":"closed","template":"","meta":{"ngg_post_thumbnail":0,"footnotes":"","_mc_calendar":[]},"aioseo_notices":[],"_links":{"self":[{"href":"https:\/\/blogsaverroes.juntadeandalucia.es\/iescastillodetempul\/wp-json\/wp\/v2\/pages\/5105"}],"collection":[{"href":"https:\/\/blogsaverroes.juntadeandalucia.es\/iescastillodetempul\/wp-json\/wp\/v2\/pages"}],"about":[{"href":"https:\/\/blogsaverroes.juntadeandalucia.es\/iescastillodetempul\/wp-json\/wp\/v2\/types\/page"}],"author":[{"embeddable":true,"href":"https:\/\/blogsaverroes.juntadeandalucia.es\/iescastillodetempul\/wp-json\/wp\/v2\/users\/4130"}],"replies":[{"embeddable":true,"href":"https:\/\/blogsaverroes.juntadeandalucia.es\/iescastillodetempul\/wp-json\/wp\/v2\/comments?post=5105"}],"version-history":[{"count":3,"href":"https:\/\/blogsaverroes.juntadeandalucia.es\/iescastillodetempul\/wp-json\/wp\/v2\/pages\/5105\/revisions"}],"predecessor-version":[{"id":5121,"href":"https:\/\/blogsaverroes.juntadeandalucia.es\/iescastillodetempul\/wp-json\/wp\/v2\/pages\/5105\/revisions\/5121"}],"wp:attachment":[{"href":"https:\/\/blogsaverroes.juntadeandalucia.es\/iescastillodetempul\/wp-json\/wp\/v2\/media?parent=5105"}],"curies":[{"name":"wp","href":"https:\/\/api.w.org\/{rel}","templated":true}]}}